{"id":195,"date":"2026-01-26T19:51:25","date_gmt":"2026-01-26T19:51:25","guid":{"rendered":"https:\/\/sitexis.com.br\/alinegarcia\/?page_id=195"},"modified":"2026-02-13T13:53:57","modified_gmt":"2026-02-13T13:53:57","slug":"blog","status":"publish","type":"page","link":"https:\/\/sitexis.com.br\/alinegarcia\/blog\/","title":{"rendered":"Blog"},"content":{"rendered":"\t\t<div data-elementor-type=\"wp-page\" data-elementor-id=\"195\" class=\"elementor elementor-195\" data-elementor-post-type=\"page\">\n\t\t\t\t<div class=\"elementor-element elementor-element-6da9a1f e-flex e-con-boxed wpr-particle-no wpr-jarallax-no wpr-parallax-no wpr-sticky-section-no e-con e-parent\" data-id=\"6da9a1f\" data-element_type=\"container\" data-settings=\"{&quot;background_background&quot;:&quot;classic&quot;}\">\n\t\t\t\t\t<div class=\"e-con-inner\">\n\t\t\t\t<div class=\"elementor-element elementor-element-8b1f51c elementor-widget elementor-widget-heading\" data-id=\"8b1f51c\" data-element_type=\"widget\" data-widget_type=\"heading.default\">\n\t\t\t\t\t<h2 class=\"elementor-heading-title elementor-size-default\">Confira nosso blog<\/h2>\t\t\t\t<\/div>\n\t\t<div class=\"elementor-element elementor-element-f9a6de3 e-con-full e-flex wpr-particle-no wpr-jarallax-no wpr-parallax-no wpr-sticky-section-no e-con e-child\" data-id=\"f9a6de3\" data-element_type=\"container\">\n\t\t\t\t<div class=\"elementor-element elementor-element-158898a elementor-widget elementor-widget-post-info\" data-id=\"158898a\" data-element_type=\"widget\" data-widget_type=\"post-info.default\">\n\t\t\t\t\t\t\t<ul class=\"elementor-inline-items elementor-icon-list-items elementor-post-info\">\n\t\t\t\t\t\t\t\t<li class=\"elementor-icon-list-item elementor-repeater-item-021a9be elementor-inline-item\" itemprop=\"author\">\n\t\t\t\t\t\t\t\t\t\t\t\t\t<span class=\"elementor-icon-list-text elementor-post-info__item elementor-post-info__item--type-author\">\n\t\t\t\t\t\t\t\t\t\tadmin\t\t\t\t\t<\/span>\n\t\t\t\t\t\t\t\t<\/li>\n\t\t\t\t<\/ul>\n\t\t\t\t\t\t<\/div>\n\t\t\t\t<div class=\"elementor-element elementor-element-ce03167 elementor-widget elementor-widget-html\" data-id=\"ce03167\" data-element_type=\"widget\" data-widget_type=\"html.default\">\n\t\t\t\t\t<style>\r\n    #dataHora{\r\n        color: #E2E2E2;\r\n        font-size: 18px;\r\n        font-family: \"Work Sans\";\r\n    }\r\n<\/style>\r\n<div id=\"dataHora\"><\/div>\r\n\r\n<script>\r\n  function atualizarDataHora() {\r\n    const agora = new Date();\r\n    const opcoesData = { day: '2-digit', month: 'long', year: 'numeric' };\r\n    const data = agora.toLocaleDateString('pt-BR', opcoesData);\r\n    const hora = agora.toLocaleTimeString('pt-BR', { hour12: false });\r\n    document.getElementById('dataHora').textContent = `${data} - ${hora}`;\r\n  }\r\n  atualizarDataHora();\r\n  setInterval(atualizarDataHora, 1000);\r\n<\/script>\r\n\t\t\t\t<\/div>\n\t\t\t\t<\/div>\n\t\t<div class=\"elementor-element elementor-element-eb69565 e-con-full e-flex wpr-particle-no wpr-jarallax-no wpr-parallax-no wpr-sticky-section-no e-con e-child\" data-id=\"eb69565\" data-element_type=\"container\">\n\t\t\t\t<div class=\"elementor-element elementor-element-22d46a0 elementor-widget elementor-widget-html\" data-id=\"22d46a0\" data-element_type=\"widget\" data-widget_type=\"html.default\">\n\t\t\t\t\t<style>\r\n    .breadcrumb {\r\n  font-family: \"Poppins\", sans-serif;\r\n  font-size: 14px;\r\n  margin: 10px 0;\r\n}\r\n\r\n.breadcrumb a {\r\n  color: #ffffff;\r\n  text-decoration: none;\r\n  transition: 0.2s;\r\n}\r\n\r\n.breadcrumb a:hover {\r\n  text-decoration: underline;\r\n}\r\n\r\n.breadcrumb span {\r\n  margin: 0 5px;\r\n  color: #bbbbbb;\r\n}\r\n\r\n<\/style>\r\n<nav class=\"breadcrumb\"><\/nav>\r\n\r\n    <script>\r\ndocument.addEventListener(\"DOMContentLoaded\", function() {\r\n  const breadcrumb = document.querySelector(\".breadcrumb\");\r\n  if (!breadcrumb) return;\r\n\r\n  const pathArray = window.location.pathname.split(\"\/\").filter(Boolean);\r\n  let currentPath = \"\/\";\r\n  let html = `<a href=\"\/\">Home<\/a>`;\r\n\r\n  pathArray.forEach((part, index) => {\r\n    currentPath += part + \"\/\";\r\n    const name = decodeURIComponent(part.replace(\/-\/g, \" \"));\r\n    if (index === pathArray.length - 1) {\r\n      html += ` <span>\u203a<\/span> <span>${name}<\/span>`;\r\n    } else {\r\n      html += ` <span>\u203a<\/span> <a href=\"${currentPath}\">${name}<\/a>`;\r\n    }\r\n  });\r\n\r\n  breadcrumb.innerHTML = html;\r\n});\r\n<\/script>\r\n\t\t\t\t<\/div>\n\t\t\t\t<\/div>\n\t\t\t\t\t<\/div>\n\t\t\t\t<\/div>\n\t\t<div class=\"elementor-element elementor-element-55431c7 e-flex e-con-boxed wpr-particle-no wpr-jarallax-no wpr-parallax-no wpr-sticky-section-no e-con e-parent\" data-id=\"55431c7\" data-element_type=\"container\">\n\t\t\t\t\t<div class=\"e-con-inner\">\n\t\t\t\t<div class=\"elementor-element elementor-element-abc6475 elespare-section-title-elespare-left elementor-widget elementor-widget-post-express-list\" data-id=\"abc6475\" data-element_type=\"widget\" data-widget_type=\"post-express-list.default\">\n\t\t\t\t\t<div class=\"elespare-widget-title-section title-style-2 elespare-left\"><h4 class=\"elespare-widget-title\"><span class=\"elespare-section-title-before\"><\/span><span class=\"elespare-section-title\">Novidades <\/span><span class=\"elespare-section-title-after\"><\/span><\/h4><\/div>\n    <div class=\"elespare-express-list-wrap express-layout has-background \">\n      <div class=\"elespare-posts-wrap elementor-express express-style-1  elespare-image-zoom elespare-light\">\n                    <div class=\"elespare-posts-express-post-items\">\n\n              <div class=\"elespare-img-wrapper\">\n                    <a href=\"https:\/\/sitexis.com.br\/alinegarcia\/manual-de-boas-praticas-de-seguranca-para-sua-pme\/\">\n            <img fetchpriority=\"high\" decoding=\"async\" width=\"300\" height=\"200\" src=\"https:\/\/sitexis.com.br\/alinegarcia\/wp-content\/uploads\/2026\/01\/chef-com-um-tablet-980x653-1-300x200.jpg\" class=\"attachment-medium size-medium wp-post-image\" alt=\"\" srcset=\"https:\/\/sitexis.com.br\/alinegarcia\/wp-content\/uploads\/2026\/01\/chef-com-um-tablet-980x653-1-300x200.jpg 300w, https:\/\/sitexis.com.br\/alinegarcia\/wp-content\/uploads\/2026\/01\/chef-com-um-tablet-980x653-1-768x512.jpg 768w, https:\/\/sitexis.com.br\/alinegarcia\/wp-content\/uploads\/2026\/01\/chef-com-um-tablet-980x653-1.jpg 980w\" sizes=\"(max-width: 300px) 100vw, 300px\" \/>        <\/a>\n                  <\/div>\n              <div class=\"elespare-content-wrapper\">\n                <ul class='elespare-cat-links none'><li class=\"elespare-meta-category\">\n                                <a class=\"elespare-categories\" href=\"https:\/\/sitexis.com.br\/alinegarcia\/category\/uncategorized\/\">\n                                    Uncategorized\n                                <\/a>\n                            <\/li><\/ul>\n    <h4 class=\"elespare-post-title\">\n        <a href=\"https:\/\/sitexis.com.br\/alinegarcia\/manual-de-boas-praticas-de-seguranca-para-sua-pme\/\"> <span>Manual de Boas Pr\u00e1ticas de Seguran\u00e7a para Sua PME<\/span><\/a>\n    <\/h4>\n          <div class=\"elespare-metadata\">\n                          <span class=\"elespare-posts-full-post-author\">\n            <a href=\"https:\/\/sitexis.com.br\/alinegarcia\/2026\/\">\n              <i class=\"demo-icon elespare-icons-clock-regular\" aria-hidden=\"true\"><\/i>\n              janeiro 22, 2026            <\/a>\n          <\/span>\n                      <\/div>\n\n    <div class=\"elespare-exceprt\">\n                           <\/div>\n    \n              <\/div>\n            <\/div>\n                    <div class=\"elespare-posts-express-post-items\">\n\n              <div class=\"elespare-img-wrapper\">\n                    <a href=\"https:\/\/sitexis.com.br\/alinegarcia\/sst-e-sustentabilidade-o-futuro-do-trabalho\/\">\n            <img decoding=\"async\" width=\"150\" height=\"150\" src=\"https:\/\/sitexis.com.br\/alinegarcia\/wp-content\/uploads\/2026\/01\/Gemini_Generated_Image_gkq0edgkq0edgkq0-1024x675-1-150x150.png\" class=\"attachment-thumbnail size-thumbnail wp-post-image\" alt=\"\" \/>        <\/a>\n                  <\/div>\n              <div class=\"elespare-content-wrapper\">\n                <ul class='elespare-cat-links none'><li class=\"elespare-meta-category\">\n                                <a class=\"elespare-categories\" href=\"https:\/\/sitexis.com.br\/alinegarcia\/category\/uncategorized\/\">\n                                    Uncategorized\n                                <\/a>\n                            <\/li><\/ul>\n    <h4 class=\"elespare-post-title\">\n        <a href=\"https:\/\/sitexis.com.br\/alinegarcia\/sst-e-sustentabilidade-o-futuro-do-trabalho\/\"> <span>SST e Sustentabilidade: O Futuro do Trabalho!<\/span><\/a>\n    <\/h4>\n          <div class=\"elespare-metadata\">\n                          <span class=\"elespare-posts-full-post-author\">\n            <a href=\"https:\/\/sitexis.com.br\/alinegarcia\/2026\/\">\n              <i class=\"demo-icon elespare-icons-clock-regular\" aria-hidden=\"true\"><\/i>\n              janeiro 22, 2026            <\/a>\n          <\/span>\n                      <\/div>\n\n\n              <\/div>\n            <\/div>\n                    <div class=\"elespare-posts-express-post-items\">\n\n              <div class=\"elespare-img-wrapper\">\n                    <a href=\"https:\/\/sitexis.com.br\/alinegarcia\/atualizacao-laudos-sst-evite-riscos-e-responsabilidade-civil\/\">\n            <img decoding=\"async\" width=\"150\" height=\"150\" src=\"https:\/\/sitexis.com.br\/alinegarcia\/wp-content\/uploads\/2026\/01\/Gemini_Generated_Image_nlkfqinlkfqinlkf-e1761912771684-1024x675-1-150x150.png\" class=\"attachment-thumbnail size-thumbnail wp-post-image\" alt=\"\" \/>        <\/a>\n                  <\/div>\n              <div class=\"elespare-content-wrapper\">\n                <ul class='elespare-cat-links none'><li class=\"elespare-meta-category\">\n                                <a class=\"elespare-categories\" href=\"https:\/\/sitexis.com.br\/alinegarcia\/category\/uncategorized\/\">\n                                    Uncategorized\n                                <\/a>\n                            <\/li><\/ul>\n    <h4 class=\"elespare-post-title\">\n        <a href=\"https:\/\/sitexis.com.br\/alinegarcia\/atualizacao-laudos-sst-evite-riscos-e-responsabilidade-civil\/\"> <span>Atualiza\u00e7\u00e3o Laudos SST: Evite Riscos e Responsabilidade Civil<\/span><\/a>\n    <\/h4>\n          <div class=\"elespare-metadata\">\n                          <span class=\"elespare-posts-full-post-author\">\n            <a href=\"https:\/\/sitexis.com.br\/alinegarcia\/2026\/\">\n              <i class=\"demo-icon elespare-icons-clock-regular\" aria-hidden=\"true\"><\/i>\n              janeiro 22, 2026            <\/a>\n          <\/span>\n                      <\/div>\n\n\n              <\/div>\n            <\/div>\n                    <div class=\"elespare-posts-express-post-items\">\n\n              <div class=\"elespare-img-wrapper\">\n                    <a href=\"https:\/\/sitexis.com.br\/alinegarcia\/protetor-solar-e-epi-a-verdade-que-quase-ninguem-conta\/\">\n            <img loading=\"lazy\" decoding=\"async\" width=\"150\" height=\"150\" src=\"https:\/\/sitexis.com.br\/alinegarcia\/wp-content\/uploads\/2026\/01\/Capa-Blog-2-150x150.jpg\" class=\"attachment-thumbnail size-thumbnail wp-post-image\" alt=\"\" \/>        <\/a>\n                  <\/div>\n              <div class=\"elespare-content-wrapper\">\n                <ul class='elespare-cat-links none'><li class=\"elespare-meta-category\">\n                                <a class=\"elespare-categories\" href=\"https:\/\/sitexis.com.br\/alinegarcia\/category\/uncategorized\/\">\n                                    Uncategorized\n                                <\/a>\n                            <\/li><\/ul>\n    <h4 class=\"elespare-post-title\">\n        <a href=\"https:\/\/sitexis.com.br\/alinegarcia\/protetor-solar-e-epi-a-verdade-que-quase-ninguem-conta\/\"> <span>Protetor Solar \u00e9 EPI? A Verdade Que Quase Ningu\u00e9m Conta<\/span><\/a>\n    <\/h4>\n          <div class=\"elespare-metadata\">\n                          <span class=\"elespare-posts-full-post-author\">\n            <a href=\"https:\/\/sitexis.com.br\/alinegarcia\/2026\/\">\n              <i class=\"demo-icon elespare-icons-clock-regular\" aria-hidden=\"true\"><\/i>\n              janeiro 22, 2026            <\/a>\n          <\/span>\n                      <\/div>\n\n\n              <\/div>\n            <\/div>\n                    <div class=\"elespare-posts-express-post-items\">\n\n              <div class=\"elespare-img-wrapper\">\n                    <a href=\"https:\/\/sitexis.com.br\/alinegarcia\/entenda-quais-sao-as-alteracoes-na-nr-12-e-o-que-e-necessario-para-desenvolver-um-projeto-de-adequacao-eficiente\/\">\n            <img loading=\"lazy\" decoding=\"async\" width=\"150\" height=\"150\" src=\"https:\/\/sitexis.com.br\/alinegarcia\/wp-content\/uploads\/2026\/01\/female-industrial-worker-using-tablet-computer-site-1536x1024.jpg-150x150.webp\" class=\"attachment-thumbnail size-thumbnail wp-post-image\" alt=\"\" \/>        <\/a>\n                  <\/div>\n              <div class=\"elespare-content-wrapper\">\n                <ul class='elespare-cat-links none'><li class=\"elespare-meta-category\">\n                                <a class=\"elespare-categories\" href=\"https:\/\/sitexis.com.br\/alinegarcia\/category\/uncategorized\/\">\n                                    Uncategorized\n                                <\/a>\n                            <\/li><\/ul>\n    <h4 class=\"elespare-post-title\">\n        <a href=\"https:\/\/sitexis.com.br\/alinegarcia\/entenda-quais-sao-as-alteracoes-na-nr-12-e-o-que-e-necessario-para-desenvolver-um-projeto-de-adequacao-eficiente\/\"> <span>Entenda quais s\u00e3o as altera\u00e7\u00f5es na NR-12 e o que \u00e9 necess\u00e1rio para desenvolver um projeto de adequa\u00e7\u00e3o eficiente<\/span><\/a>\n    <\/h4>\n          <div class=\"elespare-metadata\">\n                          <span class=\"elespare-posts-full-post-author\">\n            <a href=\"https:\/\/sitexis.com.br\/alinegarcia\/2026\/\">\n              <i class=\"demo-icon elespare-icons-clock-regular\" aria-hidden=\"true\"><\/i>\n              janeiro 22, 2026            <\/a>\n          <\/span>\n                      <\/div>\n\n\n              <\/div>\n            <\/div>\n              <\/div>\n    <\/div>\n    \t\t\t\t<\/div>\n\t\t\t\t\t<\/div>\n\t\t\t\t<\/div>\n\t\t\t\t<\/div>\n\t\t","protected":false},"excerpt":{"rendered":"<p>Confira nosso blog Novidades Uncategorized Manual de Boas Pr\u00e1ticas de Seguran\u00e7a para Sua PME janeiro 22, 2026 Uncategorized SST e Sustentabilidade: O Futuro do Trabalho! janeiro 22, 2026 Uncategorized Atualiza\u00e7\u00e3o Laudos SST: Evite Riscos e Responsabilidade Civil janeiro 22, 2026 Uncategorized Protetor Solar \u00e9 EPI? A Verdade Que Quase Ningu\u00e9m Conta janeiro 22, 2026 Uncategorized Entenda quais s\u00e3o as altera\u00e7\u00f5es na NR-12 e o que \u00e9 necess\u00e1rio para desenvolver um projeto de adequa\u00e7\u00e3o eficiente janeiro 22, 2026<\/p>\n","protected":false},"author":1,"featured_media":0,"parent":0,"menu_order":0,"comment_status":"closed","ping_status":"closed","template":"elementor_header_footer","meta":{"footnotes":""},"class_list":["post-195","page","type-page","status-publish","hentry"],"_links":{"self":[{"href":"https:\/\/sitexis.com.br\/alinegarcia\/wp-json\/wp\/v2\/pages\/195","targetHints":{"allow":["GET"]}}],"collection":[{"href":"https:\/\/sitexis.com.br\/alinegarcia\/wp-json\/wp\/v2\/pages"}],"about":[{"href":"https:\/\/sitexis.com.br\/alinegarcia\/wp-json\/wp\/v2\/types\/page"}],"author":[{"embeddable":true,"href":"https:\/\/sitexis.com.br\/alinegarcia\/wp-json\/wp\/v2\/users\/1"}],"replies":[{"embeddable":true,"href":"https:\/\/sitexis.com.br\/alinegarcia\/wp-json\/wp\/v2\/comments?post=195"}],"version-history":[{"count":0,"href":"https:\/\/sitexis.com.br\/alinegarcia\/wp-json\/wp\/v2\/pages\/195\/revisions"}],"wp:attachment":[{"href":"https:\/\/sitexis.com.br\/alinegarcia\/wp-json\/wp\/v2\/media?parent=195"}],"curies":[{"name":"wp","href":"https:\/\/api.w.org\/{rel}","templated":true}]}}