{"id":295,"date":"2026-04-14T13:27:47","date_gmt":"2026-04-14T13:27:47","guid":{"rendered":"https:\/\/sitexis.com.br\/dmpragas\/?page_id=295"},"modified":"2026-04-14T13:30:50","modified_gmt":"2026-04-14T13:30:50","slug":"galeria","status":"publish","type":"page","link":"https:\/\/sitexis.com.br\/dmpragas\/galeria\/","title":{"rendered":"Galeria"},"content":{"rendered":"\t\t<div data-elementor-type=\"wp-page\" data-elementor-id=\"295\" class=\"elementor elementor-295\" data-elementor-post-type=\"page\">\n\t\t\t\t<div class=\"elementor-element elementor-element-9e988d7 e-flex e-con-boxed e-con e-parent\" data-id=\"9e988d7\" data-element_type=\"container\" data-e-type=\"container\">\n\t\t\t\t\t<div class=\"e-con-inner\">\n\t\t<div class=\"elementor-element elementor-element-c1cbb28 e-con-full e-flex e-con e-child\" data-id=\"c1cbb28\" data-element_type=\"container\" data-e-type=\"container\">\n\t\t\t\t<div class=\"elementor-element elementor-element-525f4ab elementor-widget elementor-widget-heading\" data-id=\"525f4ab\" data-element_type=\"widget\" data-e-type=\"widget\" data-widget_type=\"heading.default\">\n\t\t\t\t\t<h2 class=\"elementor-heading-title elementor-size-default\">Galeria<\/h2>\t\t\t\t<\/div>\n\t\t\t\t<div class=\"elementor-element elementor-element-c18f99c elementor-invisible elementor-widget elementor-widget-heading\" data-id=\"c18f99c\" data-element_type=\"widget\" data-e-type=\"widget\" data-settings=\"{&quot;_animation&quot;:&quot;fadeInUp&quot;}\" data-widget_type=\"heading.default\">\n\t\t\t\t\t<h2 class=\"elementor-heading-title elementor-size-default\">Veja nossos servi\u00e7os em a\u00e7\u00e3o<\/h2>\t\t\t\t<\/div>\n\t\t\t\t<\/div>\n\t\t<div class=\"elementor-element elementor-element-211397b e-con-full e-flex e-con e-child\" data-id=\"211397b\" data-element_type=\"container\" data-e-type=\"container\">\n\t\t\t\t<div class=\"elementor-element elementor-element-a8c3182 gallery-spacing-custom elementor-widget elementor-widget-image-gallery\" data-id=\"a8c3182\" data-element_type=\"widget\" data-e-type=\"widget\" data-widget_type=\"image-gallery.default\">\n\t\t\t\t\t\t\t<div class=\"elementor-image-gallery\">\n\t\t\t<div id='gallery-1' class='gallery galleryid-295 gallery-columns-4 gallery-size-large'><figure class='gallery-item'>\n\t\t\t<div class='gallery-icon landscape'>\n\t\t\t\t<a data-elementor-open-lightbox=\"yes\" data-elementor-lightbox-slideshow=\"a8c3182\" data-elementor-lightbox-title=\"Controle de Pragas\" data-e-action-hash=\"#elementor-action%3Aaction%3Dlightbox%26settings%3DeyJpZCI6MTAyLCJ1cmwiOiJodHRwczpcL1wvc2l0ZXhpcy5jb20uYnJcL2RtcHJhZ2FzXC93cC1jb250ZW50XC91cGxvYWRzXC8yMDI2XC8wNFwvQ29udHJvbGUtZGUtUHJhZ2FzLmpwZyIsInNsaWRlc2hvdyI6ImE4YzMxODIifQ%3D%3D\" href='https:\/\/sitexis.com.br\/dmpragas\/wp-content\/uploads\/2026\/04\/Controle-de-Pragas.jpg'><img fetchpriority=\"high\" decoding=\"async\" width=\"800\" height=\"534\" src=\"https:\/\/sitexis.com.br\/dmpragas\/wp-content\/uploads\/2026\/04\/Controle-de-Pragas.jpg\" class=\"attachment-large size-large\" alt=\"\" srcset=\"https:\/\/sitexis.com.br\/dmpragas\/wp-content\/uploads\/2026\/04\/Controle-de-Pragas.jpg 1000w, https:\/\/sitexis.com.br\/dmpragas\/wp-content\/uploads\/2026\/04\/Controle-de-Pragas-300x200.jpg 300w, https:\/\/sitexis.com.br\/dmpragas\/wp-content\/uploads\/2026\/04\/Controle-de-Pragas-768x512.jpg 768w\" sizes=\"(max-width: 800px) 100vw, 800px\" \/><\/a>\n\t\t\t<\/div><\/figure><figure class='gallery-item'>\n\t\t\t<div class='gallery-icon landscape'>\n\t\t\t\t<a data-elementor-open-lightbox=\"yes\" data-elementor-lightbox-slideshow=\"a8c3182\" data-elementor-lightbox-title=\"Descupiniza\u00e7\u00e3o\" data-e-action-hash=\"#elementor-action%3Aaction%3Dlightbox%26settings%3DeyJpZCI6MTAzLCJ1cmwiOiJodHRwczpcL1wvc2l0ZXhpcy5jb20uYnJcL2RtcHJhZ2FzXC93cC1jb250ZW50XC91cGxvYWRzXC8yMDI2XC8wNFwvRGVzY3VwaW5pemFjYW8uanBnIiwic2xpZGVzaG93IjoiYThjMzE4MiJ9\" href='https:\/\/sitexis.com.br\/dmpragas\/wp-content\/uploads\/2026\/04\/Descupinizacao.jpg'><img decoding=\"async\" width=\"800\" height=\"534\" src=\"https:\/\/sitexis.com.br\/dmpragas\/wp-content\/uploads\/2026\/04\/Descupinizacao.jpg\" class=\"attachment-large size-large\" alt=\"\" srcset=\"https:\/\/sitexis.com.br\/dmpragas\/wp-content\/uploads\/2026\/04\/Descupinizacao.jpg 1000w, https:\/\/sitexis.com.br\/dmpragas\/wp-content\/uploads\/2026\/04\/Descupinizacao-300x200.jpg 300w, https:\/\/sitexis.com.br\/dmpragas\/wp-content\/uploads\/2026\/04\/Descupinizacao-768x512.jpg 768w\" sizes=\"(max-width: 800px) 100vw, 800px\" \/><\/a>\n\t\t\t<\/div><\/figure><figure class='gallery-item'>\n\t\t\t<div class='gallery-icon landscape'>\n\t\t\t\t<a data-elementor-open-lightbox=\"yes\" data-elementor-lightbox-slideshow=\"a8c3182\" data-elementor-lightbox-title=\"Desinsetiza\u00e7\u00e3o\" data-e-action-hash=\"#elementor-action%3Aaction%3Dlightbox%26settings%3DeyJpZCI6MTA0LCJ1cmwiOiJodHRwczpcL1wvc2l0ZXhpcy5jb20uYnJcL2RtcHJhZ2FzXC93cC1jb250ZW50XC91cGxvYWRzXC8yMDI2XC8wNFwvRGVzaW5zZXRpemFjYW8uanBnIiwic2xpZGVzaG93IjoiYThjMzE4MiJ9\" href='https:\/\/sitexis.com.br\/dmpragas\/wp-content\/uploads\/2026\/04\/Desinsetizacao.jpg'><img decoding=\"async\" width=\"800\" height=\"534\" src=\"https:\/\/sitexis.com.br\/dmpragas\/wp-content\/uploads\/2026\/04\/Desinsetizacao.jpg\" class=\"attachment-large size-large\" alt=\"\" srcset=\"https:\/\/sitexis.com.br\/dmpragas\/wp-content\/uploads\/2026\/04\/Desinsetizacao.jpg 1000w, https:\/\/sitexis.com.br\/dmpragas\/wp-content\/uploads\/2026\/04\/Desinsetizacao-300x200.jpg 300w, https:\/\/sitexis.com.br\/dmpragas\/wp-content\/uploads\/2026\/04\/Desinsetizacao-768x512.jpg 768w\" sizes=\"(max-width: 800px) 100vw, 800px\" \/><\/a>\n\t\t\t<\/div><\/figure><figure class='gallery-item'>\n\t\t\t<div class='gallery-icon landscape'>\n\t\t\t\t<a data-elementor-open-lightbox=\"yes\" data-elementor-lightbox-slideshow=\"a8c3182\" data-elementor-lightbox-title=\"Desratiza\u00e7\u00e3o\" data-e-action-hash=\"#elementor-action%3Aaction%3Dlightbox%26settings%3DeyJpZCI6MTA1LCJ1cmwiOiJodHRwczpcL1wvc2l0ZXhpcy5jb20uYnJcL2RtcHJhZ2FzXC93cC1jb250ZW50XC91cGxvYWRzXC8yMDI2XC8wNFwvRGVzcmF0aXphY2FvLndlYnAiLCJzbGlkZXNob3ciOiJhOGMzMTgyIn0%3D\" href='https:\/\/sitexis.com.br\/dmpragas\/wp-content\/uploads\/2026\/04\/Desratizacao.webp'><img loading=\"lazy\" decoding=\"async\" width=\"768\" height=\"512\" src=\"https:\/\/sitexis.com.br\/dmpragas\/wp-content\/uploads\/2026\/04\/Desratizacao.webp\" class=\"attachment-large size-large\" alt=\"\" srcset=\"https:\/\/sitexis.com.br\/dmpragas\/wp-content\/uploads\/2026\/04\/Desratizacao.webp 768w, https:\/\/sitexis.com.br\/dmpragas\/wp-content\/uploads\/2026\/04\/Desratizacao-300x200.webp 300w\" sizes=\"(max-width: 768px) 100vw, 768px\" \/><\/a>\n\t\t\t<\/div><\/figure>\n\t\t<\/div>\n\t\t<\/div>\n\t\t\t\t\t\t<\/div>\n\t\t\t\t<\/div>\n\t\t\t\t\t<\/div>\n\t\t\t\t<\/div>\n\t\t\t\t<\/div>\n\t\t","protected":false},"excerpt":{"rendered":"<p>Galeria Veja nossos servi\u00e7os em a\u00e7\u00e3o<\/p>\n","protected":false},"author":1,"featured_media":0,"parent":0,"menu_order":0,"comment_status":"closed","ping_status":"closed","template":"elementor_header_footer","meta":{"footnotes":""},"class_list":["post-295","page","type-page","status-publish","hentry"],"_links":{"self":[{"href":"https:\/\/sitexis.com.br\/dmpragas\/wp-json\/wp\/v2\/pages\/295","targetHints":{"allow":["GET"]}}],"collection":[{"href":"https:\/\/sitexis.com.br\/dmpragas\/wp-json\/wp\/v2\/pages"}],"about":[{"href":"https:\/\/sitexis.com.br\/dmpragas\/wp-json\/wp\/v2\/types\/page"}],"author":[{"embeddable":true,"href":"https:\/\/sitexis.com.br\/dmpragas\/wp-json\/wp\/v2\/users\/1"}],"replies":[{"embeddable":true,"href":"https:\/\/sitexis.com.br\/dmpragas\/wp-json\/wp\/v2\/comments?post=295"}],"version-history":[{"count":10,"href":"https:\/\/sitexis.com.br\/dmpragas\/wp-json\/wp\/v2\/pages\/295\/revisions"}],"predecessor-version":[{"id":306,"href":"https:\/\/sitexis.com.br\/dmpragas\/wp-json\/wp\/v2\/pages\/295\/revisions\/306"}],"wp:attachment":[{"href":"https:\/\/sitexis.com.br\/dmpragas\/wp-json\/wp\/v2\/media?parent=295"}],"curies":[{"name":"wp","href":"https:\/\/api.w.org\/{rel}","templated":true}]}}