{"id":340,"date":"2026-04-14T14:05:29","date_gmt":"2026-04-14T14:05:29","guid":{"rendered":"https:\/\/sitexis.com.br\/dmpragas\/?page_id=340"},"modified":"2026-04-14T14:07:11","modified_gmt":"2026-04-14T14:07:11","slug":"servicos","status":"publish","type":"page","link":"https:\/\/sitexis.com.br\/dmpragas\/servicos\/","title":{"rendered":"Servi\u00e7os"},"content":{"rendered":"\t\t<div data-elementor-type=\"wp-page\" data-elementor-id=\"340\" class=\"elementor elementor-340\" data-elementor-post-type=\"page\">\n\t\t\t\t<div class=\"elementor-element elementor-element-57a2d3a e-flex e-con-boxed e-con e-parent\" data-id=\"57a2d3a\" data-element_type=\"container\" data-e-type=\"container\">\n\t\t\t\t\t<div class=\"e-con-inner\">\n\t\t<div class=\"elementor-element elementor-element-67db031 e-con-full e-flex e-con e-child\" data-id=\"67db031\" data-element_type=\"container\" data-e-type=\"container\">\n\t\t\t\t<div class=\"elementor-element elementor-element-cc4c398 elementor-widget elementor-widget-heading\" data-id=\"cc4c398\" data-element_type=\"widget\" data-e-type=\"widget\" data-widget_type=\"heading.default\">\n\t\t\t\t\t<h2 class=\"elementor-heading-title elementor-size-default\">Nossos Servi\u00e7os<\/h2>\t\t\t\t<\/div>\n\t\t\t\t<div class=\"elementor-element elementor-element-a5e6bc7 elementor-invisible elementor-widget elementor-widget-heading\" data-id=\"a5e6bc7\" data-element_type=\"widget\" data-e-type=\"widget\" data-settings=\"{&quot;_animation&quot;:&quot;fadeInUp&quot;}\" data-widget_type=\"heading.default\">\n\t\t\t\t\t<h2 class=\"elementor-heading-title elementor-size-default\">Solu\u00e7\u00f5es completas em controle de pragas<\/h2>\t\t\t\t<\/div>\n\t\t\t\t<\/div>\n\t\t<div class=\"elementor-element elementor-element-8052a71 e-con-full e-flex elementor-invisible e-con e-child\" data-id=\"8052a71\" data-element_type=\"container\" data-e-type=\"container\" data-settings=\"{&quot;animation&quot;:&quot;slideInUp&quot;}\">\n\t\t\t\t<div class=\"elementor-element elementor-element-389f194 elementor-widget elementor-widget-html\" data-id=\"389f194\" data-element_type=\"widget\" data-e-type=\"widget\" data-widget_type=\"html.default\">\n\t\t\t\t\t<div class=\"dm-services\">\r\n\r\n  <div class=\"dm-card\">\r\n    <div class=\"dm-bg\" style=\"background-image:url('https:\/\/sitexis.com.br\/dmpragas\/wp-content\/uploads\/2026\/04\/Controle-de-Pragas.jpg');\"><\/div>\r\n    <div class=\"dm-overlay\"><\/div>\r\n    <div class=\"dm-content\">\r\n      <i class=\"fas fa-shield-virus\"><\/i>\r\n      <h3>Controle de Pragas<\/h3>\r\n      <p>Solu\u00e7\u00f5es completas para ambientes residenciais e empresariais.<\/p>\r\n    <\/div>\r\n  <\/div>\r\n\r\n  <div class=\"dm-card\">\r\n    <div class=\"dm-bg\" style=\"background-image:url('https:\/\/sitexis.com.br\/dmpragas\/wp-content\/uploads\/2026\/04\/Desinsetizacao.jpg');\"><\/div>\r\n    <div class=\"dm-overlay\"><\/div>\r\n    <div class=\"dm-content\">\r\n      <i class=\"fas fa-bug\"><\/i>\r\n      <h3>Desinsetiza\u00e7\u00e3o<\/h3>\r\n      <p>Elimina\u00e7\u00e3o eficaz de insetos com seguran\u00e7a e tecnologia.<\/p>\r\n    <\/div>\r\n  <\/div>\r\n\r\n  <div class=\"dm-card\">\r\n    <div class=\"dm-bg\" style=\"background-image:url('https:\/\/sitexis.com.br\/dmpragas\/wp-content\/uploads\/2026\/04\/Desratizacao.webp');\"><\/div>\r\n    <div class=\"dm-overlay\"><\/div>\r\n    <div class=\"dm-content\">\r\n      <i class=\"fas fa-rat\"><\/i>\r\n      <h3>Desratiza\u00e7\u00e3o<\/h3>\r\n      <p>Controle completo de roedores com m\u00e9todos seguros.<\/p>\r\n    <\/div>\r\n  <\/div>\r\n\r\n  <div class=\"dm-card\">\r\n    <div class=\"dm-bg\" style=\"background-image:url('https:\/\/sitexis.com.br\/dmpragas\/wp-content\/uploads\/2026\/04\/Descupinizacao.jpg');\"><\/div>\r\n    <div class=\"dm-overlay\"><\/div>\r\n    <div class=\"dm-content\">\r\n      <i class=\"fas fa-tree\"><\/i>\r\n      <h3>Descupiniza\u00e7\u00e3o<\/h3>\r\n      <p>Prote\u00e7\u00e3o contra cupins com solu\u00e7\u00f5es duradouras.<\/p>\r\n    <\/div>\r\n  <\/div>\r\n\r\n<\/div>\r\n\r\n<style>\r\n.dm-services{\r\n  display:grid;\r\n  grid-template-columns:repeat(2, 1fr);\r\n  gap:24px;\r\n  font-family:'Montserrat', sans-serif;\r\n}\r\n\r\n\/* CARD *\/\r\n.dm-card{\r\n  position:relative;\r\n  height:340px;\r\n  border-radius:16px;\r\n  overflow:hidden;\r\n  cursor:pointer;\r\n}\r\n\r\n\/* BACKGROUND *\/\r\n.dm-bg{\r\n  position:absolute;\r\n  width:100%;\r\n  height:100%;\r\n  background-size:cover;\r\n  background-position:center;\r\n  transition:transform 2s ease;\r\n}\r\n\r\n\/* OVERLAY *\/\r\n.dm-overlay{\r\n  position:absolute;\r\n  width:100%;\r\n  height:100%;\r\n  background:linear-gradient(to top, rgba(0,0,0,0.75), rgba(0,0,0,0.2));\r\n}\r\n\r\n\/* CONTENT *\/\r\n.dm-content{\r\n  position:absolute;\r\n  bottom:25px;\r\n  left:25px;\r\n  right:25px;\r\n  color:#fff;\r\n  z-index:2;\r\n  transition:0.3s;\r\n}\r\n\r\n.dm-content i{\r\n  font-size:26px;\r\n  margin-bottom:12px;\r\n  color:#7ec3ff;\r\n}\r\n\r\n.dm-content h3{\r\n  font-size:22px;\r\n  font-weight:700;\r\n  margin-bottom:8px;\r\n}\r\n\r\n.dm-content p{\r\n  font-size:14px;\r\n  opacity:0.9;\r\n}\r\n\r\n\/* HOVER (KEN BURNS) *\/\r\n.dm-card:hover .dm-bg{\r\n  transform:scale(1.18) rotate(1deg);\r\n}\r\n\r\n\/* leve subida *\/\r\n.dm-card:hover .dm-content{\r\n  transform:translateY(-8px);\r\n}\r\n\r\n\/* RESPONSIVO *\/\r\n@media (max-width:768px){\r\n  .dm-services{\r\n    grid-template-columns:1fr;\r\n  }\r\n\r\n  .dm-card{\r\n    height:280px;\r\n  }\r\n}\r\n<\/style>\t\t\t\t<\/div>\n\t\t\t\t<\/div>\n\t\t\t\t\t<\/div>\n\t\t\t\t<\/div>\n\t\t\t\t<\/div>\n\t\t","protected":false},"excerpt":{"rendered":"<p>Nossos Servi\u00e7os Solu\u00e7\u00f5es completas em controle de pragas Controle de Pragas Solu\u00e7\u00f5es completas para ambientes residenciais e empresariais. Desinsetiza\u00e7\u00e3o Elimina\u00e7\u00e3o eficaz de insetos com seguran\u00e7a e tecnologia. Desratiza\u00e7\u00e3o Controle completo de roedores com m\u00e9todos seguros. Descupiniza\u00e7\u00e3o Prote\u00e7\u00e3o contra cupins com solu\u00e7\u00f5es duradouras.<\/p>\n","protected":false},"author":1,"featured_media":0,"parent":0,"menu_order":0,"comment_status":"closed","ping_status":"closed","template":"elementor_header_footer","meta":{"footnotes":""},"class_list":["post-340","page","type-page","status-publish","hentry"],"_links":{"self":[{"href":"https:\/\/sitexis.com.br\/dmpragas\/wp-json\/wp\/v2\/pages\/340","targetHints":{"allow":["GET"]}}],"collection":[{"href":"https:\/\/sitexis.com.br\/dmpragas\/wp-json\/wp\/v2\/pages"}],"about":[{"href":"https:\/\/sitexis.com.br\/dmpragas\/wp-json\/wp\/v2\/types\/page"}],"author":[{"embeddable":true,"href":"https:\/\/sitexis.com.br\/dmpragas\/wp-json\/wp\/v2\/users\/1"}],"replies":[{"embeddable":true,"href":"https:\/\/sitexis.com.br\/dmpragas\/wp-json\/wp\/v2\/comments?post=340"}],"version-history":[{"count":4,"href":"https:\/\/sitexis.com.br\/dmpragas\/wp-json\/wp\/v2\/pages\/340\/revisions"}],"predecessor-version":[{"id":347,"href":"https:\/\/sitexis.com.br\/dmpragas\/wp-json\/wp\/v2\/pages\/340\/revisions\/347"}],"wp:attachment":[{"href":"https:\/\/sitexis.com.br\/dmpragas\/wp-json\/wp\/v2\/media?parent=340"}],"curies":[{"name":"wp","href":"https:\/\/api.w.org\/{rel}","templated":true}]}}