{"id":119,"date":"2026-04-24T19:10:12","date_gmt":"2026-04-24T19:10:12","guid":{"rendered":"https:\/\/sitexis.com.br\/eseg\/?page_id=119"},"modified":"2026-04-24T20:36:19","modified_gmt":"2026-04-24T20:36:19","slug":"a-cooperativa","status":"publish","type":"page","link":"https:\/\/sitexis.com.br\/eseg\/a-cooperativa\/","title":{"rendered":"A Cooperativa"},"content":{"rendered":"\t\t<div data-elementor-type=\"wp-page\" data-elementor-id=\"119\" class=\"elementor elementor-119\" data-elementor-post-type=\"page\">\n\t\t\t\t<div class=\"elementor-element elementor-element-8d44756 e-flex e-con-boxed e-con e-parent\" data-id=\"8d44756\" data-element_type=\"container\" data-e-type=\"container\" data-settings=\"{&quot;background_background&quot;:&quot;classic&quot;}\">\n\t\t\t\t\t<div class=\"e-con-inner\">\n\t\t<div class=\"elementor-element elementor-element-bb9dc23 e-con-full e-flex e-con e-child\" data-id=\"bb9dc23\" data-element_type=\"container\" data-e-type=\"container\">\n\t\t\t\t<div class=\"elementor-element elementor-element-81b6c75 elementor-widget__width-initial elementor-widget elementor-widget-heading\" data-id=\"81b6c75\" data-element_type=\"widget\" data-e-type=\"widget\" data-widget_type=\"heading.default\">\n\t\t\t\t\t<h2 class=\"elementor-heading-title elementor-size-default\">A cooperativa<\/h2>\t\t\t\t<\/div>\n\t\t\t\t<div class=\"elementor-element elementor-element-a23e051 elementor-widget__width-initial elementor-invisible elementor-widget elementor-widget-heading\" data-id=\"a23e051\" data-element_type=\"widget\" data-e-type=\"widget\" data-settings=\"{&quot;_animation&quot;:&quot;fadeInLeft&quot;}\" data-widget_type=\"heading.default\">\n\t\t\t\t\t<h2 class=\"elementor-heading-title elementor-size-default\">Parceira do <span style=\"color: #F58220\">aut\u00f4nomo<\/span> e do <span style=\"color: #F58220\">frotista.<\/span><\/h2>\t\t\t\t<\/div>\n\t\t\t\t<div class=\"elementor-element elementor-element-ff61157 elementor-widget__width-initial elementor-widget elementor-widget-text-editor\" data-id=\"ff61157\" data-element_type=\"widget\" data-e-type=\"widget\" data-widget_type=\"text-editor.default\">\n\t\t\t\t\t\t\t\t\t<p>Protegemos quem mant\u00e9m o Brasil em movimento com agilidade, transpar\u00eancia e o respeito de quem est\u00e1 do mesmo lado.<\/p>\t\t\t\t\t\t\t\t<\/div>\n\t\t\t\t<\/div>\n\t\t<div class=\"elementor-element elementor-element-dc77eb9 e-con-full e-flex e-con e-child\" data-id=\"dc77eb9\" data-element_type=\"container\" data-e-type=\"container\">\n\t\t\t\t<\/div>\n\t\t\t\t\t<\/div>\n\t\t\t\t<\/div>\n\t\t<div class=\"elementor-element elementor-element-786ba4b e-flex e-con-boxed e-con e-parent\" data-id=\"786ba4b\" data-element_type=\"container\" data-e-type=\"container\" data-settings=\"{&quot;background_background&quot;:&quot;classic&quot;}\">\n\t\t\t\t\t<div class=\"e-con-inner\">\n\t\t<div class=\"elementor-element elementor-element-08b5c08 e-con-full e-flex e-con e-child\" data-id=\"08b5c08\" data-element_type=\"container\" data-e-type=\"container\">\n\t\t\t\t<div class=\"elementor-element elementor-element-daf6ed0 elementor-widget__width-initial elementor-widget elementor-widget-heading\" data-id=\"daf6ed0\" data-element_type=\"widget\" data-e-type=\"widget\" data-widget_type=\"heading.default\">\n\t\t\t\t\t<h2 class=\"elementor-heading-title elementor-size-default\">Entendemos a estrada<\/h2>\t\t\t\t<\/div>\n\t\t\t\t<div class=\"elementor-element elementor-element-bf5fba9 elementor-widget__width-initial elementor-invisible elementor-widget elementor-widget-heading\" data-id=\"bf5fba9\" data-element_type=\"widget\" data-e-type=\"widget\" data-settings=\"{&quot;_animation&quot;:&quot;zoomIn&quot;}\" data-widget_type=\"heading.default\">\n\t\t\t\t\t<h2 class=\"elementor-heading-title elementor-size-default\">Mais que prote\u00e7\u00e3o: <span style=\"color: #F58220\">uma rede de coopera\u00e7\u00e3o.<\/span><\/h2>\t\t\t\t<\/div>\n\t\t\t\t<div class=\"elementor-element elementor-element-3a542a5 elementor-widget__width-initial elementor-widget elementor-widget-text-editor\" data-id=\"3a542a5\" data-element_type=\"widget\" data-e-type=\"widget\" data-widget_type=\"text-editor.default\">\n\t\t\t\t\t\t\t\t\t<p class=\"text-muted-foreground text-lg leading-relaxed\">A ESEG nasceu da percep\u00e7\u00e3o de que caminhoneiros e empresas de transporte mereciam uma alternativa mais justa ao seguro tradicional. Aqui, o modelo \u00e9 cooperativo: cada cooperado contribui e cada cooperado \u00e9 cuidado.<\/p>\t\t\t\t\t\t\t\t<\/div>\n\t\t\t\t<\/div>\n\t\t\t\t\t<\/div>\n\t\t\t\t<\/div>\n\t\t<div class=\"elementor-element elementor-element-13fb907 e-flex e-con-boxed e-con e-parent\" data-id=\"13fb907\" data-element_type=\"container\" data-e-type=\"container\">\n\t\t\t\t\t<div class=\"e-con-inner\">\n\t\t\t\t<div class=\"elementor-element elementor-element-bd30ad6 elementor-widget elementor-widget-html\" data-id=\"bd30ad6\" data-element_type=\"widget\" data-e-type=\"widget\" data-widget_type=\"html.default\">\n\t\t\t\t\t<link rel=\"stylesheet\" href=\"https:\/\/cdnjs.cloudflare.com\/ajax\/libs\/font-awesome\/6.5.0\/css\/all.min.css\">\r\n<style>\r\n  .eseg-blocos {\r\n    display: flex;\r\n    flex-direction: column;\r\n    gap: 4px;\r\n    font-family: inherit;\r\n    width: 100%;\r\n    box-sizing: border-box;\r\n  }\r\n\r\n  .eseg-bloco {\r\n    display: flex;\r\n    flex-direction: row;\r\n    border-radius: 10px;\r\n    overflow: hidden;\r\n    width: 100%;\r\n    aspect-ratio: 16 \/ 7;\r\n  }\r\n\r\n  .eseg-bloco-img {\r\n    flex: 0 0 55%;\r\n    width: 55%;\r\n    height: 100%;\r\n    object-fit: cover;\r\n    object-position: center top;\r\n    display: block;\r\n  }\r\n\r\n  .eseg-bloco-texto {\r\n    flex: 0 0 45%;\r\n    width: 45%;\r\n    height: 100%;\r\n    background: #f9f6f2;\r\n    display: flex;\r\n    flex-direction: column;\r\n    justify-content: center;\r\n    padding: 36px 44px;\r\n    box-sizing: border-box;\r\n    gap: 10px;\r\n  }\r\n\r\n  .eseg-tag {\r\n    font-size: 10px;\r\n    font-weight: 700;\r\n    letter-spacing: 0.14em;\r\n    text-transform: uppercase;\r\n    color: #e07b2a;\r\n    margin: 0;\r\n  }\r\n\r\n  .eseg-titulo {\r\n    font-size: 28px;\r\n    font-weight: 800;\r\n    color: #181410;\r\n    margin: 0;\r\n    line-height: 1.1;\r\n  }\r\n\r\n  .eseg-desc {\r\n    font-size: 13px;\r\n    color: #706b65;\r\n    margin: 0;\r\n    line-height: 1.65;\r\n  }\r\n\r\n  .eseg-link {\r\n    display: inline-flex;\r\n    align-items: center;\r\n    gap: 6px;\r\n    font-size: 11px;\r\n    font-weight: 700;\r\n    letter-spacing: 0.09em;\r\n    text-transform: uppercase;\r\n    color: #e07b2a;\r\n    text-decoration: none;\r\n    margin-top: 4px;\r\n    transition: gap 0.2s ease;\r\n  }\r\n\r\n  .eseg-link:hover {\r\n    gap: 12px;\r\n  }\r\n\r\n  @media (max-width: 768px) {\r\n    .eseg-bloco {\r\n      flex-direction: column;\r\n      aspect-ratio: auto;\r\n    }\r\n    .eseg-bloco-img {\r\n      flex: none;\r\n      width: 100%;\r\n      height: 220px;\r\n    }\r\n    .eseg-bloco-texto {\r\n      flex: none;\r\n      width: 100%;\r\n      padding: 28px 24px;\r\n    }\r\n    .eseg-titulo {\r\n      font-size: 22px;\r\n    }\r\n  }\r\n<\/style>\r\n\r\n<div class=\"eseg-blocos\">\r\n\r\n  <div class=\"eseg-bloco\">\r\n    <img decoding=\"async\" class=\"eseg-bloco-img\" src=\"https:\/\/sitexis.com.br\/eseg\/wp-content\/uploads\/2026\/04\/driver-phone.jpg\" alt=\"Motorista aut\u00f4nomo\">\r\n    <div class=\"eseg-bloco-texto\">\r\n      <p class=\"eseg-tag\">Motoristas Aut\u00f4nomos<\/p>\r\n      <h2 class=\"eseg-titulo\">Parceira de rota.<\/h2>\r\n      <p class=\"eseg-desc\">Cada cooperado conta com um plano sob medida para sua realidade \u2014 cobertura ampla, custos previs\u00edveis e suporte que aparece quando voc\u00ea precisa, n\u00e3o quando d\u00e1 tempo.<\/p>\r\n      <a href=\"#\" class=\"eseg-link\">Proteger meu caminh\u00e3o <i class=\"fa-solid fa-arrow-right\"><\/i><\/a>\r\n    <\/div>\r\n  <\/div>\r\n\r\n  <div class=\"eseg-bloco\">\r\n    <div class=\"eseg-bloco-texto\">\r\n      <p class=\"eseg-tag\">Frotas e Empresas<\/p>\r\n      <h2 class=\"eseg-titulo\">Aceleramos junto.<\/h2>\r\n      <p class=\"eseg-desc\">Para transportadoras e operadores log\u00edsticos, oferecemos gest\u00e3o dedicada, indicadores claros e cobertura escal\u00e1vel que cresce com a sua opera\u00e7\u00e3o.<\/p>\r\n      <a href=\"#\" class=\"eseg-link\">Ver cobertura para frotas <i class=\"fa-solid fa-arrow-right\"><\/i><\/a>\r\n    <\/div>\r\n    <img decoding=\"async\" class=\"eseg-bloco-img\" src=\"https:\/\/sitexis.com.br\/eseg\/wp-content\/uploads\/2026\/04\/female-driver.jpg\" alt=\"Frota\">\r\n  <\/div>\r\n\r\n<\/div>\t\t\t\t<\/div>\n\t\t\t\t\t<\/div>\n\t\t\t\t<\/div>\n\t\t<div class=\"elementor-element elementor-element-9b5ec6b e-flex e-con-boxed e-con e-parent\" data-id=\"9b5ec6b\" data-element_type=\"container\" data-e-type=\"container\" data-settings=\"{&quot;background_background&quot;:&quot;classic&quot;}\">\n\t\t\t\t\t<div class=\"e-con-inner\">\n\t\t<div class=\"elementor-element elementor-element-75f728e e-con-full e-flex e-con e-child\" data-id=\"75f728e\" data-element_type=\"container\" data-e-type=\"container\">\n\t\t\t\t<div class=\"elementor-element elementor-element-f5d3425 elementor-widget__width-initial elementor-widget elementor-widget-heading\" data-id=\"f5d3425\" data-element_type=\"widget\" data-e-type=\"widget\" data-widget_type=\"heading.default\">\n\t\t\t\t\t<h2 class=\"elementor-heading-title elementor-size-default\">No que acreditamos<\/h2>\t\t\t\t<\/div>\n\t\t\t\t<div class=\"elementor-element elementor-element-61bd75c elementor-widget__width-initial elementor-invisible elementor-widget elementor-widget-heading\" data-id=\"61bd75c\" data-element_type=\"widget\" data-e-type=\"widget\" data-settings=\"{&quot;_animation&quot;:&quot;zoomIn&quot;}\" data-widget_type=\"heading.default\">\n\t\t\t\t\t<h2 class=\"elementor-heading-title elementor-size-default\">Quatro princ\u00edpios que <span style=\"color: #F58220\">n\u00e3o negociamos.<\/span><\/h2>\t\t\t\t<\/div>\n\t\t\t\t<div class=\"elementor-element elementor-element-a3a32a1 elementor-widget__width-initial elementor-widget elementor-widget-text-editor\" data-id=\"a3a32a1\" data-element_type=\"widget\" data-e-type=\"widget\" data-widget_type=\"text-editor.default\">\n\t\t\t\t\t\t\t\t\t<p class=\"text-muted-foreground text-lg leading-relaxed\">A ESEG nasceu da percep\u00e7\u00e3o de que caminhoneiros e empresas de transporte mereciam uma alternativa mais justa ao seguro tradicional. Aqui, o modelo \u00e9 cooperativo: cada cooperado contribui e cada cooperado \u00e9 cuidado.<\/p>\t\t\t\t\t\t\t\t<\/div>\n\t\t\t\t<\/div>\n\t\t<div class=\"elementor-element elementor-element-b2b573a e-con-full e-flex e-con e-child\" data-id=\"b2b573a\" data-element_type=\"container\" data-e-type=\"container\">\n\t\t\t\t<div class=\"elementor-element elementor-element-9012b07 elementor-invisible elementor-widget elementor-widget-html\" data-id=\"9012b07\" data-element_type=\"widget\" data-e-type=\"widget\" data-settings=\"{&quot;_animation&quot;:&quot;fadeIn&quot;}\" data-widget_type=\"html.default\">\n\t\t\t\t\t<link rel=\"stylesheet\" href=\"https:\/\/cdnjs.cloudflare.com\/ajax\/libs\/font-awesome\/6.5.0\/css\/all.min.css\">\r\n<style>\r\n  .cards-principios {\r\n    display: grid;\r\n    grid-template-columns: repeat(4, 1fr);\r\n    gap: 16px;\r\n    font-family: inherit;\r\n    width: 100%;\r\n    box-sizing: border-box;\r\n  }\r\n\r\n  .card-principio {\r\n    background: #ffffff;\r\n    border: 1px solid #e8e4df;\r\n    border-radius: 16px;\r\n    padding: 32px 24px;\r\n    display: flex;\r\n    flex-direction: column;\r\n    gap: 14px;\r\n    box-sizing: border-box;\r\n    cursor: pointer;\r\n    transition: border-color 0.25s ease, box-shadow 0.25s ease;\r\n  }\r\n\r\n  .card-principio:hover {\r\n    border-color: #e07b2a;\r\n    box-shadow: 0 4px 18px rgba(224, 123, 42, 0.08);\r\n  }\r\n\r\n  .card-principio i {\r\n    font-size: 28px;\r\n    color: #e07b2a;\r\n  }\r\n\r\n  .card-principio-titulo {\r\n    font-size: 16px;\r\n    font-weight: 800;\r\n    color: #181410;\r\n    margin: 0;\r\n    line-height: 1.2;\r\n  }\r\n\r\n  .card-principio-desc {\r\n    font-size: 13px;\r\n    color: #706b65;\r\n    margin: 0;\r\n    line-height: 1.65;\r\n  }\r\n\r\n  @media (max-width: 768px) {\r\n    .cards-principios { grid-template-columns: repeat(2, 1fr); }\r\n  }\r\n  @media (max-width: 480px) {\r\n    .cards-principios { grid-template-columns: 1fr; }\r\n  }\r\n<\/style>\r\n\r\n<div class=\"cards-principios\">\r\n  <div class=\"card-principio\">\r\n    <i class=\"fa-solid fa-shield-halved\"><\/i>\r\n    <p class=\"card-principio-titulo\">Prote\u00e7\u00e3o real<\/p>\r\n    <p class=\"card-principio-desc\">Cobertura ampla, sem letras mi\u00fadas, com indeniza\u00e7\u00e3o \u00e1gil.<\/p>\r\n  <\/div>\r\n  <div class=\"card-principio\">\r\n    <i class=\"fa-solid fa-handshake\"><\/i>\r\n    <p class=\"card-principio-titulo\">Coopera\u00e7\u00e3o<\/p>\r\n    <p class=\"card-principio-desc\">Modelo justo onde todos contribuem e todos s\u00e3o cuidados.<\/p>\r\n  <\/div>\r\n  <div class=\"card-principio\">\r\n    <i class=\"fa-solid fa-circle-check\"><\/i>\r\n    <p class=\"card-principio-titulo\">Transpar\u00eancia<\/p>\r\n    <p class=\"card-principio-desc\">Regras claras, comunica\u00e7\u00e3o direta, sem surpresas no caminho.<\/p>\r\n  <\/div>\r\n  <div class=\"card-principio\">\r\n    <i class=\"fa-solid fa-bolt\"><\/i>\r\n    <p class=\"card-principio-titulo\">Tecnologia<\/p>\r\n    <p class=\"card-principio-desc\">Plataforma moderna para cota\u00e7\u00e3o, sinistro e acompanhamento.<\/p>\r\n  <\/div>\r\n<\/div>\t\t\t\t<\/div>\n\t\t\t\t<\/div>\n\t\t\t\t\t<\/div>\n\t\t\t\t<\/div>\n\t\t<div class=\"elementor-element elementor-element-f41acf2 e-flex e-con-boxed e-con e-parent\" data-id=\"f41acf2\" data-element_type=\"container\" data-e-type=\"container\" data-settings=\"{&quot;background_background&quot;:&quot;gradient&quot;}\">\n\t\t\t\t\t<div class=\"e-con-inner\">\n\t\t<div class=\"elementor-element elementor-element-5ed05cc e-con-full e-flex e-con e-child\" data-id=\"5ed05cc\" data-element_type=\"container\" data-e-type=\"container\">\n\t\t\t\t<div class=\"elementor-element elementor-element-3c79716 elementor-widget__width-initial elementor-widget elementor-widget-heading\" data-id=\"3c79716\" data-element_type=\"widget\" data-e-type=\"widget\" data-widget_type=\"heading.default\">\n\t\t\t\t\t<h2 class=\"elementor-heading-title elementor-size-default\">Do Sul ao Norte<\/h2>\t\t\t\t<\/div>\n\t\t\t\t<div class=\"elementor-element elementor-element-7f2df2c elementor-widget__width-initial elementor-invisible elementor-widget elementor-widget-heading\" data-id=\"7f2df2c\" data-element_type=\"widget\" data-e-type=\"widget\" data-settings=\"{&quot;_animation&quot;:&quot;fadeInUp&quot;}\" data-widget_type=\"heading.default\">\n\t\t\t\t\t<h2 class=\"elementor-heading-title elementor-size-default\">Presen\u00e7a <span style=\"color: #F58220\">em todo o Brasil.<\/span><\/h2>\t\t\t\t<\/div>\n\t\t\t\t<\/div>\n\t\t<div class=\"elementor-element elementor-element-f8e0509 e-con-full e-flex e-con e-child\" data-id=\"f8e0509\" data-element_type=\"container\" data-e-type=\"container\">\n\t\t\t\t<div class=\"elementor-element elementor-element-ce7fbd5 elementor-widget elementor-widget-html\" data-id=\"ce7fbd5\" data-element_type=\"widget\" data-e-type=\"widget\" data-widget_type=\"html.default\">\n\t\t\t\t\t<link rel=\"preconnect\" href=\"https:\/\/fonts.googleapis.com\">\r\n<link href=\"https:\/\/fonts.googleapis.com\/css2?family=Space+Grotesk:wght@700&family=Inter:wght@400;600&display=swap\" rel=\"stylesheet\">\r\n\r\n<style>\r\n  .contadores {\r\n    display: flex;\r\n    align-items: center;\r\n    justify-content: space-around;\r\n    width: 100%;\r\n    box-sizing: border-box;\r\n    padding: 20px 0;\r\n  }\r\n\r\n  .contador-item {\r\n    display: flex;\r\n    flex-direction: column;\r\n    align-items: flex-start;\r\n    gap: 8px;\r\n  }\r\n\r\n  .contador-numero {\r\n    font-family: 'Space Grotesk', sans-serif;\r\n    font-size: 72px;\r\n    font-weight: 700;\r\n    color: #ffffff;\r\n    line-height: 1;\r\n    margin: 0;\r\n  }\r\n\r\n  .contador-label {\r\n    font-family: 'Inter', sans-serif;\r\n    font-size: 12px;\r\n    font-weight: 600;\r\n    letter-spacing: 0.12em;\r\n    text-transform: uppercase;\r\n    color: #8a8580;\r\n    margin: 0;\r\n  }\r\n\r\n  @media (max-width: 768px) {\r\n    .contadores { flex-direction: column; gap: 40px; }\r\n    .contador-numero { font-size: 52px; }\r\n  }\r\n<\/style>\r\n\r\n<div class=\"contadores\">\r\n  <div class=\"contador-item\">\r\n    <p class=\"contador-numero\" data-target=\"5000\" data-prefix=\"+\">+0<\/p>\r\n    <p class=\"contador-label\">Placas Asseguradas<\/p>\r\n  <\/div>\r\n  <div class=\"contador-item\">\r\n    <p class=\"contador-numero\" data-target=\"27\" data-prefix=\"\">0<\/p>\r\n    <p class=\"contador-label\">Estados Atendidos<\/p>\r\n  <\/div>\r\n  <div class=\"contador-item\">\r\n    <p class=\"contador-numero\" data-target=\"24\" data-suffix=\"h\" data-prefix=\"\">0<\/p>\r\n    <p class=\"contador-label\">Suporte Ininterrupto<\/p>\r\n  <\/div>\r\n<\/div>\r\n\r\n<script>\r\n  function formatNumber(num) {\r\n    return num.toLocaleString('pt-BR');\r\n  }\r\n\r\n  function animateCounter(el) {\r\n    const target = parseInt(el.getAttribute('data-target'));\r\n    const prefix = el.getAttribute('data-prefix') || '';\r\n    const suffix = el.getAttribute('data-suffix') || '';\r\n    const duration = 2000;\r\n    const steps = 60;\r\n    const increment = target \/ steps;\r\n    let current = 0;\r\n    let step = 0;\r\n\r\n    const timer = setInterval(() => {\r\n      step++;\r\n      current = Math.min(Math.round(increment * step), target);\r\n      el.textContent = prefix + formatNumber(current) + suffix;\r\n      if (current >= target) clearInterval(timer);\r\n    }, duration \/ steps);\r\n  }\r\n\r\n  const observer = new IntersectionObserver((entries) => {\r\n    entries.forEach(entry => {\r\n      if (entry.isIntersecting) {\r\n        const nums = entry.target.querySelectorAll('.contador-numero');\r\n        nums.forEach(animateCounter);\r\n        observer.unobserve(entry.target);\r\n      }\r\n    });\r\n  }, { threshold: 0.3 });\r\n\r\n  observer.observe(document.querySelector('.contadores'));\r\n<\/script>\t\t\t\t<\/div>\n\t\t\t\t<\/div>\n\t\t<div class=\"elementor-element elementor-element-95ddb00 e-con-full e-flex e-con e-child\" data-id=\"95ddb00\" data-element_type=\"container\" data-e-type=\"container\">\n\t\t\t\t<div class=\"elementor-element elementor-element-65e1ad4 elementor-align-center elementor-widget elementor-widget-button\" data-id=\"65e1ad4\" data-element_type=\"widget\" data-e-type=\"widget\" data-widget_type=\"button.default\">\n\t\t\t\t\t\t\t\t\t\t<a class=\"elementor-button elementor-button-link elementor-size-sm elementor-animation-grow\" href=\"#\">\n\t\t\t\t\t\t<span class=\"elementor-button-content-wrapper\">\n\t\t\t\t\t\t<span class=\"elementor-button-icon\">\n\t\t\t\t<svg aria-hidden=\"true\" class=\"e-font-icon-svg e-fas-long-arrow-alt-right\" viewBox=\"0 0 448 512\" xmlns=\"http:\/\/www.w3.org\/2000\/svg\"><path d=\"M313.941 216H12c-6.627 0-12 5.373-12 12v56c0 6.627 5.373 12 12 12h301.941v46.059c0 21.382 25.851 32.09 40.971 16.971l86.059-86.059c9.373-9.373 9.373-24.569 0-33.941l-86.059-86.059c-15.119-15.119-40.971-4.411-40.971 16.971V216z\"><\/path><\/svg>\t\t\t<\/span>\n\t\t\t\t\t\t\t\t\t<span class=\"elementor-button-text\">Fa\u00e7a parte da cooperativa<\/span>\n\t\t\t\t\t<\/span>\n\t\t\t\t\t<\/a>\n\t\t\t\t\t\t\t\t<\/div>\n\t\t\t\t<\/div>\n\t\t\t\t\t<\/div>\n\t\t\t\t<\/div>\n\t\t<div class=\"elementor-element elementor-element-4dcd6cf e-flex e-con-boxed e-con e-parent\" data-id=\"4dcd6cf\" data-element_type=\"container\" data-e-type=\"container\">\n\t\t\t\t\t<div class=\"e-con-inner\">\n\t\t<div class=\"elementor-element elementor-element-fcee5a0 e-con-full e-flex e-con e-child\" data-id=\"fcee5a0\" data-element_type=\"container\" data-e-type=\"container\">\n\t\t\t\t<div class=\"elementor-element elementor-element-f389757 elementor-widget__width-initial elementor-widget elementor-widget-heading\" data-id=\"f389757\" data-element_type=\"widget\" data-e-type=\"widget\" data-widget_type=\"heading.default\">\n\t\t\t\t\t<h2 class=\"elementor-heading-title elementor-size-default\">\nN\u00e3o importa o tamanho da sua opera\u00e7\u00e3o<\/h2>\t\t\t\t<\/div>\n\t\t\t\t<div class=\"elementor-element elementor-element-54f5413 elementor-widget__width-initial elementor-invisible elementor-widget elementor-widget-heading\" data-id=\"54f5413\" data-element_type=\"widget\" data-e-type=\"widget\" data-settings=\"{&quot;_animation&quot;:&quot;fadeInLeft&quot;}\" data-widget_type=\"heading.default\">\n\t\t\t\t\t<h2 class=\"elementor-heading-title elementor-size-default\">Prote\u00e7\u00e3o para um caminh\u00e3o <span style=\"color: #F58220\">ou uma frota inteira.<\/span><\/h2>\t\t\t\t<\/div>\n\t\t\t\t<div class=\"elementor-element elementor-element-7f2e7e3 elementor-widget__width-initial elementor-widget elementor-widget-text-editor\" data-id=\"7f2e7e3\" data-element_type=\"widget\" data-e-type=\"widget\" data-widget_type=\"text-editor.default\">\n\t\t\t\t\t\t\t\t\t<p class=\"text-muted-foreground text-lg leading-relaxed\">Simule sua prote\u00e7\u00e3o e fale com nossa equipe de forma r\u00e1pida.<\/p>\t\t\t\t\t\t\t\t<\/div>\n\t\t\t\t<div class=\"elementor-element elementor-element-20f0a00 elementor-widget elementor-widget-button\" data-id=\"20f0a00\" data-element_type=\"widget\" data-e-type=\"widget\" data-widget_type=\"button.default\">\n\t\t\t\t\t\t\t\t\t\t<a class=\"elementor-button elementor-button-link elementor-size-sm elementor-animation-grow\" href=\"#\">\n\t\t\t\t\t\t<span class=\"elementor-button-content-wrapper\">\n\t\t\t\t\t\t<span class=\"elementor-button-icon\">\n\t\t\t\t<svg aria-hidden=\"true\" class=\"e-font-icon-svg e-fas-long-arrow-alt-right\" viewBox=\"0 0 448 512\" xmlns=\"http:\/\/www.w3.org\/2000\/svg\"><path d=\"M313.941 216H12c-6.627 0-12 5.373-12 12v56c0 6.627 5.373 12 12 12h301.941v46.059c0 21.382 25.851 32.09 40.971 16.971l86.059-86.059c9.373-9.373 9.373-24.569 0-33.941l-86.059-86.059c-15.119-15.119-40.971-4.411-40.971 16.971V216z\"><\/path><\/svg>\t\t\t<\/span>\n\t\t\t\t\t\t\t\t\t<span class=\"elementor-button-text\">Fazer cota\u00e7\u00e3o<\/span>\n\t\t\t\t\t<\/span>\n\t\t\t\t\t<\/a>\n\t\t\t\t\t\t\t\t<\/div>\n\t\t\t\t<\/div>\n\t\t\t\t<div class=\"elementor-element elementor-element-b48f250 elementor-invisible elementor-widget elementor-widget-image\" data-id=\"b48f250\" data-element_type=\"widget\" data-e-type=\"widget\" data-settings=\"{&quot;_animation&quot;:&quot;fadeInRight&quot;}\" data-widget_type=\"image.default\">\n\t\t\t\t\t\t\t\t\t\t\t\t\t\t\t<img fetchpriority=\"high\" decoding=\"async\" width=\"574\" height=\"1024\" src=\"https:\/\/sitexis.com.br\/eseg\/wp-content\/uploads\/2026\/04\/2151489748-574x1024.jpg\" class=\"attachment-large size-large wp-image-133\" alt=\"\" srcset=\"https:\/\/sitexis.com.br\/eseg\/wp-content\/uploads\/2026\/04\/2151489748-574x1024.jpg 574w, https:\/\/sitexis.com.br\/eseg\/wp-content\/uploads\/2026\/04\/2151489748-168x300.jpg 168w, https:\/\/sitexis.com.br\/eseg\/wp-content\/uploads\/2026\/04\/2151489748-768x1370.jpg 768w, https:\/\/sitexis.com.br\/eseg\/wp-content\/uploads\/2026\/04\/2151489748-861x1536.jpg 861w, https:\/\/sitexis.com.br\/eseg\/wp-content\/uploads\/2026\/04\/2151489748.jpg 1121w\" sizes=\"(max-width: 574px) 100vw, 574px\" \/>\t\t\t\t\t\t\t\t\t\t\t\t\t\t\t<\/div>\n\t\t\t\t\t<\/div>\n\t\t\t\t<\/div>\n\t\t\t\t<\/div>\n\t\t","protected":false},"excerpt":{"rendered":"<p>A cooperativa Parceira do aut\u00f4nomo e do frotista. Protegemos quem mant\u00e9m o Brasil em movimento com agilidade, transpar\u00eancia e o respeito de quem est\u00e1 do mesmo lado. Entendemos a estrada Mais que prote\u00e7\u00e3o: uma rede de coopera\u00e7\u00e3o. A ESEG nasceu da percep\u00e7\u00e3o de que caminhoneiros e empresas de transporte mereciam uma alternativa mais justa ao [&hellip;]<\/p>\n","protected":false},"author":1,"featured_media":0,"parent":0,"menu_order":0,"comment_status":"closed","ping_status":"closed","template":"elementor_header_footer","meta":{"footnotes":""},"class_list":["post-119","page","type-page","status-publish","hentry"],"_links":{"self":[{"href":"https:\/\/sitexis.com.br\/eseg\/wp-json\/wp\/v2\/pages\/119","targetHints":{"allow":["GET"]}}],"collection":[{"href":"https:\/\/sitexis.com.br\/eseg\/wp-json\/wp\/v2\/pages"}],"about":[{"href":"https:\/\/sitexis.com.br\/eseg\/wp-json\/wp\/v2\/types\/page"}],"author":[{"embeddable":true,"href":"https:\/\/sitexis.com.br\/eseg\/wp-json\/wp\/v2\/users\/1"}],"replies":[{"embeddable":true,"href":"https:\/\/sitexis.com.br\/eseg\/wp-json\/wp\/v2\/comments?post=119"}],"version-history":[{"count":22,"href":"https:\/\/sitexis.com.br\/eseg\/wp-json\/wp\/v2\/pages\/119\/revisions"}],"predecessor-version":[{"id":200,"href":"https:\/\/sitexis.com.br\/eseg\/wp-json\/wp\/v2\/pages\/119\/revisions\/200"}],"wp:attachment":[{"href":"https:\/\/sitexis.com.br\/eseg\/wp-json\/wp\/v2\/media?parent=119"}],"curies":[{"name":"wp","href":"https:\/\/api.w.org\/{rel}","templated":true}]}}