{"id":152,"date":"2026-03-20T18:55:11","date_gmt":"2026-03-20T18:55:11","guid":{"rendered":"https:\/\/sitexis.com.br\/evosolution\/?page_id=152"},"modified":"2026-03-20T19:27:46","modified_gmt":"2026-03-20T19:27:46","slug":"sobre-a-evo","status":"publish","type":"page","link":"https:\/\/sitexis.com.br\/evosolution\/sobre-a-evo\/","title":{"rendered":"Sobre a Evo"},"content":{"rendered":"\t\t<div data-elementor-type=\"wp-page\" data-elementor-id=\"152\" class=\"elementor elementor-152\" data-elementor-post-type=\"page\">\n\t\t\t\t<div class=\"elementor-element elementor-element-79a6ffd e-flex e-con-boxed wpr-particle-no wpr-jarallax-no wpr-parallax-no wpr-sticky-section-no e-con e-parent\" data-id=\"79a6ffd\" data-element_type=\"container\" data-e-type=\"container\" data-settings=\"{&quot;background_background&quot;:&quot;classic&quot;}\">\n\t\t\t\t\t<div class=\"e-con-inner\">\n\t\t<div class=\"elementor-element elementor-element-6b6cbaf e-con-full e-flex wpr-particle-no wpr-jarallax-no wpr-parallax-no wpr-sticky-section-no e-con e-child\" data-id=\"6b6cbaf\" data-element_type=\"container\" data-e-type=\"container\">\n\t\t\t\t<div class=\"elementor-element elementor-element-a69d176 elementor-widget elementor-widget-heading\" data-id=\"a69d176\" data-element_type=\"widget\" data-e-type=\"widget\" data-widget_type=\"heading.default\">\n\t\t\t\t\t<h2 class=\"elementor-heading-title elementor-size-default\">SOBRE A EVO SOLUTION<\/h2>\t\t\t\t<\/div>\n\t\t\t\t<div class=\"elementor-element elementor-element-237eda9 elementor-invisible elementor-widget elementor-widget-heading\" data-id=\"237eda9\" data-element_type=\"widget\" data-e-type=\"widget\" data-settings=\"{&quot;_animation&quot;:&quot;fadeInLeft&quot;}\" data-widget_type=\"heading.default\">\n\t\t\t\t\t<h2 class=\"elementor-heading-title elementor-size-default\">Tecnologia e seguran\u00e7a para quem vive o transporte na pr\u00e1tica<\/h2>\t\t\t\t<\/div>\n\t\t\t\t<div class=\"elementor-element elementor-element-a59e441 elementor-invisible elementor-widget elementor-widget-text-editor\" data-id=\"a59e441\" data-element_type=\"widget\" data-e-type=\"widget\" data-settings=\"{&quot;_animation&quot;:&quot;fadeInUp&quot;}\" data-widget_type=\"text-editor.default\">\n\t\t\t\t\t\t\t\t\t<p data-start=\"421\" data-end=\"761\">A Evo Solution \u00e9 uma empresa especializada em solu\u00e7\u00f5es tecnol\u00f3gicas para seguran\u00e7a e monitoramento de ve\u00edculos pesados. Com foco em inova\u00e7\u00e3o e efici\u00eancia operacional, desenvolvemos tecnologias pr\u00f3prias que ajudam a proteger caminh\u00f5es, carretas e frotas, reduzindo riscos e trazendo mais controle para o dia a dia do transporte.<\/p><p data-start=\"763\" data-end=\"908\">Nosso trabalho \u00e9 baseado na realidade da estrada, criando solu\u00e7\u00f5es que realmente funcionam na pr\u00e1tica e fazem diferen\u00e7a na seguran\u00e7a da opera\u00e7\u00e3o.<\/p>\t\t\t\t\t\t\t\t<\/div>\n\t\t\t\t<div class=\"elementor-element elementor-element-7d34e7e wpr-button-icon-style-inline wpr-button-icon-position-right elementor-invisible elementor-widget elementor-widget-wpr-button\" data-id=\"7d34e7e\" data-element_type=\"widget\" data-e-type=\"widget\" data-settings=\"{&quot;_animation&quot;:&quot;fadeInUp&quot;}\" data-widget_type=\"wpr-button.default\">\n\t\t\t\t\t\t\n\t\t\t\n\t\t\n\t\t<div class=\"wpr-button-wrap elementor-clearfix\">\n\t\t<a class=\"wpr-button wpr-button-effect wpr-button-wayra-right\" data-text=\"\" href=\"#link\">\n\t\t\t\n\t\t\t<span class=\"wpr-button-content\">\n\t\t\t\t\t\t\t\t\t<span class=\"wpr-button-text\">Falar com um especialista<\/span>\n\t\t\t\t\t\t\t\t\n\t\t\t\t\t\t\t\t\t<span class=\"wpr-button-icon\"><svg class=\"e-font-icon-svg e-fas-arrow-alt-circle-right\" viewBox=\"0 0 512 512\" xmlns=\"http:\/\/www.w3.org\/2000\/svg\"><path d=\"M256 8c137 0 248 111 248 248S393 504 256 504 8 393 8 256 119 8 256 8zM140 300h116v70.9c0 10.7 13 16.1 20.5 8.5l114.3-114.9c4.7-4.7 4.7-12.2 0-16.9l-114.3-115c-7.6-7.6-20.5-2.2-20.5 8.5V212H140c-6.6 0-12 5.4-12 12v64c0 6.6 5.4 12 12 12z\"><\/path><\/svg><\/span>\n\t\t\t\t\t\t\t<\/span>\n\t\t<\/a>\n\n\t\t\t\t<\/div>\n\t\n\t\n\t\t\t\t\t<\/div>\n\t\t\t\t<\/div>\n\t\t<div class=\"elementor-element elementor-element-44e8cf2 e-con-full e-flex wpr-particle-no wpr-jarallax-no wpr-parallax-no wpr-sticky-section-no e-con e-child\" data-id=\"44e8cf2\" data-element_type=\"container\" data-e-type=\"container\">\n\t\t\t\t<\/div>\n\t\t\t\t\t<\/div>\n\t\t\t\t<\/div>\n\t\t<div class=\"elementor-element elementor-element-a8bab11 e-flex e-con-boxed wpr-particle-no wpr-jarallax-no wpr-parallax-no wpr-sticky-section-no e-con e-parent\" data-id=\"a8bab11\" data-element_type=\"container\" data-e-type=\"container\">\n\t\t\t\t\t<div class=\"e-con-inner\">\n\t\t<div class=\"elementor-element elementor-element-b0108de e-con-full e-flex wpr-particle-no wpr-jarallax-no wpr-parallax-no wpr-sticky-section-no e-con e-child\" data-id=\"b0108de\" data-element_type=\"container\" data-e-type=\"container\">\n\t\t\t\t<div class=\"elementor-element elementor-element-2227c3c elementor-invisible elementor-widget elementor-widget-image\" data-id=\"2227c3c\" data-element_type=\"widget\" data-e-type=\"widget\" data-settings=\"{&quot;_animation&quot;:&quot;fadeInLeft&quot;}\" data-widget_type=\"image.default\">\n\t\t\t\t\t\t\t\t\t\t\t\t\t\t\t<img fetchpriority=\"high\" decoding=\"async\" width=\"800\" height=\"533\" src=\"https:\/\/sitexis.com.br\/evosolution\/wp-content\/uploads\/2026\/03\/IMAGEM-MOCKUP-1024x682.png\" class=\"attachment-large size-large wp-image-174\" alt=\"\" srcset=\"https:\/\/sitexis.com.br\/evosolution\/wp-content\/uploads\/2026\/03\/IMAGEM-MOCKUP-1024x682.png 1024w, https:\/\/sitexis.com.br\/evosolution\/wp-content\/uploads\/2026\/03\/IMAGEM-MOCKUP-300x200.png 300w, https:\/\/sitexis.com.br\/evosolution\/wp-content\/uploads\/2026\/03\/IMAGEM-MOCKUP-768x512.png 768w, https:\/\/sitexis.com.br\/evosolution\/wp-content\/uploads\/2026\/03\/IMAGEM-MOCKUP-1536x1024.png 1536w, https:\/\/sitexis.com.br\/evosolution\/wp-content\/uploads\/2026\/03\/IMAGEM-MOCKUP-2048x1365.png 2048w\" sizes=\"(max-width: 800px) 100vw, 800px\" \/>\t\t\t\t\t\t\t\t\t\t\t\t\t\t\t<\/div>\n\t\t\t\t<\/div>\n\t\t<div class=\"elementor-element elementor-element-91d9453 e-con-full e-flex wpr-particle-no wpr-jarallax-no wpr-parallax-no wpr-sticky-section-no e-con e-child\" data-id=\"91d9453\" data-element_type=\"container\" data-e-type=\"container\">\n\t\t\t\t<div class=\"elementor-element elementor-element-1ffb6c5 elementor-widget elementor-widget-heading\" data-id=\"1ffb6c5\" data-element_type=\"widget\" data-e-type=\"widget\" data-widget_type=\"heading.default\">\n\t\t\t\t\t<h2 class=\"elementor-heading-title elementor-size-default\">QUEM SOMOS<\/h2>\t\t\t\t<\/div>\n\t\t\t\t<div class=\"elementor-element elementor-element-813acb9 elementor-invisible elementor-widget elementor-widget-heading\" data-id=\"813acb9\" data-element_type=\"widget\" data-e-type=\"widget\" data-settings=\"{&quot;_animation&quot;:&quot;fadeInRight&quot;}\" data-widget_type=\"heading.default\">\n\t\t\t\t\t<h2 class=\"elementor-heading-title elementor-size-default\">Inova\u00e7\u00e3o com foco em resultado real<\/h2>\t\t\t\t<\/div>\n\t\t\t\t<div class=\"elementor-element elementor-element-5d79480 elementor-invisible elementor-widget elementor-widget-text-editor\" data-id=\"5d79480\" data-element_type=\"widget\" data-e-type=\"widget\" data-settings=\"{&quot;_animation&quot;:&quot;fadeInUp&quot;}\" data-widget_type=\"text-editor.default\">\n\t\t\t\t\t\t\t\t\t<p data-start=\"998\" data-end=\"1370\">A <strong>Evo Solution<\/strong> nasceu com o objetivo de oferecer mais seguran\u00e7a e intelig\u00eancia para o transporte rodovi\u00e1rio, um setor que exige confiabilidade, rapidez e controle constante. Ao longo da nossa trajet\u00f3ria, desenvolvemos solu\u00e7\u00f5es que combinam tecnologia, preven\u00e7\u00e3o e monitoramento, sempre pensando em antecipar riscos e proteger o patrim\u00f4nio dos nossos clientes.<\/p><p data-start=\"1372\" data-end=\"1494\">Mais do que oferecer produtos, buscamos entregar solu\u00e7\u00f5es que geram valor real para quem depende da opera\u00e7\u00e3o no dia a dia.<\/p>\t\t\t\t\t\t\t\t<\/div>\n\t\t\t\t<\/div>\n\t\t\t\t\t<\/div>\n\t\t\t\t<\/div>\n\t\t<div class=\"elementor-element elementor-element-e3d5a45 e-flex e-con-boxed wpr-particle-no wpr-jarallax-no wpr-parallax-no wpr-sticky-section-no e-con e-parent\" data-id=\"e3d5a45\" data-element_type=\"container\" data-e-type=\"container\">\n\t\t\t\t\t<div class=\"e-con-inner\">\n\t\t\t\t<div class=\"elementor-element elementor-element-462f3d2 elementor-widget elementor-widget-html\" data-id=\"462f3d2\" data-element_type=\"widget\" data-e-type=\"widget\" data-widget_type=\"html.default\">\n\t\t\t\t\t<link rel=\"stylesheet\" href=\"https:\/\/cdnjs.cloudflare.com\/ajax\/libs\/font-awesome\/6.5.0\/css\/all.min.css\">\r\n<link href=\"https:\/\/fonts.googleapis.com\/css2?family=Barlow:ital,wght@0,400;0,600;0,700;0,800;1,400&display=swap\" rel=\"stylesheet\">\r\n\r\n<style>\r\n  .evo-final * { box-sizing: border-box; margin: 0; padding: 0; }\r\n\r\n  .evo-final {\r\n    font-family: 'Barlow', sans-serif;\r\n    background: #111416;\r\n    border-radius: 24px;\r\n    padding: 80px 72px;\r\n    position: relative;\r\n    overflow: hidden;\r\n  }\r\n\r\n  \/* \u2500\u2500 Background glow \u2500\u2500 *\/\r\n  .evo-final::before {\r\n    content: '';\r\n    position: absolute;\r\n    top: -80px;\r\n    right: -80px;\r\n    width: 420px;\r\n    height: 420px;\r\n    background: radial-gradient(circle, rgba(244,124,32,0.13) 0%, transparent 65%);\r\n    pointer-events: none;\r\n  }\r\n\r\n  .evo-final::after {\r\n    content: '';\r\n    position: absolute;\r\n    bottom: -60px;\r\n    left: 10%;\r\n    width: 300px;\r\n    height: 300px;\r\n    background: radial-gradient(circle, rgba(244,124,32,0.06) 0%, transparent 65%);\r\n    pointer-events: none;\r\n  }\r\n\r\n  \/* \u2500\u2500 Grid layout \u2500\u2500 *\/\r\n  .evo-final__grid {\r\n    position: relative;\r\n    z-index: 1;\r\n    display: grid;\r\n    grid-template-columns: 1fr 1fr;\r\n    gap: 80px;\r\n    align-items: center;\r\n  }\r\n\r\n  \/* \u2500\u2500 Left \u2500\u2500 *\/\r\n  .evo-final__left {}\r\n\r\n  .evo-final__eyebrow {\r\n    display: inline-flex;\r\n    align-items: center;\r\n    gap: 8px;\r\n    font-size: 10.5px;\r\n    font-weight: 700;\r\n    letter-spacing: 0.14em;\r\n    text-transform: uppercase;\r\n    color: #f47c20;\r\n    margin-bottom: 20px;\r\n  }\r\n\r\n  .evo-final__eyebrow i { font-size: 10px; }\r\n\r\n  .evo-final__title {\r\n    font-size: 38px;\r\n    font-weight: 800;\r\n    color: #ffffff;\r\n    line-height: 1.15;\r\n    letter-spacing: -0.025em;\r\n    margin-bottom: 32px;\r\n  }\r\n\r\n  .evo-final__title em {\r\n    font-style: normal;\r\n    color: #f47c20;\r\n  }\r\n\r\n  \/* Divider *\/\r\n  .evo-final__rule {\r\n    width: 48px;\r\n    height: 3px;\r\n    background: linear-gradient(90deg, #f47c20, #ffad5e);\r\n    border-radius: 3px;\r\n    margin-bottom: 28px;\r\n  }\r\n\r\n  \/* \u2500\u2500 Right \u2500\u2500 *\/\r\n  .evo-final__right {\r\n    display: flex;\r\n    flex-direction: column;\r\n    gap: 0;\r\n  }\r\n\r\n  .evo-final__text {\r\n    font-size: 15px;\r\n    line-height: 1.8;\r\n    color: rgba(255,255,255,0.55);\r\n    font-weight: 400;\r\n    padding-bottom: 28px;\r\n    border-bottom: 1px solid rgba(255,255,255,0.08);\r\n    margin-bottom: 28px;\r\n  }\r\n\r\n  .evo-final__text2 {\r\n    font-size: 15px;\r\n    line-height: 1.8;\r\n    color: rgba(255,255,255,0.55);\r\n    font-weight: 400;\r\n    margin-bottom: 40px;\r\n  }\r\n\r\n  .evo-final__text2 strong {\r\n    color: rgba(255,255,255,0.85);\r\n    font-weight: 600;\r\n  }\r\n\r\n  \/* \u2500\u2500 Stat row \u2500\u2500 *\/\r\n  .evo-final__stats {\r\n    display: flex;\r\n    gap: 36px;\r\n  }\r\n\r\n  .evo-stat {\r\n    display: flex;\r\n    flex-direction: column;\r\n    gap: 4px;\r\n  }\r\n\r\n  .evo-stat__num {\r\n    font-size: 28px;\r\n    font-weight: 800;\r\n    color: #f47c20;\r\n    letter-spacing: -0.03em;\r\n    line-height: 1;\r\n  }\r\n\r\n  .evo-stat__label {\r\n    font-size: 11px;\r\n    font-weight: 600;\r\n    letter-spacing: 0.06em;\r\n    text-transform: uppercase;\r\n    color: rgba(255,255,255,0.35);\r\n  }\r\n\r\n  .evo-stat__sep {\r\n    width: 1px;\r\n    background: rgba(255,255,255,0.1);\r\n    align-self: stretch;\r\n  }\r\n\r\n  \/* \u2500\u2500 Responsive \u2500\u2500 *\/\r\n  @media (max-width: 860px) {\r\n    .evo-final { padding: 56px 36px; }\r\n    .evo-final__grid { grid-template-columns: 1fr; gap: 40px; }\r\n    .evo-final__title { font-size: 30px; }\r\n  }\r\n<\/style>\r\n\r\n<section class=\"evo-final\">\r\n  <div class=\"evo-final__grid\">\r\n\r\n    <!-- Left: title -->\r\n    <div class=\"evo-final__left\">\r\n      <div class=\"evo-final__eyebrow\"><i class=\"fa-solid fa-shield-halved\"><\/i> Nossa miss\u00e3o<\/div>\r\n      <h2 class=\"evo-final__title\">Compromisso com a <em>seguran\u00e7a<\/em> e evolu\u00e7\u00e3o do transporte<\/h2>\r\n      <div class=\"evo-final__rule\"><\/div>\r\n      <div class=\"evo-final__stats\">\r\n        <div class=\"evo-stat\">\r\n          <span class=\"evo-stat__num\">24h<\/span>\r\n          <span class=\"evo-stat__label\">Central ativa<\/span>\r\n        <\/div>\r\n        <div class=\"evo-stat__sep\"><\/div>\r\n        <div class=\"evo-stat\">\r\n          <span class=\"evo-stat__num\">100%<\/span>\r\n          <span class=\"evo-stat__label\">Tecnologia pr\u00f3pria<\/span>\r\n        <\/div>\r\n        <div class=\"evo-stat__sep\"><\/div>\r\n        <div class=\"evo-stat\">\r\n          <span class=\"evo-stat__num\">+10<\/span>\r\n          <span class=\"evo-stat__label\">Anos de mercado<\/span>\r\n        <\/div>\r\n      <\/div>\r\n    <\/div>\r\n\r\n    <!-- Right: text -->\r\n    <div class=\"evo-final__right\">\r\n      <p class=\"evo-final__text\">Acreditamos que tecnologia e seguran\u00e7a caminham juntas. Por isso, seguimos evoluindo nossas solu\u00e7\u00f5es para atender um mercado cada vez mais exigente, oferecendo recursos que ajudam motoristas, transportadoras e empresas a operarem com mais tranquilidade, controle e efici\u00eancia.<\/p>\r\n      <p class=\"evo-final__text2\"><strong>A Evo Solution est\u00e1 preparada para ser parceira da sua opera\u00e7\u00e3o,<\/strong> entregando tecnologia confi\u00e1vel e suporte especializado para quem n\u00e3o pode parar.<\/p>\r\n    <\/div>\r\n\r\n  <\/div>\r\n<\/section>\t\t\t\t<\/div>\n\t\t\t\t\t<\/div>\n\t\t\t\t<\/div>\n\t\t\t\t<\/div>\n\t\t","protected":false},"excerpt":{"rendered":"<p>SOBRE A EVO SOLUTION Tecnologia e seguran\u00e7a para quem vive o transporte na pr\u00e1tica A Evo Solution \u00e9 uma empresa especializada em solu\u00e7\u00f5es tecnol\u00f3gicas para seguran\u00e7a e monitoramento de ve\u00edculos pesados. Com foco em inova\u00e7\u00e3o e efici\u00eancia operacional, desenvolvemos tecnologias pr\u00f3prias que ajudam a proteger caminh\u00f5es, carretas e frotas, reduzindo riscos e trazendo mais controle para o dia a dia do transporte. Nosso trabalho \u00e9 baseado na realidade da estrada, criando solu\u00e7\u00f5es que realmente funcionam na pr\u00e1tica e fazem diferen\u00e7a na seguran\u00e7a da opera\u00e7\u00e3o. Falar com um especialista QUEM SOMOS Inova\u00e7\u00e3o com foco em resultado real A Evo Solution nasceu com o objetivo de oferecer mais seguran\u00e7a e intelig\u00eancia para o transporte rodovi\u00e1rio, um setor que exige confiabilidade, rapidez e controle constante. Ao longo da nossa trajet\u00f3ria, desenvolvemos solu\u00e7\u00f5es que combinam tecnologia, preven\u00e7\u00e3o e monitoramento, sempre pensando em antecipar riscos e proteger o patrim\u00f4nio dos nossos clientes. Mais do que oferecer produtos, buscamos entregar solu\u00e7\u00f5es que geram valor real para quem depende da opera\u00e7\u00e3o no dia a dia. Nossa miss\u00e3o Compromisso com a seguran\u00e7a e evolu\u00e7\u00e3o do transporte 24h Central ativa 100% Tecnologia pr\u00f3pria +10 Anos de mercado Acreditamos que tecnologia e seguran\u00e7a caminham juntas. Por isso, seguimos evoluindo nossas solu\u00e7\u00f5es para atender um mercado cada vez mais exigente, oferecendo recursos que ajudam motoristas, transportadoras e empresas a operarem com mais tranquilidade, controle e efici\u00eancia. A Evo Solution est\u00e1 preparada para ser parceira da sua opera\u00e7\u00e3o, entregando tecnologia confi\u00e1vel e suporte especializado para quem n\u00e3o pode parar.<\/p>\n","protected":false},"author":1,"featured_media":0,"parent":0,"menu_order":0,"comment_status":"closed","ping_status":"closed","template":"elementor_header_footer","meta":{"footnotes":""},"class_list":["post-152","page","type-page","status-publish","hentry"],"_links":{"self":[{"href":"https:\/\/sitexis.com.br\/evosolution\/wp-json\/wp\/v2\/pages\/152","targetHints":{"allow":["GET"]}}],"collection":[{"href":"https:\/\/sitexis.com.br\/evosolution\/wp-json\/wp\/v2\/pages"}],"about":[{"href":"https:\/\/sitexis.com.br\/evosolution\/wp-json\/wp\/v2\/types\/page"}],"author":[{"embeddable":true,"href":"https:\/\/sitexis.com.br\/evosolution\/wp-json\/wp\/v2\/users\/1"}],"replies":[{"embeddable":true,"href":"https:\/\/sitexis.com.br\/evosolution\/wp-json\/wp\/v2\/comments?post=152"}],"version-history":[{"count":16,"href":"https:\/\/sitexis.com.br\/evosolution\/wp-json\/wp\/v2\/pages\/152\/revisions"}],"predecessor-version":[{"id":184,"href":"https:\/\/sitexis.com.br\/evosolution\/wp-json\/wp\/v2\/pages\/152\/revisions\/184"}],"wp:attachment":[{"href":"https:\/\/sitexis.com.br\/evosolution\/wp-json\/wp\/v2\/media?parent=152"}],"curies":[{"name":"wp","href":"https:\/\/api.w.org\/{rel}","templated":true}]}}