{"id":204,"date":"2026-03-23T11:55:24","date_gmt":"2026-03-23T11:55:24","guid":{"rendered":"https:\/\/sitexis.com.br\/evosolution\/?page_id=204"},"modified":"2026-03-23T12:15:40","modified_gmt":"2026-03-23T12:15:40","slug":"diferenciais","status":"publish","type":"page","link":"https:\/\/sitexis.com.br\/evosolution\/diferenciais\/","title":{"rendered":"Diferenciais"},"content":{"rendered":"\t\t<div data-elementor-type=\"wp-page\" data-elementor-id=\"204\" class=\"elementor elementor-204\" data-elementor-post-type=\"page\">\n\t\t\t\t<div class=\"elementor-element elementor-element-7de328b e-flex e-con-boxed wpr-particle-no wpr-jarallax-no wpr-parallax-no wpr-sticky-section-no e-con e-parent\" data-id=\"7de328b\" data-element_type=\"container\" data-e-type=\"container\" data-settings=\"{&quot;background_background&quot;:&quot;classic&quot;,&quot;shape_divider_bottom&quot;:&quot;curve&quot;,&quot;shape_divider_bottom_negative&quot;:&quot;yes&quot;}\">\n\t\t\t\t\t<div class=\"e-con-inner\">\n\t\t\t\t<div class=\"elementor-shape elementor-shape-bottom\" aria-hidden=\"true\" data-negative=\"true\">\n\t\t\t<svg xmlns=\"http:\/\/www.w3.org\/2000\/svg\" viewBox=\"0 0 1000 100\" preserveAspectRatio=\"none\">\n\t<path class=\"elementor-shape-fill\" d=\"M500,97C126.7,96.3,0.8,19.8,0,0v100l1000,0V1C1000,19.4,873.3,97.8,500,97z\"\/>\n<\/svg>\t\t<\/div>\n\t\t<div class=\"elementor-element elementor-element-db5fa32 e-con-full e-flex wpr-particle-no wpr-jarallax-no wpr-parallax-no wpr-sticky-section-no e-con e-child\" data-id=\"db5fa32\" data-element_type=\"container\" data-e-type=\"container\">\n\t\t\t\t<div class=\"elementor-element elementor-element-205ac27 elementor-widget elementor-widget-heading\" data-id=\"205ac27\" data-element_type=\"widget\" data-e-type=\"widget\" data-widget_type=\"heading.default\">\n\t\t\t\t\t<h2 class=\"elementor-heading-title elementor-size-default\">DIFERENCIAIS<\/h2>\t\t\t\t<\/div>\n\t\t\t\t<div class=\"elementor-element elementor-element-17944b5 elementor-invisible elementor-widget elementor-widget-heading\" data-id=\"17944b5\" data-element_type=\"widget\" data-e-type=\"widget\" data-settings=\"{&quot;_animation&quot;:&quot;fadeInLeft&quot;}\" data-widget_type=\"heading.default\">\n\t\t\t\t\t<h2 class=\"elementor-heading-title elementor-size-default\">Mais do que tecnologia: seguran\u00e7a inteligente para sua opera\u00e7\u00e3o<\/h2>\t\t\t\t<\/div>\n\t\t\t\t<div class=\"elementor-element elementor-element-e5be5dd elementor-invisible elementor-widget elementor-widget-text-editor\" data-id=\"e5be5dd\" data-element_type=\"widget\" data-e-type=\"widget\" data-settings=\"{&quot;_animation&quot;:&quot;fadeInUp&quot;}\" data-widget_type=\"text-editor.default\">\n\t\t\t\t\t\t\t\t\t<p>A Evo Solution vai al\u00e9m do rastreamento tradicional. Desenvolvemos solu\u00e7\u00f5es pr\u00f3prias com foco em preven\u00e7\u00e3o, controle e resposta r\u00e1pida, ajudando nossos clientes a operarem com mais seguran\u00e7a e efici\u00eancia no dia a dia.<\/p>\t\t\t\t\t\t\t\t<\/div>\n\t\t\t\t<div class=\"elementor-element elementor-element-d3913a0 wpr-button-icon-style-inline wpr-button-icon-position-right elementor-invisible elementor-widget elementor-widget-wpr-button\" data-id=\"d3913a0\" data-element_type=\"widget\" data-e-type=\"widget\" data-settings=\"{&quot;_animation&quot;:&quot;fadeInUp&quot;}\" data-widget_type=\"wpr-button.default\">\n\t\t\t\t\t\t\n\t\t\t\n\t\t\n\t\t<div class=\"wpr-button-wrap elementor-clearfix\">\n\t\t<a class=\"wpr-button wpr-button-effect wpr-button-wayra-right\" data-text=\"\" href=\"#link\">\n\t\t\t\n\t\t\t<span class=\"wpr-button-content\">\n\t\t\t\t\t\t\t\t\t<span class=\"wpr-button-text\">Falar com um especialista<\/span>\n\t\t\t\t\t\t\t\t\n\t\t\t\t\t\t\t\t\t<span class=\"wpr-button-icon\"><svg class=\"e-font-icon-svg e-fas-arrow-alt-circle-right\" viewBox=\"0 0 512 512\" xmlns=\"http:\/\/www.w3.org\/2000\/svg\"><path d=\"M256 8c137 0 248 111 248 248S393 504 256 504 8 393 8 256 119 8 256 8zM140 300h116v70.9c0 10.7 13 16.1 20.5 8.5l114.3-114.9c4.7-4.7 4.7-12.2 0-16.9l-114.3-115c-7.6-7.6-20.5-2.2-20.5 8.5V212H140c-6.6 0-12 5.4-12 12v64c0 6.6 5.4 12 12 12z\"><\/path><\/svg><\/span>\n\t\t\t\t\t\t\t<\/span>\n\t\t<\/a>\n\n\t\t\t\t<\/div>\n\t\n\t\n\t\t\t\t\t<\/div>\n\t\t\t\t<\/div>\n\t\t<div class=\"elementor-element elementor-element-c48e67a e-con-full e-flex wpr-particle-no wpr-jarallax-no wpr-parallax-no wpr-sticky-section-no e-con e-child\" data-id=\"c48e67a\" data-element_type=\"container\" data-e-type=\"container\">\n\t\t\t\t<\/div>\n\t\t\t\t\t<\/div>\n\t\t\t\t<\/div>\n\t\t<div class=\"elementor-element elementor-element-35a041c e-flex e-con-boxed wpr-particle-no wpr-jarallax-no wpr-parallax-no wpr-sticky-section-no e-con e-parent\" data-id=\"35a041c\" data-element_type=\"container\" data-e-type=\"container\">\n\t\t\t\t\t<div class=\"e-con-inner\">\n\t\t<div class=\"elementor-element elementor-element-f5a625c e-con-full e-flex wpr-particle-no wpr-jarallax-no wpr-parallax-no wpr-sticky-section-no e-con e-child\" data-id=\"f5a625c\" data-element_type=\"container\" data-e-type=\"container\">\n\t\t\t\t<div class=\"elementor-element elementor-element-8ce5230 elementor-invisible elementor-widget elementor-widget-heading\" data-id=\"8ce5230\" data-element_type=\"widget\" data-e-type=\"widget\" data-settings=\"{&quot;_animation&quot;:&quot;fadeInLeft&quot;}\" data-widget_type=\"heading.default\">\n\t\t\t\t\t<h2 class=\"elementor-heading-title elementor-size-default\">O que torna a Evo Solution diferente no mercado<\/h2>\t\t\t\t<\/div>\n\t\t\t\t<div class=\"elementor-element elementor-element-b1b23f4 elementor-invisible elementor-widget elementor-widget-text-editor\" data-id=\"b1b23f4\" data-element_type=\"widget\" data-e-type=\"widget\" data-settings=\"{&quot;_animation&quot;:&quot;fadeInUp&quot;}\" data-widget_type=\"text-editor.default\">\n\t\t\t\t\t\t\t\t\t<p data-start=\"4829\" data-end=\"5120\">Nossos diferenciais est\u00e3o diretamente ligados \u00e0 tecnologia, \u00e0 forma de atua\u00e7\u00e3o e ao entendimento real da opera\u00e7\u00e3o de transporte.<\/p>\t\t\t\t\t\t\t\t<\/div>\n\t\t\t\t<\/div>\n\t\t<div class=\"elementor-element elementor-element-c2e015b e-con-full e-flex wpr-particle-no wpr-jarallax-no wpr-parallax-no wpr-sticky-section-no e-con e-child\" data-id=\"c2e015b\" data-element_type=\"container\" data-e-type=\"container\">\n\t\t\t\t<div class=\"elementor-element elementor-element-0f39cc5 elementor-widget elementor-widget-html\" data-id=\"0f39cc5\" data-element_type=\"widget\" data-e-type=\"widget\" data-widget_type=\"html.default\">\n\t\t\t\t\t<link rel=\"stylesheet\" href=\"https:\/\/cdnjs.cloudflare.com\/ajax\/libs\/font-awesome\/6.5.0\/css\/all.min.css\">\r\n<link href=\"https:\/\/fonts.googleapis.com\/css2?family=Barlow:wght@400;600;700;800&display=swap\" rel=\"stylesheet\">\r\n\r\n<style>\r\n  .evo-dark * { box-sizing: border-box; margin: 0; padding: 0; }\r\n\r\n  .evo-dark {\r\n    font-family: 'Barlow', sans-serif;\r\n    display: grid;\r\n    grid-template-columns: repeat(4, 1fr);\r\n    gap: 20px;\r\n  }\r\n\r\n  .ed-card {\r\n    background: #111416;\r\n    border: 1px solid rgba(255,255,255,0.07);\r\n    border-radius: 16px;\r\n    padding: 32px 28px 28px;\r\n    display: flex;\r\n    flex-direction: column;\r\n    position: relative;\r\n    overflow: hidden;\r\n    transition: transform 0.3s ease, box-shadow 0.3s ease, border-color 0.3s ease;\r\n    box-shadow: 0 4px 20px rgba(0,0,0,0.2);\r\n    cursor: default;\r\n  }\r\n\r\n  .ed-card:hover {\r\n    transform: translateY(-5px);\r\n    box-shadow: 0 20px 48px rgba(0,0,0,0.35);\r\n    border-color: rgba(244,124,32,0.3);\r\n  }\r\n\r\n  \/* Top bar *\/\r\n  .ed-card__bar {\r\n    position: absolute;\r\n    top: 0; left: 0; right: 0;\r\n    height: 3px;\r\n    background: linear-gradient(90deg, #f47c20, #ffad5e);\r\n    transform: scaleX(0);\r\n    transform-origin: left;\r\n    transition: transform 0.4s cubic-bezier(0.4,0,0.2,1);\r\n  }\r\n\r\n  .ed-card:hover .ed-card__bar { transform: scaleX(1); }\r\n\r\n  \/* Glow *\/\r\n  .ed-card__glow {\r\n    position: absolute;\r\n    top: -60px; right: -60px;\r\n    width: 180px; height: 180px;\r\n    border-radius: 50%;\r\n    background: radial-gradient(circle, rgba(244,124,32,0.1) 0%, transparent 70%);\r\n    pointer-events: none;\r\n    transition: opacity 0.3s ease;\r\n    opacity: 0;\r\n  }\r\n\r\n  .ed-card:hover .ed-card__glow { opacity: 1; }\r\n\r\n  \/* Icon *\/\r\n  .ed-card__icon {\r\n    width: 52px;\r\n    height: 52px;\r\n    border-radius: 12px;\r\n    background: rgba(244,124,32,0.1);\r\n    display: flex;\r\n    align-items: center;\r\n    justify-content: center;\r\n    margin-bottom: 24px;\r\n    transition: background 0.3s ease, transform 0.3s ease;\r\n  }\r\n\r\n  .ed-card:hover .ed-card__icon {\r\n    background: rgba(244,124,32,0.2);\r\n    transform: scale(1.08);\r\n  }\r\n\r\n  .ed-card__icon i { font-size: 20px; color: #f47c20; }\r\n\r\n  \/* Title *\/\r\n  .ed-card__title {\r\n    font-size: 16px;\r\n    font-weight: 800;\r\n    color: #ffffff;\r\n    line-height: 1.25;\r\n    letter-spacing: -0.01em;\r\n    margin-bottom: 12px;\r\n  }\r\n\r\n  \/* Desc *\/\r\n  .ed-card__desc {\r\n    font-size: 13.5px;\r\n    font-weight: 400;\r\n    color: rgba(255,255,255,0.45);\r\n    line-height: 1.7;\r\n  }\r\n\r\n  \/* Watermark number *\/\r\n  .ed-card__num {\r\n    position: absolute;\r\n    bottom: -10px; right: 14px;\r\n    font-size: 64px;\r\n    font-weight: 800;\r\n    color: rgba(255,255,255,0.03);\r\n    line-height: 1;\r\n    pointer-events: none;\r\n    letter-spacing: -0.04em;\r\n    transition: color 0.3s ease;\r\n  }\r\n\r\n  .ed-card:hover .ed-card__num { color: rgba(244,124,32,0.08); }\r\n\r\n  @media (max-width: 900px) { .evo-dark { grid-template-columns: repeat(2, 1fr); } }\r\n  @media (max-width: 500px)  { .evo-dark { grid-template-columns: 1fr; } }\r\n<\/style>\r\n\r\n<div class=\"evo-dark\">\r\n\r\n  <div class=\"ed-card\">\r\n    <div class=\"ed-card__bar\"><\/div>\r\n    <div class=\"ed-card__glow\"><\/div>\r\n    <div class=\"ed-card__icon\"><i class=\"fa-solid fa-microchip\"><\/i><\/div>\r\n    <h3 class=\"ed-card__title\">Tecnologia pr\u00f3pria<\/h3>\r\n    <p class=\"ed-card__desc\">Desenvolvemos nossas pr\u00f3prias solu\u00e7\u00f5es, o que garante mais controle sobre a tecnologia, evolu\u00e7\u00e3o constante e melhor adapta\u00e7\u00e3o \u00e0s necessidades do transporte pesado.<\/p>\r\n    <span class=\"ed-card__num\">01<\/span>\r\n  <\/div>\r\n\r\n  <div class=\"ed-card\">\r\n    <div class=\"ed-card__bar\"><\/div>\r\n    <div class=\"ed-card__glow\"><\/div>\r\n    <div class=\"ed-card__icon\"><i class=\"fa-solid fa-shield-halved\"><\/i><\/div>\r\n    <h3 class=\"ed-card__title\">Foco em preven\u00e7\u00e3o<\/h3>\r\n    <p class=\"ed-card__desc\">Nossas solu\u00e7\u00f5es n\u00e3o atuam apenas depois do problema. Trabalhamos para antecipar riscos e evitar situa\u00e7\u00f5es cr\u00edticas, aumentando a seguran\u00e7a da opera\u00e7\u00e3o.<\/p>\r\n    <span class=\"ed-card__num\">02<\/span>\r\n  <\/div>\r\n\r\n  <div class=\"ed-card\">\r\n    <div class=\"ed-card__bar\"><\/div>\r\n    <div class=\"ed-card__glow\"><\/div>\r\n    <div class=\"ed-card__icon\"><i class=\"fa-solid fa-satellite-dish\"><\/i><\/div>\r\n    <h3 class=\"ed-card__title\">Monitoramento inteligente<\/h3>\r\n    <p class=\"ed-card__desc\">Informa\u00e7\u00f5es em tempo real e alertas estrat\u00e9gicos permitem uma atua\u00e7\u00e3o r\u00e1pida e decis\u00f5es mais seguras no dia a dia.<\/p>\r\n    <span class=\"ed-card__num\">03<\/span>\r\n  <\/div>\r\n\r\n  <div class=\"ed-card\">\r\n    <div class=\"ed-card__bar\"><\/div>\r\n    <div class=\"ed-card__glow\"><\/div>\r\n    <div class=\"ed-card__icon\"><i class=\"fa-solid fa-link\"><\/i><\/div>\r\n    <h3 class=\"ed-card__title\">Solu\u00e7\u00f5es integradas<\/h3>\r\n    <p class=\"ed-card__desc\">Nossos sistemas se conectam entre si, criando uma opera\u00e7\u00e3o mais completa, eficiente e f\u00e1cil de gerenciar.<\/p>\r\n    <span class=\"ed-card__num\">04<\/span>\r\n  <\/div>\r\n\r\n<\/div>\t\t\t\t<\/div>\n\t\t\t\t<\/div>\n\t\t\t\t\t<\/div>\n\t\t\t\t<\/div>\n\t\t<div class=\"elementor-element elementor-element-644e078 e-flex e-con-boxed wpr-particle-no wpr-jarallax-no wpr-parallax-no wpr-sticky-section-no e-con e-parent\" data-id=\"644e078\" data-element_type=\"container\" data-e-type=\"container\" data-settings=\"{&quot;background_background&quot;:&quot;classic&quot;}\">\n\t\t\t\t\t<div class=\"e-con-inner\">\n\t\t<div class=\"elementor-element elementor-element-f09efbc e-con-full e-flex wpr-particle-no wpr-jarallax-no wpr-parallax-no wpr-sticky-section-no e-con e-child\" data-id=\"f09efbc\" data-element_type=\"container\" data-e-type=\"container\">\n\t\t\t\t<div class=\"elementor-element elementor-element-11ebd05 elementor-widget elementor-widget-heading\" data-id=\"11ebd05\" data-element_type=\"widget\" data-e-type=\"widget\" data-widget_type=\"heading.default\">\n\t\t\t\t\t<h2 class=\"elementor-heading-title elementor-size-default\">EVOLU\u00c7\u00c3O EM SEGURAN\u00c7A<\/h2>\t\t\t\t<\/div>\n\t\t\t\t<div class=\"elementor-element elementor-element-ab5d4d3 elementor-invisible elementor-widget elementor-widget-heading\" data-id=\"ab5d4d3\" data-element_type=\"widget\" data-e-type=\"widget\" data-settings=\"{&quot;_animation&quot;:&quot;fadeInLeft&quot;}\" data-widget_type=\"heading.default\">\n\t\t\t\t\t<h2 class=\"elementor-heading-title elementor-size-default\">Por que a Evo Solution vai al\u00e9m do rastreamento comum<\/h2>\t\t\t\t<\/div>\n\t\t\t\t<\/div>\n\t\t<div class=\"elementor-element elementor-element-dc1129c e-con-full e-flex wpr-particle-no wpr-jarallax-no wpr-parallax-no wpr-sticky-section-no e-con e-child\" data-id=\"dc1129c\" data-element_type=\"container\" data-e-type=\"container\">\n\t\t\t\t<div class=\"elementor-element elementor-element-e216245 elementor-widget elementor-widget-html\" data-id=\"e216245\" data-element_type=\"widget\" data-e-type=\"widget\" data-widget_type=\"html.default\">\n\t\t\t\t\t<link rel=\"stylesheet\" href=\"https:\/\/cdnjs.cloudflare.com\/ajax\/libs\/font-awesome\/6.5.0\/css\/all.min.css\">\r\n<link href=\"https:\/\/fonts.googleapis.com\/css2?family=Barlow:wght@400;600;700;800&display=swap\" rel=\"stylesheet\">\r\n\r\n<style>\r\n  .evo-cmp * { box-sizing: border-box; margin: 0; padding: 0; }\r\n\r\n  .evo-cmp {\r\n    font-family: 'Barlow', sans-serif;\r\n    display: grid;\r\n    grid-template-columns: 1fr 1fr;\r\n    gap: 20px;\r\n    align-items: start;\r\n  }\r\n\r\n  \/* \u2500\u2500 Base card \u2500\u2500 *\/\r\n  .cmp-card {\r\n    border-radius: 18px;\r\n    padding: 36px 32px;\r\n    display: flex;\r\n    flex-direction: column;\r\n    gap: 24px;\r\n  }\r\n\r\n  \/* \u2500\u2500 Traditional \u2014 muted \u2500\u2500 *\/\r\n  .cmp-card--bad {\r\n    background: #f7f8fa;\r\n    border: 1px solid #e4e6ea;\r\n  }\r\n\r\n  \/* \u2500\u2500 Evo \u2014 dark \u2500\u2500 *\/\r\n  .cmp-card--good {\r\n    background: #111416;\r\n    border: 1px solid rgba(244,124,32,0.25);\r\n    position: relative;\r\n    overflow: hidden;\r\n    box-shadow: 0 8px 40px rgba(0,0,0,0.2);\r\n  }\r\n\r\n  .cmp-card--good::before {\r\n    content: '';\r\n    position: absolute;\r\n    top: -80px; right: -80px;\r\n    width: 260px; height: 260px;\r\n    border-radius: 50%;\r\n    background: radial-gradient(circle, rgba(244,124,32,0.12) 0%, transparent 65%);\r\n    pointer-events: none;\r\n  }\r\n\r\n  \/* \u2500\u2500 Header \u2500\u2500 *\/\r\n  .cmp-header {\r\n    display: flex;\r\n    align-items: center;\r\n    gap: 14px;\r\n  }\r\n\r\n  .cmp-badge {\r\n    width: 38px;\r\n    height: 38px;\r\n    border-radius: 10px;\r\n    display: flex;\r\n    align-items: center;\r\n    justify-content: center;\r\n    flex-shrink: 0;\r\n    font-size: 16px;\r\n  }\r\n\r\n  .cmp-card--bad  .cmp-badge { background: #eceef1; color: #9aa0ac; }\r\n  .cmp-card--good .cmp-badge { background: rgba(244,124,32,0.15); color: #f47c20; }\r\n\r\n  .cmp-title {\r\n    font-size: 17px;\r\n    font-weight: 800;\r\n    letter-spacing: -0.01em;\r\n    line-height: 1.2;\r\n  }\r\n\r\n  .cmp-card--bad  .cmp-title { color: #7a828f; }\r\n  .cmp-card--good .cmp-title { color: #ffffff; }\r\n\r\n  \/* \u2500\u2500 Divider \u2500\u2500 *\/\r\n  .cmp-rule {\r\n    height: 1px;\r\n    border: none;\r\n  }\r\n\r\n  .cmp-card--bad  .cmp-rule { background: #e4e6ea; }\r\n  .cmp-card--good .cmp-rule { background: rgba(255,255,255,0.08); }\r\n\r\n  \/* \u2500\u2500 List \u2500\u2500 *\/\r\n  .cmp-list {\r\n    display: flex;\r\n    flex-direction: column;\r\n    gap: 14px;\r\n    list-style: none;\r\n    position: relative;\r\n    z-index: 1;\r\n  }\r\n\r\n  .cmp-item {\r\n    display: flex;\r\n    align-items: center;\r\n    gap: 13px;\r\n    font-size: 14.5px;\r\n    font-weight: 600;\r\n    line-height: 1.3;\r\n  }\r\n\r\n  .cmp-card--bad  .cmp-item { color: #9aa0ac; }\r\n  .cmp-card--good .cmp-item { color: rgba(255,255,255,0.85); }\r\n\r\n  .cmp-dot {\r\n    width: 26px;\r\n    height: 26px;\r\n    border-radius: 50%;\r\n    display: flex;\r\n    align-items: center;\r\n    justify-content: center;\r\n    flex-shrink: 0;\r\n    font-size: 11px;\r\n  }\r\n\r\n  .cmp-card--bad  .cmp-dot { background: #eceef1; color: #c0c5ce; }\r\n  .cmp-card--good .cmp-dot { background: rgba(244,124,32,0.15); color: #f47c20; }\r\n\r\n  @media (max-width: 640px) {\r\n    .evo-cmp { grid-template-columns: 1fr; }\r\n  }\r\n<\/style>\r\n\r\n<div class=\"evo-cmp\">\r\n\r\n  <!-- Tradicional -->\r\n  <div class=\"cmp-card cmp-card--bad\">\r\n    <div class=\"cmp-header\">\r\n      <div class=\"cmp-badge\"><i class=\"fa-solid fa-xmark\"><\/i><\/div>\r\n      <h3 class=\"cmp-title\">Rastreamento tradicional<\/h3>\r\n    <\/div>\r\n    <hr class=\"cmp-rule\">\r\n    <ul class=\"cmp-list\">\r\n      <li class=\"cmp-item\">\r\n        <span class=\"cmp-dot\"><i class=\"fa-solid fa-xmark\"><\/i><\/span>\r\n        Atua depois do problema\r\n      <\/li>\r\n      <li class=\"cmp-item\">\r\n        <span class=\"cmp-dot\"><i class=\"fa-solid fa-xmark\"><\/i><\/span>\r\n        Depend\u00eancia total de sinal\r\n      <\/li>\r\n      <li class=\"cmp-item\">\r\n        <span class=\"cmp-dot\"><i class=\"fa-solid fa-xmark\"><\/i><\/span>\r\n        Pouca intelig\u00eancia operacional\r\n      <\/li>\r\n      <li class=\"cmp-item\">\r\n        <span class=\"cmp-dot\"><i class=\"fa-solid fa-xmark\"><\/i><\/span>\r\n        Resposta limitada\r\n      <\/li>\r\n    <\/ul>\r\n  <\/div>\r\n\r\n  <!-- Evo Solution -->\r\n  <div class=\"cmp-card cmp-card--good\">\r\n    <div class=\"cmp-header\">\r\n      <div class=\"cmp-badge\"><i class=\"fa-solid fa-check\"><\/i><\/div>\r\n      <h3 class=\"cmp-title\">Evo Solution<\/h3>\r\n    <\/div>\r\n    <hr class=\"cmp-rule\">\r\n    <ul class=\"cmp-list\">\r\n      <li class=\"cmp-item\">\r\n        <span class=\"cmp-dot\"><i class=\"fa-solid fa-check\"><\/i><\/span>\r\n        Atua de forma preventiva\r\n      <\/li>\r\n      <li class=\"cmp-item\">\r\n        <span class=\"cmp-dot\"><i class=\"fa-solid fa-check\"><\/i><\/span>\r\n        Detecta interfer\u00eancias (ex: jammer)\r\n      <\/li>\r\n      <li class=\"cmp-item\">\r\n        <span class=\"cmp-dot\"><i class=\"fa-solid fa-check\"><\/i><\/span>\r\n        Informa\u00e7\u00f5es em tempo real\r\n      <\/li>\r\n      <li class=\"cmp-item\">\r\n        <span class=\"cmp-dot\"><i class=\"fa-solid fa-check\"><\/i><\/span>\r\n        Resposta r\u00e1pida e estrat\u00e9gica\r\n      <\/li>\r\n    <\/ul>\r\n  <\/div>\r\n\r\n<\/div>\t\t\t\t<\/div>\n\t\t\t\t<\/div>\n\t\t\t\t\t<\/div>\n\t\t\t\t<\/div>\n\t\t\t\t<\/div>\n\t\t","protected":false},"excerpt":{"rendered":"<p>DIFERENCIAIS Mais do que tecnologia: seguran\u00e7a inteligente para sua opera\u00e7\u00e3o A Evo Solution vai al\u00e9m do rastreamento tradicional. Desenvolvemos solu\u00e7\u00f5es pr\u00f3prias com foco em preven\u00e7\u00e3o, controle e resposta r\u00e1pida, ajudando nossos clientes a operarem com mais seguran\u00e7a e efici\u00eancia no dia a dia. Falar com um especialista O que torna a Evo Solution diferente no mercado Nossos diferenciais est\u00e3o diretamente ligados \u00e0 tecnologia, \u00e0 forma de atua\u00e7\u00e3o e ao entendimento real da opera\u00e7\u00e3o de transporte. Tecnologia pr\u00f3pria Desenvolvemos nossas pr\u00f3prias solu\u00e7\u00f5es, o que garante mais controle sobre a tecnologia, evolu\u00e7\u00e3o constante e melhor adapta\u00e7\u00e3o \u00e0s necessidades do transporte pesado. 01 Foco em preven\u00e7\u00e3o Nossas solu\u00e7\u00f5es n\u00e3o atuam apenas depois do problema. Trabalhamos para antecipar riscos e evitar situa\u00e7\u00f5es cr\u00edticas, aumentando a seguran\u00e7a da opera\u00e7\u00e3o. 02 Monitoramento inteligente Informa\u00e7\u00f5es em tempo real e alertas estrat\u00e9gicos permitem uma atua\u00e7\u00e3o r\u00e1pida e decis\u00f5es mais seguras no dia a dia. 03 Solu\u00e7\u00f5es integradas Nossos sistemas se conectam entre si, criando uma opera\u00e7\u00e3o mais completa, eficiente e f\u00e1cil de gerenciar. 04 EVOLU\u00c7\u00c3O EM SEGURAN\u00c7A Por que a Evo Solution vai al\u00e9m do rastreamento comum Rastreamento tradicional Atua depois do problema Depend\u00eancia total de sinal Pouca intelig\u00eancia operacional Resposta limitada Evo Solution Atua de forma preventiva Detecta interfer\u00eancias (ex: jammer) Informa\u00e7\u00f5es em tempo real Resposta r\u00e1pida e estrat\u00e9gica<\/p>\n","protected":false},"author":1,"featured_media":0,"parent":0,"menu_order":0,"comment_status":"closed","ping_status":"closed","template":"elementor_header_footer","meta":{"footnotes":""},"class_list":["post-204","page","type-page","status-publish","hentry"],"_links":{"self":[{"href":"https:\/\/sitexis.com.br\/evosolution\/wp-json\/wp\/v2\/pages\/204","targetHints":{"allow":["GET"]}}],"collection":[{"href":"https:\/\/sitexis.com.br\/evosolution\/wp-json\/wp\/v2\/pages"}],"about":[{"href":"https:\/\/sitexis.com.br\/evosolution\/wp-json\/wp\/v2\/types\/page"}],"author":[{"embeddable":true,"href":"https:\/\/sitexis.com.br\/evosolution\/wp-json\/wp\/v2\/users\/1"}],"replies":[{"embeddable":true,"href":"https:\/\/sitexis.com.br\/evosolution\/wp-json\/wp\/v2\/comments?post=204"}],"version-history":[{"count":10,"href":"https:\/\/sitexis.com.br\/evosolution\/wp-json\/wp\/v2\/pages\/204\/revisions"}],"predecessor-version":[{"id":223,"href":"https:\/\/sitexis.com.br\/evosolution\/wp-json\/wp\/v2\/pages\/204\/revisions\/223"}],"wp:attachment":[{"href":"https:\/\/sitexis.com.br\/evosolution\/wp-json\/wp\/v2\/media?parent=204"}],"curies":[{"name":"wp","href":"https:\/\/api.w.org\/{rel}","templated":true}]}}