{"id":465,"date":"2026-04-08T10:21:43","date_gmt":"2026-04-08T13:21:43","guid":{"rendered":"https:\/\/sitexis.com.br\/infinity2\/?page_id=465"},"modified":"2026-04-10T08:44:41","modified_gmt":"2026-04-10T11:44:41","slug":"fale-conosco","status":"publish","type":"page","link":"https:\/\/sitexis.com.br\/infinity2\/fale-conosco\/","title":{"rendered":"Fale Conosco"},"content":{"rendered":"\t\t<div data-elementor-type=\"wp-page\" data-elementor-id=\"465\" class=\"elementor elementor-465\" data-elementor-post-type=\"page\">\n\t\t\t\t<div class=\"elementor-element elementor-element-7718607 e-flex e-con-boxed e-con e-parent\" data-id=\"7718607\" data-element_type=\"container\" data-e-type=\"container\" data-settings=\"{&quot;background_background&quot;:&quot;classic&quot;}\">\n\t\t\t\t\t<div class=\"e-con-inner\">\n\t\t<div class=\"elementor-element elementor-element-1f572b9 e-con-full e-flex e-con e-child\" data-id=\"1f572b9\" data-element_type=\"container\" data-e-type=\"container\">\n\t\t\t\t<div class=\"elementor-element elementor-element-f538cad elementor-invisible elementor-widget elementor-widget-heading\" data-id=\"f538cad\" data-element_type=\"widget\" data-e-type=\"widget\" data-settings=\"{&quot;_animation&quot;:&quot;fadeInLeft&quot;}\" data-widget_type=\"heading.default\">\n\t\t\t\t\t<h1 class=\"elementor-heading-title elementor-size-default\">Entre em <span class=\"destaque\">Contato<\/span><\/h1>\t\t\t\t<\/div>\n\t\t\t\t<\/div>\n\t\t\t\t\t<\/div>\n\t\t\t\t<\/div>\n\t\t<div class=\"elementor-element elementor-element-f3e5849 e-flex e-con-boxed e-con e-parent\" data-id=\"f3e5849\" data-element_type=\"container\" data-e-type=\"container\" data-settings=\"{&quot;background_background&quot;:&quot;classic&quot;}\">\n\t\t\t\t\t<div class=\"e-con-inner\">\n\t\t\t\t<div class=\"elementor-element elementor-element-24807f7 elementor-widget elementor-widget-html\" data-id=\"24807f7\" data-element_type=\"widget\" data-e-type=\"widget\" data-widget_type=\"html.default\">\n\t\t\t\t\t<style>\r\n  \/* ==========================================================================\r\n     FALE CONOSCO INFINITY - UNIQUE SCOPED CSS\r\n     ========================================================================== *\/\r\n\r\n  @import url('https:\/\/fonts.googleapis.com\/css2?family=Roboto:wght@400;500;700;800&display=swap');\r\n\r\n  \/* Base & Reset e Vari\u00e1veis isoladas na se\u00e7\u00e3o *\/\r\n  .ifb-ctt-section {\r\n    --ifb-ctt-primary: #E79917 !important; \r\n    --ifb-ctt-dark: #15181E !important; \r\n    --ifb-ctt-cardbg: #ffffff !important;\r\n    --ifb-ctt-muted: #666666 !important;\r\n\r\n    background-color: #fafafa !important; \r\n    color: var(--ifb-ctt-dark) !important;\r\n    font-family: 'Roboto', system-ui, -apple-system, sans-serif !important;\r\n    padding: 60px 20px !important;\r\n    display: flex !important;\r\n    flex-direction: column !important;\r\n    align-items: center !important;\r\n    box-sizing: border-box !important;\r\n    width: 100% !important;\r\n  }\r\n\r\n  .ifb-ctt-section * {\r\n    box-sizing: border-box !important;\r\n    margin: 0 !important;\r\n    padding: 0 !important;\r\n  }\r\n\r\n  \/* Cabe\u00e7alho *\/\r\n  .ifb-ctt-header {\r\n    text-align: center !important;\r\n    margin-bottom: 50px !important;\r\n    max-width: 800px !important;\r\n  }\r\n\r\n  .ifb-ctt-header h2 {\r\n    font-size: 32px !important;\r\n    font-weight: 800 !important;\r\n    color: var(--ifb-ctt-dark) !important;\r\n    margin-bottom: 15px !important;\r\n    letter-spacing: -0.5px !important;\r\n  }\r\n\r\n  .ifb-ctt-header h2 .ifb-ctt-highlight {\r\n    color: var(--ifb-ctt-primary) !important;\r\n  }\r\n\r\n  .ifb-ctt-header p {\r\n    color: var(--ifb-ctt-muted) !important;\r\n    font-size: 16px !important;\r\n    font-weight: 400 !important;\r\n    line-height: 1.5 !important;\r\n  }\r\n\r\n  \/* Container Principal *\/\r\n  .ifb-ctt-wrapper {\r\n    display: flex !important;\r\n    gap: 30px !important;\r\n    width: 100% !important;\r\n    max-width: 1100px !important;\r\n    margin-bottom: 30px !important;\r\n  }\r\n\r\n  \/* Coluna da Esquerda *\/\r\n  .ifb-ctt-info-col {\r\n    flex: 1 !important;\r\n    display: flex !important;\r\n    flex-direction: column !important;\r\n    gap: 20px !important;\r\n  }\r\n\r\n  \/* Cards de Informa\u00e7\u00e3o *\/\r\n  .ifb-ctt-card {\r\n    background-color: var(--ifb-ctt-cardbg) !important;\r\n    border: 1px solid #e5e7eb !important;\r\n    box-shadow: 0 8px 24px rgba(21, 24, 30, 0.06) !important;\r\n    border-radius: 16px !important;\r\n    padding: 30px 25px !important;\r\n    display: flex !important;\r\n    flex-direction: column !important;\r\n    align-items: flex-start !important;\r\n    text-align: left !important;\r\n  }\r\n\r\n  .ifb-ctt-icon {\r\n    width: 50px !important;\r\n    height: 50px !important;\r\n    border-radius: 50%;\r\n    border: 2px solid var(--ifb-ctt-primary) !important;\r\n    display: flex !important;\r\n    align-items: center !important;\r\n    justify-content: center !important;\r\n    margin-bottom: 15px !important;\r\n    background-color: rgba(231, 153, 23, 0.05) !important;\r\n  }\r\n\r\n  .ifb-ctt-icon svg {\r\n    width: 24px !important;\r\n    height: 24px !important;\r\n    fill: none !important;\r\n    stroke: var(--ifb-ctt-primary) !important;\r\n    stroke-width: 2 !important;\r\n    stroke-linecap: round !important;\r\n    stroke-linejoin: round !important;\r\n  }\r\n\r\n  .ifb-ctt-card h3 {\r\n    font-size: 20px !important;\r\n    font-weight: 700 !important;\r\n    color: var(--ifb-ctt-dark) !important;\r\n    margin-bottom: 8px !important;\r\n  }\r\n\r\n  .ifb-ctt-card p {\r\n    font-size: 14px !important;\r\n    color: var(--ifb-ctt-muted) !important;\r\n    margin-bottom: 15px !important;\r\n    line-height: 1.5 !important;\r\n  }\r\n\r\n  .ifb-ctt-detail {\r\n    font-size: 16px !important;\r\n    font-weight: 700 !important;\r\n    color: var(--ifb-ctt-dark) !important;\r\n    margin-bottom: 5px !important;\r\n  }\r\n\r\n  .ifb-ctt-subdetail {\r\n    font-size: 13px !important;\r\n    color: var(--ifb-ctt-muted) !important;\r\n  }\r\n\r\n  \/* Coluna da Direita (Formul\u00e1rio) *\/\r\n  .ifb-ctt-form-col {\r\n    flex: 1.5 !important;\r\n    background-color: var(--ifb-ctt-cardbg) !important;\r\n    border: 1px solid #e5e7eb !important;\r\n    box-shadow: 0 8px 24px rgba(21, 24, 30, 0.06) !important;\r\n    border-radius: 16px !important;\r\n    padding: 40px !important;\r\n  }\r\n\r\n  .ifb-ctt-form-col h3 {\r\n    font-size: 22px !important;\r\n    font-weight: 700 !important;\r\n    color: var(--ifb-ctt-dark) !important;\r\n    margin-bottom: 25px !important;\r\n  }\r\n\r\n  .ifb-ctt-form-group {\r\n    margin-bottom: 20px !important;\r\n  }\r\n\r\n  .ifb-ctt-form-group label {\r\n    display: block !important;\r\n    font-size: 14px !important;\r\n    font-weight: 500 !important;\r\n    color: var(--ifb-ctt-dark) !important;\r\n    margin-bottom: 8px !important;\r\n  }\r\n\r\n  .ifb-ctt-input {\r\n    width: 100% !important;\r\n    padding: 12px 15px !important;\r\n    font-size: 14px !important;\r\n    font-family: 'Roboto', sans-serif !important;\r\n    border: 1px solid #d1d5db !important;\r\n    border-radius: 8px !important;\r\n    background-color: #f9fafb !important;\r\n    color: var(--ifb-ctt-dark) !important;\r\n    transition: border-color 0.3s ease !important;\r\n  }\r\n\r\n  .ifb-ctt-input:focus {\r\n    outline: none !important;\r\n    border-color: var(--ifb-ctt-primary) !important;\r\n    background-color: #ffffff !important;\r\n  }\r\n\r\n  textarea.ifb-ctt-input {\r\n    resize: vertical !important;\r\n    min-height: 120px !important;\r\n  }\r\n\r\n  \/* Bot\u00f5es *\/\r\n  .ifb-ctt-btn-wrap {\r\n    position: relative !important;\r\n    display: inline-block !important;\r\n    width: 100% !important;\r\n    margin-top: 10px !important;\r\n  }\r\n\r\n  .ifb-ctt-btn {\r\n    position: relative !important;\r\n    margin: 0 !important;\r\n    padding: 15px 35px !important;\r\n    width: 100% !important;\r\n    outline: none !important;\r\n    text-decoration: none !important;\r\n    display: flex !important;\r\n    justify-content: center !important;\r\n    align-items: center !important;\r\n    cursor: pointer !important;\r\n    text-transform: uppercase !important;\r\n    \r\n    background-color: var(--ifb-ctt-dark) !important;\r\n    border: 1px solid var(--ifb-ctt-dark) !important;\r\n    border-radius: 10px !important;\r\n    color: #fff !important;\r\n    \r\n    font-weight: 400 !important;\r\n    font-family: 'Roboto', sans-serif !important;\r\n    z-index: 0 !important;\r\n    overflow: hidden !important;\r\n    transition: all 0.3s cubic-bezier(0.02, 0.01, 0.47, 1) !important;\r\n    box-shadow: 0 4px 15px rgba(21, 24, 30, 0.2) !important;\r\n  }\r\n\r\n  .ifb-ctt-btn span {\r\n    color: #fff !important;\r\n    font-size: 14px !important;\r\n    font-weight: 700 !important;\r\n    letter-spacing: 0.7px !important;\r\n    z-index: 20 !important;\r\n  }\r\n\r\n  .ifb-ctt-btn:hover {\r\n    animation: ifb-ctt-rotate 0.7s ease-in-out both !important;\r\n    background-color: #0d0f12 !important;\r\n    box-shadow: 0 6px 20px rgba(21, 24, 30, 0.3) !important;\r\n  }\r\n\r\n  .ifb-ctt-btn:after {\r\n    background: var(--ifb-ctt-primary) !important; \r\n    content: \"\" !important;\r\n    height: 155px !important;\r\n    left: -75px !important;\r\n    opacity: 0.8 !important;\r\n    position: absolute !important;\r\n    top: -50px !important;\r\n    transform: rotate(35deg) !important;\r\n    transition: all 550ms cubic-bezier(0.19, 1, 0.22, 1) !important;\r\n    width: 50px !important;\r\n    z-index: -10 !important;\r\n  }\r\n\r\n  .ifb-ctt-btn:hover:after {\r\n    left: 120% !important;\r\n  }\r\n\r\n  \/* Varia\u00e7\u00e3o Verde para o WhatsApp *\/\r\n  .ifb-ctt-btn-wpp {\r\n    background-color: #25D366 !important;\r\n    border-color: #25D366 !important;\r\n    box-shadow: 0 4px 15px rgba(37, 211, 102, 0.3) !important;\r\n  }\r\n  .ifb-ctt-btn-wpp:hover {\r\n    background-color: #128C7E !important;\r\n    box-shadow: 0 6px 20px rgba(37, 211, 102, 0.4) !important;\r\n  }\r\n  .ifb-ctt-btn-wpp:after {\r\n    background: #ffffff !important;\r\n    opacity: 0.4 !important;\r\n  }\r\n\r\n  @keyframes ifb-ctt-rotate {\r\n    0% { transform: rotate(0deg); }\r\n    25% { transform: rotate(3deg); }\r\n    50% { transform: rotate(-3deg); }\r\n    75% { transform: rotate(1deg); }\r\n    100% { transform: rotate(0deg); }\r\n  }\r\n\r\n  \/* Dica Footer *\/\r\n  .ifb-ctt-tip {\r\n    font-size: 14px !important;\r\n    color: var(--ifb-ctt-muted) !important;\r\n    display: flex !important;\r\n    align-items: center !important;\r\n    gap: 6px !important;\r\n  }\r\n\r\n  .ifb-ctt-tip-icon {\r\n    font-size: 16px !important;\r\n  }\r\n\r\n  .ifb-ctt-tip-bold {\r\n    color: var(--ifb-ctt-dark) !important;\r\n    font-weight: 700 !important;\r\n  }\r\n\r\n  \/* Responsividade *\/\r\n  @media (max-width: 900px) {\r\n    .ifb-ctt-wrapper {\r\n      flex-direction: column !important;\r\n    }\r\n  }\r\n<\/style>\r\n\r\n<div class=\"ifb-ctt-section\">\r\n  \r\n  <div class=\"ifb-ctt-header\">\r\n    <h2>Fale com a <span class=\"ifb-ctt-highlight\">Infinity Bon\u00e9s<\/span><\/h2>\r\n    <p>Seja para tirar d\u00favidas sobre a personaliza\u00e7\u00e3o, solicitar um or\u00e7amento ou acompanhar o seu pedido, nossa equipe de especialistas est\u00e1 \u00e0 disposi\u00e7\u00e3o para garantir que o seu bon\u00e9 fique perfeito.<\/p>\r\n  <\/div>\r\n\r\n  <div class=\"ifb-ctt-wrapper\">\r\n    \r\n    <div class=\"ifb-ctt-info-col\">\r\n      \r\n      <div class=\"ifb-ctt-card\">\r\n        <div class=\"ifb-ctt-icon\" style=\"border-color: #25D366 !important; background-color: rgba(37, 211, 102, 0.05) !important;\">\r\n          <svg style=\"stroke: #25D366 !important;\" viewBox=\"0 0 24 24\">\r\n            <path d=\"M22 16.92v3a2 2 0 0 1-2.18 2 19.79 19.79 0 0 1-8.63-3.07 19.5 19.5 0 0 1-6-6 19.79 19.79 0 0 1-3.07-8.67A2 2 0 0 1 4.11 2h3a2 2 0 0 1 2 1.72 12.84 12.84 0 0 0 .7 2.81 2 2 0 0 1-.45 2.11L8.09 9.91a16 16 0 0 0 6 6l1.27-1.27a2 2 0 0 1 2.11-.45 12.84 12.84 0 0 0 2.81.7A2 2 0 0 1 22 16.92z\"><\/path>\r\n          <\/svg>\r\n        <\/div>\r\n        <h3>Atendimento R\u00e1pido<\/h3>\r\n        <p>Quer agilidade? Fale diretamente com nossos consultores. \u00c9 o canal ideal para enviar a sua logomarca ou fechar o seu pedido.<\/p>\r\n        <div class=\"ifb-ctt-detail\">(XX) XXXXX-XXXX<\/div>\r\n        <div class=\"ifb-ctt-subdetail\">Resposta em at\u00e9 15 minutos.<\/div>\r\n        \r\n        <div class=\"ifb-ctt-btn-wrap\" style=\"margin-top: 20px !important;\">\r\n          <a href=\"#\" class=\"ifb-ctt-btn ifb-ctt-btn-wpp\">\r\n            <span>Falar no WhatsApp<\/span>\r\n          <\/a>\r\n        <\/div>\r\n      <\/div>\r\n\r\n      <div class=\"ifb-ctt-card\">\r\n        <div class=\"ifb-ctt-icon\">\r\n          <svg viewBox=\"0 0 24 24\">\r\n            <path d=\"M4 4h16c1.1 0 2 .9 2 2v12c0 1.1-.9 2-2 2H4c-1.1 0-2-.9-2-2V6c0-1.1.9-2 2-2z\"><\/path>\r\n            <polyline points=\"22,6 12,13 2,6\"><\/polyline>\r\n          <\/svg>\r\n        <\/div>\r\n        <h3>Outros Assuntos<\/h3>\r\n        <p>Para parcerias, fornecedores ou envio de arquivos muito pesados, sinta-se \u00e0 vontade para nos enviar um e-mail.<\/p>\r\n        <div class=\"ifb-ctt-detail\">vendas@infinitybones.com.br<\/div>\r\n        <div class=\"ifb-ctt-subdetail\">Segunda a Sexta, das 08h \u00e0s 18h.<\/div>\r\n      <\/div>\r\n\r\n    <\/div>\r\n\r\n    <div class=\"ifb-ctt-form-col\">\r\n      <h3>Envie sua Mensagem<\/h3>\r\n      \r\n      <form action=\"#\" method=\"POST\">\r\n        \r\n        <div class=\"ifb-ctt-form-group\">\r\n          <label for=\"nome\">Nome Completo *<\/label>\r\n          <input type=\"text\" id=\"nome\" name=\"nome\" class=\"ifb-ctt-input\" placeholder=\"Digite seu nome\" required>\r\n        <\/div>\r\n\r\n        <div class=\"ifb-ctt-form-group\">\r\n          <label for=\"email\">E-mail *<\/label>\r\n          <input type=\"email\" id=\"email\" name=\"email\" class=\"ifb-ctt-input\" placeholder=\"seu@email.com\" required>\r\n        <\/div>\r\n\r\n        <div class=\"ifb-ctt-form-group\">\r\n          <label for=\"whatsapp\">Seu WhatsApp<\/label>\r\n          <input type=\"tel\" id=\"whatsapp\" name=\"whatsapp\" class=\"ifb-ctt-input\" placeholder=\"(00) 00000-0000\">\r\n        <\/div>\r\n\r\n        <div class=\"ifb-ctt-form-group\">\r\n          <label for=\"assunto\">Qual o motivo do contato?<\/label>\r\n          <select id=\"assunto\" name=\"assunto\" class=\"ifb-ctt-input\">\r\n            <option value=\"duvida\">D\u00favida sobre personaliza\u00e7\u00e3o<\/option>\r\n            <option value=\"orcamento\">Or\u00e7amento (Acima de 50 unidades)<\/option>\r\n            <option value=\"status\">Status do meu pedido<\/option>\r\n            <option value=\"outros\">Outros assuntos<\/option>\r\n          <\/select>\r\n        <\/div>\r\n\r\n        <div class=\"ifb-ctt-form-group\">\r\n          <label for=\"mensagem\">Sua Mensagem *<\/label>\r\n          <textarea id=\"mensagem\" name=\"mensagem\" class=\"ifb-ctt-input\" placeholder=\"Como podemos te ajudar?\" required><\/textarea>\r\n        <\/div>\r\n\r\n        <div class=\"ifb-ctt-btn-wrap\">\r\n          <button type=\"submit\" class=\"ifb-ctt-btn\">\r\n            <span>Enviar Mensagem<\/span>\r\n          <\/button>\r\n        <\/div>\r\n        \r\n      <\/form>\r\n    <\/div>\r\n\r\n  <\/div>\r\n\r\n  <div class=\"ifb-ctt-tip\">\r\n    <span class=\"ifb-ctt-tip-icon\">\ud83d\udccd<\/span> \r\n    <span class=\"ifb-ctt-tip-bold\">Nossa Ind\u00fastria:<\/span> Rua Exemplo, 123 - Bairro - Apucarana\/PR\r\n  <\/div>\r\n\r\n<\/div>\t\t\t\t<\/div>\n\t\t\t\t\t<\/div>\n\t\t\t\t<\/div>\n\t\t\t\t<\/div>\n\t\t","protected":false},"excerpt":{"rendered":"<p>Entre em Contato Fale com a Infinity Bon\u00e9s Seja para tirar d\u00favidas sobre a personaliza\u00e7\u00e3o, solicitar um or\u00e7amento ou acompanhar o seu pedido, nossa equipe de especialistas est\u00e1 \u00e0 disposi\u00e7\u00e3o para garantir que o seu bon\u00e9 fique perfeito. Atendimento R\u00e1pido Quer agilidade? Fale diretamente com nossos consultores. \u00c9 o canal ideal para enviar a sua [&hellip;]<\/p>\n","protected":false},"author":1,"featured_media":0,"parent":0,"menu_order":0,"comment_status":"closed","ping_status":"closed","template":"","meta":{"footnotes":""},"class_list":["post-465","page","type-page","status-publish","hentry"],"_links":{"self":[{"href":"https:\/\/sitexis.com.br\/infinity2\/wp-json\/wp\/v2\/pages\/465","targetHints":{"allow":["GET"]}}],"collection":[{"href":"https:\/\/sitexis.com.br\/infinity2\/wp-json\/wp\/v2\/pages"}],"about":[{"href":"https:\/\/sitexis.com.br\/infinity2\/wp-json\/wp\/v2\/types\/page"}],"author":[{"embeddable":true,"href":"https:\/\/sitexis.com.br\/infinity2\/wp-json\/wp\/v2\/users\/1"}],"replies":[{"embeddable":true,"href":"https:\/\/sitexis.com.br\/infinity2\/wp-json\/wp\/v2\/comments?post=465"}],"version-history":[{"count":28,"href":"https:\/\/sitexis.com.br\/infinity2\/wp-json\/wp\/v2\/pages\/465\/revisions"}],"predecessor-version":[{"id":733,"href":"https:\/\/sitexis.com.br\/infinity2\/wp-json\/wp\/v2\/pages\/465\/revisions\/733"}],"wp:attachment":[{"href":"https:\/\/sitexis.com.br\/infinity2\/wp-json\/wp\/v2\/media?parent=465"}],"curies":[{"name":"wp","href":"https:\/\/api.w.org\/{rel}","templated":true}]}}