{"id":16,"date":"2017-01-26T19:00:05","date_gmt":"2017-01-26T21:00:05","guid":{"rendered":"https:\/\/sitexis.com.br\/joaofiel\/?page_id=16"},"modified":"2019-12-14T01:50:01","modified_gmt":"2019-12-14T04:50:01","slug":"empresa","status":"publish","type":"page","link":"https:\/\/sitexis.com.br\/joaofiel\/empresa\/","title":{"rendered":"Empresa"},"content":{"rendered":"<div class=\"container\" style=\"font-weight: initial;\"><div class=\"row \">\n<div class=\"col-lg-10 col-md-10 col-xs-10 col-sm-10\">\n<h2>Esta\u00e7\u00e3o Fiel<\/h2>\n<p>A Esta\u00e7\u00e3o Fiel surgiu com um objetivo de prestar um servi\u00e7o diferenciado e personalizado na \u00e1rea do turismo. A Esta\u00e7\u00e3o Fiel n\u00e3o \u00e9 uma agencia de viagens tradicional, mas sim um servi\u00e7o de consultoria e organiza\u00e7\u00e3o de viagens, formada por pessoas com s\u00f3lida forma\u00e7\u00e3o acad\u00eamica em Turismo e Hotelaria, al\u00e9m da experi\u00eancia no mercado de trabalho a mais de 30 anos.<\/p>\n<p>Temos parceria com os melhores fornecedores e com empresas nacionais e internacionais nos 06 continentes: Oceania, \u00c1sia, \u00c1frica, Europa, Am\u00e9ricas e Ant\u00e1rtica. Oferecendo um servi\u00e7o de acordo com o perfil de cada cliente. Aos nossos clientes, ou a quem por eles forem indicados, prestaremos um atendimento diferenciado.<\/p>\n<p>Nossos or\u00e7amentos s\u00e3o feitos baseados ap\u00f3s um levantamento das melhores op\u00e7\u00f5es dispon\u00edveis no mercado, e caso seja necess\u00e1rio poderemos fazer uma visita ao escrit\u00f3rio ou resid\u00eancia, onde ofereceremos conforto, seguran\u00e7a e comodidade, sem quaisquer tarifas adicionais por esse servi\u00e7o e com isso visamos estabelecer rela\u00e7\u00f5es solidas duradouras com nossos clientes.<\/p>\n<p>A Esta\u00e7\u00e3o Fiel atende e presta servi\u00e7os para Viagens de neg\u00f3cios, Viagens individuais, Viajes a lazer, Reservas de Hot\u00e9is nacionais e internacionais, Alugueis de carros no Brasil e no exterior, Seguro Viagem, Passes de trens, Eventos, Cruzeiros mar\u00edtimos, Reservas de Grupos, Roteiros personalizados, Lua de Mel e etc. Oferecemos todo o suporte, antes, durante e depois da viagem, pois na Esta\u00e7\u00e3o Fiel o nosso trabalho somente termina quando o cliente completa a viagem. \u201cA VIDA \u00c9 UMA VIAGEM, FA\u00c7A COM QUE VALHA A PENA\u201d<\/p>\n<h2>Miss\u00e3o<\/h2>\n<p>Encantar o cliente e prosperar como empresa, pois o cliente \u00e9 quem viaja e portanto o cliente \u00e9 a raz\u00e3o de ser da Esta\u00e7\u00e3o Fiel, pois \u00e9 dele que recebemos for\u00e7a para seguir em frente e encantarmos e com isso fidelizarmos, que \u00e9 nosso maior objetivo.<\/p>\n<h2>Vis\u00e3o<\/h2>\n<p>Prestar o melhor servi\u00e7o de viagens para os nossos clientes e colaboradores em breve ser uma das empresas mais respeitadas do Pa\u00eds, e portanto ser um orgulho para nossos clientes.<\/div>\n<div class=\"col-lg-5 col-md-5 col-xs-5 col-sm-5\">\n<h2>Valores<\/h2>\n<p>\u2022Qualidade: Qualidade \u00e9 fazer bem a 1\u00aa vez, \u00e9 melhorar continuamente, \u00e9 encantar o cliente para fideliz\u00e1-lo.<\/p>\n<p>\u2022Gera\u00e7\u00e3o de valor: Gera\u00e7\u00e3o de valor \u00e9 agregar valor, percebido pelo cliente, a cada a\u00e7\u00e3o nossa.<\/p>\n<p>\u2022Respeito: Respeito \u00e9 tratar o Outro como n\u00f3s gostar\u00edamos de ser tratado, \u00e9 seguir as regras, \u00e9 cumprir o acordado<\/p>\n<p>\u2022Simplicidade: Simplicidade \u00e9 ter processos \u00e1geis, \u00e9 n\u00e3o criar dificuldades, \u00e9 remover obst\u00e1culos.Na realidade, n\u00e3o h\u00e1 limites definidos quando se trata de valores.<\/div>\n<div class=\"col-lg-5 col-md-5 col-xs-5 col-sm-5\">\n<h3>Servi\u00e7os<\/h3>\n<p>\u2022 Viagens nacionais e internacionais<br \/>\n\u2022 Viagens de neg\u00f3cios<br \/>\n\u2022 Viagens a lazer<br \/>\n\u2022 Viagens de incentivo<br \/>\n\u2022 Reserva e emiss\u00e3o de passagens a\u00e9reas nacionais e internacionais<br \/>\n\u2022 Reservas de hot\u00e9is no Brasil e no exterior<br \/>\n\u2022 Loca\u00e7\u00e3o de ve\u00edculos no Brasil e no exterior<br \/>\n\u2022 Passes e reservas de trens internacionai<br \/>\n\u2022 Seguro viagem<br \/>\n\u2022 Eventos<br \/>\n\u2022 Cruzeiros mar\u00edtimo<br \/>\n\u2022 Reservas de grupos<br \/>\n\u2022 Transfer in\/out, City tour, passeios opcionais<br \/>\n\u2022 Planejamento de roteiros personalizados<\/div>\n<\/div>\n<p style=\"text-align: center;\"><strong>&#8220;O Homem pode ter tudo, mas se n\u00e3o tiver palavra n\u00e3o tem nada&#8221;<\/strong><\/p>\n<\/div>\n","protected":false},"excerpt":{"rendered":"<p>&#8220;O Homem pode ter tudo, mas se n\u00e3o tiver palavra n\u00e3o tem nada&#8221;<\/p>\n","protected":false},"author":1,"featured_media":0,"parent":0,"menu_order":0,"comment_status":"closed","ping_status":"closed","template":"","meta":{"_monsterinsights_skip_tracking":false,"_monsterinsights_sitenote_active":false,"_monsterinsights_sitenote_note":"","_monsterinsights_sitenote_category":0,"footnotes":""},"class_list":["post-16","page","type-page","status-publish","hentry"],"_links":{"self":[{"href":"https:\/\/sitexis.com.br\/joaofiel\/wp-json\/wp\/v2\/pages\/16","targetHints":{"allow":["GET"]}}],"collection":[{"href":"https:\/\/sitexis.com.br\/joaofiel\/wp-json\/wp\/v2\/pages"}],"about":[{"href":"https:\/\/sitexis.com.br\/joaofiel\/wp-json\/wp\/v2\/types\/page"}],"author":[{"embeddable":true,"href":"https:\/\/sitexis.com.br\/joaofiel\/wp-json\/wp\/v2\/users\/1"}],"replies":[{"embeddable":true,"href":"https:\/\/sitexis.com.br\/joaofiel\/wp-json\/wp\/v2\/comments?post=16"}],"version-history":[{"count":9,"href":"https:\/\/sitexis.com.br\/joaofiel\/wp-json\/wp\/v2\/pages\/16\/revisions"}],"predecessor-version":[{"id":916,"href":"https:\/\/sitexis.com.br\/joaofiel\/wp-json\/wp\/v2\/pages\/16\/revisions\/916"}],"wp:attachment":[{"href":"https:\/\/sitexis.com.br\/joaofiel\/wp-json\/wp\/v2\/media?parent=16"}],"curies":[{"name":"wp","href":"https:\/\/api.w.org\/{rel}","templated":true}]}}