{"id":30,"date":"2017-01-26T19:02:15","date_gmt":"2017-01-26T21:02:15","guid":{"rendered":"https:\/\/sitexis.com.br\/joaofiel\/?page_id=30"},"modified":"2019-12-14T01:34:00","modified_gmt":"2019-12-14T04:34:00","slug":"locacao-de-veiculos","status":"publish","type":"page","link":"https:\/\/sitexis.com.br\/joaofiel\/locacao-de-veiculos\/","title":{"rendered":"Loca\u00e7\u00e3o de Ve\u00edculos"},"content":{"rendered":"<p><iframe loading=\"lazy\" src=\"https:\/\/www.agentcars.com\/subsite\/pt\/site\/form-iframe?agency=estacao-fiel-viagens&amp;form=2\" width=\"555\" height=\"462\">Your browser does not support iframes<\/iframe><\/p>\n","protected":false},"excerpt":{"rendered":"<p>Your browser does not support iframes<\/p>\n","protected":false},"author":1,"featured_media":0,"parent":0,"menu_order":0,"comment_status":"closed","ping_status":"closed","template":"","meta":{"_monsterinsights_skip_tracking":false,"_monsterinsights_sitenote_active":false,"_monsterinsights_sitenote_note":"","_monsterinsights_sitenote_category":0,"footnotes":""},"class_list":["post-30","page","type-page","status-publish","hentry"],"_links":{"self":[{"href":"https:\/\/sitexis.com.br\/joaofiel\/wp-json\/wp\/v2\/pages\/30","targetHints":{"allow":["GET"]}}],"collection":[{"href":"https:\/\/sitexis.com.br\/joaofiel\/wp-json\/wp\/v2\/pages"}],"about":[{"href":"https:\/\/sitexis.com.br\/joaofiel\/wp-json\/wp\/v2\/types\/page"}],"author":[{"embeddable":true,"href":"https:\/\/sitexis.com.br\/joaofiel\/wp-json\/wp\/v2\/users\/1"}],"replies":[{"embeddable":true,"href":"https:\/\/sitexis.com.br\/joaofiel\/wp-json\/wp\/v2\/comments?post=30"}],"version-history":[{"count":5,"href":"https:\/\/sitexis.com.br\/joaofiel\/wp-json\/wp\/v2\/pages\/30\/revisions"}],"predecessor-version":[{"id":914,"href":"https:\/\/sitexis.com.br\/joaofiel\/wp-json\/wp\/v2\/pages\/30\/revisions\/914"}],"wp:attachment":[{"href":"https:\/\/sitexis.com.br\/joaofiel\/wp-json\/wp\/v2\/media?parent=30"}],"curies":[{"name":"wp","href":"https:\/\/api.w.org\/{rel}","templated":true}]}}