{"id":44,"date":"2017-01-26T19:05:49","date_gmt":"2017-01-26T21:05:49","guid":{"rendered":"https:\/\/sitexis.com.br\/joaofiel\/?page_id=44"},"modified":"2017-04-20T13:12:12","modified_gmt":"2017-04-20T16:12:12","slug":"passaporte","status":"publish","type":"page","link":"https:\/\/sitexis.com.br\/joaofiel\/passaporte\/","title":{"rendered":"Passaporte"},"content":{"rendered":"<p>O passaporte \u00e9 um documento imprescind\u00edvel quando se trata de viagens internacionais. Observe sempre a validade de seu passaporte: ela deve ser no m\u00ednimo at\u00e9 a data de seu retorno ao Brasil. Caso v\u00e1 para algum pa\u00eds que exija visto (ex: Estados Unidos, Austr\u00e1lia etc), o m\u00ednimo necess\u00e1rio s\u00e3o 3 meses.<\/p>\n<ul>\n<li><a href=\"https:\/\/servicos.dpf.gov.br\/sinpa\/home.do\" target=\"_blank\">Como tirar o passaporte<\/a><\/li>\n<li><a href=\"http:\/\/cgparis.itamaraty.gov.br\/pt-br\/casos_de_furto,_roubo,_perda,_destruicao,_dano_ou_extravio_do_passaporte_anterior.xml\" target=\"_blank\">O que fazer em caso de perda e\/ou roubo<\/a><\/li>\n<li><a onclick=\"openPage('passaportes\/informacoes-sobre-deportacao');\">Informa\u00e7\u00f5es importantes sobre deporta\u00e7\u00e3o de passageiros<\/a><\/li>\n<li><a onclick=\"openPage('passaportes\/retencao-de-passaportes');\">Reten\u00e7\u00e3o de passaporte antigo com visto vencido<\/a><\/li>\n<li><a href=\"http:\/\/www2.anac.gov.br\/dicasanac\/pdf\/novo\/anac_panfleto_bagagem.pdf\" target=\"_blank\">Informativo sobre bagagens<\/a><br \/>\n","protected":false},"excerpt":{"rendered":"<p>O passaporte \u00e9 um documento imprescind\u00edvel quando se trata de viagens internacionais. Observe sempre a validade de seu passaporte: ela deve ser no m\u00ednimo at\u00e9 a data de seu retorno ao Brasil. Caso v\u00e1 para algum pa\u00eds que exija visto (ex: Estados Unidos, Austr\u00e1lia etc), o m\u00ednimo necess\u00e1rio s\u00e3o 3 &hellip;<\/p>\n","protected":false},"author":1,"featured_media":0,"parent":0,"menu_order":0,"comment_status":"closed","ping_status":"closed","template":"","meta":{"_monsterinsights_skip_tracking":false,"_monsterinsights_sitenote_active":false,"_monsterinsights_sitenote_note":"","_monsterinsights_sitenote_category":0,"footnotes":""},"class_list":["post-44","page","type-page","status-publish","hentry"],"_links":{"self":[{"href":"https:\/\/sitexis.com.br\/joaofiel\/wp-json\/wp\/v2\/pages\/44","targetHints":{"allow":["GET"]}}],"collection":[{"href":"https:\/\/sitexis.com.br\/joaofiel\/wp-json\/wp\/v2\/pages"}],"about":[{"href":"https:\/\/sitexis.com.br\/joaofiel\/wp-json\/wp\/v2\/types\/page"}],"author":[{"embeddable":true,"href":"https:\/\/sitexis.com.br\/joaofiel\/wp-json\/wp\/v2\/users\/1"}],"replies":[{"embeddable":true,"href":"https:\/\/sitexis.com.br\/joaofiel\/wp-json\/wp\/v2\/comments?post=44"}],"version-history":[{"count":4,"href":"https:\/\/sitexis.com.br\/joaofiel\/wp-json\/wp\/v2\/pages\/44\/revisions"}],"predecessor-version":[{"id":651,"href":"https:\/\/sitexis.com.br\/joaofiel\/wp-json\/wp\/v2\/pages\/44\/revisions\/651"}],"wp:attachment":[{"href":"https:\/\/sitexis.com.br\/joaofiel\/wp-json\/wp\/v2\/media?parent=44"}],"curies":[{"name":"wp","href":"https:\/\/api.w.org\/{rel}","templated":true}]}}