{"id":46,"date":"2017-01-26T19:05:58","date_gmt":"2017-01-26T21:05:58","guid":{"rendered":"https:\/\/sitexis.com.br\/joaofiel\/?page_id=46"},"modified":"2017-04-20T13:26:05","modified_gmt":"2017-04-20T16:26:05","slug":"visto","status":"publish","type":"page","link":"https:\/\/sitexis.com.br\/joaofiel\/visto\/","title":{"rendered":"Visto"},"content":{"rendered":"<div class=\"container\">\n<div class=\"row \">\n<div class=\"col-lg-12 col-md-12 col-xs-12 col-sm-12\">\n<h2>Visto<\/h2>\n<p>Alguns pa\u00edses s\u00e3o mais exigentes quanto a vistos e voc\u00ea deve se adequar a eles antes de viajar. Veja abaixo as exig\u00eancias espec\u00edficas de cada pa\u00eds. Caso queira consultar informa\u00e7\u00f5es sobre embaixadas no Brasil e no exterior, clique abaixo.<\/p>\n<p><a href=\"http:\/\/www.itamaraty.gov.br\/pt-BR\/sem-categoria\/5700-lista-do-corpo-diplomatico\">&#8211; Embaixada no Brasil<\/a><br \/>\n<a href=\"http:\/\/www.brasil.gov.br\/\">&#8211; Portal do Governo Brasileiro<\/a><br \/>\n<a href=\"http:\/\/www.itamaraty.gov.br\/\">&#8211; Minist\u00e9rio de Rela\u00e7\u00f5es Exterior<\/a><\/p>\n<p>Para checar a necessidade de vistos para estrangeiros, para entrar em qualquer outro pa\u00eds do mundo, clique aqui. Selecione o pais a ser visitado. em seguida a Nacionalidade do visitante, e o local onde mora. O resultado contempla necessidade de visto de Turismo, Negocios, e Vistos Oficiais. Boletim online:<\/p>\n<p>  <a href=\"https:\/\/ais.usvisa-info.com\/pt-BR\/niv\" target=\"_blank\">Informa\u00e7\u00f5es para solicitantes do Visto de N\u00e3o-Imigrante para os E.U.A<\/a><\/p>\n<\/div>\n<\/div>\n<\/div>\n","protected":false},"excerpt":{"rendered":"","protected":false},"author":1,"featured_media":0,"parent":0,"menu_order":0,"comment_status":"closed","ping_status":"closed","template":"","meta":{"_monsterinsights_skip_tracking":false,"_monsterinsights_sitenote_active":false,"_monsterinsights_sitenote_note":"","_monsterinsights_sitenote_category":0,"footnotes":""},"class_list":["post-46","page","type-page","status-publish","hentry"],"_links":{"self":[{"href":"https:\/\/sitexis.com.br\/joaofiel\/wp-json\/wp\/v2\/pages\/46","targetHints":{"allow":["GET"]}}],"collection":[{"href":"https:\/\/sitexis.com.br\/joaofiel\/wp-json\/wp\/v2\/pages"}],"about":[{"href":"https:\/\/sitexis.com.br\/joaofiel\/wp-json\/wp\/v2\/types\/page"}],"author":[{"embeddable":true,"href":"https:\/\/sitexis.com.br\/joaofiel\/wp-json\/wp\/v2\/users\/1"}],"replies":[{"embeddable":true,"href":"https:\/\/sitexis.com.br\/joaofiel\/wp-json\/wp\/v2\/comments?post=46"}],"version-history":[{"count":4,"href":"https:\/\/sitexis.com.br\/joaofiel\/wp-json\/wp\/v2\/pages\/46\/revisions"}],"predecessor-version":[{"id":653,"href":"https:\/\/sitexis.com.br\/joaofiel\/wp-json\/wp\/v2\/pages\/46\/revisions\/653"}],"wp:attachment":[{"href":"https:\/\/sitexis.com.br\/joaofiel\/wp-json\/wp\/v2\/media?parent=46"}],"curies":[{"name":"wp","href":"https:\/\/api.w.org\/{rel}","templated":true}]}}