{"id":48,"date":"2017-01-26T19:06:10","date_gmt":"2017-01-26T21:06:10","guid":{"rendered":"https:\/\/sitexis.com.br\/joaofiel\/?page_id=48"},"modified":"2017-01-27T11:44:50","modified_gmt":"2017-01-27T13:44:50","slug":"visto-americano","status":"publish","type":"page","link":"https:\/\/sitexis.com.br\/joaofiel\/visto-americano\/","title":{"rendered":"Visto Americano"},"content":{"rendered":"<div class=\"container\"><div class=\"row \">\n<div class=\"col-lg-12 col-md-12 col-xs-12 col-sm-12\">\n<h2><b>Visto Americano<\/b><\/h2>\n<p>Logo Abaixo voc\u00ea encontrar\u00e1 o link que ser\u00e1 direcionado para a embaixada dos Estados Unidos no Brasil.<\/p>\n<p><a href=\"https:\/\/br.usembassy.gov\/pt\/vistos\/\"><img loading=\"lazy\" decoding=\"async\" class=\"alignnone size-full wp-image-190\" src=\"https:\/\/sitexis.com.br\/joaofiel\/wp-content\/uploads\/2017\/01\/american.png\" alt=\"\" width=\"86\" height=\"86\" \/><\/a><br \/>\n<b>Embaixada e Consulado dos EUA no Brasil<\/b><\/div>\n<\/div>\n<\/div>\n","protected":false},"excerpt":{"rendered":"","protected":false},"author":1,"featured_media":0,"parent":0,"menu_order":0,"comment_status":"closed","ping_status":"closed","template":"","meta":{"_monsterinsights_skip_tracking":false,"_monsterinsights_sitenote_active":false,"_monsterinsights_sitenote_note":"","_monsterinsights_sitenote_category":0,"footnotes":""},"class_list":["post-48","page","type-page","status-publish","hentry"],"_links":{"self":[{"href":"https:\/\/sitexis.com.br\/joaofiel\/wp-json\/wp\/v2\/pages\/48","targetHints":{"allow":["GET"]}}],"collection":[{"href":"https:\/\/sitexis.com.br\/joaofiel\/wp-json\/wp\/v2\/pages"}],"about":[{"href":"https:\/\/sitexis.com.br\/joaofiel\/wp-json\/wp\/v2\/types\/page"}],"author":[{"embeddable":true,"href":"https:\/\/sitexis.com.br\/joaofiel\/wp-json\/wp\/v2\/users\/1"}],"replies":[{"embeddable":true,"href":"https:\/\/sitexis.com.br\/joaofiel\/wp-json\/wp\/v2\/comments?post=48"}],"version-history":[{"count":3,"href":"https:\/\/sitexis.com.br\/joaofiel\/wp-json\/wp\/v2\/pages\/48\/revisions"}],"predecessor-version":[{"id":192,"href":"https:\/\/sitexis.com.br\/joaofiel\/wp-json\/wp\/v2\/pages\/48\/revisions\/192"}],"wp:attachment":[{"href":"https:\/\/sitexis.com.br\/joaofiel\/wp-json\/wp\/v2\/media?parent=48"}],"curies":[{"name":"wp","href":"https:\/\/api.w.org\/{rel}","templated":true}]}}