{"id":50,"date":"2017-01-26T19:06:31","date_gmt":"2017-01-26T21:06:31","guid":{"rendered":"https:\/\/sitexis.com.br\/joaofiel\/?page_id=50"},"modified":"2017-01-27T11:47:19","modified_gmt":"2017-01-27T13:47:19","slug":"documento-embarque","status":"publish","type":"page","link":"https:\/\/sitexis.com.br\/joaofiel\/documento-embarque\/","title":{"rendered":"Documento p\/ Embarque"},"content":{"rendered":"<div class=\"container\"><div class=\"row \">\n<div class=\"col-lg-12 col-md-12 col-xs-12 col-sm-12\">\n<h2>Documento para Embarque<\/h2>\n<p>Documentos necess\u00e1rios: Para garantir a tranquilidade e conforto de sua viagem, lembre-se de organizar a documenta\u00e7\u00e3o necess\u00e1ria antes do embarque. Os documentos devem estar em boas condi\u00e7\u00f5es para que a identifica\u00e7\u00e3o por foto seja poss\u00edvel. No caso de viagens internacionais n\u00e3o s\u00e3o aceitas c\u00f3pias autenticadas, somente o documento original e dentro da validade.<\/p>\n<p>H\u00e1 orienta\u00e7\u00f5es espec\u00edficas para voos nacionais e internacionais. Leia as informa\u00e7\u00f5es com aten\u00e7\u00e3o e boa viagem!<br \/>\nVoos nacionais<\/p>\n<p>Tenha em m\u00e3os um dos documentos abaixo:<\/p>\n<p>&#8211; Carteira de Identidade;<br \/>\n&#8211; Passaporte Nacional;<br \/>\n&#8211; Carteira Nacional de Habilita\u00e7\u00e3o (modelo com fotografia);<br \/>\n&#8211; Carteiras Profissionais emitidas pelos Conselhos Nacionais (modelos com fotografia);<br \/>\n&#8211; Carteira de Trabalho.<\/p>\n<p>S\u00e3o aceitos cart\u00f5es de identidade expedidos pelo poder judici\u00e1rio ou legislativo, no n\u00edvel federal ou estadual, e tamb\u00e9m cart\u00f5es de identidade expedidos pelo minist\u00e9rio ou \u00f3rg\u00e3o subordinado \u00e0 Presid\u00eancia da Rep\u00fablica, incluindo o Minist\u00e9rio da Defesa e os Comandos da Aeron\u00e1utica, da Marinha e do Ex\u00e9rcito. Para os voos nacionais, todos estes documentos s\u00e3o aceitos independentemente de suas validades e podem ser apresentados em seu formato original ou c\u00f3pia autenticada.<\/p>\n<p><b>Aten\u00e7\u00e3o!<\/b><\/p>\n<p>Se o seu documento foi furtado, roubado ou extraviado voc\u00ea pode utilizar o Boletim de Ocorr\u00eancia (B.O.), desde que tenha sido emitido a menos de 60 (sessenta) dias.<\/p>\n<p>O protocolo de pedido da C\u00e9dula de Identidade de Estrangeiro (CIE) \u2013 RNE expedido pelo Departamento de Pol\u00edcia Federal pode ser aceito em substitui\u00e7\u00e3o ao documento original pelo per\u00edodo m\u00e1ximo de 180 (cento e oitenta) dias contados da data de sua expedi\u00e7\u00e3o.<\/p>\n<p><b>Voos internacionais<\/b><br \/>\nPara embarcar em alguns voos internacionais, \u00e9 necess\u00e1rio ter passaporte (se o destino for os Estados Unidos, por exemplo). Mas, se o pa\u00eds de destino \u00e9 membro do Mercosul ou tem acordo de viagem com o Brasil (Argentina, Paraguai, Uruguai, Chile, Venezuela e Bol\u00edvia), os documentos abaixo tamb\u00e9m podem ser utilizados:<\/p>\n<p><b>&#8211; Carteira de Identidade (RG)<\/b><br \/>\n<b>&#8211; Aten\u00e7\u00e3o: o documento deve ter menos de dez anos de emiss\u00e3o<\/b>.<br \/>\n<b>&#8211; Registro de Identidade Civil (RIC)<\/b><br \/>\n<b>&#8211; C\u00e9dula de Identidade de Estrangeiro expedida pela Pol\u00edcia Federal (RNE)<\/b><\/p>\n<p><img decoding=\"async\" class=\"img-responsive\" src=\"http:\/\/buscacarioca.com.br\/temporario\/estacaofiel\/img\/row1.png\" \/><\/p>\n<p><b>Pa\u00eds de Emiss\u00e3o | Documentos Aceitos<\/b><\/p>\n<ul>\n<li>Argentina | &#8211; Documento Nacional de Identidade &#8211; Passaporte<\/li>\n<li>Brasil | &#8211; Registro de identidade Civil(RIC) &#8211; C\u00e9dula de Identidade expedida pela Secretaria de Seguran\u00e7a P\u00fablica de uma das Unidades da Federa\u00e7\u00e3o com validade nacional &#8211; C\u00e9dula de Identidade de Estrangeiro expedida pela Pol\u00edcia Federal (RNE) &#8211; Passaporte<\/li>\n<li>Paraguai | &#8211; C\u00e9dula de Identidade &#8211; Passaporte<\/li>\n<li>Uruguai | &#8211; C\u00e9dula deldentidade &#8211; Passaporte<\/li>\n<li>Bol\u00edvia | &#8211; C\u00e9dula de identidade &#8211; Passaporte &#8211; C\u00e9dula de Extranjeros<\/li>\n<li>Chile | &#8211; C\u00e9dula de Identidade &#8211; Passaporte<\/li>\n<li>Venezuela | &#8211; C\u00e9dula de Identidade &#8211; Passaporte<\/li>\n<\/ul>\n<p><img decoding=\"async\" class=\"img-responsive\" src=\"http:\/\/buscacarioca.com.br\/temporario\/estacaofiel\/img\/row1.png\" \/><\/p>\n<p>Para os voos internacionais, todos estes documentos devem ser apresentados em suas vias originais e devem estar dentro do prazo da validade.<\/p>\n<p><b>Aten\u00e7\u00e3o!<\/b><\/p>\n<p>Alguns pa\u00edses que t\u00eam o passaporte como documento obrigat\u00f3rio para estrangeiros exigem tamb\u00e9m visto de entrada para viajantes brasileiros.<br \/>\nSe voc\u00ea vai visitar algum dos pa\u00edses abaixo, informe-se para saber se h\u00e1 necessidade de visto de entrada no pa\u00eds:<\/p>\n<p><b>Pa\u00eds de Destino | Passaporte v\u00e1lido | Exig\u00eancia de visto | Bilhete de retorno ou sa\u00edda<\/b><\/p>\n<ul>\n<li><b>Aruba<\/b> | Por todo o per\u00edodo de perman\u00eancia. | Visto requerido, exceto para uma estadia m\u00e1xima de 30 dias. | Exigido<\/li>\n<li><b>Barbados<\/b> | Por todo o per\u00edodo de peman\u00eancia | Visto requerido, exceto para uma estadia m\u00e1xima de 6 meses | Recomendado<\/li>\n<li><b>Cura\u00e7ao<\/b> | Por todo o per\u00edodo de perman\u00eancia | Visto requerido, exceto para uma estadia m\u00e1xima de 3 meses. | Recomendado<\/li>\n<li><b>Panam\u00e1<\/b> | POr no m\u00ednimo 3 meses ap\u00f3s a data de chegada ao pa\u00eds. | Visto requerido, exceto para uma estadia m\u00e1xima de 180 dias para viagens a turismo. | Recomendado<\/li>\n<li><b>Rep\u00fablica Dominicana<\/b> | Na data de Chegada ao pa\u00eds. | Visto requerido, exceto para brasileiros que podem oter uma Cart\u00e3o de Turista na chegada para uma estadia m\u00e1xima de 30 dias. Este Cart\u00e3o de turista tem uma taxa* de 10 d\u00f3lares americanos. | Recomendado<\/li>\n<li><b>Estados Unidos<\/b> | Com vencimento em at\u00e9 6 meses da data da viagem | Visto requerido | Exigido comprovar que tem bilhete de retorno, que seja de outra companhia.<\/li>\n<\/ul>\n<p><img decoding=\"async\" class=\"img-responsive\" src=\"http:\/\/buscacarioca.com.br\/temporario\/estacaofiel\/img\/row1.png\" \/><\/p>\n<h2>Aten\u00e7\u00e3o!<\/h2>\n<h3>Os documentos abaixo, originais ou quaisquer c\u00f3pias, n\u00e3o s\u00e3o aceitos para embarques internacionais:<\/h3>\n<p>&#8211; Carteira Nacional de Habilita\u00e7\u00e3o (CNH)<br \/>\n&#8211; Carteiras de identidade expedidas pelo Minist\u00e9rio da Defesa, comandos da Marinha, Aeron\u00e1utica e Ex\u00e9rcito<br \/>\n&#8211; Carteira de Trabalho<br \/>\n&#8211; Carteira de Identidade emitida por Conselho ou Federa\u00e7\u00e3o de categoria profissional(Ex: Carteira de Ordem dos Advogados do Brasil)<br \/>\n&#8211; Licen\u00e7as emitidas pela ANAC<br \/>\n&#8211; Boletins de ocorr\u00eancia (B.O) &#8211; Certid\u00f5es de Nascimento<\/div>\n<\/div>\n<\/p><\/div>\n","protected":false},"excerpt":{"rendered":"","protected":false},"author":1,"featured_media":0,"parent":0,"menu_order":0,"comment_status":"closed","ping_status":"closed","template":"","meta":{"_monsterinsights_skip_tracking":false,"_monsterinsights_sitenote_active":false,"_monsterinsights_sitenote_note":"","_monsterinsights_sitenote_category":0,"footnotes":""},"class_list":["post-50","page","type-page","status-publish","hentry"],"_links":{"self":[{"href":"https:\/\/sitexis.com.br\/joaofiel\/wp-json\/wp\/v2\/pages\/50","targetHints":{"allow":["GET"]}}],"collection":[{"href":"https:\/\/sitexis.com.br\/joaofiel\/wp-json\/wp\/v2\/pages"}],"about":[{"href":"https:\/\/sitexis.com.br\/joaofiel\/wp-json\/wp\/v2\/types\/page"}],"author":[{"embeddable":true,"href":"https:\/\/sitexis.com.br\/joaofiel\/wp-json\/wp\/v2\/users\/1"}],"replies":[{"embeddable":true,"href":"https:\/\/sitexis.com.br\/joaofiel\/wp-json\/wp\/v2\/comments?post=50"}],"version-history":[{"count":2,"href":"https:\/\/sitexis.com.br\/joaofiel\/wp-json\/wp\/v2\/pages\/50\/revisions"}],"predecessor-version":[{"id":193,"href":"https:\/\/sitexis.com.br\/joaofiel\/wp-json\/wp\/v2\/pages\/50\/revisions\/193"}],"wp:attachment":[{"href":"https:\/\/sitexis.com.br\/joaofiel\/wp-json\/wp\/v2\/media?parent=50"}],"curies":[{"name":"wp","href":"https:\/\/api.w.org\/{rel}","templated":true}]}}