{"id":52,"date":"2017-01-26T19:06:40","date_gmt":"2017-01-26T21:06:40","guid":{"rendered":"https:\/\/sitexis.com.br\/joaofiel\/?page_id=52"},"modified":"2017-01-27T11:54:45","modified_gmt":"2017-01-27T13:54:45","slug":"vacinas","status":"publish","type":"page","link":"https:\/\/sitexis.com.br\/joaofiel\/vacinas\/","title":{"rendered":"Vacinas"},"content":{"rendered":"<div class=\"container\"><div class=\"row \">\n<div class=\"col-lg-12 col-md-12 col-xs-12 col-sm-12\">\n<div class=\" col-md-6\">\n<h2>Vacinas<\/h2>\n<p>A <b>Febre Amarela<\/b> (FA) \u00e9 uma doen\u00e7a muito grave e representa um risco importante \u00e0 sa\u00fade das pessoas. A estimativa da Organiza\u00e7\u00e3o Mundial da Sa\u00fade (OMS) \u00e9 de 200.000 casos e 30.000 \u00f3bitos anuais por essa doen\u00e7a. A transmiss\u00e3o ocorre quando uma pessoa \u00e9 picada por um mosquito (vetor)que esteja infectado pelo v\u00edrus da febre amarela.<\/p>\n<p>Muitas \u00e1reas nas Am\u00e9ricas, \u00c1frica e \u00c1sia s\u00e3o suscet\u00edveis \u00e0 introdu\u00e7\u00e3o e dissemina\u00e7\u00e3o da FA: a ocorr\u00eancia de dengue e chikunguya ( transmitidos pelo mesmo vetor) nessas regi\u00f5es, demonstra que existe o risco inclusive de febre amarela urbana. No Brasil, a forma urbana foi erradicada em 1942, mas existe o risco potencial de retorno em cidades onde existe o mosquito da dengue, reintroduzido no pa\u00eds na d\u00e9cada de 70, sendo tamb\u00e9m poss\u00edvel vetor do v\u00edrus da febre amarela.<\/p>\n<p>De acordo com estimativas do Centro de Controle e Preven\u00e7\u00e3o de Doen\u00e7as ( CDC) dos Estados Unidos, os riscos de doen\u00e7a e \u00f3bito por FA em viajantes n\u00e3o vacinados que permanecem em \u00e1reas end\u00eamicas por per\u00edodo de duas semanas s\u00e3o, respectivamente, de 50\/100.000 e 10\/100.000 na \u00c1frica, e 5\/100.000 e 1\/100.000 na Am\u00e9rica do sul, uma incid\u00eancia cerca de 10 vezes menor.<\/p>\n<\/div>\n<div class=\"col-md-12\">Esse \u00e9 um c\u00e1lculo grosseiro, podendo n\u00e3o refletir o risco real j\u00e1 que muitos fatores podem interferir, tais como: estado imunol\u00f3gico do viajante, \u00e9poca do ano e concentra\u00e7\u00e3o do vetor na regi\u00e3o, ado\u00e7\u00e3o pelo viajante de medidas preventivas para picadas de mosquitos, exposi\u00e7\u00e3o em ambientes externos dentre outros.<br \/>\nOs pa\u00edses end\u00eamicos e \u00e1reas de risco podem ser acessados em: <a href=\"http:\/\/wwwnc.cdc.gov\/travel\/yellowbook\/2010\/chapter-2\/yellow-fever.aspx.\">Centers for Disease Control and Prevention.<\/a><\/p>\n<p><img decoding=\"async\" class=\"img-responsive\" src=\"http:\/\/buscacarioca.com.br\/temporario\/estacaofiel\/img\/row1.png\" \/><\/p>\n<h2>Preven\u00e7\u00e3o<\/h2>\n<p>A vacina contra febre amarela \u00e9 a medida mais importante para preven\u00e7\u00e3o e controle da doen\u00e7a. Apresenta efic\u00e1cia acima de 95%, induzindo a forma\u00e7\u00e3o de anticorpos protetores ap\u00f3s sete a dez dias da aplica\u00e7\u00e3o. \u00c9 v\u00e1lida por 10 anos. Deve-se vacinar toda popula\u00e7\u00e3o( com idade igual ou superior a nove meses de vida) que reside ou viaja para \u00e1reas de risco da doen\u00e7a, dentro ou fora do Brasil. \u00c9 obrigat\u00f3rio tamb\u00e9m, a vacina\u00e7\u00e3o de viajantes com destino \u00e0 pa\u00edses que fazem exig\u00eancia do Certificado Internacional de Vacina\u00e7\u00e3o e Preven\u00e7\u00e3o (CIVP)<\/p>\n<p>Mapa de \u00e1reas com e sem recomenda\u00e7\u00e3o da vacina contra FA no Brasil pode ser acessado no site do Minist\u00e9rio da Sa\u00fade Clicando <a href=\"http:\/\/www.saude.gov.br\/\">aqui<\/a>. O documento v\u00e1lido internacionalmente como comprovante de vacina\u00e7\u00e3o contra febre amarela (CIVP) pode ser adquirido em centros de vacina\u00e7\u00e3o p\u00fablicos e privados, assim como na ANVISA, nos aeroportos. Consultar esses locais no site da ANVISA: <a href=\"http:\/\/www.anvisa.gov.br\/\">www.anvisa.gov.br<\/a><\/p>\n<p><b>Aten\u00e7\u00e3o \u00e0s normas da ANVISA para emiss\u00e3o do CIVP!<\/b><\/p>\n<h3>\u2022 Maior de idade ( \u2265 18 anos)<\/h3>\n<p>* CIVP ser\u00e1 emitido somente na presen\u00e7a do indiv\u00edduo vacinado e a assinatura obrigatoriamente deve ser feita pela pr\u00f3pria pessoa, portando documento original com foto ou xerox autenticada do mesmo<br \/>\n* N\u00e3o ser\u00e1 entregue o CIVP a portadores, conforme determina\u00e7\u00e3o da ANVISA.<\/p>\n<h3>\u2022 Menores de 18 anos<\/h3>\n<p>A emiss\u00e3o do CIVP poder\u00e1 ser feita sem a presen\u00e7a do menor de idade contanto que o respons\u00e1vel legal esteja presente portando:<\/p>\n<p><b>1<\/b>.Seu documento de identifica\u00e7\u00e3o, original ou xerox autenticado, com foto e em boas condi\u00e7\u00f5es .<br \/>\n<b>2<\/b>.Documento de identifica\u00e7\u00e3o do menor, original ou xerox autenticado, em boas condi\u00e7\u00f5es .<br \/>\n* Aconselha-se que a assinatura do CIVP seja igual \u00e0 do passaporte (evitando poss\u00edveis complica\u00e7\u00f5es no pa\u00eds de destino, principalmente Austr\u00e1lia! )<br \/>\n* N\u00e3o ser\u00e1 entregue o CIVP a portadores que n\u00e3o os respons\u00e1veis legais pelo menor, conforme determina\u00e7\u00e3o da ANVISA<br \/>\n<b>OBS1<\/b>&#8211; A vacina contra febre amarela pode ser feita gratuitamente nos postos p\u00fablicos ou em servi\u00e7os privados desde que sejam credenciados pela ANVISA para aplica\u00e7\u00e3o da vacina contra febre amarela. Verificar no site a listagem desses locais : www.anvisa.gov.br<\/p>\n<p><b>OBS2<\/b>&#8211; Existem situa\u00e7\u00f5es de precau\u00e7\u00e3o e contraindica\u00e7\u00e3o ao uso da vacina febre amarela. \u00c9 fundamental que a indica\u00e7\u00e3o da vacina\u00e7\u00e3o seja feita pelo m\u00e9dico respons\u00e1vel pelo viajante. As operadoras de turismo devem ter a obriga\u00e7\u00e3o de INFORMAR seus viajantes sobre destinos de risco para febre amarela, assim como informar sobre exig\u00eancias governamentais para entrada em alguns pa\u00edses que exigem o CIVP ao viajante brasileiro, por serem provenientes de pa\u00eds end\u00eamico<\/p>\n<p><u>Dra. M\u00f4nica Levi M\u00e9dica especializada em Medicina do Viajante<\/u><\/div>\n<\/div>\n<\/div><\/div>\n","protected":false},"excerpt":{"rendered":"","protected":false},"author":1,"featured_media":0,"parent":0,"menu_order":0,"comment_status":"closed","ping_status":"closed","template":"","meta":{"_monsterinsights_skip_tracking":false,"_monsterinsights_sitenote_active":false,"_monsterinsights_sitenote_note":"","_monsterinsights_sitenote_category":0,"footnotes":""},"class_list":["post-52","page","type-page","status-publish","hentry"],"_links":{"self":[{"href":"https:\/\/sitexis.com.br\/joaofiel\/wp-json\/wp\/v2\/pages\/52","targetHints":{"allow":["GET"]}}],"collection":[{"href":"https:\/\/sitexis.com.br\/joaofiel\/wp-json\/wp\/v2\/pages"}],"about":[{"href":"https:\/\/sitexis.com.br\/joaofiel\/wp-json\/wp\/v2\/types\/page"}],"author":[{"embeddable":true,"href":"https:\/\/sitexis.com.br\/joaofiel\/wp-json\/wp\/v2\/users\/1"}],"replies":[{"embeddable":true,"href":"https:\/\/sitexis.com.br\/joaofiel\/wp-json\/wp\/v2\/comments?post=52"}],"version-history":[{"count":2,"href":"https:\/\/sitexis.com.br\/joaofiel\/wp-json\/wp\/v2\/pages\/52\/revisions"}],"predecessor-version":[{"id":194,"href":"https:\/\/sitexis.com.br\/joaofiel\/wp-json\/wp\/v2\/pages\/52\/revisions\/194"}],"wp:attachment":[{"href":"https:\/\/sitexis.com.br\/joaofiel\/wp-json\/wp\/v2\/media?parent=52"}],"curies":[{"name":"wp","href":"https:\/\/api.w.org\/{rel}","templated":true}]}}