{"id":58,"date":"2017-01-26T19:07:41","date_gmt":"2017-01-26T21:07:41","guid":{"rendered":"https:\/\/sitexis.com.br\/joaofiel\/?page_id=58"},"modified":"2017-01-27T11:57:49","modified_gmt":"2017-01-27T13:57:49","slug":"transp-animais","status":"publish","type":"page","link":"https:\/\/sitexis.com.br\/joaofiel\/transp-animais\/","title":{"rendered":"Transp. Animais"},"content":{"rendered":"<div class=\"container\"><div class=\"row \">\n<div class=\"col-lg-12 col-md-12 col-xs-12 col-sm-12\">\n<h2>Transporte de animais<\/h2>\n<p>Existem muitas d\u00favidas quando se pensa em viajar de avi\u00e3o e levar junto um animal de estima\u00e7\u00e3o. Realmente haver\u00e1 um estresse natural, seja qual for a esp\u00e9cie, mas se essa for a \u00fanica op\u00e7\u00e3o, \u00e9 bom ter conhecimento de como funciona o transporte a\u00e9reo de animais. Existem regras internacionais para o transporte de animais vivos que garantem o bem-estar dos bichos. E cada pa\u00eds possui sua pr\u00f3pria regulamenta\u00e7\u00e3o para esse tipo de transporte.<\/p>\n<p>Por isso, \u00e9 necess\u00e1rio obter todos os dados sobre os documentos necess\u00e1rios junto ao Consulado do pa\u00eds de destino e a companhia a\u00e9rea, antes de pensar em levar o animal.<\/p>\n<p>Para embarcar, h\u00e1 dois caminhos: no &#8216;check in&#8217; da companhia a\u00e9rea, se o peso do c\u00e3o somado ao da caixa de transporte (container) n\u00e3o ultrapassar 15 quilos, ou pelo Terminal de Carga da empresa, se o peso estiver acima desse limite. Para animais despachados no &#8216;check in&#8217;, o propriet\u00e1rio pagar\u00e1 seu peso como excesso de bagagem. Aqueles despachados no Terminal de Cargas dever\u00e3o ser cobrados por peso ou cubagem. No valor a ser pago, est\u00e1 inclu\u00eddo um seguro.<\/p>\n<p>Os animais devem ser transportados em containers de fibra com tamanho suficiente para que possam efetuar o movimento de 360 graus em seu interior. Deve haver compartimento para \u00e1gua e comida e o piso deve estar forrado com material que absorva os dejetos. Existem v\u00e1rios modelos de caixas de transporte \u00e0 venda em pet shops. S\u00f3 \u00e9 permitido um animal (c\u00e3o ou gato) por caixa, dois se forem filhotes at\u00e9 45 dias de vida. Para outras esp\u00e9cies existe um n\u00famero limite tamb\u00e9m. Todos os animais ser\u00e3o transportados no por\u00e3o da aeronave, cuja temperatura \u00e9 de 22o.C. Embora essa seja a regra, algumas companhias a\u00e9reas podem permitir que o animal viaje com o passageiro ou na cabine do piloto (dentro da caixa de transporte). Tudo depender\u00e1 da pol\u00edtica da empresa.<\/p>\n<p>A necessidade de seda\u00e7\u00e3o deve ficar a crit\u00e9rio do veterin\u00e1rio que cuida do animal. Normalmente n\u00e3o \u00e9 necess\u00e1ria e a companhia a\u00e9rea n\u00e3o faz essa exig\u00eancia. Em viagens longas, com conex\u00e3o, os animais s\u00e3o alimentados antes de partir e na chegada, nunca durante o v\u00f4o, pois estar\u00e3o no compartimento de carga, onde n\u00e3o h\u00e1 acesso.<\/p>\n<p>Cada pa\u00eds possui uma legisla\u00e7\u00e3o espec\u00edfica que estabelece a documenta\u00e7\u00e3o necess\u00e1ria para o transporte de animais. Ela deve ser apresentada \u00e0 empresa transportadora, no ato do despacho do animal. No Brasil, de acordo com o Decreto no 24.548 de 03.07.34, \u00e9 obrigat\u00f3rio que o passageiro apresente, por ocasi\u00e3o do embarque, a seguinte documenta\u00e7\u00e3o:<\/p>\n<p><b>C\u00c3ES e GATOS:<\/b><\/p>\n<p>&#8211; Atestado de Sanidade expedido por M\u00e9dico Veterin\u00e1rio at\u00e9 03 (tr\u00eas) dias antes da data do embarque;<br \/>\n&#8211; Atestado de Vacina\u00e7\u00e3o anti-r\u00e1bica atualizado (at\u00e9 um ano antes da data de embarque) para animais com mais de 04 meses de idade;<\/p>\n<p><b>ANIMAIS SILVESTRES NACIONAIS<\/b><\/p>\n<p>&#8211; Autoriza\u00e7\u00e3o do IBAMA\/DF;<br \/>\n&#8211; Atestado de Sanidade expedido por M\u00e9dico Veterin\u00e1rio at\u00e9 03 (tr\u00eas) dias antes da data do embarque;<br \/>\n&#8211; Guia de Tr\u00e2nsito Animal (essa guia somente ser\u00e1 emitida por Posto de Vigil\u00e2ncia Agropecu\u00e1ria &#8211; PVA, quando da apresenta\u00e7\u00e3o dos documentos citados acima).<\/p>\n<p><b>ANIMAIS SILVESTRES ESTRANGEIROS (EX\u00d3TICOS)<\/b><\/p>\n<p>&#8211; Autoriza\u00e7\u00e3o do IBAMA\/DF;<br \/>\n&#8211; Guia de Tr\u00e2nsito Animal (essa guia somente ser\u00e1 emitida por Posto de Vigil\u00e2ncia Agropecu\u00e1ria &#8211; PVA, quando da apresenta\u00e7\u00e3o da autoriza\u00e7\u00e3o citada acima).<br \/>\nEmbora o propriet\u00e1rio do animal possa cuidar sozinho de todos os detalhes e documenta\u00e7\u00e3o para o transporte do seu animal, existem empresas especializadas em log\u00edstica que se encarregam desse servi\u00e7o, o que torna o processo bem mais f\u00e1cil.<\/p>\n<p>Agradecimentos: U.S.EXPRESS CARGO Empresa de log\u00edstica que transporta animais<\/div>\n<\/div><\/div>\n","protected":false},"excerpt":{"rendered":"","protected":false},"author":1,"featured_media":0,"parent":0,"menu_order":0,"comment_status":"closed","ping_status":"closed","template":"","meta":{"_monsterinsights_skip_tracking":false,"_monsterinsights_sitenote_active":false,"_monsterinsights_sitenote_note":"","_monsterinsights_sitenote_category":0,"footnotes":""},"class_list":["post-58","page","type-page","status-publish","hentry"],"_links":{"self":[{"href":"https:\/\/sitexis.com.br\/joaofiel\/wp-json\/wp\/v2\/pages\/58","targetHints":{"allow":["GET"]}}],"collection":[{"href":"https:\/\/sitexis.com.br\/joaofiel\/wp-json\/wp\/v2\/pages"}],"about":[{"href":"https:\/\/sitexis.com.br\/joaofiel\/wp-json\/wp\/v2\/types\/page"}],"author":[{"embeddable":true,"href":"https:\/\/sitexis.com.br\/joaofiel\/wp-json\/wp\/v2\/users\/1"}],"replies":[{"embeddable":true,"href":"https:\/\/sitexis.com.br\/joaofiel\/wp-json\/wp\/v2\/comments?post=58"}],"version-history":[{"count":3,"href":"https:\/\/sitexis.com.br\/joaofiel\/wp-json\/wp\/v2\/pages\/58\/revisions"}],"predecessor-version":[{"id":196,"href":"https:\/\/sitexis.com.br\/joaofiel\/wp-json\/wp\/v2\/pages\/58\/revisions\/196"}],"wp:attachment":[{"href":"https:\/\/sitexis.com.br\/joaofiel\/wp-json\/wp\/v2\/media?parent=58"}],"curies":[{"name":"wp","href":"https:\/\/api.w.org\/{rel}","templated":true}]}}