{"id":654,"date":"2017-04-20T13:45:36","date_gmt":"2017-04-20T16:45:36","guid":{"rendered":"https:\/\/sitexis.com.br\/joaofiel\/?page_id=654"},"modified":"2017-04-20T13:46:44","modified_gmt":"2017-04-20T16:46:44","slug":"check-list-documentacao","status":"publish","type":"page","link":"https:\/\/sitexis.com.br\/joaofiel\/check-list-documentacao\/","title":{"rendered":"Check List Documenta\u00e7\u00e3o"},"content":{"rendered":"<p><strong>&#8211; Dicas importantes de viagem que voc\u00ea n\u00e3o deve esquecer para viajar. <\/strong><\/p>\n<p align=\"center\"><img decoding=\"async\" src=\"http:\/\/www.intermundoturismo.com.br\/informacoes-uteis\/check-list-documentacao?ct=385375&#038;__fid__=userImage&#038;__url__=doc1.jpg\"><\/p>\n<p><strong>Um check list para voc\u00ea n\u00e3o esquecer nada<\/strong><br \/> \u00c9 sempre a mesma coisa. S\u00e3o meses organizando a viagem, planejando o roteiro, comprando moeda estrangeira, anotando dicas e programando passeios. \u00c0s v\u00e9speras do embarque, vai batendo aquela ansiedade e a vida parece virar de ponta-cabe\u00e7a com a confus\u00e3o de arrumar mala, separar documentos e passagens e verificar as \u00faltimas pend\u00eancias. A noite anterior costuma ser mal dormida, tamanho o frio na barriga. De partida para o aeroporto, a pergunta que sem d\u00favida bate na cabe\u00e7a de 99% das pessoas \u00e9: \u201cSer\u00e1 que eu n\u00e3o estou esquecendo nada?\u201d&nbsp;<\/p>\n<p>Antes de fechar a mala veja se tudo que voc\u00ea precisa est\u00e1 nela. Para evitar tais transtornos, montamos um check list de viagem para voc\u00ea imprimir e ticar cada item, garantindo o necess\u00e1rio para o sucesso da sua viagem.<\/p>\n<p>Comece a checagem pelos documentos.<\/p>\n<p>Use este check list para n\u00e3o se esquecer de nada antes de embarcar sempre na mala de m\u00e3o: <\/p>\n<p><strong><u>1- Documenta\u00e7\u00e3o: Passaporte, Visto e Vacinas<\/u><\/strong><br \/> 1.1) Passaporte V\u00e1lido Original. Tirar, averiguar a validade do passaporte ou renovar. <strong> <\/strong><\/p>\n<p>PASSAPORTE: documenta\u00e7\u00e3o para brasileiros: Passaporte v\u00e1lido para todos os pa\u00edses sendo desde o dia 19 de julho \u00e9 necess\u00e1rio que o passaporte do visitante tenha validade de <u>6 meses<\/u> posterior \u00e0 data do t\u00e9rmino declarado da viagem. <\/p>\n<p>O ideal mesmo, independentemente do destino, \u00e9&nbsp;nunca deixar o passaporte com menos de 6 meses de validade. Agende a renova\u00e7\u00e3o quando faltarem 7 meses para expirar.<\/p>\n<p>V\u00eddeo que saiu no Jornal Nacional&nbsp;&#8211; veja as NOVAS regras desde Junho de 2013:<\/p>\n<p><u><a href=\"http:\/\/globotv.globo.com\/rede-globo\/jornal-nacional\/v\/brasileiros-desconhecem-regras-e-sao-barrados-na-hora-de-embarcar-para-europa\/3130791\/\">http:\/\/globotv.globo.com\/rede-globo\/jornal-nacional\/v\/brasileiros-desconhecem-regras-e-sao-barrados-na-hora-de-embarcar-para-europa\/3130791\/<\/a><\/u><\/p>\n<p>Se tiver dupla cidadania, dever\u00e1 levar o passaporte brasileiro e o estrangeiro. <\/p>\n<p>1.2) Carteira de Identidade (RG): Carteira de identidade original (RG) emitida pela Pol\u00edcia Civil (SSP). \u00c9 importante destacar que a carteira de identidade (RG) deve estar em \u00f3timo estado de conserva\u00e7\u00e3o, na cor verde e com foto que identifique, com clareza, o portador. Sugerimos que o documento tenha menos de 10 anos de validade e estejam em bom estado de conserva\u00e7\u00e3o no entanto, a foto deve identificar nitidamente o portador do documento, sendo recente ou n\u00e3o. <\/p>\n<p>Carteiras de identidade funcionais, como a de Magistrados como OAB, CREA, CRM, Carteiras Militares, de motorista CNH, <em>muito menos Xerox mesmo que autenticadas<\/em> entre outras, <u>n\u00e3o<\/u> s\u00e3o v\u00e1lidas para viagens ao exterior e travessia de fronteiras.&nbsp;Por fim, tamb\u00e9m n\u00e3o ser\u00e1 aceita a Certid\u00e3o de Nascimento, ainda que o h\u00f3spede seja menor de idade. Ressaltamos que tais exig\u00eancias s\u00e3o das autoridades e que o eventual embarque do passageiro com a documenta\u00e7\u00e3o irregular implicar\u00e1 no risco de deten\u00e7\u00e3o naqueles pa\u00edses, deten\u00e7\u00e3o do cruzeiro, al\u00e9m de pesadas penalidades. &nbsp;S\u00f3 lembra eles que a identidade precisa estar em bom estado. Preferencialmente com expedi\u00e7\u00e3o ap\u00f3s 2005.<strong><\/strong><\/p>\n<p>Nota: Menores de idade viajando apenas com o novo passaporte (modelo azul), acompanhados ou n\u00e3o dos pais, tamb\u00e9m dever\u00e3o apresentar no check-in o RG ou certid\u00e3o de nascimento original. Isso \u00e9 necess\u00e1rio para comprovar a paternidade, pois o novo passaporte azul n\u00e3o registra a filia\u00e7\u00e3o do viajante.&nbsp;<\/p>\n<p>1.3) Carteira Internacional de Vacina\u00e7\u00e3o&nbsp; contra Febre Amarela: nem todos os pa\u00edses exigem mas \u00e9 sempre bom levar. N\u00e3o esquecer de levar o Certificado Internacional, a cia a\u00e9rea est\u00e1 solicitando aos passageiros. No Brasil a vacina \u00e9 gratuita e pode ser feita na rede do Sistema \u00danico de Sa\u00fade \u2013 SUS. Uma pessoa somente estar\u00e1 imunizada contra febre amarela, se vacinada no prazo m\u00ednimo de 10 dias antes da viagem, no caso de primeira vacina\u00e7\u00e3o.<\/p>\n<p>D\u00favidas e sugest\u00f5es \u2013 08006429782 (de 7h30 \u00e0s 19h30, de segunda a sexta-feira, exceto feriados) ou ANVISA BC (com telefone 47 3261 6200) ou ANVISA ITAJA\u00cd (com telefone 47 3390 0400) .<\/p>\n<p>N\u00e3o adianta ir sem preencher o cadastro no site: <a href=\"http:\/\/www.anvisa.gov.br\/viajante\/\">http:\/\/www.anvisa.gov.br\/viajante\/<\/a><\/p>\n<p>Link com informa\u00e7\u00f5es: <u><a href=\"http:\/\/portal.anvisa.gov.br\/wps\/content\/Anvisa+Portal\/Anvisa\/Cidadao\/Assunto+de+Interesse\/Certificado+Internacional+de+Vacinacao\">http:\/\/portal.anvisa.gov.br\/wps\/content\/Anvisa+Portal\/Anvisa\/Cidadao\/Assunto+de+Interesse\/Certificado+Internacional+de+Vacinacao<\/a><\/u><\/p>\n<p>1.4) Cart\u00e3o de vacinas nacionais com vacinas necess\u00e1rias como Vacina Sarampo ( Tr\u00edplice Viral \u2013 Sarampo, Caxumba e Rub\u00e9ola) e Vacina Poliomielite &nbsp;(ver site da Anvisa) <br \/> 1.5) Visto de entrada do pa\u00eds de destino: verifique a data de expira\u00e7\u00e3o. Verifique se o&nbsp; pa\u00eds de destino exige.&nbsp;\u00c9 bom verificar o quanto antes pois alguns pa\u00edses exigem que seja emitido com anteced\u00eancia. Obter os vistos, quando for necess\u00e1rio&nbsp;&nbsp;&nbsp;&nbsp;&nbsp; <br \/> 1.6) Passaporte e Vistos, que podem estar v\u00e1lidos no passaporte antigo.<br \/> 1.7) Documentos dos Filhos: leve certid\u00e3o de nascimento e identidade. Se estiver com menor de 18 anos e n\u00e3o for filho, leve a procura\u00e7\u00e3o ou autoriza\u00e7\u00e3o.<br \/> 1.8) Obter quando for o caso a Autoriza\u00e7\u00e3o para viajante menor desacompanhada de um ou dos dois pais para menores de 18 anos (com visto do Juizado da Inf\u00e2ncia e Juventude emitida com menos de 30 dias) dever\u00e1 ser em 03 vias de Autoriza\u00e7\u00e3o de Viagem Internacional para Menor Desacompanhado com firma reconhecida por autenticidade ou das assinaturas dos pais em cart\u00f3rio (\u00e9 necess\u00e1rio que os dois assinem). Cada uma das 03 vias dever\u00e1 ter anexado uma foto 3&#215;4; Caso seja menor de 18 anos.<br \/> Os passageiros devem, com anteced\u00eancia, se informar sobre a documenta\u00e7\u00e3o necess\u00e1ria atrav\u00e9s dos \u00f3rg\u00e3os respons\u00e1veis como: Infraero (<a href=\"http:\/\/www.infraero.gov.br\/\">www.infraero.gov.br<\/a>) com telefone 48 3331-4000; Policia Federal (<a href=\"http:\/\/www.dpf.gov.br\/\">www.dpf.gov.br<\/a>) com telefone 47 3249-6700 ou 48 3281-6500, Juizado da Inf\u00e2ncia e da Juventude com telefone 47 3261-1700.&nbsp;&nbsp; <br \/> 1.9) C\u00f3pias autenticada do Passaporte e Vistos (levar na&nbsp;mala despachada em lugar separado dos originais): P\u00e1gina Passaporte onde tem o n\u00famero e sua foto + Visto + CNH, PID, Certificado de Vacina\u00e7\u00e3o. Por exemplo, na mala despachada ou mala de m\u00e3o. Se vc perder o original, com a c\u00f3pia poder\u00e1 resolver mais r\u00e1pido na embaixada brasileira; H\u00e1 quem prefira andar com a c\u00f3pia e deixar o passaporte original no cofre do hotel, mas lembre-se que h\u00e1 lugares que pedir\u00e3o o original.<br \/> 1.10) Documento do Visto Eletr\u00f4nico americano ESTA (Electronic System for Travel Authorization).<br \/> 1.11) Certid\u00e3o de Casamento: Ningu\u00e9m pediu o documento, mas perguntaram v\u00e1rias vezes se eram casados.<br \/> 1.12) C\u00f3pia da carteira de identidade ou certid\u00e3o de nascimento;<br \/> 1.13) C\u00f3pias dos Cart\u00f5es de Cr\u00e9dito e D\u00e9bito de todos os documentos importantes:&nbsp; Se, Deus me livre, voc\u00ea perder algum documento, a c\u00f3pia deles ir\u00e1 facilitar a sua vida, para emiss\u00e3o de segunda via ou bloqueios. <\/p>\n<p><strong><u>2- A\u00e9reo <\/u><\/strong><br \/> 2.1) Impress\u00e3o das Passagens A\u00e9reas&nbsp; &#8211; Leve impressa.&nbsp;E-ticket ou comprovante da Passagem a\u00e9rea eletr\u00f4nica de ida e volta comprada e datada com n\u00famero de localizador do v\u00f4o. Este \u00e9 um item normalmente solicitado na imigra\u00e7\u00e3o, ent\u00e3o tenha ele em m\u00e3os para evitar qualquer problema com a imigra\u00e7\u00e3o.<br \/> 2.2) Leve seu n\u00famero do programa de milhagem e apresente no embarque se tiver: <br \/> Se for de interesse acumular milhas, fa\u00e7a sua inscri\u00e7\u00e3o no programa no site da Cia a\u00e9rea. Caso j\u00e1 possua o cart\u00e3o \u00e9 necess\u00e1rio apresent\u00e1-lo no check-in para que as milhas desta viagem sejam computadas.<br \/> 2.3) Confer\u00eancia da Passagem a\u00e9rea emitida:<br \/> CONFER\u00caNCIA do Nome completo conforme seu PASSAPORTE .. para passagem a\u00e9rea utilizamos somente o primeiro nome e \u00faltimo do PASSAPORTE<br \/> N\u00e3o ser\u00e3o aceitos: Nomes invertidos, Troca de letras, Falta de Letras, Nomes e sobrenomes errados, Erro na forma de tratamento ( MR., MRS., etc) <br \/> 2.4) CONFER\u00caNCIA da DATA de ida e volta solicitada conforme Bilhete emitido<br \/> 2.5) CONFER\u00caNCIA do DESTINO solicitado conforme Bilhete emitido<br \/> Solicito por gentileza conferir tudo na emiss\u00e3o do bilhetes por que depois tem multa e diferen\u00e7a tarif\u00e1ria por conta do cliente ok ?<br \/> Nomes conforme identidade e passaporte, trechos, datas etc.. &nbsp;Se tiver discrep\u00e2ncia me infomar hoje at\u00e9 18:00 hs sem falta. <br \/> 2.6) CONFER\u00caNCIA no Bilhete a\u00e9reo emitido dos Aeroportos e conex\u00f5es.. para verificar se n\u00e3o tem troca de Aeroporto por conta do cliente.<br \/> 2.7) Se comprou sua Passagem a\u00e9rea na Ag\u00eancia Intermundo Turismo solicite informa\u00e7\u00f5es referente a modalidade de MARCA\u00c7\u00c3O DE POLTRONAS\/ASSENTOS.<br \/> 2.8) Franquia de Bagagem\/acordo entre cia a\u00e9reas<br \/> 2.9) Verifique cadeados e bagagem de m\u00e3o.<br \/> 2.10) Identifique sua bagagem dentro e fora da mala (bem vis\u00edvel) facilitando a visualiza\u00e7\u00e3o no desembarque com nome e telefone. Coloque adere\u00e7os de identifica\u00e7\u00e3o nas malas (amarre tiras coloridas).<br \/> 2.11) Cuidados com a Mala: tire sempre uma foto da sua mala. Se poss\u00edvel, embale-a no aeroporto. Dificulta os furtos e protege sua mala. Nada mais constrangedor do que ver sua mala aberta rodando na esteira, por que o z\u00edper estourou.<br \/> 2.12) Evite constrangimentos: Despache qualquer tipo de objeto cortante (alicates de unha, canivetes, etc), pois n\u00e3o s\u00e3o permitidos na bagagem de m\u00e3o.<br \/> 2.13) Pese sua mala em uma balan\u00e7a caseira ou de farm\u00e1cia. Cada cia. a\u00e9rea tem sua pol\u00edtica de pre\u00e7o para cada Kg excedido. Verifique no site.<br \/> 2.14) Coloque os objetos de valor no meio da mala, nunca nos cantos ou por cima. Assim voc\u00ea dificulta os ladr\u00f5es do aeroporto.<br \/> 2.15) Use cadeado de padr\u00e3o universal TSA. Sua mala pode ser aberta pela fiscaliza\u00e7\u00e3o. Eles tem uma chave pr\u00f3pria para abrir o cadeado indicado. Se for de outro tipo ele ser\u00e1 quebrado e voc\u00ea ter\u00e1 que comprar outro pra volta.<br \/> 2.16) Check in online direto no site da cia a\u00e9rea com dois dias antes do embarque.<br \/> 2.17) Ligar dois dias antes do embarque na Intermundo Turismo confirmando os hor\u00e1rios dos v\u00f4os para verificar se n\u00e3o houve altera\u00e7\u00e3o.<br \/> 2.18) Ficar atento ao port\u00e3o de embarque <br \/> 2.19) Tire todas as suas d\u00favidas com a empresa a\u00e9rea, como peso permitido, hor\u00e1rio de check-in, troca de aeronave, valor de multa para cancelamento ou altera\u00e7\u00e3o.<br \/> 2.20)Reconfirmar o v\u00f4o de regresso com o agente local ou diretamente na Companhia A\u00e9rea. <br \/>2.21) A falta dos documentos de viagem poder\u00e1 implicar na impossibilidade da sua efetiva\u00e7\u00e3o, resultando na anula\u00e7\u00e3o autom\u00e1tica, dos servi\u00e7os sem direito a qualquer reembolso. <\/p>\n<p><strong><u>3- Hotelaria <\/u><\/strong><br \/> 3.1) Voucher (impresso) dos Hot\u00e9is: na confirma\u00e7\u00e3o de hospedagem importante conter o endere\u00e7o e telefone. Tenha tamb\u00e9m em m\u00e3os os seus comprovantes de&nbsp;reserva dos hot\u00e9is que vai ficar<br \/> 3.2) Hor\u00e1rio de check in e check out do Hotel<br \/> 3.3) Tipo de quartos<br \/> 3.4) Taxas extras pagas localmente<br \/> 3.5) Estacionamento <br \/> 3.6) Internet<\/p>\n<p> <strong><u>4- Traslados <\/u><\/strong><br \/> 4.1) Confirma\u00e7\u00e3o de transfer para o hotel (caso tenha adquirido). Se o servi\u00e7o n\u00e3o aparecer pegar o T\u00e1xi e guardar o Recibo. <\/p>\n<p><strong><u>5- Seguro Viagem <\/u><\/strong><br \/> 5.1) Voucher (impresso) da ap\u00f3lice do Seguro Seguro Sa\u00fade Internacional: leia a ap\u00f3lice e verifique os telefones de contato e de emerg\u00eancia.<br \/> 5.2) O cliente dever\u00e1 solicitar as informa\u00e7\u00f5es de como utilizar o Seguro. Se cobre doen\u00e7as pr\u00e9-existentes, detalhes de cobertura, telefone de emerg\u00eancia do Seguro. <br \/> S\u00f3 quem j\u00e1 precisou sabe como \u00e9 importante. O valor \u00e9 baixo, vale a pena. <\/p>\n<p><strong><u>6- Carro <\/u><\/strong><br \/> 6.1) Voucher (impresso) do Aluguel de Carro.<br \/> 6.2) Carteira de Motorista Nacional (se for utilizar): verificar a validade da CNH.<br \/> 6.3) Carteira de Motorista Internacional ( Permiss\u00e3o Internacional para dirigir = PID): se pretende alugar um carro em outro pa\u00eds, \u00e9 necess\u00e1rio emitir e tirar este documento.<br \/> 6.4) O cliente dever\u00e1 solicitar informa\u00e7\u00f5es do que est\u00e1 incluso na loca\u00e7\u00e3o do carro, tanque de gasolina, assento para crian\u00e7as e ler o contrato e n\u00e3o aceitar outros servi\u00e7os pois ap\u00f3s assinatura do Contrato n\u00e3o tem o que fazer. <\/p>\n<p><strong><u>7- Finan\u00e7as &#8211; Comprovantes Financeiros <\/u><\/strong><br \/> 7.1) Dinheiro em esp\u00e9cie com recibo de compra. D\u00f3lares (dentro da bolsa de d\u00f3lar) e um pouco de Real. Pode ser que tamb\u00e9m seja solicitado para voc\u00ea algo que comprove que voc\u00ea tem&nbsp;condi\u00e7\u00f5es financeiras para se manter pelo tempo da viagem.<br \/> 7.2) Cart\u00e3o de Cr\u00e9dito (habilitou para uso internacional? verifique o limite). Fatura com o saldo dispon\u00edvel no cart\u00e3o de cr\u00e9dito, pois nunca se sabe quando v\u00e3o exigir que voc\u00ea comprove condi\u00e7\u00f5es financeiras na imigra\u00e7\u00e3o. N\u00e3o d\u00ea sorte ao azar. <br \/> 7.3) Cart\u00e3o D\u00e9bito Pr\u00e9-Pago: Visa Travel Money (pode ser utilizado para pagamentos em d\u00e9bito de suas compras) <\/p>\n<p><strong><u>8- Outros Vouchers <\/u><\/strong><br \/> 8.1) Impress\u00e3o de demais Passagens (Trem ou \u00d4nibus).<br \/> 8.2) Vouchers (impresso) diversos: city tours, parques, passeios, restaurantes, etc. <br \/> Dependendo do pa\u00eds de destino, pode ser solicitado mais algum documento al\u00e9m dos informados acima, ent\u00e3o, o melhor \u00e9 olhar tudo com anteced\u00eancia e organizar tudo com calma e tempo. <\/p>\n<p><strong>Precau\u00e7\u00f5es &#8211; Conselhos de viagem, n\u00e3o esquecer:<\/strong> <br \/> 1) Roupas adequadas ao clima do pa\u00eds de destino e a \u00e9poca em que vai viajar.&nbsp; Leve roupas que n\u00e3o amassam f\u00e1cil e que podem ser usadas v\u00e1rias vezes. Prefira cores b\u00e1sicas. Voc\u00ea pode planejar as roupas combinando as pe\u00e7as entre si. Se algo s\u00f3 combina uma vez, descarte lev\u00e1-lo ou s\u00f3 leve se realmente for para uma ocasi\u00e3o especial. N\u00e3o exagere na quantidade. Pense na quantidade de dias e planeje uma combina\u00e7\u00e3o de roupas pra cada um. Lembre-se que um acess\u00f3rio diferente ou colorido faz toda diferen\u00e7a, inclusive nas fotos! Abuse dos len\u00e7os e brincos.<\/p>\n<p> 2) Evite levar sapatos desconfort\u00e1veis. Provavelmente eles s\u00f3 ocupar\u00e3o lugar na mala.<\/p>\n<p> 3) Um casaco pesado (ou no m\u00e1ximo 2) \u00e9 suficiente. Praticamente todo lugar que se entra (museus, lojas, restaurantes) s\u00e3o calafetados. Dentro \u00e9 tanto calor que voc\u00ea vai tirando tudo como se fossem camadas de cebola&#8230; Portanto, d\u00ea prefer\u00eancia para as camadas de baixo: blusas, camisetas, camisas.<\/p>\n<p> 4) Se vai usar seu pr\u00f3prio chip de telefone no exterior, verifique as tarifas e ligue na operadora para habilitar. Lembre-se que para receber liga\u00e7\u00f5es fora do pais tamb\u00e9m se paga. Fa\u00e7a backup do chip no seu computador de casa, para no caso de perder o celular, n\u00e3o perder junto toda a sua vida que est\u00e1 nele.<\/p>\n<p> 5) Se far\u00e1 como eu, nem leve seu chip para n\u00e3o correr o risco de perder. Compre um chip para liga\u00e7\u00f5es e uso de internet. Quando estiver no hotel, use o wi-fi do hotel, que geralmente \u00e9 de gra\u00e7a. Procure usar aplicativos para liga\u00e7\u00f5es atrav\u00e9s de sinal de internet, como Tango, Whatsapp, Viber, Skype, etc. S\u00f3 use o telefone do hotel em \u00faltimo caso. O custo \u00e9 muito alto.<\/p>\n<p> 6) Ou desbloqueie o Roaming Internacional do Celular \u2013 ou fa\u00e7a um Plano na Operadora.<\/p>\n<p> 7) Impress\u00e3o de dicas, plano de viagem,&nbsp; guia tur\u00edstico da cidade ou pa\u00eds de destino e Mapas: leve impresso mesmo em tempos de Google, a bateria do celular pode acabar.<\/p>\n<p> 8) N\u00e3o esquecer de levar consigo, em bagagem de m\u00e3o, qualquer medicamento que porventura ande a tomar, coincidente com o seu per\u00edodo de aus\u00eancia.<\/p>\n<p> 9) Rem\u00e9dios de uso pessoal com Receitas M\u00e9dicas para rem\u00e9dios espec\u00edficos (antibi\u00f3ticos): monte uma farmacinha com medicamentos de primeiras necessidades e com o que est\u00e1 acostumado a tomar. Lembre-se que medicamentos restritos devem ser acompanhados de receita m\u00e9dica para facilitar e justificar o motivo de lev\u00e1-lo. Consulte seu m\u00e9dico para obter receita dos medicamentos de uso cont\u00ednuo ou de uso controlado. N\u00e3o esque\u00e7a de pedir ao seu m\u00e9dico uma carta completa em ingl\u00eas explicando qual \u00e9 o motivo da sua medica\u00e7\u00e3o, o c\u00f3digo da doen\u00e7a (CID) e a bula do rem\u00e9dio.<\/p>\n<p> 10) Para viagens longas (volta ao mundo ou interc\u00e2mbio): fa\u00e7a uma Procura\u00e7\u00e3o de Plenos Poderes em cart\u00f3rio para uma pessoa da fam\u00edlia ou de confian\u00e7a<\/p>\n<p> 11) Endere\u00e7o do Consulado Brasileiro local (se necess\u00e1rio)<\/p>\n<p> 12) Documentos para Viagem: Comprovante de resid\u00eancia no Brasil (original e c\u00f3pia); Comprovantes de emprego ou v\u00ednculo funcional no Brasil; Declara\u00e7\u00e3o de imposto de renda se n\u00e3o for isento; Extrato banc\u00e1rio e de cart\u00f5es de cr\u00e9dito ou pr\u00e9-pagos atualizados. <\/p>\n<p> 13) Notas fiscais dos eletr\u00f4nicos e produtos de valor que levar p\/ a viagem.<\/p>\n<p> 14) Formul\u00e1rio entregue no avi\u00e3o para a alf\u00e2ndega.<\/p>\n<p> 15) Telefones de Emerg\u00eancia<\/p>\n<p> 16) Anota\u00e7\u00f5es dos telefones de todos os servi\u00e7os contratados e de pessoas importantes<\/p>\n<p> 17) Telefone da Ag\u00eancia de Viagens e do Agente de Viagens da Intermundo Turismo <\/p>\n<p> 18) Deixe uma c\u00f3pia dos documentos na sua caixa de e-mail e fa\u00e7a o upload dos documentos escaneados para a nuvem. Assim, se precisar poder\u00e1 acessar pela internet.&nbsp; <\/p>\n<p> 19) Carta Convite&nbsp;\u2013&nbsp;Alguns pa\u00edses exigem.&nbsp; Caso v\u00e1 se hospedar na casa de algu\u00e9m \u00e9 necess\u00e1rio a apresenta\u00e7\u00e3o de uma&nbsp;carta convite. Existem modelos diferentes para cada pa\u00eds. Voc\u00ea dever\u00e1 conversar com a pessoa que far\u00e1 essa carta para que ela siga o modelo do \u00f3rg\u00e3o p\u00fablico emissor. A carta dever\u00e1 ser carimbada e assinada pelo \u00f3rg\u00e3o expedidor. Lembrando, \u00e9 claro, que a pessoa que vai fazer est\u00e1 carta para voc\u00ea dever\u00e1 estar legalizada como cidad\u00e3o europeu.<\/p>\n<p> 20) Doleira: Guardar documentos importantes (passaporte, por exemplo) e dinheiro com seguran\u00e7a, esta \u00e9 a fun\u00e7\u00e3o desta bolsinha. Voc\u00ea usa ela embaixo da cal\u00e7a e garante passeios mais tranq\u00fcilos.<\/p>\n<p> 21) M\u00e1quina fotogr\u00e1fica e\/ou de filmar. <\/p>\n<p> 22) Em caso de surgir qualquer problema durante a sua viagem sugerimos que contacte imediatamente com o guia ou representante local da ag\u00eancia\/operador tur\u00edstico.<\/p>\n<p> 23) Sempre deixe um espa\u00e7o na mala pras comprinhas. Mesmo que voc\u00ea n\u00e3o planeje comprar nada, a mala sempre volta mais pesada (no way!).<\/p>\n<p> 24) Eu costumo levar uma mala menor com a roupas, dentro de outra maior. Desse jeito, n\u00e3o preciso comprar outra mala.<\/p>\n<p> 25)&nbsp;Nunca saia do quarto do hotel deixando as malas destrancadas. O seguro morreu de velho&#8230;<\/p>\n<p> 26)&nbsp;Em todo lugar h\u00e1 espertinhos esperando um turista distra\u00eddo. Preste aten\u00e7\u00e3o nas bolsas e m\u00e1quinas fotogr\u00e1ficas. Nunca conte dinheiro em p\u00fablico. Cuidado com notas falsas. Procure levar dinheiro trocado, principalmente pra t\u00e1xis.<\/p>\n<p> 27)&nbsp;Procure saber sobre o local que vai visitar, sobre o transporte p\u00fablico, os hor\u00e1rios de lojas e restaurantes, atra\u00e7\u00f5es, etc. Se voc\u00ea tiver em mente uma ideia do mapa do local, voc\u00ea vai se locomover com muito mais facilidade.<\/p>\n<p> 28) Nas refei\u00e7\u00f5es, pergunte sempre sobre o menu do dia. Geralmente com entrada, prato principal e sobremesa, sai mais em conta. Em alguns lugares a \u00e1gua (da torneira) \u00e9 de gra\u00e7a. Pergunte.<\/p>\n<p> 29) Visite as farm\u00e1cias. Tem sempre algo legal. Tem farm\u00e1cias fora do Brasil que parecem mais um supermercado. Vendem comida, cosm\u00e9ticos, roupas, brinquedos, souvenires&#8230;<\/p>\n<p> 30) Providenciar para deixar em ordem pagamentos inadi\u00e1veis durante a sua aus\u00eancia (ex: telefone, renda da casa, g\u00e1s, electricidade, etc.) <\/p>\n<p> 31) Comunicar \u00e0 P.S.P. ou G.N.R. da sua \u00e1rea que se vai ausentar para assim poder ser exercida maior vigil\u00e2ncia policial \u00e0 sua resid\u00eancia. <br \/> Como \u00e9 de se esperar, \u00e9 preciso planejamento para que a sua viagem n\u00e3o seja atrapalhada por imprevistos. Se voc\u00ea est\u00e1 prestes a desembarcar em terras internacionais, continue a leitura e confira algumas dicas que ir\u00e3o ajud\u00e1-lo a organizar tudo para o grande dia! <\/p>\n<div class=\"dicas\">\n","protected":false},"excerpt":{"rendered":"<p>&#8211; Dicas importantes de viagem que voc\u00ea n\u00e3o deve esquecer para viajar. Um check list para voc\u00ea n\u00e3o esquecer nada \u00c9 sempre a mesma coisa. S\u00e3o meses organizando a viagem, planejando o roteiro, comprando moeda estrangeira, anotando dicas e programando passeios. \u00c0s v\u00e9speras do embarque, vai batendo aquela ansiedade e &hellip;<\/p>\n","protected":false},"author":1,"featured_media":0,"parent":0,"menu_order":0,"comment_status":"closed","ping_status":"closed","template":"","meta":{"_monsterinsights_skip_tracking":false,"_monsterinsights_sitenote_active":false,"_monsterinsights_sitenote_note":"","_monsterinsights_sitenote_category":0,"footnotes":""},"class_list":["post-654","page","type-page","status-publish","hentry"],"_links":{"self":[{"href":"https:\/\/sitexis.com.br\/joaofiel\/wp-json\/wp\/v2\/pages\/654","targetHints":{"allow":["GET"]}}],"collection":[{"href":"https:\/\/sitexis.com.br\/joaofiel\/wp-json\/wp\/v2\/pages"}],"about":[{"href":"https:\/\/sitexis.com.br\/joaofiel\/wp-json\/wp\/v2\/types\/page"}],"author":[{"embeddable":true,"href":"https:\/\/sitexis.com.br\/joaofiel\/wp-json\/wp\/v2\/users\/1"}],"replies":[{"embeddable":true,"href":"https:\/\/sitexis.com.br\/joaofiel\/wp-json\/wp\/v2\/comments?post=654"}],"version-history":[{"count":3,"href":"https:\/\/sitexis.com.br\/joaofiel\/wp-json\/wp\/v2\/pages\/654\/revisions"}],"predecessor-version":[{"id":657,"href":"https:\/\/sitexis.com.br\/joaofiel\/wp-json\/wp\/v2\/pages\/654\/revisions\/657"}],"wp:attachment":[{"href":"https:\/\/sitexis.com.br\/joaofiel\/wp-json\/wp\/v2\/media?parent=654"}],"curies":[{"name":"wp","href":"https:\/\/api.w.org\/{rel}","templated":true}]}}