{"id":662,"date":"2017-04-20T14:14:20","date_gmt":"2017-04-20T17:14:20","guid":{"rendered":"https:\/\/sitexis.com.br\/joaofiel\/?page_id=662"},"modified":"2017-04-20T14:14:20","modified_gmt":"2017-04-20T17:14:20","slug":"consulados","status":"publish","type":"page","link":"https:\/\/sitexis.com.br\/joaofiel\/consulados\/","title":{"rendered":"Consulados"},"content":{"rendered":"<p>Consulte os departamento p\u00fablicos do Governo brasileiro em outros paises.<\/p>\n<ul>\n<li><a href=\"http:\/\/www.portalconsular.itamaraty.gov.br\/representacoes-do-brasil-no-mundo\" target=\"_blank\">Representa\u00e7\u00f5es do Brasil no Exterior<\/a><br \/>\n","protected":false},"excerpt":{"rendered":"<p>Consulte os departamento p\u00fablicos do Governo brasileiro em outros paises. Representa\u00e7\u00f5es do Brasil no Exterior<\/p>\n","protected":false},"author":1,"featured_media":0,"parent":0,"menu_order":0,"comment_status":"closed","ping_status":"closed","template":"","meta":{"_monsterinsights_skip_tracking":false,"_monsterinsights_sitenote_active":false,"_monsterinsights_sitenote_note":"","_monsterinsights_sitenote_category":0,"footnotes":""},"class_list":["post-662","page","type-page","status-publish","hentry"],"_links":{"self":[{"href":"https:\/\/sitexis.com.br\/joaofiel\/wp-json\/wp\/v2\/pages\/662","targetHints":{"allow":["GET"]}}],"collection":[{"href":"https:\/\/sitexis.com.br\/joaofiel\/wp-json\/wp\/v2\/pages"}],"about":[{"href":"https:\/\/sitexis.com.br\/joaofiel\/wp-json\/wp\/v2\/types\/page"}],"author":[{"embeddable":true,"href":"https:\/\/sitexis.com.br\/joaofiel\/wp-json\/wp\/v2\/users\/1"}],"replies":[{"embeddable":true,"href":"https:\/\/sitexis.com.br\/joaofiel\/wp-json\/wp\/v2\/comments?post=662"}],"version-history":[{"count":2,"href":"https:\/\/sitexis.com.br\/joaofiel\/wp-json\/wp\/v2\/pages\/662\/revisions"}],"predecessor-version":[{"id":664,"href":"https:\/\/sitexis.com.br\/joaofiel\/wp-json\/wp\/v2\/pages\/662\/revisions\/664"}],"wp:attachment":[{"href":"https:\/\/sitexis.com.br\/joaofiel\/wp-json\/wp\/v2\/media?parent=662"}],"curies":[{"name":"wp","href":"https:\/\/api.w.org\/{rel}","templated":true}]}}