{"id":665,"date":"2017-04-20T14:15:14","date_gmt":"2017-04-20T17:15:14","guid":{"rendered":"https:\/\/sitexis.com.br\/joaofiel\/?page_id=665"},"modified":"2017-04-20T14:15:14","modified_gmt":"2017-04-20T17:15:14","slug":"embaixadas","status":"publish","type":"page","link":"https:\/\/sitexis.com.br\/joaofiel\/embaixadas\/","title":{"rendered":"Embaixadas"},"content":{"rendered":"<p>Consulte nossa lista de embaixadas brasileiras no exterior e tamb\u00e9m embaixadas internacionais no Brasil.<\/p>\n<ul>\n<li><a href=\"http:\/\/www.itamaraty.gov.br\/pt-BR\/sem-categoria\/5700-lista-do-corpo-diplomatico\" target=\"_blank\">Embaixadas no Brasil<\/a><\/li>\n<li><a href=\"http:\/\/www.brasil.gov.br\/\" target=\"_blank\">Portal do Governo Brasileiro<\/a><\/li>\n<li><a href=\"http:\/\/www.itamaraty.gov.br\/\" target=\"_blank\">Minist\u00e9rio de Rela\u00e7\u00f5es Exteriores<\/a><br \/>\n","protected":false},"excerpt":{"rendered":"<p>Consulte nossa lista de embaixadas brasileiras no exterior e tamb\u00e9m embaixadas internacionais no Brasil. Embaixadas no Brasil Portal do Governo Brasileiro Minist\u00e9rio de Rela\u00e7\u00f5es Exteriores<\/p>\n","protected":false},"author":1,"featured_media":0,"parent":0,"menu_order":0,"comment_status":"closed","ping_status":"closed","template":"","meta":{"_monsterinsights_skip_tracking":false,"_monsterinsights_sitenote_active":false,"_monsterinsights_sitenote_note":"","_monsterinsights_sitenote_category":0,"footnotes":""},"class_list":["post-665","page","type-page","status-publish","hentry"],"_links":{"self":[{"href":"https:\/\/sitexis.com.br\/joaofiel\/wp-json\/wp\/v2\/pages\/665","targetHints":{"allow":["GET"]}}],"collection":[{"href":"https:\/\/sitexis.com.br\/joaofiel\/wp-json\/wp\/v2\/pages"}],"about":[{"href":"https:\/\/sitexis.com.br\/joaofiel\/wp-json\/wp\/v2\/types\/page"}],"author":[{"embeddable":true,"href":"https:\/\/sitexis.com.br\/joaofiel\/wp-json\/wp\/v2\/users\/1"}],"replies":[{"embeddable":true,"href":"https:\/\/sitexis.com.br\/joaofiel\/wp-json\/wp\/v2\/comments?post=665"}],"version-history":[{"count":1,"href":"https:\/\/sitexis.com.br\/joaofiel\/wp-json\/wp\/v2\/pages\/665\/revisions"}],"predecessor-version":[{"id":666,"href":"https:\/\/sitexis.com.br\/joaofiel\/wp-json\/wp\/v2\/pages\/665\/revisions\/666"}],"wp:attachment":[{"href":"https:\/\/sitexis.com.br\/joaofiel\/wp-json\/wp\/v2\/media?parent=665"}],"curies":[{"name":"wp","href":"https:\/\/api.w.org\/{rel}","templated":true}]}}