{"id":669,"date":"2017-04-20T14:22:33","date_gmt":"2017-04-20T17:22:33","guid":{"rendered":"https:\/\/sitexis.com.br\/joaofiel\/?page_id=669"},"modified":"2017-04-20T14:22:33","modified_gmt":"2017-04-20T17:22:33","slug":"aduana-bagagem","status":"publish","type":"page","link":"https:\/\/sitexis.com.br\/joaofiel\/aduana-bagagem\/","title":{"rendered":"Aduana &#8211; Bagagem"},"content":{"rendered":"<p>O que Fazer Antes de Viajar<\/p>\n<p>    Declarar os bens de fabrica\u00e7\u00e3o estrangeira que integrem sua bagagem, junto \u00e0 Alf\u00e2ndega, no local de sa\u00edda do Pa\u00eds, utilizando a Declara\u00e7\u00e3o de Sa\u00edda Tempor\u00e1ria &#8211; DST, para assegurar o retorno desses bens ao Brasil sem pagamento de impostos.<br \/>\n    Adotar o mesmo procedimento quando estiver levando consigo bens estrangeiros para serem consertados ou trocados por outro, no exterior, em raz\u00e3o de garantia.<br \/>\n    Declarar tamb\u00e9m os valores que estiver portando, em esp\u00e9cie ou cheques de viagem, quando em montante superior a dez mil reais ou o equivalente em outra moeda, utilizando a Declara\u00e7\u00e3o de Porte de Valores &#8211; DPV.<br \/>\n    Apresentar, na ocasi\u00e3o, o comprovante da aquisi\u00e7\u00e3o regular dos recursos em estabelecimento autorizado, pelo Banco Central, a operar com c\u00e2mbio.<\/p>\n<p>O que o Viajante pode Trazer do Exterior sem o Pagamento de Impostos<\/p>\n<p>    A bagagem que portar consigo, identificada pelo ticket de bagagem fornecido pelo transportador no momento do embarque e que se constitua de:<br \/>\n    &#8211; Roupas e outros artigos de vestu\u00e1rio, artigos de higiene, beleza ou maquiagem e cal\u00e7ados, para uso pr\u00f3prio, em quantidade e qualidade compat\u00edveis com a dura\u00e7\u00e3o e a finalidade da perman\u00eancia no exterior.<br \/>\n    &#8211; Livros, folhetos e peri\u00f3dicos em papel.<br \/>\n    &#8211; Outros bens cujo valor global n\u00e3o exceda a cota de isen\u00e7\u00e3o, que \u00e9 de quinhentos d\u00f3lares dos Estados Unidos da Am\u00e9rica (viagem a\u00e9rea ou mar\u00edtima) ou de US$ 300.00 (trezentos d\u00f3lares) dos Estados Unidos da Am\u00e9rica (viagem terrestre, fluvial ou lacustre), ou o equivalente em outra moeda.<br \/>\n    &#8211; Os bens pessoais, dom\u00e9sticos ou profissionais usados, quando, comprovadamente, tiverem permanecido no exterior por per\u00edodo superior a um ano.<\/p>\n<p>    Observa\u00e7\u00e3o:<br \/>\n    A bagagem despachada pelo correio ou como carga, ainda que no mesmo ve\u00edculo em que viajou, est\u00e1 sujeita ao pagamento de impostos e n\u00e3o tem direito \u00e0 cota de isen\u00e7\u00e3o. Somente est\u00e1 dispensada do pagamento de impostos quando for composta exclusivamente por roupas, objetos pessoais usados, livros, folhetos e peri\u00f3dicos.<\/p>\n<p>Compras em Loja Franca (DUTY FREE SHOP)<\/p>\n<p>    N\u00e3o \u00e9 exigido o pagamento de impostos no caso de bens adquiridos em loja franca ( duty free shop ), quando, cumulativamente:<br \/>\n    &#8211; Seu valor total for de at\u00e9 quinhentos d\u00f3lares dos Estados Unidos da Am\u00e9rica.<br \/>\n    &#8211; Forem adquiridos em loja do aeroporto onde a bagagem ser\u00e1 examinada pela Alf\u00e2ndega brasileira, no desembarque.<br \/>\n    &#8211; Estiverem limitados \u00e0s quantidades especificadas, no caso dos seguintes bens:<br \/>\n    &#8211; 24 unidades de bebidas alco\u00f3licas, observado o quantitativo m\u00e1ximo de 12 unidades por tipo de bebida.<br \/>\n    &#8211; 20 ma\u00e7os de cigarros de fabrica\u00e7\u00e3o estrangeira.<br \/>\n    &#8211; 25 unidades de charutos ou cigarilhas.<br \/>\n    &#8211; 250g de fumo preparado para cachimbo.<br \/>\n    &#8211; 10 unidades de artigos de toucador.<br \/>\n    &#8211; 3 unidades de rel\u00f3gios, brinquedos, jogos ou instrumentos el\u00e9tricos ou eletr\u00f4nicos.<\/p>\n<p>    Observa\u00e7\u00e3o:<br \/>\n    Os bens comprados em lojas francas no exterior ou em outro aeroporto no Brasil que n\u00e3o seja aquele onde a bagagem ser\u00e1 examinada pela Alf\u00e2ndega, n\u00e3o est\u00e3o dispensados do pagamento dos impostos.<\/p>\n<p>Tributa\u00e7\u00e3o<\/p>\n<p>    O valor excedente \u00e0 cota de isen\u00e7\u00e3o estar\u00e1 sujeito ao pagamento do Imposto de Importa\u00e7\u00e3o, calculado \u00e0 al\u00edquota de 50%.<br \/>\n    O valor do bem ser\u00e1 o constante da fatura ou da nota de compra. No caso de falta ou inexatid\u00e3o destes documentos, o valor da base de c\u00e1lculo do imposto ser\u00e1 estabelecido pela autoridade aduaneira.<\/p>\n<p>Bens que n\u00e3o podem ser Trazidos como Bagagem<\/p>\n<p>    Objetos destinados a revenda ou a uso industrial.<br \/>\n    Autom\u00f3veis, motocicletas, motonetas, bicicletas com motor, traillers e demais ve\u00edculos automotores terrestres.<br \/>\n    Aeronaves.<br \/>\n    Embarca\u00e7\u00f5es de todo tipo, motos aqu\u00e1ticas e similares e motores para embarca\u00e7\u00f5es.<\/p>\n<p>Pagamento<\/p>\n<p>    O pagamento do imposto precede a libera\u00e7\u00e3o dos bens e ser\u00e1 feito por meio do Documento de Arrecada\u00e7\u00e3o de Receitas Federais &#8211; Darf , em qualquer ag\u00eancia banc\u00e1ria, inclusive em caixa eletr\u00f4nico, quando dispon\u00edvel este servi\u00e7o.<br \/>\n    Nos locais onde a rede banc\u00e1ria n\u00e3o oferecer condi\u00e7\u00f5es de pagamento no momento do desembarque, os bens sujeitos \u00e0 tributa\u00e7\u00e3o ser\u00e3o retidos pela Alf\u00e2ndega, mediante o preenchimento e entrega, ao viajante, do Termo de Reten\u00e7\u00e3o e Guarda dos Bens, com informa\u00e7\u00f5es referentes ao viajante e aos bens retidos.<br \/>\n    A libera\u00e7\u00e3o dos bens ser\u00e1 efetuada ap\u00f3s a apresenta\u00e7\u00e3o, pelo viajante, do Termo de Reten\u00e7\u00e3o e do comprovante do pagamento dos impostos.<\/p>\n<p>O Que \u00e9 Proibido Trazer do Exterior<\/p>\n<p>    Cigarros e bebidas fabricados no Brasil, destinados a venda exclusivamente no exterior.<br \/>\n    Bebidas alco\u00f3licas, fumo, cigarros e semelhantes, quando trazidos por viajante menor de dezoito anos.<br \/>\n    Subst\u00e2ncias entorpecentes ou drogas.<br \/>\n    Bens ocultos com o intuito de burlar a fiscaliza\u00e7\u00e3o.<\/p>\n<p>    Observa\u00e7\u00e3o:<br \/>\n    A esses bens aplica-se a penalidade de perdimento. Portanto, ser\u00e3o apreendidos pela Alf\u00e2ndega, e o viajante ficar\u00e1 sujeito a representa\u00e7\u00e3o fiscal para fins penais.<\/p>\n<p>Importante<\/p>\n<p>    O viajante somente poder\u00e1 utilizar a cota de isen\u00e7\u00e3o uma vez a cada 30 dias.<br \/>\n    O direito \u00e0 cota de isen\u00e7\u00e3o \u00e9 pessoal e intransfer\u00edvel, n\u00e3o sendo admitida soma ou transfer\u00eancia de cotas entre os viajantes, ainda que membros da mesma fam\u00edlia.<\/p>\n<p>    Observa\u00e7\u00e3o:<br \/>\n    As instru\u00e7\u00f5es deste folheto n\u00e3o se aplicam \u00e0s bagagens de militares (transportadas em ve\u00edculo militar) e de tripulantes, quando em viagem de servi\u00e7o, e \u00e0 bagagem de diplomatas estrangeiros e semelhantes.<\/p>\n<p>Apresenta\u00e7\u00e3o da Bagagem Acompanhada<\/p>\n<p>    Todo viajante procedente do exterior, no momento de sua entrada no Brasil, dever\u00e1 apresentar a Declara\u00e7\u00e3o de Bagagem Acompanhada \u2013 DBA.<br \/>\n    A declara\u00e7\u00e3o \u00e9 individual.<br \/>\n    O formul\u00e1rio ser\u00e1 fornecido pelo transportador ou ag\u00eancia de viagem ou obtido nas Alf\u00e2ndegas.<br \/>\n    Bens adquiridos em loja franca do local onde a bagagem ser\u00e1 examinada pela Alf\u00e2ndega n\u00e3o devem ser relacionados na DBA.<\/p>\n<p>Bens a Declarar<\/p>\n<p>    O viajante dever\u00e1 dirigir-se ao local indicado para &#8221; Bens a Declarar &#8221; quando estiver trazendo:<br \/>\n    &#8211; Bens adquiridos no exterior cujo valor total exceda a cota de isen\u00e7\u00e3o, para fins de c\u00e1lculo do imposto devido.<br \/>\n    &#8211; Bens descritos, neste folheto, sob o t\u00edtulo BENS QUE N\u00c3O PODEM SER TRAZIDOS COMO BAGAGEM, para os quais aplicam-se normas pr\u00f3prias para a libera\u00e7\u00e3o.<br \/>\n    &#8211; Valores, em esp\u00e9cie ou em cheques de viagem, em montante superior a dez mil reais ou o equivalente em outra moeda, para preenchimento do formul\u00e1rio pr\u00f3prio.<br \/>\n    &#8211; Animais, plantas, sementes, alimentos, medicamentos, armas e muni\u00e7\u00f5es, que ser\u00e3o retidos e somente liberados ap\u00f3s manifesta\u00e7\u00e3o do \u00f3rg\u00e3o competente.<br \/>\n    &#8211; Bens que devam permanecer temporariamente no Brasil, cujo valor unit\u00e1rio seja superior a tr\u00eas mil reais ou o equivalente em outra moeda, no caso de estrangeiro.<br \/>\n    &#8211; Bens, cuja entrada regular no Brasil o viajante deseje comprovar.<\/p>\n<p>    Observa\u00e7\u00e3o:<br \/>\n    \u00c9 exigida a comprova\u00e7\u00e3o de entrada regular, no Brasil, de telefone celular estrangeiro, para fins de habilita\u00e7\u00e3o para uso. Portanto, ainda que estejam inclu\u00eddos na cota de isen\u00e7\u00e3o, a identifica\u00e7\u00e3o destes aparelhos deve constar da declara\u00e7\u00e3o e ser conferida pela fiscaliza\u00e7\u00e3o.<\/p>\n<p>Menores<\/p>\n<p>    Menores, acompanhados ou n\u00e3o, tamb\u00e9m t\u00eam direito \u00e0 cota de isen\u00e7\u00e3o e, quando menores de dezoito anos, n\u00e3o poder\u00e3o trazer bebidas alco\u00f3licas, fumo, cigarros e semelhantes<br \/>\n    No caso de menores de dezesseis anos, acompanhados, prestar\u00e1 declara\u00e7\u00e3o o pai ou respons\u00e1vel. Quando desacompanhados, fica dispensada a apresenta\u00e7\u00e3o da DBA, sem preju\u00edzo dos procedimentos de verifica\u00e7\u00e3o aduaneira.<\/p>\n<p>Multa<\/p>\n<p>    Aplicar-se-\u00e1 multa de 50% sobre o valor excedente \u00e0 cota de isen\u00e7\u00e3o dos bens quando o viajante apresentar DBA falsa ou inexata.<\/p>\n<p>    Observa\u00e7\u00e3o:<br \/>\n    A op\u00e7\u00e3o pelo setor &#8220;Nada a Declarar&#8221; quando o viajante estiver portando bens sujeitos \u00e0 tributa\u00e7\u00e3o, equivaler\u00e1 \u00e0 apresenta\u00e7\u00e3o de DBA falsa, para fins de aplica\u00e7\u00e3o da multa.<\/p>\n<p>Bagagem Extraviada<\/p>\n<p>    Quando houver extravio de bagagem, o viajante dever\u00e1 solicitar registro da ocorr\u00eancia ao transportador, no momento do desembarque, e procurar a Alf\u00e2ndega para visar esse registro, a fim de assegurar o direito \u00e0 sua cota de isen\u00e7\u00e3o.<\/p>\n<p>Legisla\u00e7\u00e3o<\/p>\n<p>Instru\u00e7\u00e3o Normativa do Secret\u00e1rio da Receita Federal N\u00ba 117 de 16\/10\/1998<br \/>\nInstru\u00e7\u00e3o Normativa SRF n\u00ba 538 de 20 de abril de 2005 . <\/p>\n","protected":false},"excerpt":{"rendered":"<p>O que Fazer Antes de Viajar Declarar os bens de fabrica\u00e7\u00e3o estrangeira que integrem sua bagagem, junto \u00e0 Alf\u00e2ndega, no local de sa\u00edda do Pa\u00eds, utilizando a Declara\u00e7\u00e3o de Sa\u00edda Tempor\u00e1ria &#8211; DST, para assegurar o retorno desses bens ao Brasil sem pagamento de impostos. Adotar o mesmo procedimento quando &hellip;<\/p>\n","protected":false},"author":1,"featured_media":0,"parent":0,"menu_order":0,"comment_status":"closed","ping_status":"closed","template":"","meta":{"_monsterinsights_skip_tracking":false,"_monsterinsights_sitenote_active":false,"_monsterinsights_sitenote_note":"","_monsterinsights_sitenote_category":0,"footnotes":""},"class_list":["post-669","page","type-page","status-publish","hentry"],"_links":{"self":[{"href":"https:\/\/sitexis.com.br\/joaofiel\/wp-json\/wp\/v2\/pages\/669","targetHints":{"allow":["GET"]}}],"collection":[{"href":"https:\/\/sitexis.com.br\/joaofiel\/wp-json\/wp\/v2\/pages"}],"about":[{"href":"https:\/\/sitexis.com.br\/joaofiel\/wp-json\/wp\/v2\/types\/page"}],"author":[{"embeddable":true,"href":"https:\/\/sitexis.com.br\/joaofiel\/wp-json\/wp\/v2\/users\/1"}],"replies":[{"embeddable":true,"href":"https:\/\/sitexis.com.br\/joaofiel\/wp-json\/wp\/v2\/comments?post=669"}],"version-history":[{"count":1,"href":"https:\/\/sitexis.com.br\/joaofiel\/wp-json\/wp\/v2\/pages\/669\/revisions"}],"predecessor-version":[{"id":670,"href":"https:\/\/sitexis.com.br\/joaofiel\/wp-json\/wp\/v2\/pages\/669\/revisions\/670"}],"wp:attachment":[{"href":"https:\/\/sitexis.com.br\/joaofiel\/wp-json\/wp\/v2\/media?parent=669"}],"curies":[{"name":"wp","href":"https:\/\/api.w.org\/{rel}","templated":true}]}}