{"id":671,"date":"2017-04-20T14:23:10","date_gmt":"2017-04-20T17:23:10","guid":{"rendered":"https:\/\/sitexis.com.br\/joaofiel\/?page_id=671"},"modified":"2017-04-20T14:23:10","modified_gmt":"2017-04-20T17:23:10","slug":"free-shop","status":"publish","type":"page","link":"https:\/\/sitexis.com.br\/joaofiel\/free-shop\/","title":{"rendered":"Free Shop"},"content":{"rendered":"<p>O viajante pode adquirir, com isen\u00e7\u00e3o de tributos, nas lojas francas (duty free shops) dos portos e aeroportos, ap\u00f3s o desembarque no Brasil e antes de sua apresenta\u00e7\u00e3o \u00e0 fiscaliza\u00e7\u00e3o aduaneira, mercadorias at\u00e9 o valor total de U$ 500.00. Esse valor n\u00e3o \u00e9 debitado da cota de isen\u00e7\u00e3o de bagagem a que o viajante tem direito.<\/p>\n<p>Al\u00e9m do limite global de U$ 500.00, as mercadorias adquiridas nas lojas francas est\u00e3o sujeitas aos seguintes limites quantitativos:<br \/>\n24 unidades de bebidas alco\u00f3licas, observado o quantitativo m\u00e1ximo de 12 unidades por tipo de bebida<br \/>\n20 ma\u00e7os de cigarros de fabrica\u00e7\u00e3o estrangeira<br \/>\n25 unidades de charutos ou cigarrilhas<br \/>\n250g de fumo preparado para cachimbo<br \/>\n10 unidades de artigos de toucador<br \/>\n3 unidades de rel\u00f3gios, m\u00e1quinas, aparelhos, equipamentos, brinquedos, jogos ou instrumentos el\u00e9tricos ou eletr\u00f4nicos<\/p>\n<p>    Menores de 18 anos, mesmo acompanhados, n\u00e3o podem adquirir bebidas alco\u00f3licas e artigos de tabacaria.<\/p>\n<p>    Bens adquiridos nas lojas francas do Brasil, no momento da partida do viajante para o exterior, nas lojas duty free no exterior e os adquiridos em lojas, cat\u00e1logos e exposi\u00e7\u00f5es duty free dentro de \u00f4nibus, aeronaves ou embarca\u00e7\u00f5es de viagem t\u00eam o mesmo tratamento de outros bens adquiridos no exterior , passando a integrar a bagagem do viajante. Em resumo, essas mercadorias n\u00e3o aproveitam do benef\u00edcio da isen\u00e7\u00e3o concedido \u00e0s compras nas lojas francas do Brasil, efetuadas no momento da chegada do viajante.<\/p>\n","protected":false},"excerpt":{"rendered":"<p>O viajante pode adquirir, com isen\u00e7\u00e3o de tributos, nas lojas francas (duty free shops) dos portos e aeroportos, ap\u00f3s o desembarque no Brasil e antes de sua apresenta\u00e7\u00e3o \u00e0 fiscaliza\u00e7\u00e3o aduaneira, mercadorias at\u00e9 o valor total de U$ 500.00. Esse valor n\u00e3o \u00e9 debitado da cota de isen\u00e7\u00e3o de bagagem &hellip;<\/p>\n","protected":false},"author":1,"featured_media":0,"parent":0,"menu_order":0,"comment_status":"closed","ping_status":"closed","template":"","meta":{"_monsterinsights_skip_tracking":false,"_monsterinsights_sitenote_active":false,"_monsterinsights_sitenote_note":"","_monsterinsights_sitenote_category":0,"footnotes":""},"class_list":["post-671","page","type-page","status-publish","hentry"],"_links":{"self":[{"href":"https:\/\/sitexis.com.br\/joaofiel\/wp-json\/wp\/v2\/pages\/671","targetHints":{"allow":["GET"]}}],"collection":[{"href":"https:\/\/sitexis.com.br\/joaofiel\/wp-json\/wp\/v2\/pages"}],"about":[{"href":"https:\/\/sitexis.com.br\/joaofiel\/wp-json\/wp\/v2\/types\/page"}],"author":[{"embeddable":true,"href":"https:\/\/sitexis.com.br\/joaofiel\/wp-json\/wp\/v2\/users\/1"}],"replies":[{"embeddable":true,"href":"https:\/\/sitexis.com.br\/joaofiel\/wp-json\/wp\/v2\/comments?post=671"}],"version-history":[{"count":1,"href":"https:\/\/sitexis.com.br\/joaofiel\/wp-json\/wp\/v2\/pages\/671\/revisions"}],"predecessor-version":[{"id":672,"href":"https:\/\/sitexis.com.br\/joaofiel\/wp-json\/wp\/v2\/pages\/671\/revisions\/672"}],"wp:attachment":[{"href":"https:\/\/sitexis.com.br\/joaofiel\/wp-json\/wp\/v2\/media?parent=671"}],"curies":[{"name":"wp","href":"https:\/\/api.w.org\/{rel}","templated":true}]}}