{"id":950,"date":"2019-12-14T13:14:58","date_gmt":"2019-12-14T16:14:58","guid":{"rendered":"https:\/\/sitexis.com.br\/joaofiel\/?page_id=950"},"modified":"2019-12-14T13:23:57","modified_gmt":"2019-12-14T16:23:57","slug":"crie-sua-viagem","status":"publish","type":"page","link":"https:\/\/sitexis.com.br\/joaofiel\/crie-sua-viagem\/","title":{"rendered":"Crie sua viagem"},"content":{"rendered":"<p>Crie sua viagem facilmente \u2013 Conte conosco!<\/p>\n<p>Crie a sua Viagem conosco e sente o prazer de planejar e participar em todos os detalhes para realizar o que deseja na sua viagem. ESTA\u00c7\u00c3O FIEL VIAGENS E TURISMO \u00e9 o seu m\u00e9todo eficaz e mais pr\u00f3ximo, sem custo adicional, para voc\u00ea e sem taxa extra por este servi\u00e7o, oferecemos a nossa especialidade em compor roteiros exclusivos para que voc\u00ea fa\u00e7a a viagem dos seus sonhos, da pr\u00f3pria forma que voc\u00ea deseja. Crie a sua viagem \u00e9 um servi\u00e7o exclusivo da ESTA\u00c7\u00c3O FIEL VIAGENS E TURISMO para os seus clientes e interessados para viajar confortavelmente. Crie a sua viagem e vamos ajudar-lhe em todos os detalhes t\u00e9cnicos. Voc\u00ea pode criar agora a sua viagem s\u00f3 por entrar em contato conosco e imediatamente vamos enviar o nosso ajuste operacionalmente e vamos or\u00e7ar estes servi\u00e7os ou roteiros que deseja em qualquer lugar dentro. Se voc\u00ea \u00e9 um tipo de pessoa que procura pesquisar e planejar a viagem por si mesma, envie-nos os seus desejos por e-mail e n\u00f3s vamos avaliar a viabilidade de cada item do roteiro desejado analisando operacionalmente os diferentes detalhes e servi\u00e7os solicitados para conseguir realizar essas mesmas viagens, ajustando e adaptando detalhes para realizar os seus sonhos e desejos, incluindo arranjos de transporte, hospedagem, refei\u00e7\u00f5es, passeios, guias, ingressos, passagens de avi\u00e3o, passagens de trem, vistos e autoriza\u00e7\u00f5es especiais etc. Crie a sua viagem conosco e vamos tratar de todos os detalhes dessa viagem com amor e cuidado. Agora crie sua viagem conosco atrav\u00e9s de enviar sua proposta, qual \u00e9 o destino que voc\u00ea deseja conhecer, quantos dias de hospedagem, categoria de hospedagem, regime de refei\u00e7\u00f5es, traslados e outros servi\u00e7os desejados.<\/p>\n<p>Se voc\u00ea n\u00e3o tem tempo e n\u00e3o gosta de planejar a sua viagem por si mesmo, s\u00f3 escreva a n\u00f3s sobre o tipo de viagem que lhe interessa ou mencione aonde quer ir e n\u00f3s vamos planejar a sua viagem para voc\u00ea da melhor maneira que lhe d\u00e1 conforto. Crie a sua viagem aproveitando as nossas consultas e dicas ou conte conosco para montar a sua viagem conforme as suas expectativas.<br \/>\nEntre em contato conosco:<br \/>\nTel.: 55 (21) 2425-7012<br \/>\nVIVO: (21) 99999-7026(WhatsApp) \/ CLARO: 21 97505-7026<br \/>\nTIM: (21) 98345-9409 \/ OI: (21) 98616-1793<br \/>\ncontato@sitexis.com.br<\/p>\n<div role=\"form\" class=\"wpcf7\" id=\"wpcf7-f253-o1\" lang=\"pt-BR\" dir=\"ltr\">\n<div class=\"screen-reader-response\"><p role=\"status\" aria-live=\"polite\" aria-atomic=\"true\"><\/p> <ul><\/ul><\/div>\n<form action=\"\/joaofiel\/wp-json\/wp\/v2\/pages\/950#wpcf7-f253-o1\" method=\"post\" class=\"wpcf7-form init\" novalidate=\"novalidate\" data-status=\"init\">\n<div style=\"display: none;\">\n<input type=\"hidden\" name=\"_wpcf7\" value=\"253\" \/>\n<input type=\"hidden\" name=\"_wpcf7_version\" value=\"5.5.1\" \/>\n<input type=\"hidden\" name=\"_wpcf7_locale\" value=\"pt_BR\" \/>\n<input type=\"hidden\" name=\"_wpcf7_unit_tag\" value=\"wpcf7-f253-o1\" \/>\n<input type=\"hidden\" name=\"_wpcf7_container_post\" value=\"0\" \/>\n<input type=\"hidden\" name=\"_wpcf7_posted_data_hash\" value=\"\" \/>\n<\/div>\n<h2>Contato<\/h2>\n<p>Entre em contato conosco<\/p>\n<p><label> Seu nome (obrigat\u00f3rio)<br \/>\n    <span class=\"wpcf7-form-control-wrap your-name\"><input type=\"text\" name=\"your-name\" value=\"\" size=\"40\" class=\"wpcf7-form-control wpcf7-text wpcf7-validates-as-required\" aria-required=\"true\" aria-invalid=\"false\" \/><\/span> <\/label><\/p>\n<p><label> Seu e-mail (obrigat\u00f3rio)<br \/>\n    <span class=\"wpcf7-form-control-wrap your-email\"><input type=\"email\" name=\"your-email\" value=\"\" size=\"40\" class=\"wpcf7-form-control wpcf7-text wpcf7-email wpcf7-validates-as-required wpcf7-validates-as-email\" aria-required=\"true\" aria-invalid=\"false\" \/><\/span> <\/label><\/p>\n<p><label> Seu Telefone<br \/>\n    <span class=\"wpcf7-form-control-wrap telefone\"><input type=\"text\" name=\"telefone\" value=\"\" size=\"40\" class=\"wpcf7-form-control wpcf7-text\" aria-invalid=\"false\" \/><\/span> <\/label><\/p>\n<p><label> Assunto<br \/>\n    <span class=\"wpcf7-form-control-wrap your-subject\"><input type=\"text\" name=\"your-subject\" value=\"\" size=\"40\" class=\"wpcf7-form-control wpcf7-text\" aria-invalid=\"false\" \/><\/span> <\/label><\/p>\n<p><label> Sua mensagem<br \/>\n    <span class=\"wpcf7-form-control-wrap your-message\"><textarea name=\"your-message\" cols=\"40\" rows=\"10\" class=\"wpcf7-form-control wpcf7-textarea\" aria-invalid=\"false\"><\/textarea><\/span> <\/label><\/p>\n<p><input type=\"submit\" value=\"Enviar\" class=\"wpcf7-form-control has-spinner wpcf7-submit\" \/><\/p>\n<p style=\"display: none !important;\"><label>&#916;<textarea name=\"_wpcf7_ak_hp_textarea\" cols=\"45\" rows=\"8\" maxlength=\"100\"><\/textarea><\/label><input type=\"hidden\" id=\"ak_js\" name=\"_wpcf7_ak_js\" value=\"104\"\/><script>document.getElementById( \"ak_js\" ).setAttribute( \"value\", ( new Date() ).getTime() );<\/script><\/p><input type='hidden' class='wpcf7-pum' value='{\"closepopup\":false,\"closedelay\":0,\"openpopup\":false,\"openpopup_id\":0}' \/><div class=\"wpcf7-response-output\" aria-hidden=\"true\"><\/div><\/form><\/div>\n","protected":false},"excerpt":{"rendered":"<p>Crie sua viagem facilmente \u2013 Conte conosco! Crie a sua Viagem conosco e sente o prazer de planejar e participar em todos os detalhes para realizar o que deseja na sua viagem. ESTA\u00c7\u00c3O FIEL VIAGENS E TURISMO \u00e9 o seu m\u00e9todo eficaz e mais pr\u00f3ximo, sem custo adicional, para voc\u00ea &hellip;<\/p>\n","protected":false},"author":1,"featured_media":0,"parent":0,"menu_order":0,"comment_status":"closed","ping_status":"closed","template":"","meta":{"_monsterinsights_skip_tracking":false,"_monsterinsights_sitenote_active":false,"_monsterinsights_sitenote_note":"","_monsterinsights_sitenote_category":0,"footnotes":""},"class_list":["post-950","page","type-page","status-publish","hentry"],"_links":{"self":[{"href":"https:\/\/sitexis.com.br\/joaofiel\/wp-json\/wp\/v2\/pages\/950","targetHints":{"allow":["GET"]}}],"collection":[{"href":"https:\/\/sitexis.com.br\/joaofiel\/wp-json\/wp\/v2\/pages"}],"about":[{"href":"https:\/\/sitexis.com.br\/joaofiel\/wp-json\/wp\/v2\/types\/page"}],"author":[{"embeddable":true,"href":"https:\/\/sitexis.com.br\/joaofiel\/wp-json\/wp\/v2\/users\/1"}],"replies":[{"embeddable":true,"href":"https:\/\/sitexis.com.br\/joaofiel\/wp-json\/wp\/v2\/comments?post=950"}],"version-history":[{"count":2,"href":"https:\/\/sitexis.com.br\/joaofiel\/wp-json\/wp\/v2\/pages\/950\/revisions"}],"predecessor-version":[{"id":955,"href":"https:\/\/sitexis.com.br\/joaofiel\/wp-json\/wp\/v2\/pages\/950\/revisions\/955"}],"wp:attachment":[{"href":"https:\/\/sitexis.com.br\/joaofiel\/wp-json\/wp\/v2\/media?parent=950"}],"curies":[{"name":"wp","href":"https:\/\/api.w.org\/{rel}","templated":true}]}}