{"id":324,"date":"2026-04-20T11:39:44","date_gmt":"2026-04-20T11:39:44","guid":{"rendered":"https:\/\/sitexis.com.br\/lajeresk\/?page_id=324"},"modified":"2026-04-20T12:55:50","modified_gmt":"2026-04-20T12:55:50","slug":"sobre","status":"publish","type":"page","link":"https:\/\/sitexis.com.br\/lajeresk\/sobre\/","title":{"rendered":"Sobre"},"content":{"rendered":"\t\t<div data-elementor-type=\"wp-page\" data-elementor-id=\"324\" class=\"elementor elementor-324\" data-elementor-post-type=\"page\">\n\t\t\t\t<div class=\"elementor-element elementor-element-301aeb0 e-flex e-con-boxed e-con e-parent\" data-id=\"301aeb0\" data-element_type=\"container\" data-settings=\"{&quot;background_background&quot;:&quot;classic&quot;,&quot;shape_divider_bottom&quot;:&quot;curve&quot;,&quot;shape_divider_bottom_negative&quot;:&quot;yes&quot;}\">\n\t\t\t\t\t<div class=\"e-con-inner\">\n\t\t\t\t<div class=\"elementor-shape elementor-shape-bottom\" aria-hidden=\"true\" data-negative=\"true\">\n\t\t\t<svg xmlns=\"http:\/\/www.w3.org\/2000\/svg\" viewBox=\"0 0 1000 100\" preserveAspectRatio=\"none\">\n\t<path class=\"elementor-shape-fill\" d=\"M500,97C126.7,96.3,0.8,19.8,0,0v100l1000,0V1C1000,19.4,873.3,97.8,500,97z\"\/>\n<\/svg>\t\t<\/div>\n\t\t<div class=\"elementor-element elementor-element-3271b19 e-con-full e-flex e-con e-child\" data-id=\"3271b19\" data-element_type=\"container\">\n\t\t\t\t<div class=\"elementor-element elementor-element-f81a34d elementor-widget elementor-widget-heading\" data-id=\"f81a34d\" data-element_type=\"widget\" data-widget_type=\"heading.default\">\n\t\t\t\t\t<h2 class=\"elementor-heading-title elementor-size-default\">Sobre a <span style=\"color: #0078B6\">Lajeresk<\/span><\/h2>\t\t\t\t<\/div>\n\t\t\t\t<\/div>\n\t\t<div class=\"elementor-element elementor-element-ba6bec9 e-con-full e-flex e-con e-child\" data-id=\"ba6bec9\" data-element_type=\"container\">\n\t\t\t\t<\/div>\n\t\t\t\t\t<\/div>\n\t\t\t\t<\/div>\n\t\t<div class=\"elementor-element elementor-element-5f13f25 e-flex e-con-boxed e-con e-parent\" data-id=\"5f13f25\" data-element_type=\"container\" data-settings=\"{&quot;background_background&quot;:&quot;classic&quot;}\">\n\t\t\t\t\t<div class=\"e-con-inner\">\n\t\t<div class=\"elementor-element elementor-element-2521d6c e-con-full e-flex e-con e-child\" data-id=\"2521d6c\" data-element_type=\"container\" data-settings=\"{&quot;background_background&quot;:&quot;classic&quot;}\">\n\t\t\t\t<div class=\"elementor-element elementor-element-36dac2e elementor-invisible elementor-widget elementor-widget-image\" data-id=\"36dac2e\" data-element_type=\"widget\" data-settings=\"{&quot;_animation&quot;:&quot;fadeInLeft&quot;}\" data-widget_type=\"image.default\">\n\t\t\t\t\t\t\t\t\t\t\t\t\t\t\t<img fetchpriority=\"high\" decoding=\"async\" width=\"768\" height=\"1024\" src=\"https:\/\/sitexis.com.br\/lajeresk\/wp-content\/uploads\/2026\/04\/IMG_11551-768x1024.jpg\" class=\"attachment-large size-large wp-image-330\" alt=\"\" srcset=\"https:\/\/sitexis.com.br\/lajeresk\/wp-content\/uploads\/2026\/04\/IMG_11551-768x1024.jpg 768w, https:\/\/sitexis.com.br\/lajeresk\/wp-content\/uploads\/2026\/04\/IMG_11551-225x300.jpg 225w, https:\/\/sitexis.com.br\/lajeresk\/wp-content\/uploads\/2026\/04\/IMG_11551-1152x1536.jpg 1152w, https:\/\/sitexis.com.br\/lajeresk\/wp-content\/uploads\/2026\/04\/IMG_11551-1536x2048.jpg 1536w, https:\/\/sitexis.com.br\/lajeresk\/wp-content\/uploads\/2026\/04\/IMG_11551-scaled.jpg 1920w\" sizes=\"(max-width: 768px) 100vw, 768px\" \/>\t\t\t\t\t\t\t\t\t\t\t\t\t\t\t<\/div>\n\t\t\t\t<\/div>\n\t\t<div class=\"elementor-element elementor-element-7080bba e-con-full e-flex e-con e-child\" data-id=\"7080bba\" data-element_type=\"container\">\n\t\t\t\t<div class=\"elementor-element elementor-element-c5963d7 elementor-widget-divider--view-line elementor-widget elementor-widget-divider\" data-id=\"c5963d7\" data-element_type=\"widget\" data-widget_type=\"divider.default\">\n\t\t\t\t\t\t\t<div class=\"elementor-divider\">\n\t\t\t<span class=\"elementor-divider-separator\">\n\t\t\t\t\t\t<\/span>\n\t\t<\/div>\n\t\t\t\t\t\t<\/div>\n\t\t\t\t<div class=\"elementor-element elementor-element-0c916bb elementor-widget elementor-widget-heading\" data-id=\"0c916bb\" data-element_type=\"widget\" data-widget_type=\"heading.default\">\n\t\t\t\t\t<h2 class=\"elementor-heading-title elementor-size-default\">Sobre a Lajeresk<\/h2>\t\t\t\t<\/div>\n\t\t\t\t<div class=\"elementor-element elementor-element-41cb01f elementor-invisible elementor-widget elementor-widget-heading\" data-id=\"41cb01f\" data-element_type=\"widget\" data-settings=\"{&quot;_animation&quot;:&quot;fadeInRight&quot;}\" data-widget_type=\"heading.default\">\n\t\t\t\t\t<h2 class=\"elementor-heading-title elementor-size-default\">Uma opera\u00e7\u00e3o constru\u00edda a partir da pr\u00e1tica da constru\u00e7\u00e3o civil<\/h2>\t\t\t\t<\/div>\n\t\t\t\t<div class=\"elementor-element elementor-element-f67fe17 elementor-widget elementor-widget-text-editor\" data-id=\"f67fe17\" data-element_type=\"widget\" data-widget_type=\"text-editor.default\">\n\t\t\t\t\t\t\t\t\t<p data-start=\"554\" data-end=\"787\">A Lajeresk nasceu da experi\u00eancia direta no canteiro de obras. Inicialmente atuando como construtora, identificou a necessidade de maior controle e qualidade no fornecimento de concreto, o que motivou a cria\u00e7\u00e3o da sua pr\u00f3pria central.<\/p><p data-start=\"789\" data-end=\"968\">Desde ent\u00e3o, a empresa passou a atender n\u00e3o apenas suas pr\u00f3prias obras, mas tamb\u00e9m clientes externos, mantendo o mesmo padr\u00e3o de exig\u00eancia, organiza\u00e7\u00e3o e responsabilidade t\u00e9cnica.<\/p><p data-start=\"970\" data-end=\"1114\">Hoje, a Lajeresk atua no fornecimento de concreto usinado e argamassa com foco em consist\u00eancia, log\u00edstica eficiente e qualidade em cada entrega.<\/p>\t\t\t\t\t\t\t\t<\/div>\n\t\t\t\t<div class=\"elementor-element elementor-element-c7792b6 elementor-icon-list--layout-traditional elementor-list-item-link-full_width elementor-invisible elementor-widget elementor-widget-icon-list\" data-id=\"c7792b6\" data-element_type=\"widget\" data-settings=\"{&quot;_animation&quot;:&quot;fadeInUp&quot;}\" data-widget_type=\"icon-list.default\">\n\t\t\t\t\t\t\t<ul class=\"elementor-icon-list-items\">\n\t\t\t\t\t\t\t<li class=\"elementor-icon-list-item\">\n\t\t\t\t\t\t\t\t\t\t\t<span class=\"elementor-icon-list-icon\">\n\t\t\t\t\t\t\t<svg aria-hidden=\"true\" class=\"e-font-icon-svg e-fas-circle\" viewBox=\"0 0 512 512\" xmlns=\"http:\/\/www.w3.org\/2000\/svg\"><path d=\"M256 8C119 8 8 119 8 256s111 248 248 248 248-111 248-248S393 8 256 8z\"><\/path><\/svg>\t\t\t\t\t\t<\/span>\n\t\t\t\t\t\t\t\t\t\t<span class=\"elementor-icon-list-text\">Atua\u00e7\u00e3o em Maring\u00e1 e regi\u00e3o<\/span>\n\t\t\t\t\t\t\t\t\t<\/li>\n\t\t\t\t\t\t\t\t<li class=\"elementor-icon-list-item\">\n\t\t\t\t\t\t\t\t\t\t\t<span class=\"elementor-icon-list-icon\">\n\t\t\t\t\t\t\t<svg aria-hidden=\"true\" class=\"e-font-icon-svg e-fas-circle\" viewBox=\"0 0 512 512\" xmlns=\"http:\/\/www.w3.org\/2000\/svg\"><path d=\"M256 8C119 8 8 119 8 256s111 248 248 248 248-111 248-248S393 8 256 8z\"><\/path><\/svg>\t\t\t\t\t\t<\/span>\n\t\t\t\t\t\t\t\t\t\t<span class=\"elementor-icon-list-text\">Atendimento a obras de diferentes portes<\/span>\n\t\t\t\t\t\t\t\t\t<\/li>\n\t\t\t\t\t\t\t\t<li class=\"elementor-icon-list-item\">\n\t\t\t\t\t\t\t\t\t\t\t<span class=\"elementor-icon-list-icon\">\n\t\t\t\t\t\t\t<svg aria-hidden=\"true\" class=\"e-font-icon-svg e-fas-circle\" viewBox=\"0 0 512 512\" xmlns=\"http:\/\/www.w3.org\/2000\/svg\"><path d=\"M256 8C119 8 8 119 8 256s111 248 248 248 248-111 248-248S393 8 256 8z\"><\/path><\/svg>\t\t\t\t\t\t<\/span>\n\t\t\t\t\t\t\t\t\t\t<span class=\"elementor-icon-list-text\">Foco em controle e padroniza\u00e7\u00e3o<\/span>\n\t\t\t\t\t\t\t\t\t<\/li>\n\t\t\t\t\t\t<\/ul>\n\t\t\t\t\t\t<\/div>\n\t\t\t\t<\/div>\n\t\t\t\t\t<\/div>\n\t\t\t\t<\/div>\n\t\t<div class=\"elementor-element elementor-element-f0e60fd e-flex e-con-boxed e-con e-parent\" data-id=\"f0e60fd\" data-element_type=\"container\" data-settings=\"{&quot;background_background&quot;:&quot;classic&quot;}\">\n\t\t\t\t\t<div class=\"e-con-inner\">\n\t\t<div class=\"elementor-element elementor-element-88bbaf5 e-con-full e-flex e-con e-child\" data-id=\"88bbaf5\" data-element_type=\"container\">\n\t\t\t\t<div class=\"elementor-element elementor-element-e1d4439 elementor-widget-divider--view-line elementor-widget elementor-widget-divider\" data-id=\"e1d4439\" data-element_type=\"widget\" data-widget_type=\"divider.default\">\n\t\t\t\t\t\t\t<div class=\"elementor-divider\">\n\t\t\t<span class=\"elementor-divider-separator\">\n\t\t\t\t\t\t<\/span>\n\t\t<\/div>\n\t\t\t\t\t\t<\/div>\n\t\t\t\t<div class=\"elementor-element elementor-element-695183d elementor-widget elementor-widget-heading\" data-id=\"695183d\" data-element_type=\"widget\" data-widget_type=\"heading.default\">\n\t\t\t\t\t<h2 class=\"elementor-heading-title elementor-size-default\">Capacidade operacional<\/h2>\t\t\t\t<\/div>\n\t\t\t\t<div class=\"elementor-element elementor-element-f40218a elementor-invisible elementor-widget elementor-widget-heading\" data-id=\"f40218a\" data-element_type=\"widget\" data-settings=\"{&quot;_animation&quot;:&quot;fadeInLeft&quot;}\" data-widget_type=\"heading.default\">\n\t\t\t\t\t<h2 class=\"elementor-heading-title elementor-size-default\">Estrutura t\u00e9cnica para atender com precis\u00e3o e efici\u00eancia<\/h2>\t\t\t\t<\/div>\n\t\t\t\t<div class=\"elementor-element elementor-element-7faff5d elementor-widget elementor-widget-text-editor\" data-id=\"7faff5d\" data-element_type=\"widget\" data-widget_type=\"text-editor.default\">\n\t\t\t\t\t\t\t\t\t<p data-start=\"1553\" data-end=\"1741\">A opera\u00e7\u00e3o da Lajeresk \u00e9 baseada em processos bem definidos, equipamentos adequados e uma equipe preparada para garantir qualidade em todas as etapas da produ\u00e7\u00e3o ao fornecimento na obra.<\/p><p data-start=\"1743\" data-end=\"1901\">A empresa conta com central automatizada, frota pr\u00f3pria e solu\u00e7\u00f5es que permitem atender com seguran\u00e7a tanto pequenas demandas quanto projetos de maior escala.<\/p>\t\t\t\t\t\t\t\t<\/div>\n\t\t\t\t<div class=\"elementor-element elementor-element-36a9d45 elementor-invisible elementor-widget elementor-widget-html\" data-id=\"36a9d45\" data-element_type=\"widget\" data-settings=\"{&quot;_animation&quot;:&quot;fadeInUp&quot;}\" data-widget_type=\"html.default\">\n\t\t\t\t\t<style>\r\n.valores-lista {\r\n    display: flex;\r\n    flex-direction: column;\r\n    gap: 14px;\r\n    max-width: 500px;\r\n}\r\n\r\n.valor-item {\r\n    display: flex;\r\n    align-items: center;\r\n    gap: 12px;\r\n    font-family: \"Inter\", sans-serif;\r\n    font-size: 1rem;\r\n    color: #2a2a2a;\r\n}\r\n\r\n.valor-item i {\r\n    font-size: 1.1rem;\r\n    color: #0078b6; \/* azul da marca *\/\r\n    min-width: 20px;\r\n}\r\n<\/style>\r\n\r\n<div class=\"valores-lista\">\r\n\r\n    <div class=\"valor-item\">\r\n        <i class=\"fas fa-check-circle\"><\/i>\r\n        Qualidade\r\n    <\/div>\r\n\r\n    <div class=\"valor-item\">\r\n        <i class=\"fas fa-eye\"><\/i>\r\n        Transpar\u00eancia\r\n    <\/div>\r\n\r\n    <div class=\"valor-item\">\r\n        <i class=\"fas fa-shield-alt\"><\/i>\r\n        Responsabilidade\r\n    <\/div>\r\n\r\n    <div class=\"valor-item\">\r\n        <i class=\"fas fa-bolt\"><\/i>\r\n        Efici\u00eancia\r\n    <\/div>\r\n\r\n    <div class=\"valor-item\">\r\n        <i class=\"fas fa-handshake\"><\/i>\r\n        Comprometimento com o cliente\r\n    <\/div>\r\n\r\n<\/div>\t\t\t\t<\/div>\n\t\t\t\t<\/div>\n\t\t<div class=\"elementor-element elementor-element-858ab04 e-con-full e-flex e-con e-child\" data-id=\"858ab04\" data-element_type=\"container\" data-settings=\"{&quot;background_background&quot;:&quot;slideshow&quot;,&quot;background_slideshow_slide_duration&quot;:4000,&quot;background_slideshow_transition_duration&quot;:1500,&quot;background_slideshow_gallery&quot;:[],&quot;background_slideshow_loop&quot;:&quot;yes&quot;,&quot;background_slideshow_slide_transition&quot;:&quot;fade&quot;}\">\n\t\t\t\t<div class=\"elementor-element elementor-element-29ddfb0 elementor-invisible elementor-widget elementor-widget-image\" data-id=\"29ddfb0\" data-element_type=\"widget\" data-settings=\"{&quot;_animation&quot;:&quot;fadeInRight&quot;}\" data-widget_type=\"image.default\">\n\t\t\t\t\t\t\t\t\t\t\t\t\t\t\t<img decoding=\"async\" width=\"768\" height=\"1024\" src=\"https:\/\/sitexis.com.br\/lajeresk\/wp-content\/uploads\/2026\/04\/IMG_1128-1-768x1024.jpg\" class=\"attachment-large size-large wp-image-337\" alt=\"\" srcset=\"https:\/\/sitexis.com.br\/lajeresk\/wp-content\/uploads\/2026\/04\/IMG_1128-1-768x1024.jpg 768w, https:\/\/sitexis.com.br\/lajeresk\/wp-content\/uploads\/2026\/04\/IMG_1128-1-225x300.jpg 225w, https:\/\/sitexis.com.br\/lajeresk\/wp-content\/uploads\/2026\/04\/IMG_1128-1-scaled.jpg 1920w\" sizes=\"(max-width: 768px) 100vw, 768px\" \/>\t\t\t\t\t\t\t\t\t\t\t\t\t\t\t<\/div>\n\t\t\t\t<\/div>\n\t\t\t\t\t<\/div>\n\t\t\t\t<\/div>\n\t\t<div class=\"elementor-element elementor-element-70fb7a0 e-flex e-con-boxed e-con e-parent\" data-id=\"70fb7a0\" data-element_type=\"container\" data-settings=\"{&quot;background_background&quot;:&quot;classic&quot;}\">\n\t\t\t\t\t<div class=\"e-con-inner\">\n\t\t<div class=\"elementor-element elementor-element-7bf58c0 e-con-full e-flex e-con e-child\" data-id=\"7bf58c0\" data-element_type=\"container\" data-settings=\"{&quot;background_background&quot;:&quot;classic&quot;}\">\n\t\t\t\t<div class=\"elementor-element elementor-element-96f82ad elementor-widget elementor-widget-image\" data-id=\"96f82ad\" data-element_type=\"widget\" data-widget_type=\"image.default\">\n\t\t\t\t\t\t\t\t\t\t\t\t\t\t\t<img decoding=\"async\" width=\"800\" height=\"600\" src=\"https:\/\/sitexis.com.br\/lajeresk\/wp-content\/uploads\/2026\/04\/IMG_10711-1-1024x768.jpg\" class=\"attachment-large size-large wp-image-341\" alt=\"\" srcset=\"https:\/\/sitexis.com.br\/lajeresk\/wp-content\/uploads\/2026\/04\/IMG_10711-1-1024x768.jpg 1024w, https:\/\/sitexis.com.br\/lajeresk\/wp-content\/uploads\/2026\/04\/IMG_10711-1-300x225.jpg 300w, https:\/\/sitexis.com.br\/lajeresk\/wp-content\/uploads\/2026\/04\/IMG_10711-1-768x576.jpg 768w\" sizes=\"(max-width: 800px) 100vw, 800px\" \/>\t\t\t\t\t\t\t\t\t\t\t\t\t\t\t<\/div>\n\t\t\t\t<\/div>\n\t\t<div class=\"elementor-element elementor-element-38e1092 e-con-full e-flex e-con e-child\" data-id=\"38e1092\" data-element_type=\"container\">\n\t\t\t\t<div class=\"elementor-element elementor-element-c1fec7c elementor-widget-divider--view-line elementor-widget elementor-widget-divider\" data-id=\"c1fec7c\" data-element_type=\"widget\" data-widget_type=\"divider.default\">\n\t\t\t\t\t\t\t<div class=\"elementor-divider\">\n\t\t\t<span class=\"elementor-divider-separator\">\n\t\t\t\t\t\t<\/span>\n\t\t<\/div>\n\t\t\t\t\t\t<\/div>\n\t\t\t\t<div class=\"elementor-element elementor-element-b98cb79 elementor-widget elementor-widget-heading\" data-id=\"b98cb79\" data-element_type=\"widget\" data-widget_type=\"heading.default\">\n\t\t\t\t\t<h2 class=\"elementor-heading-title elementor-size-default\">Posicionamento<\/h2>\t\t\t\t<\/div>\n\t\t\t\t<div class=\"elementor-element elementor-element-daaa0dc elementor-invisible elementor-widget elementor-widget-heading\" data-id=\"daaa0dc\" data-element_type=\"widget\" data-settings=\"{&quot;_animation&quot;:&quot;fadeInRight&quot;}\" data-widget_type=\"heading.default\">\n\t\t\t\t\t<h2 class=\"elementor-heading-title elementor-size-default\">Compromisso com a qualidade em cada obra atendida<\/h2>\t\t\t\t<\/div>\n\t\t\t\t<div class=\"elementor-element elementor-element-f0b2c79 elementor-widget elementor-widget-text-editor\" data-id=\"f0b2c79\" data-element_type=\"widget\" data-widget_type=\"text-editor.default\">\n\t\t\t\t\t\t\t\t\t<p data-start=\"2339\" data-end=\"2500\">A Lajeresk mant\u00e9m como princ\u00edpio a entrega de solu\u00e7\u00f5es confi\u00e1veis, com aten\u00e7\u00e3o aos detalhes, respeito aos prazos e relacionamento transparente com seus clientes.<\/p><p data-start=\"2502\" data-end=\"2678\">Mais do que fornecer concreto e argamassa, a empresa busca contribuir para o andamento seguro e eficiente de cada obra, com responsabilidade t\u00e9cnica e consist\u00eancia operacional.<\/p>\t\t\t\t\t\t\t\t<\/div>\n\t\t\t\t<div class=\"elementor-element elementor-element-d5ce973 google elementor-mobile-align-center elementor-invisible elementor-widget elementor-widget-button\" data-id=\"d5ce973\" data-element_type=\"widget\" data-settings=\"{&quot;_animation&quot;:&quot;fadeInUp&quot;}\" data-widget_type=\"button.default\">\n\t\t\t\t\t\t\t\t\t\t<a class=\"elementor-button elementor-size-sm elementor-animation-pop\" role=\"button\">\n\t\t\t\t\t\t<span class=\"elementor-button-content-wrapper\">\n\t\t\t\t\t\t<span class=\"elementor-button-icon\">\n\t\t\t\t<svg aria-hidden=\"true\" class=\"e-font-icon-svg e-fas-chevron-circle-right\" viewBox=\"0 0 512 512\" xmlns=\"http:\/\/www.w3.org\/2000\/svg\"><path d=\"M256 8c137 0 248 111 248 248S393 504 256 504 8 393 8 256 119 8 256 8zm113.9 231L234.4 103.5c-9.4-9.4-24.6-9.4-33.9 0l-17 17c-9.4 9.4-9.4 24.6 0 33.9L285.1 256 183.5 357.6c-9.4 9.4-9.4 24.6 0 33.9l17 17c9.4 9.4 24.6 9.4 33.9 0L369.9 273c9.4-9.4 9.4-24.6 0-34z\"><\/path><\/svg>\t\t\t<\/span>\n\t\t\t\t\t\t\t\t\t<span class=\"elementor-button-text\">Fale com a equipe<\/span>\n\t\t\t\t\t<\/span>\n\t\t\t\t\t<\/a>\n\t\t\t\t\t\t\t\t<\/div>\n\t\t\t\t<\/div>\n\t\t\t\t\t<\/div>\n\t\t\t\t<\/div>\n\t\t\t\t<\/div>\n\t\t","protected":false},"excerpt":{"rendered":"<p>Sobre a Lajeresk Sobre a Lajeresk Uma opera\u00e7\u00e3o constru\u00edda a partir da pr\u00e1tica da constru\u00e7\u00e3o civil A Lajeresk nasceu da experi\u00eancia direta no canteiro de obras. Inicialmente atuando como construtora, identificou a necessidade de maior controle e qualidade no fornecimento de concreto, o que motivou a cria\u00e7\u00e3o da sua pr\u00f3pria central. Desde ent\u00e3o, a empresa [&hellip;]<\/p>\n","protected":false},"author":1,"featured_media":0,"parent":0,"menu_order":0,"comment_status":"closed","ping_status":"closed","template":"elementor_header_footer","meta":{"footnotes":""},"class_list":["post-324","page","type-page","status-publish","hentry"],"_links":{"self":[{"href":"https:\/\/sitexis.com.br\/lajeresk\/wp-json\/wp\/v2\/pages\/324","targetHints":{"allow":["GET"]}}],"collection":[{"href":"https:\/\/sitexis.com.br\/lajeresk\/wp-json\/wp\/v2\/pages"}],"about":[{"href":"https:\/\/sitexis.com.br\/lajeresk\/wp-json\/wp\/v2\/types\/page"}],"author":[{"embeddable":true,"href":"https:\/\/sitexis.com.br\/lajeresk\/wp-json\/wp\/v2\/users\/1"}],"replies":[{"embeddable":true,"href":"https:\/\/sitexis.com.br\/lajeresk\/wp-json\/wp\/v2\/comments?post=324"}],"version-history":[{"count":22,"href":"https:\/\/sitexis.com.br\/lajeresk\/wp-json\/wp\/v2\/pages\/324\/revisions"}],"predecessor-version":[{"id":359,"href":"https:\/\/sitexis.com.br\/lajeresk\/wp-json\/wp\/v2\/pages\/324\/revisions\/359"}],"wp:attachment":[{"href":"https:\/\/sitexis.com.br\/lajeresk\/wp-json\/wp\/v2\/media?parent=324"}],"curies":[{"name":"wp","href":"https:\/\/api.w.org\/{rel}","templated":true}]}}