{"id":372,"date":"2026-04-20T13:20:55","date_gmt":"2026-04-20T13:20:55","guid":{"rendered":"https:\/\/sitexis.com.br\/lajeresk\/?page_id=372"},"modified":"2026-04-20T13:26:14","modified_gmt":"2026-04-20T13:26:14","slug":"argamassa","status":"publish","type":"page","link":"https:\/\/sitexis.com.br\/lajeresk\/argamassa\/","title":{"rendered":"Argamassa"},"content":{"rendered":"\t\t<div data-elementor-type=\"wp-page\" data-elementor-id=\"372\" class=\"elementor elementor-372\" data-elementor-post-type=\"page\">\n\t\t\t\t<div class=\"elementor-element elementor-element-ddf04a8 e-flex e-con-boxed e-con e-parent\" data-id=\"ddf04a8\" data-element_type=\"container\" data-settings=\"{&quot;background_background&quot;:&quot;classic&quot;,&quot;shape_divider_bottom&quot;:&quot;curve&quot;,&quot;shape_divider_bottom_negative&quot;:&quot;yes&quot;}\">\n\t\t\t\t\t<div class=\"e-con-inner\">\n\t\t\t\t<div class=\"elementor-shape elementor-shape-bottom\" aria-hidden=\"true\" data-negative=\"true\">\n\t\t\t<svg xmlns=\"http:\/\/www.w3.org\/2000\/svg\" viewBox=\"0 0 1000 100\" preserveAspectRatio=\"none\">\n\t<path class=\"elementor-shape-fill\" d=\"M500,97C126.7,96.3,0.8,19.8,0,0v100l1000,0V1C1000,19.4,873.3,97.8,500,97z\"\/>\n<\/svg>\t\t<\/div>\n\t\t<div class=\"elementor-element elementor-element-ec373d3 e-con-full e-flex e-con e-child\" data-id=\"ec373d3\" data-element_type=\"container\">\n\t\t\t\t<div class=\"elementor-element elementor-element-992d7b1 elementor-widget elementor-widget-heading\" data-id=\"992d7b1\" data-element_type=\"widget\" data-widget_type=\"heading.default\">\n\t\t\t\t\t<h2 class=\"elementor-heading-title elementor-size-default\">Argamassa<\/h2>\t\t\t\t<\/div>\n\t\t\t\t<div class=\"elementor-element elementor-element-9821fe5 elementor-invisible elementor-widget elementor-widget-heading\" data-id=\"9821fe5\" data-element_type=\"widget\" data-settings=\"{&quot;_animation&quot;:&quot;fadeInLeft&quot;}\" data-widget_type=\"heading.default\">\n\t\t\t\t\t<h2 class=\"elementor-heading-title elementor-size-default\">Fornecimento de argamassa com qualidade, padroniza\u00e7\u00e3o e praticidade<\/h2>\t\t\t\t<\/div>\n\t\t\t\t<div class=\"elementor-element elementor-element-04a9ae1 elementor-invisible elementor-widget elementor-widget-text-editor\" data-id=\"04a9ae1\" data-element_type=\"widget\" data-settings=\"{&quot;_animation&quot;:&quot;fadeInUp&quot;}\" data-widget_type=\"text-editor.default\">\n\t\t\t\t\t\t\t\t\t<p data-start=\"438\" data-end=\"585\">A argamassa fornecida pela Lajeresk \u00e9 produzida com controle t\u00e9cnico, garantindo uniformidade, rendimento e melhor desempenho na aplica\u00e7\u00e3o em obra.<\/p><p data-start=\"587\" data-end=\"713\">Com entrega programada e pronta para uso, proporciona mais agilidade, redu\u00e7\u00e3o de desperd\u00edcios e maior qualidade no acabamento.<\/p><p data-start=\"715\" data-end=\"793\">Atendemos obras em Maring\u00e1 e regi\u00e3o com log\u00edstica eficiente e suporte t\u00e9cnico.<\/p>\t\t\t\t\t\t\t\t<\/div>\n\t\t\t\t<div class=\"elementor-element elementor-element-283610d elementor-icon-list--layout-inline elementor-list-item-link-full_width elementor-widget elementor-widget-icon-list\" data-id=\"283610d\" data-element_type=\"widget\" data-widget_type=\"icon-list.default\">\n\t\t\t\t\t\t\t<ul class=\"elementor-icon-list-items elementor-inline-items\">\n\t\t\t\t\t\t\t<li class=\"elementor-icon-list-item elementor-inline-item\">\n\t\t\t\t\t\t\t\t\t\t\t<span class=\"elementor-icon-list-icon\">\n\t\t\t\t\t\t\t<svg aria-hidden=\"true\" class=\"e-font-icon-svg e-fas-circle\" viewBox=\"0 0 512 512\" xmlns=\"http:\/\/www.w3.org\/2000\/svg\"><path d=\"M256 8C119 8 8 119 8 256s111 248 248 248 248-111 248-248S393 8 256 8z\"><\/path><\/svg>\t\t\t\t\t\t<\/span>\n\t\t\t\t\t\t\t\t\t\t<span class=\"elementor-icon-list-text\">Mistura padronizada<\/span>\n\t\t\t\t\t\t\t\t\t<\/li>\n\t\t\t\t\t\t\t\t<li class=\"elementor-icon-list-item elementor-inline-item\">\n\t\t\t\t\t\t\t\t\t\t\t<span class=\"elementor-icon-list-icon\">\n\t\t\t\t\t\t\t<svg aria-hidden=\"true\" class=\"e-font-icon-svg e-fas-circle\" viewBox=\"0 0 512 512\" xmlns=\"http:\/\/www.w3.org\/2000\/svg\"><path d=\"M256 8C119 8 8 119 8 256s111 248 248 248 248-111 248-248S393 8 256 8z\"><\/path><\/svg>\t\t\t\t\t\t<\/span>\n\t\t\t\t\t\t\t\t\t\t<span class=\"elementor-icon-list-text\">Maior produtividade<\/span>\n\t\t\t\t\t\t\t\t\t<\/li>\n\t\t\t\t\t\t\t\t<li class=\"elementor-icon-list-item elementor-inline-item\">\n\t\t\t\t\t\t\t\t\t\t\t<span class=\"elementor-icon-list-icon\">\n\t\t\t\t\t\t\t<svg aria-hidden=\"true\" class=\"e-font-icon-svg e-fas-circle\" viewBox=\"0 0 512 512\" xmlns=\"http:\/\/www.w3.org\/2000\/svg\"><path d=\"M256 8C119 8 8 119 8 256s111 248 248 248 248-111 248-248S393 8 256 8z\"><\/path><\/svg>\t\t\t\t\t\t<\/span>\n\t\t\t\t\t\t\t\t\t\t<span class=\"elementor-icon-list-text\">Redu\u00e7\u00e3o de perdas<\/span>\n\t\t\t\t\t\t\t\t\t<\/li>\n\t\t\t\t\t\t\t\t<li class=\"elementor-icon-list-item elementor-inline-item\">\n\t\t\t\t\t\t\t\t\t\t\t<span class=\"elementor-icon-list-icon\">\n\t\t\t\t\t\t\t<svg aria-hidden=\"true\" class=\"e-font-icon-svg e-fas-circle\" viewBox=\"0 0 512 512\" xmlns=\"http:\/\/www.w3.org\/2000\/svg\"><path d=\"M256 8C119 8 8 119 8 256s111 248 248 248 248-111 248-248S393 8 256 8z\"><\/path><\/svg>\t\t\t\t\t\t<\/span>\n\t\t\t\t\t\t\t\t\t\t<span class=\"elementor-icon-list-text\">Entrega programada<\/span>\n\t\t\t\t\t\t\t\t\t<\/li>\n\t\t\t\t\t\t<\/ul>\n\t\t\t\t\t\t<\/div>\n\t\t\t\t<\/div>\n\t\t<div class=\"elementor-element elementor-element-1ab0a52 e-con-full e-flex e-con e-child\" data-id=\"1ab0a52\" data-element_type=\"container\">\n\t\t\t\t<\/div>\n\t\t\t\t\t<\/div>\n\t\t\t\t<\/div>\n\t\t<div class=\"elementor-element elementor-element-28cc778 e-flex e-con-boxed e-con e-parent\" data-id=\"28cc778\" data-element_type=\"container\">\n\t\t\t\t\t<div class=\"e-con-inner\">\n\t\t<div class=\"elementor-element elementor-element-c2c33f4 e-con-full e-flex e-con e-child\" data-id=\"c2c33f4\" data-element_type=\"container\">\n\t\t\t\t<div class=\"elementor-element elementor-element-1c1d61a elementor-widget elementor-widget-heading\" data-id=\"1c1d61a\" data-element_type=\"widget\" data-widget_type=\"heading.default\">\n\t\t\t\t\t<h2 class=\"elementor-heading-title elementor-size-default\">Sobre o produto<\/h2>\t\t\t\t<\/div>\n\t\t\t\t<div class=\"elementor-element elementor-element-bb369d9 elementor-invisible elementor-widget elementor-widget-heading\" data-id=\"bb369d9\" data-element_type=\"widget\" data-settings=\"{&quot;_animation&quot;:&quot;fadeInUp&quot;}\" data-widget_type=\"heading.default\">\n\t\t\t\t\t<h2 class=\"elementor-heading-title elementor-size-default\">Solu\u00e7\u00f5es em argamassa para diferentes aplica\u00e7\u00f5es<\/h2>\t\t\t\t<\/div>\n\t\t\t\t<\/div>\n\t\t\t\t<div class=\"elementor-element elementor-element-9c84ec5 elementor-widget elementor-widget-text-editor\" data-id=\"9c84ec5\" data-element_type=\"widget\" data-widget_type=\"text-editor.default\">\n\t\t\t\t\t\t\t\t\t<p data-start=\"1221\" data-end=\"1350\">A argamassa industrializada oferece maior controle na composi\u00e7\u00e3o, garantindo melhor ader\u00eancia, resist\u00eancia e acabamento uniforme.<\/p><p data-start=\"1352\" data-end=\"1465\">Ao utilizar argamassa fornecida em central, a obra ganha em produtividade e reduz erros comuns de preparo manual.<\/p>\t\t\t\t\t\t\t\t<\/div>\n\t\t<div class=\"elementor-element elementor-element-fefc86f e-con-full e-flex e-con e-child\" data-id=\"fefc86f\" data-element_type=\"container\">\n\t\t\t\t<div class=\"elementor-element elementor-element-c44ea95 elementor-widget elementor-widget-html\" data-id=\"c44ea95\" data-element_type=\"widget\" data-widget_type=\"html.default\">\n\t\t\t\t\t<style>\r\n.lajeresk-cards {\r\n    display: grid;\r\n    grid-template-columns: repeat(2, 1fr);\r\n    gap: 22px;\r\n    width: 100%;\r\n}\r\n\r\n.lajeresk-card {\r\n    position: relative;\r\n    padding: 30px 26px;\r\n    border-radius: 18px;\r\n    background: #ffffff;\r\n    border: 1px solid #e6edf3;\r\n    transition: all .3s ease;\r\n    overflow: hidden;\r\n}\r\n\r\n\/* Linha superior elegante *\/\r\n.lajeresk-card::before {\r\n    content: \"\";\r\n    position: absolute;\r\n    top: 0;\r\n    left: 0;\r\n    width: 100%;\r\n    height: 3px;\r\n    background: linear-gradient(90deg, #0078b6, #3eb9b4);\r\n    opacity: 0;\r\n    transition: opacity .3s ease;\r\n}\r\n\r\n\/* Hover *\/\r\n.lajeresk-card:hover {\r\n    transform: translateY(-4px);\r\n    border-color: #cfe3f0;\r\n    box-shadow: 0 15px 35px rgba(0, 120, 182, 0.08);\r\n}\r\n\r\n.lajeresk-card:hover::before {\r\n    opacity: 1;\r\n}\r\n\r\n.lajeresk-card h3 {\r\n    font-size: 1.2rem;\r\n    font-weight: 700;\r\n    color: #1f1f1f;\r\n    margin-bottom: 10px;\r\n}\r\n\r\n.lajeresk-card p {\r\n    font-size: 0.95rem;\r\n    line-height: 1.6;\r\n    color: #5a6472;\r\n    margin: 0;\r\n}\r\n\r\n\/* Responsivo *\/\r\n@media (max-width: 768px) {\r\n    .lajeresk-cards {\r\n        grid-template-columns: 1fr;\r\n    }\r\n}\r\n<\/style>\r\n\r\n<div class=\"lajeresk-cards\">\r\n\r\n    <div class=\"lajeresk-card\">\r\n        <h3>Argamassa para Reboco<\/h3>\r\n        <p>\r\n            Indicada para revestimento de paredes, proporcionando acabamento uniforme, melhor ader\u00eancia e maior qualidade no resultado final.\r\n        <\/p>\r\n    <\/div>\r\n\r\n    <div class=\"lajeresk-card\">\r\n        <h3>Argamassa Estabilizada<\/h3>\r\n        <p>\r\n            Mant\u00e9m a trabalhabilidade por mais tempo, sendo ideal para obras que exigem maior controle na aplica\u00e7\u00e3o e melhor aproveitamento do material.\r\n        <\/p>\r\n    <\/div>\r\n\r\n<\/div>\t\t\t\t<\/div>\n\t\t\t\t<\/div>\n\t\t\t\t\t<\/div>\n\t\t\t\t<\/div>\n\t\t<div class=\"elementor-element elementor-element-f47ce16 e-flex e-con-boxed e-con e-parent\" data-id=\"f47ce16\" data-element_type=\"container\" data-settings=\"{&quot;background_background&quot;:&quot;classic&quot;}\">\n\t\t\t\t\t<div class=\"e-con-inner\">\n\t\t<div class=\"elementor-element elementor-element-3282384 e-con-full e-flex e-con e-child\" data-id=\"3282384\" data-element_type=\"container\" data-settings=\"{&quot;background_background&quot;:&quot;slideshow&quot;,&quot;background_slideshow_gallery&quot;:[{&quot;id&quot;:251,&quot;url&quot;:&quot;https:\\\/\\\/sitexis.com.br\\\/lajeresk\\\/wp-content\\\/uploads\\\/2026\\\/04\\\/IMG_1139-scaled.jpg&quot;},{&quot;id&quot;:250,&quot;url&quot;:&quot;https:\\\/\\\/sitexis.com.br\\\/lajeresk\\\/wp-content\\\/uploads\\\/2026\\\/04\\\/IMG_1128-scaled.jpg&quot;},{&quot;id&quot;:249,&quot;url&quot;:&quot;https:\\\/\\\/sitexis.com.br\\\/lajeresk\\\/wp-content\\\/uploads\\\/2026\\\/04\\\/IMG_11261-scaled.jpg&quot;},{&quot;id&quot;:248,&quot;url&quot;:&quot;https:\\\/\\\/sitexis.com.br\\\/lajeresk\\\/wp-content\\\/uploads\\\/2026\\\/04\\\/IMG_10711-scaled.jpg&quot;},{&quot;id&quot;:246,&quot;url&quot;:&quot;https:\\\/\\\/sitexis.com.br\\\/lajeresk\\\/wp-content\\\/uploads\\\/2026\\\/04\\\/IMG_1018-scaled.jpg&quot;},{&quot;id&quot;:245,&quot;url&quot;:&quot;https:\\\/\\\/sitexis.com.br\\\/lajeresk\\\/wp-content\\\/uploads\\\/2026\\\/04\\\/IMG_0832-scaled.jpg&quot;},{&quot;id&quot;:244,&quot;url&quot;:&quot;https:\\\/\\\/sitexis.com.br\\\/lajeresk\\\/wp-content\\\/uploads\\\/2026\\\/04\\\/IMG_0819-scaled.jpg&quot;},{&quot;id&quot;:243,&quot;url&quot;:&quot;https:\\\/\\\/sitexis.com.br\\\/lajeresk\\\/wp-content\\\/uploads\\\/2026\\\/04\\\/IMG_1129-scaled.jpg&quot;}],&quot;background_slideshow_slide_duration&quot;:4000,&quot;background_slideshow_transition_duration&quot;:1500,&quot;background_slideshow_loop&quot;:&quot;yes&quot;,&quot;background_slideshow_slide_transition&quot;:&quot;fade&quot;}\">\n\t\t\t\t<\/div>\n\t\t<div class=\"elementor-element elementor-element-4209edc e-con-full e-flex e-con e-child\" data-id=\"4209edc\" data-element_type=\"container\">\n\t\t\t\t<div class=\"elementor-element elementor-element-46ee827 elementor-widget-divider--view-line elementor-widget elementor-widget-divider\" data-id=\"46ee827\" data-element_type=\"widget\" data-widget_type=\"divider.default\">\n\t\t\t\t\t\t\t<div class=\"elementor-divider\">\n\t\t\t<span class=\"elementor-divider-separator\">\n\t\t\t\t\t\t<\/span>\n\t\t<\/div>\n\t\t\t\t\t\t<\/div>\n\t\t\t\t<div class=\"elementor-element elementor-element-e10661c elementor-widget elementor-widget-heading\" data-id=\"e10661c\" data-element_type=\"widget\" data-widget_type=\"heading.default\">\n\t\t\t\t\t<h2 class=\"elementor-heading-title elementor-size-default\">Opera\u00e7\u00e3o<\/h2>\t\t\t\t<\/div>\n\t\t\t\t<div class=\"elementor-element elementor-element-a1320a7 elementor-invisible elementor-widget elementor-widget-heading\" data-id=\"a1320a7\" data-element_type=\"widget\" data-settings=\"{&quot;_animation&quot;:&quot;fadeInRight&quot;}\" data-widget_type=\"heading.default\">\n\t\t\t\t\t<h2 class=\"elementor-heading-title elementor-size-default\">Uma solu\u00e7\u00e3o pensada para otimizar o desempenho da sua obra<\/h2>\t\t\t\t<\/div>\n\t\t\t\t<div class=\"elementor-element elementor-element-2ab9d12 elementor-widget elementor-widget-text-editor\" data-id=\"2ab9d12\" data-element_type=\"widget\" data-widget_type=\"text-editor.default\">\n\t\t\t\t\t\t\t\t\t<p data-start=\"1997\" data-end=\"2162\">A Lajeresk conta com estrutura pr\u00f3pria e processos organizados para garantir que a argamassa seja entregue pronta para uso, dentro das condi\u00e7\u00f5es ideais de aplica\u00e7\u00e3o.<\/p><p data-start=\"2164\" data-end=\"2237\">Esse modelo reduz etapas na obra e melhora o controle do resultado final.<\/p>\t\t\t\t\t\t\t\t<\/div>\n\t\t\t\t<div class=\"elementor-element elementor-element-4afe084 elementor-widget elementor-widget-html\" data-id=\"4afe084\" data-element_type=\"widget\" data-widget_type=\"html.default\">\n\t\t\t\t\t<style>\r\n.lajeresk-steps {\r\n    display: grid;\r\n    grid-template-columns: repeat(5, 1fr);\r\n    gap: 18px;\r\n    width: 100%;\r\n    align-items: start;\r\n}\r\n\r\n.lajeresk-step {\r\n    text-align: center;\r\n    font-family: \"Inter\", sans-serif;\r\n    padding: 10px;\r\n}\r\n\r\n.lajeresk-step-icon {\r\n    width: 48px;\r\n    height: 48px;\r\n    margin: 0 auto 10px;\r\n    border-radius: 12px;\r\n    background: rgba(0, 120, 182, 0.08);\r\n    display: flex;\r\n    align-items: center;\r\n    justify-content: center;\r\n    color: #0078b6;\r\n    font-size: 1.1rem;\r\n}\r\n\r\n.lajeresk-step span {\r\n    display: block;\r\n    font-size: 0.92rem;\r\n    line-height: 1.4;\r\n    color: #2a2a2a;\r\n}\r\n\r\n\/* Responsivo *\/\r\n@media (max-width: 900px) {\r\n    .lajeresk-steps {\r\n        grid-template-columns: repeat(2, 1fr);\r\n    }\r\n}\r\n\r\n@media (max-width: 500px) {\r\n    .lajeresk-steps {\r\n        grid-template-columns: 1fr;\r\n    }\r\n}\r\n<\/style>\r\n\r\n<div class=\"lajeresk-steps\">\r\n\r\n    <div class=\"lajeresk-step\">\r\n        <div class=\"lajeresk-step-icon\">\r\n            <i class=\"fas fa-clipboard-list\"><\/i>\r\n        <\/div>\r\n        <span>Defini\u00e7\u00e3o da necessidade<\/span>\r\n    <\/div>\r\n\r\n    <div class=\"lajeresk-step\">\r\n        <div class=\"lajeresk-step-icon\">\r\n            <i class=\"fas fa-calendar-check\"><\/i>\r\n        <\/div>\r\n        <span>Programa\u00e7\u00e3o da entrega<\/span>\r\n    <\/div>\r\n\r\n    <div class=\"lajeresk-step\">\r\n        <div class=\"lajeresk-step-icon\">\r\n            <i class=\"fas fa-industry\"><\/i>\r\n        <\/div>\r\n        <span>Produ\u00e7\u00e3o em central<\/span>\r\n    <\/div>\r\n\r\n    <div class=\"lajeresk-step\">\r\n        <div class=\"lajeresk-step-icon\">\r\n            <i class=\"fas fa-truck\"><\/i>\r\n        <\/div>\r\n        <span>Transporte at\u00e9 a obra<\/span>\r\n    <\/div>\r\n\r\n    <div class=\"lajeresk-step\">\r\n        <div class=\"lajeresk-step-icon\">\r\n            <i class=\"fas fa-tools\"><\/i>\r\n        <\/div>\r\n        <span>Aplica\u00e7\u00e3o com maior controle<\/span>\r\n    <\/div>\r\n\r\n<\/div>\t\t\t\t<\/div>\n\t\t\t\t<div class=\"elementor-element elementor-element-67b1d73 google elementor-mobile-align-center elementor-invisible elementor-widget elementor-widget-button\" data-id=\"67b1d73\" data-element_type=\"widget\" data-settings=\"{&quot;_animation&quot;:&quot;fadeInUp&quot;}\" data-widget_type=\"button.default\">\n\t\t\t\t\t\t\t\t\t\t<a class=\"elementor-button elementor-size-sm elementor-animation-pop\" role=\"button\">\n\t\t\t\t\t\t<span class=\"elementor-button-content-wrapper\">\n\t\t\t\t\t\t<span class=\"elementor-button-icon\">\n\t\t\t\t<svg aria-hidden=\"true\" class=\"e-font-icon-svg e-fas-chevron-circle-right\" viewBox=\"0 0 512 512\" xmlns=\"http:\/\/www.w3.org\/2000\/svg\"><path d=\"M256 8c137 0 248 111 248 248S393 504 256 504 8 393 8 256 119 8 256 8zm113.9 231L234.4 103.5c-9.4-9.4-24.6-9.4-33.9 0l-17 17c-9.4 9.4-9.4 24.6 0 33.9L285.1 256 183.5 357.6c-9.4 9.4-9.4 24.6 0 33.9l17 17c9.4 9.4 24.6 9.4 33.9 0L369.9 273c9.4-9.4 9.4-24.6 0-34z\"><\/path><\/svg>\t\t\t<\/span>\n\t\t\t\t\t\t\t\t\t<span class=\"elementor-button-text\">Solicitar or\u00e7amento<\/span>\n\t\t\t\t\t<\/span>\n\t\t\t\t\t<\/a>\n\t\t\t\t\t\t\t\t<\/div>\n\t\t\t\t<\/div>\n\t\t\t\t\t<\/div>\n\t\t\t\t<\/div>\n\t\t\t\t<\/div>\n\t\t","protected":false},"excerpt":{"rendered":"<p>Argamassa Fornecimento de argamassa com qualidade, padroniza\u00e7\u00e3o e praticidade A argamassa fornecida pela Lajeresk \u00e9 produzida com controle t\u00e9cnico, garantindo uniformidade, rendimento e melhor desempenho na aplica\u00e7\u00e3o em obra. Com entrega programada e pronta para uso, proporciona mais agilidade, redu\u00e7\u00e3o de desperd\u00edcios e maior qualidade no acabamento. Atendemos obras em Maring\u00e1 e regi\u00e3o com log\u00edstica [&hellip;]<\/p>\n","protected":false},"author":1,"featured_media":0,"parent":0,"menu_order":0,"comment_status":"closed","ping_status":"closed","template":"elementor_header_footer","meta":{"footnotes":""},"class_list":["post-372","page","type-page","status-publish","hentry"],"_links":{"self":[{"href":"https:\/\/sitexis.com.br\/lajeresk\/wp-json\/wp\/v2\/pages\/372","targetHints":{"allow":["GET"]}}],"collection":[{"href":"https:\/\/sitexis.com.br\/lajeresk\/wp-json\/wp\/v2\/pages"}],"about":[{"href":"https:\/\/sitexis.com.br\/lajeresk\/wp-json\/wp\/v2\/types\/page"}],"author":[{"embeddable":true,"href":"https:\/\/sitexis.com.br\/lajeresk\/wp-json\/wp\/v2\/users\/1"}],"replies":[{"embeddable":true,"href":"https:\/\/sitexis.com.br\/lajeresk\/wp-json\/wp\/v2\/comments?post=372"}],"version-history":[{"count":7,"href":"https:\/\/sitexis.com.br\/lajeresk\/wp-json\/wp\/v2\/pages\/372\/revisions"}],"predecessor-version":[{"id":380,"href":"https:\/\/sitexis.com.br\/lajeresk\/wp-json\/wp\/v2\/pages\/372\/revisions\/380"}],"wp:attachment":[{"href":"https:\/\/sitexis.com.br\/lajeresk\/wp-json\/wp\/v2\/media?parent=372"}],"curies":[{"name":"wp","href":"https:\/\/api.w.org\/{rel}","templated":true}]}}