{"id":105,"date":"2026-05-11T19:33:16","date_gmt":"2026-05-11T19:33:16","guid":{"rendered":"https:\/\/sitexis.com.br\/marcoscorpa\/?page_id=105"},"modified":"2026-05-11T21:26:19","modified_gmt":"2026-05-11T21:26:19","slug":"exames","status":"publish","type":"page","link":"https:\/\/sitexis.com.br\/marcoscorpa\/exames\/","title":{"rendered":"Exames"},"content":{"rendered":"\t\t<div data-elementor-type=\"wp-page\" data-elementor-id=\"105\" class=\"elementor elementor-105\" data-elementor-post-type=\"page\">\n\t\t\t\t<div class=\"elementor-element elementor-element-3ccd26a e-flex e-con-boxed e-con e-parent\" data-id=\"3ccd26a\" data-element_type=\"container\" data-e-type=\"container\" data-settings=\"{&quot;background_background&quot;:&quot;classic&quot;}\">\n\t\t\t\t\t<div class=\"e-con-inner\">\n\t\t<div class=\"elementor-element elementor-element-abd951e e-con-full e-flex e-con e-child\" data-id=\"abd951e\" data-element_type=\"container\" data-e-type=\"container\">\n\t\t\t\t<div class=\"elementor-element elementor-element-c7458c8 elementor-widget elementor-widget-heading\" data-id=\"c7458c8\" data-element_type=\"widget\" data-e-type=\"widget\" data-widget_type=\"heading.default\">\n\t\t\t\t\t<h2 class=\"elementor-heading-title elementor-size-default\">Exames<\/h2>\t\t\t\t<\/div>\n\t\t\t\t<div class=\"elementor-element elementor-element-4a604aa elementor-widget__width-initial elementor-invisible elementor-widget elementor-widget-heading\" data-id=\"4a604aa\" data-element_type=\"widget\" data-e-type=\"widget\" data-settings=\"{&quot;_animation&quot;:&quot;fadeInLeft&quot;}\" data-widget_type=\"heading.default\">\n\t\t\t\t\t<h2 class=\"elementor-heading-title elementor-size-default\">Exames de imagem com tecnologia e precis\u00e3o<\/h2>\t\t\t\t<\/div>\n\t\t\t\t<div class=\"elementor-element elementor-element-d8f0e46 elementor-widget__width-initial elementor-widget elementor-widget-text-editor\" data-id=\"d8f0e46\" data-element_type=\"widget\" data-e-type=\"widget\" data-widget_type=\"text-editor.default\">\n\t\t\t\t\t\t\t\t\t<p>Estrutura completa em diagn\u00f3stico por imagem para diferentes especialidades m\u00e9dicas.<\/p>\t\t\t\t\t\t\t\t<\/div>\n\t\t\t\t<\/div>\n\t\t\t\t\t<\/div>\n\t\t\t\t<\/div>\n\t\t<div class=\"elementor-element elementor-element-42d8b76 e-flex e-con-boxed e-con e-parent\" data-id=\"42d8b76\" data-element_type=\"container\" data-e-type=\"container\" data-settings=\"{&quot;background_background&quot;:&quot;classic&quot;}\">\n\t\t\t\t\t<div class=\"e-con-inner\">\n\t\t<div class=\"elementor-element elementor-element-5f64d1a e-con-full e-flex e-con e-child\" data-id=\"5f64d1a\" data-element_type=\"container\" data-e-type=\"container\">\n\t\t\t\t<div class=\"elementor-element elementor-element-55b1ef5 elementor-invisible elementor-widget elementor-widget-html\" data-id=\"55b1ef5\" data-element_type=\"widget\" data-e-type=\"widget\" data-settings=\"{&quot;_animation&quot;:&quot;fadeInUp&quot;}\" data-widget_type=\"html.default\">\n\t\t\t\t\t<link href=\"https:\/\/fonts.googleapis.com\/css2?family=Inter:wght@400;500;600;700&display=swap\" rel=\"stylesheet\">\r\n\r\n<style>\r\n  #cards-servicos * {\r\n    margin: 0;\r\n    padding: 0;\r\n    box-sizing: border-box;\r\n  }\r\n\r\n  #cards-servicos {\r\n    display: grid;\r\n    grid-template-columns: repeat(3, 1fr);\r\n    gap: 20px;\r\n    width: 100%;\r\n    font-family: 'Inter', sans-serif;\r\n  }\r\n\r\n  #cards-servicos .serv-card {\r\n    background: linear-gradient(145deg, #ffffff 0%, #f4f6f9 100%);\r\n    border: 1px solid #e8eef4;\r\n    border-radius: 20px;\r\n    padding: 32px 28px 28px;\r\n    display: flex;\r\n    flex-direction: column;\r\n    cursor: pointer;\r\n    position: relative;\r\n    overflow: hidden;\r\n    transition:\r\n      transform 0.35s cubic-bezier(.22,.68,0,1.2),\r\n      box-shadow 0.35s ease,\r\n      border-color 0.35s ease;\r\n  }\r\n\r\n  \/* Barra laranja na base *\/\r\n  #cards-servicos .serv-card::before {\r\n    content: '';\r\n    position: absolute;\r\n    bottom: 0; left: 0; right: 0;\r\n    height: 3px;\r\n    background: linear-gradient(90deg, #F4901F, #f7b566);\r\n    transform: scaleX(0);\r\n    transform-origin: left;\r\n    transition: transform 0.4s ease;\r\n    border-radius: 0 0 20px 20px;\r\n  }\r\n\r\n  \/* Brilho laranja sutil no canto *\/\r\n  #cards-servicos .serv-card::after {\r\n    content: '';\r\n    position: absolute;\r\n    top: -50px; right: -50px;\r\n    width: 140px; height: 140px;\r\n    border-radius: 50%;\r\n    background: radial-gradient(circle, rgba(244,144,31,0.08) 0%, transparent 70%);\r\n    opacity: 0;\r\n    transition: opacity 0.4s ease;\r\n    pointer-events: none;\r\n  }\r\n\r\n  #cards-servicos .serv-card:hover {\r\n    transform: translateY(-8px);\r\n    box-shadow: 0 20px 48px rgba(244,144,31,0.11);\r\n    border-color: #f7c48a;\r\n  }\r\n\r\n  #cards-servicos .serv-card:hover::before { transform: scaleX(1); }\r\n  #cards-servicos .serv-card:hover::after  { opacity: 1; }\r\n\r\n  \/* \u00cdcone *\/\r\n  #cards-servicos .serv-icon {\r\n    width: 52px;\r\n    height: 52px;\r\n    background: linear-gradient(135deg, #f0f4f8, #dde4ed);\r\n    border-radius: 14px;\r\n    display: flex;\r\n    align-items: center;\r\n    justify-content: center;\r\n    margin-bottom: 28px;\r\n    position: relative;\r\n    z-index: 1;\r\n    transition: background 0.35s ease, transform 0.35s ease;\r\n  }\r\n\r\n  #cards-servicos .serv-card:hover .serv-icon {\r\n    background: linear-gradient(135deg, #fff0e0, #fddcb5);\r\n    transform: scale(1.1) rotate(-4deg);\r\n  }\r\n\r\n  #cards-servicos .serv-icon svg {\r\n    width: 24px;\r\n    height: 24px;\r\n    stroke: #4a6a88;\r\n    fill: none;\r\n    stroke-width: 1.6;\r\n    stroke-linecap: round;\r\n    stroke-linejoin: round;\r\n    transition: stroke 0.35s ease;\r\n  }\r\n\r\n  #cards-servicos .serv-card:hover .serv-icon svg { stroke: #d4760e; }\r\n\r\n  \/* fix fill do c\u00edrculo da resson\u00e2ncia *\/\r\n  #cards-servicos .serv-icon svg circle[fill] { transition: fill 0.35s ease; }\r\n  #cards-servicos .serv-card:hover .serv-icon svg circle[fill] { fill: #d4760e; }\r\n\r\n  #cards-servicos .serv-title {\r\n    font-size: 1.05rem;\r\n    font-weight: 700;\r\n    color: #152a3e;\r\n    margin-bottom: 10px;\r\n    line-height: 1.3;\r\n    position: relative;\r\n    z-index: 1;\r\n    transition: color 0.3s ease;\r\n  }\r\n\r\n  #cards-servicos .serv-card:hover .serv-title { color: #d4760e; }\r\n\r\n  #cards-servicos .serv-desc {\r\n    font-size: 0.865rem;\r\n    font-weight: 400;\r\n    color: #6b8296;\r\n    line-height: 1.65;\r\n    flex: 1;\r\n    margin-bottom: 24px;\r\n    position: relative;\r\n    z-index: 1;\r\n  }\r\n\r\n  #cards-servicos .serv-links {\r\n    display: flex;\r\n    align-items: center;\r\n    gap: 14px;\r\n    flex-wrap: wrap;\r\n    position: relative;\r\n    z-index: 1;\r\n  }\r\n\r\n  \/* Saiba mais *\/\r\n  #cards-servicos .serv-link {\r\n    display: inline-flex;\r\n    align-items: center;\r\n    gap: 5px;\r\n    font-size: 0.875rem;\r\n    font-weight: 600;\r\n    color: #4a6a88;\r\n    text-decoration: none;\r\n    transition: gap 0.25s ease, color 0.25s ease;\r\n  }\r\n\r\n  #cards-servicos .serv-card:hover .serv-link {\r\n    gap: 9px;\r\n    color: #d4760e;\r\n  }\r\n\r\n  #cards-servicos .serv-link svg {\r\n    width: 14px;\r\n    height: 14px;\r\n    stroke: currentColor;\r\n    fill: none;\r\n    stroke-width: 2.2;\r\n    stroke-linecap: round;\r\n    stroke-linejoin: round;\r\n    transition: transform 0.25s ease;\r\n  }\r\n\r\n  #cards-servicos .serv-card:hover .serv-link svg { transform: translateX(3px); }\r\n\r\n  \/* Bot\u00e3o Solicitar exame \u2014 laranja *\/\r\n  #cards-servicos .serv-cta {\r\n    display: inline-flex;\r\n    align-items: center;\r\n    gap: 6px;\r\n    font-size: 0.8rem;\r\n    font-weight: 600;\r\n    color: #ffffff;\r\n    background: #F4901F;\r\n    text-decoration: none;\r\n    padding: 7px 14px;\r\n    border-radius: 8px;\r\n    white-space: nowrap;\r\n    transition: background 0.25s ease, transform 0.25s ease;\r\n  }\r\n\r\n  #cards-servicos .serv-cta:hover {\r\n    background: #d4760e;\r\n    transform: translateY(-1px);\r\n  }\r\n\r\n  #cards-servicos .serv-cta svg {\r\n    width: 13px;\r\n    height: 13px;\r\n    stroke: #ffffff;\r\n    fill: none;\r\n    stroke-width: 2.2;\r\n    stroke-linecap: round;\r\n    stroke-linejoin: round;\r\n  }\r\n\r\n  @media (max-width: 900px) {\r\n    #cards-servicos { grid-template-columns: repeat(2, 1fr); }\r\n  }\r\n  @media (max-width: 540px) {\r\n    #cards-servicos { grid-template-columns: 1fr; }\r\n  }\r\n<\/style>\r\n\r\n<div id=\"cards-servicos\">\r\n\r\n  <!-- Ultrassonografia -->\r\n  <div class=\"serv-card\">\r\n    <div class=\"serv-icon\">\r\n      <svg viewBox=\"0 0 24 24\">\r\n        <path d=\"M2 12c0-1 .5-2 1.5-2.5M5 12c0-1.7 1.3-3 3-3M8 12a4 4 0 0 1 4-4M22 12c0-1-.5-2-1.5-2.5M19 12c0-1.7-1.3-3-3-3M16 12a4 4 0 0 0-4-4\"\/>\r\n        <rect x=\"10\" y=\"12\" width=\"4\" height=\"8\" rx=\"2\"\/>\r\n        <line x1=\"12\" y1=\"20\" x2=\"12\" y2=\"22\"\/><line x1=\"9\" y1=\"22\" x2=\"15\" y2=\"22\"\/>\r\n      <\/svg>\r\n    <\/div>\r\n    <span class=\"serv-title\">Ultrassonografia<\/span>\r\n    <span class=\"serv-desc\">Imagens em tempo real para avalia\u00e7\u00e3o de \u00f3rg\u00e3os, gesta\u00e7\u00e3o e tecidos moles.<\/span>\r\n    <div class=\"serv-links\">\r\n      <a class=\"serv-link\" href=\"#\">Saiba mais <svg viewBox=\"0 0 24 24\"><line x1=\"5\" y1=\"12\" x2=\"19\" y2=\"12\"\/><polyline points=\"12 5 19 12 12 19\"\/><\/svg><\/a>\r\n      <a class=\"serv-cta\" href=\"#\">Solicitar exame <svg viewBox=\"0 0 24 24\"><path d=\"M5 12h14M12 5l7 7-7 7\"\/><\/svg><\/a>\r\n    <\/div>\r\n  <\/div>\r\n\r\n  <!-- Raio-X Digital -->\r\n  <div class=\"serv-card\">\r\n    <div class=\"serv-icon\">\r\n      <svg viewBox=\"0 0 24 24\">\r\n        <rect x=\"3\" y=\"3\" width=\"18\" height=\"18\" rx=\"3\"\/>\r\n        <line x1=\"9\" y1=\"3\" x2=\"9\" y2=\"21\"\/><line x1=\"15\" y1=\"3\" x2=\"15\" y2=\"21\"\/>\r\n        <line x1=\"3\" y1=\"9\" x2=\"9\" y2=\"9\"\/><line x1=\"3\" y1=\"15\" x2=\"9\" y2=\"15\"\/>\r\n        <line x1=\"15\" y1=\"9\" x2=\"21\" y2=\"9\"\/><line x1=\"15\" y1=\"15\" x2=\"21\" y2=\"15\"\/>\r\n        <line x1=\"9\" y1=\"12\" x2=\"15\" y2=\"12\"\/>\r\n      <\/svg>\r\n    <\/div>\r\n    <span class=\"serv-title\">Raio-X Digital<\/span>\r\n    <span class=\"serv-desc\">Radiografia digital de alta resolu\u00e7\u00e3o com baixa dose de radia\u00e7\u00e3o.<\/span>\r\n    <div class=\"serv-links\">\r\n      <a class=\"serv-link\" href=\"#\">Saiba mais <svg viewBox=\"0 0 24 24\"><line x1=\"5\" y1=\"12\" x2=\"19\" y2=\"12\"\/><polyline points=\"12 5 19 12 12 19\"\/><\/svg><\/a>\r\n      <a class=\"serv-cta\" href=\"#\">Solicitar exame <svg viewBox=\"0 0 24 24\"><path d=\"M5 12h14M12 5l7 7-7 7\"\/><\/svg><\/a>\r\n    <\/div>\r\n  <\/div>\r\n\r\n  <!-- Tomografia Computadorizada -->\r\n  <div class=\"serv-card\">\r\n    <div class=\"serv-icon\">\r\n      <svg viewBox=\"0 0 24 24\">\r\n        <circle cx=\"12\" cy=\"12\" r=\"4\"\/>\r\n        <path d=\"M3 7V5a2 2 0 0 1 2-2h2\"\/><path d=\"M17 3h2a2 2 0 0 1 2 2v2\"\/>\r\n        <path d=\"M21 17v2a2 2 0 0 1-2 2h-2\"\/><path d=\"M7 21H5a2 2 0 0 1-2-2v-2\"\/>\r\n        <line x1=\"12\" y1=\"2\" x2=\"12\" y2=\"8\"\/><line x1=\"12\" y1=\"16\" x2=\"12\" y2=\"22\"\/>\r\n        <line x1=\"2\" y1=\"12\" x2=\"8\" y2=\"12\"\/><line x1=\"16\" y1=\"12\" x2=\"22\" y2=\"12\"\/>\r\n      <\/svg>\r\n    <\/div>\r\n    <span class=\"serv-title\">Tomografia Computadorizada<\/span>\r\n    <span class=\"serv-desc\">Imagens detalhadas em cortes finos para diagn\u00f3stico preciso.<\/span>\r\n    <div class=\"serv-links\">\r\n      <a class=\"serv-link\" href=\"#\">Saiba mais <svg viewBox=\"0 0 24 24\"><line x1=\"5\" y1=\"12\" x2=\"19\" y2=\"12\"\/><polyline points=\"12 5 19 12 12 19\"\/><\/svg><\/a>\r\n      <a class=\"serv-cta\" href=\"#\">Solicitar exame <svg viewBox=\"0 0 24 24\"><path d=\"M5 12h14M12 5l7 7-7 7\"\/><\/svg><\/a>\r\n    <\/div>\r\n  <\/div>\r\n\r\n  <!-- Mamografia Digital -->\r\n  <div class=\"serv-card\">\r\n    <div class=\"serv-icon\">\r\n      <svg viewBox=\"0 0 24 24\">\r\n        <path d=\"M19 14c1.49-1.46 3-3.21 3-5.5A5.5 5.5 0 0 0 16.5 3c-1.76 0-3 .5-4.5 2-1.5-1.5-2.74-2-4.5-2A5.5 5.5 0 0 0 2 8.5c0 2.3 1.5 4.05 3 5.5l7 7 7-7z\"\/>\r\n        <line x1=\"12\" y1=\"8\" x2=\"12\" y2=\"14\"\/><line x1=\"9\" y1=\"11\" x2=\"15\" y2=\"11\"\/>\r\n      <\/svg>\r\n    <\/div>\r\n    <span class=\"serv-title\">Mamografia Digital<\/span>\r\n    <span class=\"serv-desc\">Rastreamento e diagn\u00f3stico precoce do c\u00e2ncer de mama.<\/span>\r\n    <div class=\"serv-links\">\r\n      <a class=\"serv-link\" href=\"#\">Saiba mais <svg viewBox=\"0 0 24 24\"><line x1=\"5\" y1=\"12\" x2=\"19\" y2=\"12\"\/><polyline points=\"12 5 19 12 12 19\"\/><\/svg><\/a>\r\n      <a class=\"serv-cta\" href=\"#\">Solicitar exame <svg viewBox=\"0 0 24 24\"><path d=\"M5 12h14M12 5l7 7-7 7\"\/><\/svg><\/a>\r\n    <\/div>\r\n  <\/div>\r\n\r\n  <!-- Densitometria \u00d3ssea -->\r\n  <div class=\"serv-card\">\r\n    <div class=\"serv-icon\">\r\n      <svg viewBox=\"0 0 24 24\">\r\n        <path d=\"M9 3H5a2 2 0 0 0-2 2v4m6-6h10a2 2 0 0 1 2 2v4M9 3v18m0 0h10a2 2 0 0 0 2-2v-4M9 21H5a2 2 0 0 1-2-2v-4m0 0h18\"\/>\r\n        <path d=\"M12 8v8M9 11h6M9 14h6\"\/>\r\n      <\/svg>\r\n    <\/div>\r\n    <span class=\"serv-title\">Densitometria \u00d3ssea<\/span>\r\n    <span class=\"serv-desc\">Avalia\u00e7\u00e3o da densidade mineral \u00f3ssea para diagn\u00f3stico de osteoporose.<\/span>\r\n    <div class=\"serv-links\">\r\n      <a class=\"serv-link\" href=\"#\">Saiba mais <svg viewBox=\"0 0 24 24\"><line x1=\"5\" y1=\"12\" x2=\"19\" y2=\"12\"\/><polyline points=\"12 5 19 12 12 19\"\/><\/svg><\/a>\r\n      <a class=\"serv-cta\" href=\"#\">Solicitar exame <svg viewBox=\"0 0 24 24\"><path d=\"M5 12h14M12 5l7 7-7 7\"\/><\/svg><\/a>\r\n    <\/div>\r\n  <\/div>\r\n\r\n  <!-- Resson\u00e2ncia Magn\u00e9tica -->\r\n  <div class=\"serv-card\">\r\n    <div class=\"serv-icon\">\r\n      <svg viewBox=\"0 0 24 24\">\r\n        <ellipse cx=\"12\" cy=\"12\" rx=\"10\" ry=\"4\"\/>\r\n        <ellipse cx=\"12\" cy=\"12\" rx=\"10\" ry=\"4\" transform=\"rotate(60 12 12)\"\/>\r\n        <ellipse cx=\"12\" cy=\"12\" rx=\"10\" ry=\"4\" transform=\"rotate(120 12 12)\"\/>\r\n        <circle cx=\"12\" cy=\"12\" r=\"2\" fill=\"#4a6a88\" stroke=\"none\"\/>\r\n      <\/svg>\r\n    <\/div>\r\n    <span class=\"serv-title\">Resson\u00e2ncia Magn\u00e9tica<\/span>\r\n    <span class=\"serv-desc\">Imagens de alt\u00edssima defini\u00e7\u00e3o sem uso de radia\u00e7\u00e3o ionizante.<\/span>\r\n    <div class=\"serv-links\">\r\n      <a class=\"serv-link\" href=\"#\">Saiba mais <svg viewBox=\"0 0 24 24\"><line x1=\"5\" y1=\"12\" x2=\"19\" y2=\"12\"\/><polyline points=\"12 5 19 12 12 19\"\/><\/svg><\/a>\r\n      <a class=\"serv-cta\" href=\"#\">Solicitar exame <svg viewBox=\"0 0 24 24\"><path d=\"M5 12h14M12 5l7 7-7 7\"\/><\/svg><\/a>\r\n    <\/div>\r\n  <\/div>\r\n\r\n  <!-- Radiologia Contrastada -->\r\n  <div class=\"serv-card\">\r\n    <div class=\"serv-icon\">\r\n      <svg viewBox=\"0 0 24 24\">\r\n        <polyline points=\"22 12 18 12 15 21 9 3 6 12 2 12\"\/>\r\n      <\/svg>\r\n    <\/div>\r\n    <span class=\"serv-title\">Radiologia Contrastada<\/span>\r\n    <span class=\"serv-desc\">Estudos contrastados do sistema digestivo e urin\u00e1rio.<\/span>\r\n    <div class=\"serv-links\">\r\n      <a class=\"serv-link\" href=\"#\">Saiba mais <svg viewBox=\"0 0 24 24\"><line x1=\"5\" y1=\"12\" x2=\"19\" y2=\"12\"\/><polyline points=\"12 5 19 12 12 19\"\/><\/svg><\/a>\r\n      <a class=\"serv-cta\" href=\"#\">Solicitar exame <svg viewBox=\"0 0 24 24\"><path d=\"M5 12h14M12 5l7 7-7 7\"\/><\/svg><\/a>\r\n    <\/div>\r\n  <\/div>\r\n\r\n<\/div>\t\t\t\t<\/div>\n\t\t\t\t<\/div>\n\t\t\t\t\t<\/div>\n\t\t\t\t<\/div>\n\t\t\t\t<\/div>\n\t\t","protected":false},"excerpt":{"rendered":"<p>Exames Exames de imagem com tecnologia e precis\u00e3o Estrutura completa em diagn\u00f3stico por imagem para diferentes especialidades m\u00e9dicas. Ultrassonografia Imagens em tempo real para avalia\u00e7\u00e3o de \u00f3rg\u00e3os, gesta\u00e7\u00e3o e tecidos moles. Saiba mais Solicitar exame Raio-X Digital Radiografia digital de alta resolu\u00e7\u00e3o com baixa dose de radia\u00e7\u00e3o. Saiba mais Solicitar exame Tomografia Computadorizada Imagens detalhadas [&hellip;]<\/p>\n","protected":false},"author":1,"featured_media":0,"parent":0,"menu_order":0,"comment_status":"closed","ping_status":"closed","template":"elementor_header_footer","meta":{"footnotes":""},"class_list":["post-105","page","type-page","status-publish","hentry"],"_links":{"self":[{"href":"https:\/\/sitexis.com.br\/marcoscorpa\/wp-json\/wp\/v2\/pages\/105","targetHints":{"allow":["GET"]}}],"collection":[{"href":"https:\/\/sitexis.com.br\/marcoscorpa\/wp-json\/wp\/v2\/pages"}],"about":[{"href":"https:\/\/sitexis.com.br\/marcoscorpa\/wp-json\/wp\/v2\/types\/page"}],"author":[{"embeddable":true,"href":"https:\/\/sitexis.com.br\/marcoscorpa\/wp-json\/wp\/v2\/users\/1"}],"replies":[{"embeddable":true,"href":"https:\/\/sitexis.com.br\/marcoscorpa\/wp-json\/wp\/v2\/comments?post=105"}],"version-history":[{"count":7,"href":"https:\/\/sitexis.com.br\/marcoscorpa\/wp-json\/wp\/v2\/pages\/105\/revisions"}],"predecessor-version":[{"id":224,"href":"https:\/\/sitexis.com.br\/marcoscorpa\/wp-json\/wp\/v2\/pages\/105\/revisions\/224"}],"wp:attachment":[{"href":"https:\/\/sitexis.com.br\/marcoscorpa\/wp-json\/wp\/v2\/media?parent=105"}],"curies":[{"name":"wp","href":"https:\/\/api.w.org\/{rel}","templated":true}]}}