{"id":115,"date":"2026-05-11T19:42:58","date_gmt":"2026-05-11T19:42:58","guid":{"rendered":"https:\/\/sitexis.com.br\/marcoscorpa\/?page_id=115"},"modified":"2026-05-11T21:30:20","modified_gmt":"2026-05-11T21:30:20","slug":"blog","status":"publish","type":"page","link":"https:\/\/sitexis.com.br\/marcoscorpa\/blog\/","title":{"rendered":"Blog"},"content":{"rendered":"\t\t<div data-elementor-type=\"wp-page\" data-elementor-id=\"115\" class=\"elementor elementor-115\" data-elementor-post-type=\"page\">\n\t\t\t\t<div class=\"elementor-element elementor-element-3ccd26a e-flex e-con-boxed e-con e-parent\" data-id=\"3ccd26a\" data-element_type=\"container\" data-e-type=\"container\" data-settings=\"{&quot;background_background&quot;:&quot;classic&quot;}\">\n\t\t\t\t\t<div class=\"e-con-inner\">\n\t\t<div class=\"elementor-element elementor-element-abd951e e-con-full e-flex e-con e-child\" data-id=\"abd951e\" data-element_type=\"container\" data-e-type=\"container\">\n\t\t\t\t<div class=\"elementor-element elementor-element-c7458c8 elementor-widget elementor-widget-heading\" data-id=\"c7458c8\" data-element_type=\"widget\" data-e-type=\"widget\" data-widget_type=\"heading.default\">\n\t\t\t\t\t<h2 class=\"elementor-heading-title elementor-size-default\">Blog<\/h2>\t\t\t\t<\/div>\n\t\t\t\t<div class=\"elementor-element elementor-element-4a604aa elementor-widget__width-initial elementor-invisible elementor-widget elementor-widget-heading\" data-id=\"4a604aa\" data-element_type=\"widget\" data-e-type=\"widget\" data-settings=\"{&quot;_animation&quot;:&quot;fadeInLeft&quot;}\" data-widget_type=\"heading.default\">\n\t\t\t\t\t<h2 class=\"elementor-heading-title elementor-size-default\">Informa\u00e7\u00e3o para cuidar melhor da sua sa\u00fade<\/h2>\t\t\t\t<\/div>\n\t\t\t\t<div class=\"elementor-element elementor-element-d8f0e46 elementor-widget__width-initial elementor-widget elementor-widget-text-editor\" data-id=\"d8f0e46\" data-element_type=\"widget\" data-e-type=\"widget\" data-widget_type=\"text-editor.default\">\n\t\t\t\t\t\t\t\t\t<p>Conte\u00fados sobre diagn\u00f3stico por imagem, exames e novidades em radiologia.<\/p>\t\t\t\t\t\t\t\t<\/div>\n\t\t\t\t<\/div>\n\t\t\t\t\t<\/div>\n\t\t\t\t<\/div>\n\t\t<div class=\"elementor-element elementor-element-42d8b76 e-flex e-con-boxed e-con e-parent\" data-id=\"42d8b76\" data-element_type=\"container\" data-e-type=\"container\" data-settings=\"{&quot;background_background&quot;:&quot;classic&quot;}\">\n\t\t\t\t\t<div class=\"e-con-inner\">\n\t\t<div class=\"elementor-element elementor-element-5f64d1a e-con-full e-flex e-con e-child\" data-id=\"5f64d1a\" data-element_type=\"container\" data-e-type=\"container\">\n\t\t\t\t<div class=\"elementor-element elementor-element-e5c81dc elementor-grid-4 elementor-grid-tablet-2 elementor-grid-mobile-1 elementor-posts--thumbnail-top elementor-card-shadow-yes elementor-posts__hover-gradient elementor-widget elementor-widget-posts\" data-id=\"e5c81dc\" data-element_type=\"widget\" data-e-type=\"widget\" data-settings=\"{&quot;cards_columns&quot;:&quot;4&quot;,&quot;cards_columns_tablet&quot;:&quot;2&quot;,&quot;cards_columns_mobile&quot;:&quot;1&quot;,&quot;cards_row_gap&quot;:{&quot;unit&quot;:&quot;px&quot;,&quot;size&quot;:35,&quot;sizes&quot;:[]},&quot;cards_row_gap_tablet&quot;:{&quot;unit&quot;:&quot;px&quot;,&quot;size&quot;:&quot;&quot;,&quot;sizes&quot;:[]},&quot;cards_row_gap_mobile&quot;:{&quot;unit&quot;:&quot;px&quot;,&quot;size&quot;:&quot;&quot;,&quot;sizes&quot;:[]}}\" data-widget_type=\"posts.cards\">\n\t\t\t\t<div class=\"elementor-widget-container\">\n\t\t\t\t\t\t\t<div class=\"elementor-posts-container elementor-posts elementor-posts--skin-cards elementor-grid\" role=\"list\">\n\t\t\t\t<article class=\"elementor-post elementor-grid-item post-146 post type-post status-publish format-standard has-post-thumbnail hentry category-uncategorized\" role=\"listitem\">\n\t\t\t<div class=\"elementor-post__card\">\n\t\t\t\t<a class=\"elementor-post__thumbnail__link\" href=\"https:\/\/sitexis.com.br\/marcoscorpa\/2026\/05\/11\/densitometria-ossea-entenda-como-o-exame-ajuda-na-prevencao-da-osteoporose\/\" tabindex=\"-1\" ><div class=\"elementor-post__thumbnail\"><img fetchpriority=\"high\" decoding=\"async\" width=\"300\" height=\"200\" src=\"https:\/\/sitexis.com.br\/marcoscorpa\/wp-content\/uploads\/2026\/05\/2108-300x200.jpg\" class=\"attachment-medium size-medium wp-image-147\" alt=\"\" srcset=\"https:\/\/sitexis.com.br\/marcoscorpa\/wp-content\/uploads\/2026\/05\/2108-300x200.jpg 300w, https:\/\/sitexis.com.br\/marcoscorpa\/wp-content\/uploads\/2026\/05\/2108-768x512.jpg 768w, https:\/\/sitexis.com.br\/marcoscorpa\/wp-content\/uploads\/2026\/05\/2108.jpg 1000w\" sizes=\"(max-width: 300px) 100vw, 300px\" \/><\/div><\/a>\n\t\t\t\t<div class=\"elementor-post__text\">\n\t\t\t\t<h3 class=\"elementor-post__title\">\n\t\t\t<a href=\"https:\/\/sitexis.com.br\/marcoscorpa\/2026\/05\/11\/densitometria-ossea-entenda-como-o-exame-ajuda-na-prevencao-da-osteoporose\/\" >\n\t\t\t\tDensitometria \u00f3ssea: entenda como o exame ajuda na preven\u00e7\u00e3o da osteoporose\t\t\t<\/a>\n\t\t<\/h3>\n\t\t\n\t\t<a class=\"elementor-post__read-more\" href=\"https:\/\/sitexis.com.br\/marcoscorpa\/2026\/05\/11\/densitometria-ossea-entenda-como-o-exame-ajuda-na-prevencao-da-osteoporose\/\" aria-label=\"Read more about Densitometria \u00f3ssea: entenda como o exame ajuda na preven\u00e7\u00e3o da osteoporose\" tabindex=\"-1\" >\n\t\t\tSaber mais\t\t<\/a>\n\n\t\t\t\t<\/div>\n\t\t\t\t<div class=\"elementor-post__meta-data\">\n\t\t\t\t\t<span class=\"elementor-post-date\">\n\t\t\tmaio 11, 2026\t\t<\/span>\n\t\t\t\t<\/div>\n\t\t\t\t\t<\/div>\n\t\t<\/article>\n\t\t\t\t<article class=\"elementor-post elementor-grid-item post-143 post type-post status-publish format-standard has-post-thumbnail hentry category-uncategorized\" role=\"listitem\">\n\t\t\t<div class=\"elementor-post__card\">\n\t\t\t\t<a class=\"elementor-post__thumbnail__link\" href=\"https:\/\/sitexis.com.br\/marcoscorpa\/2026\/05\/11\/ultrassonografia-um-exame-seguro-rapido-e-muito-utilizado-na-medicina\/\" tabindex=\"-1\" ><div class=\"elementor-post__thumbnail\"><img decoding=\"async\" width=\"300\" height=\"200\" src=\"https:\/\/sitexis.com.br\/marcoscorpa\/wp-content\/uploads\/2026\/05\/64794-300x200.jpg\" class=\"attachment-medium size-medium wp-image-144\" alt=\"\" srcset=\"https:\/\/sitexis.com.br\/marcoscorpa\/wp-content\/uploads\/2026\/05\/64794-300x200.jpg 300w, https:\/\/sitexis.com.br\/marcoscorpa\/wp-content\/uploads\/2026\/05\/64794-768x512.jpg 768w, https:\/\/sitexis.com.br\/marcoscorpa\/wp-content\/uploads\/2026\/05\/64794.jpg 1000w\" sizes=\"(max-width: 300px) 100vw, 300px\" \/><\/div><\/a>\n\t\t\t\t<div class=\"elementor-post__text\">\n\t\t\t\t<h3 class=\"elementor-post__title\">\n\t\t\t<a href=\"https:\/\/sitexis.com.br\/marcoscorpa\/2026\/05\/11\/ultrassonografia-um-exame-seguro-rapido-e-muito-utilizado-na-medicina\/\" >\n\t\t\t\tUltrassonografia: um exame seguro, r\u00e1pido e muito utilizado na medicina\t\t\t<\/a>\n\t\t<\/h3>\n\t\t\n\t\t<a class=\"elementor-post__read-more\" href=\"https:\/\/sitexis.com.br\/marcoscorpa\/2026\/05\/11\/ultrassonografia-um-exame-seguro-rapido-e-muito-utilizado-na-medicina\/\" aria-label=\"Read more about Ultrassonografia: um exame seguro, r\u00e1pido e muito utilizado na medicina\" tabindex=\"-1\" >\n\t\t\tSaber mais\t\t<\/a>\n\n\t\t\t\t<\/div>\n\t\t\t\t<div class=\"elementor-post__meta-data\">\n\t\t\t\t\t<span class=\"elementor-post-date\">\n\t\t\tmaio 11, 2026\t\t<\/span>\n\t\t\t\t<\/div>\n\t\t\t\t\t<\/div>\n\t\t<\/article>\n\t\t\t\t<article class=\"elementor-post elementor-grid-item post-140 post type-post status-publish format-standard has-post-thumbnail hentry category-uncategorized\" role=\"listitem\">\n\t\t\t<div class=\"elementor-post__card\">\n\t\t\t\t<a class=\"elementor-post__thumbnail__link\" href=\"https:\/\/sitexis.com.br\/marcoscorpa\/2026\/05\/11\/mamografia-por-que-esse-exame-e-tao-importante-para-a-saude-da-mulher\/\" tabindex=\"-1\" ><div class=\"elementor-post__thumbnail\"><img decoding=\"async\" width=\"300\" height=\"185\" src=\"https:\/\/sitexis.com.br\/marcoscorpa\/wp-content\/uploads\/2026\/05\/291334-300x185.jpg\" class=\"attachment-medium size-medium wp-image-141\" alt=\"\" srcset=\"https:\/\/sitexis.com.br\/marcoscorpa\/wp-content\/uploads\/2026\/05\/291334-300x185.jpg 300w, https:\/\/sitexis.com.br\/marcoscorpa\/wp-content\/uploads\/2026\/05\/291334-768x472.jpg 768w, https:\/\/sitexis.com.br\/marcoscorpa\/wp-content\/uploads\/2026\/05\/291334.jpg 1000w\" sizes=\"(max-width: 300px) 100vw, 300px\" \/><\/div><\/a>\n\t\t\t\t<div class=\"elementor-post__text\">\n\t\t\t\t<h3 class=\"elementor-post__title\">\n\t\t\t<a href=\"https:\/\/sitexis.com.br\/marcoscorpa\/2026\/05\/11\/mamografia-por-que-esse-exame-e-tao-importante-para-a-saude-da-mulher\/\" >\n\t\t\t\tMamografia: por que esse exame \u00e9 t\u00e3o importante para a sa\u00fade da mulher?\t\t\t<\/a>\n\t\t<\/h3>\n\t\t\n\t\t<a class=\"elementor-post__read-more\" href=\"https:\/\/sitexis.com.br\/marcoscorpa\/2026\/05\/11\/mamografia-por-que-esse-exame-e-tao-importante-para-a-saude-da-mulher\/\" aria-label=\"Read more about Mamografia: por que esse exame \u00e9 t\u00e3o importante para a sa\u00fade da mulher?\" tabindex=\"-1\" >\n\t\t\tSaber mais\t\t<\/a>\n\n\t\t\t\t<\/div>\n\t\t\t\t<div class=\"elementor-post__meta-data\">\n\t\t\t\t\t<span class=\"elementor-post-date\">\n\t\t\tmaio 11, 2026\t\t<\/span>\n\t\t\t\t<\/div>\n\t\t\t\t\t<\/div>\n\t\t<\/article>\n\t\t\t\t<article class=\"elementor-post elementor-grid-item post-137 post type-post status-publish format-standard has-post-thumbnail hentry category-uncategorized\" role=\"listitem\">\n\t\t\t<div class=\"elementor-post__card\">\n\t\t\t\t<a class=\"elementor-post__thumbnail__link\" href=\"https:\/\/sitexis.com.br\/marcoscorpa\/2026\/05\/11\/a-importancia-dos-exames-de-imagem-para-um-diagnostico-mais-preciso\/\" tabindex=\"-1\" ><div class=\"elementor-post__thumbnail\"><img loading=\"lazy\" decoding=\"async\" width=\"300\" height=\"200\" src=\"https:\/\/sitexis.com.br\/marcoscorpa\/wp-content\/uploads\/2026\/05\/58990-300x200.jpg\" class=\"attachment-medium size-medium wp-image-138\" alt=\"\" srcset=\"https:\/\/sitexis.com.br\/marcoscorpa\/wp-content\/uploads\/2026\/05\/58990-300x200.jpg 300w, https:\/\/sitexis.com.br\/marcoscorpa\/wp-content\/uploads\/2026\/05\/58990-768x512.jpg 768w, https:\/\/sitexis.com.br\/marcoscorpa\/wp-content\/uploads\/2026\/05\/58990.jpg 1000w\" sizes=\"(max-width: 300px) 100vw, 300px\" \/><\/div><\/a>\n\t\t\t\t<div class=\"elementor-post__text\">\n\t\t\t\t<h3 class=\"elementor-post__title\">\n\t\t\t<a href=\"https:\/\/sitexis.com.br\/marcoscorpa\/2026\/05\/11\/a-importancia-dos-exames-de-imagem-para-um-diagnostico-mais-preciso\/\" >\n\t\t\t\tA import\u00e2ncia dos exames de imagem para um diagn\u00f3stico mais preciso\t\t\t<\/a>\n\t\t<\/h3>\n\t\t\n\t\t<a class=\"elementor-post__read-more\" href=\"https:\/\/sitexis.com.br\/marcoscorpa\/2026\/05\/11\/a-importancia-dos-exames-de-imagem-para-um-diagnostico-mais-preciso\/\" aria-label=\"Read more about A import\u00e2ncia dos exames de imagem para um diagn\u00f3stico mais preciso\" tabindex=\"-1\" >\n\t\t\tSaber mais\t\t<\/a>\n\n\t\t\t\t<\/div>\n\t\t\t\t<div class=\"elementor-post__meta-data\">\n\t\t\t\t\t<span class=\"elementor-post-date\">\n\t\t\tmaio 11, 2026\t\t<\/span>\n\t\t\t\t<\/div>\n\t\t\t\t\t<\/div>\n\t\t<\/article>\n\t\t\t\t<\/div>\n\t\t\n\t\t\t\t\t\t<\/div>\n\t\t\t\t<\/div>\n\t\t\t\t<\/div>\n\t\t\t\t\t<\/div>\n\t\t\t\t<\/div>\n\t\t\t\t<\/div>\n\t\t","protected":false},"excerpt":{"rendered":"<p>Blog Informa\u00e7\u00e3o para cuidar melhor da sua sa\u00fade Conte\u00fados sobre<\/p>\n","protected":false},"author":1,"featured_media":0,"parent":0,"menu_order":0,"comment_status":"closed","ping_status":"closed","template":"elementor_header_footer","meta":{"footnotes":""},"class_list":["post-115","page","type-page","status-publish","hentry"],"_links":{"self":[{"href":"https:\/\/sitexis.com.br\/marcoscorpa\/wp-json\/wp\/v2\/pages\/115","targetHints":{"allow":["GET"]}}],"collection":[{"href":"https:\/\/sitexis.com.br\/marcoscorpa\/wp-json\/wp\/v2\/pages"}],"about":[{"href":"https:\/\/sitexis.com.br\/marcoscorpa\/wp-json\/wp\/v2\/types\/page"}],"author":[{"embeddable":true,"href":"https:\/\/sitexis.com.br\/marcoscorpa\/wp-json\/wp\/v2\/users\/1"}],"replies":[{"embeddable":true,"href":"https:\/\/sitexis.com.br\/marcoscorpa\/wp-json\/wp\/v2\/comments?post=115"}],"version-history":[{"count":10,"href":"https:\/\/sitexis.com.br\/marcoscorpa\/wp-json\/wp\/v2\/pages\/115\/revisions"}],"predecessor-version":[{"id":236,"href":"https:\/\/sitexis.com.br\/marcoscorpa\/wp-json\/wp\/v2\/pages\/115\/revisions\/236"}],"wp:attachment":[{"href":"https:\/\/sitexis.com.br\/marcoscorpa\/wp-json\/wp\/v2\/media?parent=115"}],"curies":[{"name":"wp","href":"https:\/\/api.w.org\/{rel}","templated":true}]}}