{"id":155,"date":"2026-05-11T20:31:06","date_gmt":"2026-05-11T20:31:06","guid":{"rendered":"https:\/\/sitexis.com.br\/marcoscorpa\/?page_id=155"},"modified":"2026-05-11T21:27:46","modified_gmt":"2026-05-11T21:27:46","slug":"convenios","status":"publish","type":"page","link":"https:\/\/sitexis.com.br\/marcoscorpa\/convenios\/","title":{"rendered":"Conv\u00eanios"},"content":{"rendered":"\t\t<div data-elementor-type=\"wp-page\" data-elementor-id=\"155\" class=\"elementor elementor-155\" data-elementor-post-type=\"page\">\n\t\t\t\t<div class=\"elementor-element elementor-element-3ccd26a e-flex e-con-boxed e-con e-parent\" data-id=\"3ccd26a\" data-element_type=\"container\" data-e-type=\"container\" data-settings=\"{&quot;background_background&quot;:&quot;classic&quot;}\">\n\t\t\t\t\t<div class=\"e-con-inner\">\n\t\t<div class=\"elementor-element elementor-element-abd951e e-con-full e-flex e-con e-child\" data-id=\"abd951e\" data-element_type=\"container\" data-e-type=\"container\">\n\t\t\t\t<div class=\"elementor-element elementor-element-c7458c8 elementor-widget elementor-widget-heading\" data-id=\"c7458c8\" data-element_type=\"widget\" data-e-type=\"widget\" data-widget_type=\"heading.default\">\n\t\t\t\t\t<h2 class=\"elementor-heading-title elementor-size-default\">Centro de Diagn\u00f3stico Dr. Marcos Corpa<\/h2>\t\t\t\t<\/div>\n\t\t\t\t<div class=\"elementor-element elementor-element-4a604aa elementor-widget__width-initial elementor-invisible elementor-widget elementor-widget-heading\" data-id=\"4a604aa\" data-element_type=\"widget\" data-e-type=\"widget\" data-settings=\"{&quot;_animation&quot;:&quot;fadeInLeft&quot;}\" data-widget_type=\"heading.default\">\n\t\t\t\t\t<h2 class=\"elementor-heading-title elementor-size-default\">Conv\u00eanios<\/h2>\t\t\t\t<\/div>\n\t\t\t\t<\/div>\n\t\t\t\t\t<\/div>\n\t\t\t\t<\/div>\n\t\t<div class=\"elementor-element elementor-element-42d8b76 e-flex e-con-boxed e-con e-parent\" data-id=\"42d8b76\" data-element_type=\"container\" data-e-type=\"container\" data-settings=\"{&quot;background_background&quot;:&quot;classic&quot;}\">\n\t\t\t\t\t<div class=\"e-con-inner\">\n\t\t<div class=\"elementor-element elementor-element-5f64d1a e-con-full e-flex e-con e-child\" data-id=\"5f64d1a\" data-element_type=\"container\" data-e-type=\"container\">\n\t\t\t\t<div class=\"elementor-element elementor-element-55b1ef5 elementor-invisible elementor-widget elementor-widget-html\" data-id=\"55b1ef5\" data-element_type=\"widget\" data-e-type=\"widget\" data-settings=\"{&quot;_animation&quot;:&quot;fadeInUp&quot;}\" data-widget_type=\"html.default\">\n\t\t\t\t\t<link href=\"https:\/\/fonts.googleapis.com\/css2?family=Plus+Jakarta+Sans:wght@400;800&display=swap\" rel=\"stylesheet\">\r\n\r\n<style>\r\n  #cards-convenios * {\r\n    margin: 0;\r\n    padding: 0;\r\n    box-sizing: border-box;\r\n  }\r\n\r\n  #cards-convenios {\r\n    display: grid;\r\n    grid-template-columns: repeat(4, 1fr);\r\n    gap: 16px;\r\n    width: 100%;\r\n    font-family: 'Plus Jakarta Sans', sans-serif;\r\n  }\r\n\r\n  #cards-convenios .conv-card {\r\n    background: linear-gradient(145deg, #1a3a5c 0%, #0d1f35 100%);\r\n    border: 1px solid rgba(255,255,255,0.07);\r\n    border-radius: 18px;\r\n    padding: 40px 20px;\r\n    display: flex;\r\n    align-items: center;\r\n    justify-content: center;\r\n    text-align: center;\r\n    min-height: 110px;\r\n    cursor: default;\r\n    transition: transform 0.3s ease, box-shadow 0.3s ease, filter 0.3s ease;\r\n  }\r\n\r\n  #cards-convenios .conv-card:hover {\r\n    transform: translateY(-6px);\r\n    box-shadow: 0 16px 40px rgba(13, 31, 53, 0.4);\r\n    filter: brightness(1.18);\r\n  }\r\n\r\n  #cards-convenios .conv-nome {\r\n    font-size: 1.05rem;\r\n    font-weight: 800;\r\n    color: #ffffff;\r\n    line-height: 1.4;\r\n  }\r\n\r\n  @media (max-width: 900px) {\r\n    #cards-convenios { grid-template-columns: repeat(2, 1fr); }\r\n  }\r\n  @media (max-width: 480px) {\r\n    #cards-convenios { grid-template-columns: 1fr; }\r\n  }\r\n<\/style>\r\n\r\n<div id=\"cards-convenios\">\r\n\r\n  <div class=\"conv-card\"><span class=\"conv-nome\">A. J. Rorato<\/span><\/div>\r\n  <div class=\"conv-card\"><span class=\"conv-nome\">Belpax<\/span><\/div>\r\n  <div class=\"conv-card\"><span class=\"conv-nome\">Bradesco Sa\u00fade<\/span><\/div>\r\n  <div class=\"conv-card\"><span class=\"conv-nome\">Cassi<\/span><\/div>\r\n  <div class=\"conv-card\"><span class=\"conv-nome\">Expresso Nordeste<\/span><\/div>\r\n  <div class=\"conv-card\"><span class=\"conv-nome\">Feltrin Seeds<\/span><\/div>\r\n  <div class=\"conv-card\"><span class=\"conv-nome\">Funda\u00e7\u00e3o Copel<\/span><\/div>\r\n  <div class=\"conv-card\"><span class=\"conv-nome\">Funda\u00e7\u00e3o Sanepar<\/span><\/div>\r\n  <div class=\"conv-card\"><span class=\"conv-nome\">FUPS \u2013 Fundo de Prote\u00e7\u00e3o \u00e0 Sa\u00fade<\/span><\/div>\r\n  <div class=\"conv-card\"><span class=\"conv-nome\">Medical Sa\u00fade<\/span><\/div>\r\n\r\n<\/div>\t\t\t\t<\/div>\n\t\t\t\t<\/div>\n\t\t\t\t\t<\/div>\n\t\t\t\t<\/div>\n\t\t\t\t<\/div>\n\t\t","protected":false},"excerpt":{"rendered":"<p>Centro de Diagn\u00f3stico Dr. Marcos Corpa Conv\u00eanios A. J. Rorato Belpax Bradesco Sa\u00fade Cassi Expresso Nordeste Feltrin Seeds Funda\u00e7\u00e3o Copel Funda\u00e7\u00e3o Sanepar FUPS \u2013 Fundo de Prote\u00e7\u00e3o \u00e0 Sa\u00fade Medical Sa\u00fade<\/p>\n","protected":false},"author":1,"featured_media":0,"parent":0,"menu_order":0,"comment_status":"closed","ping_status":"closed","template":"elementor_header_footer","meta":{"footnotes":""},"class_list":["post-155","page","type-page","status-publish","hentry"],"_links":{"self":[{"href":"https:\/\/sitexis.com.br\/marcoscorpa\/wp-json\/wp\/v2\/pages\/155","targetHints":{"allow":["GET"]}}],"collection":[{"href":"https:\/\/sitexis.com.br\/marcoscorpa\/wp-json\/wp\/v2\/pages"}],"about":[{"href":"https:\/\/sitexis.com.br\/marcoscorpa\/wp-json\/wp\/v2\/types\/page"}],"author":[{"embeddable":true,"href":"https:\/\/sitexis.com.br\/marcoscorpa\/wp-json\/wp\/v2\/users\/1"}],"replies":[{"embeddable":true,"href":"https:\/\/sitexis.com.br\/marcoscorpa\/wp-json\/wp\/v2\/comments?post=155"}],"version-history":[{"count":7,"href":"https:\/\/sitexis.com.br\/marcoscorpa\/wp-json\/wp\/v2\/pages\/155\/revisions"}],"predecessor-version":[{"id":230,"href":"https:\/\/sitexis.com.br\/marcoscorpa\/wp-json\/wp\/v2\/pages\/155\/revisions\/230"}],"wp:attachment":[{"href":"https:\/\/sitexis.com.br\/marcoscorpa\/wp-json\/wp\/v2\/media?parent=155"}],"curies":[{"name":"wp","href":"https:\/\/api.w.org\/{rel}","templated":true}]}}