{"id":52,"date":"2026-02-09T15:24:11","date_gmt":"2026-02-09T15:24:11","guid":{"rendered":"https:\/\/sitexis.com.br\/silvanalages\/?page_id=52"},"modified":"2026-03-13T17:22:06","modified_gmt":"2026-03-13T17:22:06","slug":"silvana","status":"publish","type":"page","link":"https:\/\/sitexis.com.br\/silvanalages\/silvana\/","title":{"rendered":"Silvana Lages"},"content":{"rendered":"\t\t<div data-elementor-type=\"wp-page\" data-elementor-id=\"52\" class=\"elementor elementor-52\" data-elementor-post-type=\"page\">\n\t\t\t\t<div class=\"elementor-element elementor-element-8c32a8b e-flex e-con-boxed e-con e-parent\" data-id=\"8c32a8b\" data-element_type=\"container\" data-settings=\"{&quot;background_background&quot;:&quot;classic&quot;,&quot;shape_divider_bottom&quot;:&quot;triangle&quot;,&quot;shape_divider_bottom_negative&quot;:&quot;yes&quot;}\">\n\t\t\t\t\t<div class=\"e-con-inner\">\n\t\t\t\t<div class=\"elementor-shape elementor-shape-bottom\" aria-hidden=\"true\" data-negative=\"true\">\n\t\t\t<svg xmlns=\"http:\/\/www.w3.org\/2000\/svg\" viewBox=\"0 0 1000 100\" preserveAspectRatio=\"none\">\n\t<path class=\"elementor-shape-fill\" d=\"M500.2,94.7L0,0v100h1000V0L500.2,94.7z\"\/>\n<\/svg>\t\t<\/div>\n\t\t<div class=\"elementor-element elementor-element-dad73fd e-con-full e-flex e-con e-child\" data-id=\"dad73fd\" data-element_type=\"container\">\n\t\t\t\t<div class=\"elementor-element elementor-element-045b592 elementor-widget elementor-widget-heading\" data-id=\"045b592\" data-element_type=\"widget\" data-widget_type=\"heading.default\">\n\t\t\t\t\t<h2 class=\"elementor-heading-title elementor-size-default\">Silvana <span class=\"destaque\">Lages<\/span><\/h2>\t\t\t\t<\/div>\n\t\t\t\t<\/div>\n\t\t<div class=\"elementor-element elementor-element-da0797c e-con-full e-flex e-con e-child\" data-id=\"da0797c\" data-element_type=\"container\">\n\t\t\t\t<\/div>\n\t\t\t\t\t<\/div>\n\t\t\t\t<\/div>\n\t\t<div class=\"elementor-element elementor-element-6cf07d4 e-flex e-con-boxed e-con e-parent\" data-id=\"6cf07d4\" data-element_type=\"container\" data-settings=\"{&quot;background_background&quot;:&quot;classic&quot;}\">\n\t\t\t\t\t<div class=\"e-con-inner\">\n\t\t\t\t<div class=\"elementor-element elementor-element-c7a015b elementor-widget elementor-widget-html\" data-id=\"c7a015b\" data-element_type=\"widget\" data-widget_type=\"html.default\">\n\t\t\t\t\t<hr class=\"hr-diagonal\">\t\t\t\t<\/div>\n\t\t<div class=\"elementor-element elementor-element-b5ddc3c e-con-full e-flex e-con e-child\" data-id=\"b5ddc3c\" data-element_type=\"container\">\n\t\t<div class=\"elementor-element elementor-element-ea7b6a6 e-con-full e-flex e-con e-child\" data-id=\"ea7b6a6\" data-element_type=\"container\">\n\t\t\t\t<div class=\"elementor-element elementor-element-369f5ad elementor-widget__width-initial elementor-widget elementor-widget-video\" data-id=\"369f5ad\" data-element_type=\"widget\" data-settings=\"{&quot;youtube_url&quot;:&quot;https:\\\/\\\/www.youtube.com\\\/watch?v=A9qphFrrkWg&amp;embeds_referring_euri=https%3A%2F%2Fsilvanalages.com.br%2F&amp;source_ve_path=MjM4NTE&quot;,&quot;video_type&quot;:&quot;youtube&quot;,&quot;controls&quot;:&quot;yes&quot;}\" data-widget_type=\"video.default\">\n\t\t\t\t\t\t\t<div class=\"elementor-wrapper elementor-open-inline\">\n\t\t\t<div class=\"elementor-video\"><\/div>\t\t<\/div>\n\t\t\t\t\t\t<\/div>\n\t\t\t\t<\/div>\n\t\t<div class=\"elementor-element elementor-element-217af9a e-con-full e-flex e-con e-child\" data-id=\"217af9a\" data-element_type=\"container\">\n\t\t\t\t<div class=\"elementor-element elementor-element-1f9fbd0 elementor-invisible elementor-widget elementor-widget-heading\" data-id=\"1f9fbd0\" data-element_type=\"widget\" data-settings=\"{&quot;_animation&quot;:&quot;fadeInLeft&quot;}\" data-widget_type=\"heading.default\">\n\t\t\t\t\t<h1 class=\"elementor-heading-title elementor-size-default\">Ser bom n\u00e3o \u00e9 mais suficiente.\n <span class=\"destaque\">Ser percebido como valioso \u00e9 o que muda o jogo.<\/span><\/h1>\t\t\t\t<\/div>\n\t\t\t\t<div class=\"elementor-element elementor-element-a960029 elementor-widget elementor-widget-text-editor\" data-id=\"a960029\" data-element_type=\"widget\" data-widget_type=\"text-editor.default\">\n\t\t\t\t\t\t\t\t\t<p><span style=\"font-weight: 400;\">Silvana Lages \u00e9 especialista em <\/span><b>marca pessoal, posicionamento e visibilidade profissional<\/b><span style=\"font-weight: 400;\">, com mais de 20 anos de atua\u00e7\u00e3o ajudando profissionais, l\u00edderes e empreendedores a se tornarem mais reconhecidos, valorizados e bem posicionados no mercado, sem perder a ess\u00eancia.<\/span><\/p><p><span style=\"font-weight: 400;\">Seu trabalho nasce da pr\u00e1tica, da observa\u00e7\u00e3o de comportamento e da escuta constante de quem entrega resultados, mas sente que poderia ir muito al\u00e9m.<\/span><\/p>\t\t\t\t\t\t\t\t<\/div>\n\t\t\t\t<\/div>\n\t\t\t\t<\/div>\n\t\t\t\t\t<\/div>\n\t\t\t\t<\/div>\n\t\t<div class=\"elementor-element elementor-element-a71a028 e-flex e-con-boxed e-con e-parent\" data-id=\"a71a028\" data-element_type=\"container\" data-settings=\"{&quot;background_background&quot;:&quot;classic&quot;}\">\n\t\t\t\t\t<div class=\"e-con-inner\">\n\t\t<div class=\"elementor-element elementor-element-0a75678 e-con-full e-flex e-con e-child\" data-id=\"0a75678\" data-element_type=\"container\">\n\t\t<div class=\"elementor-element elementor-element-72e5c66 e-con-full e-flex e-con e-child\" data-id=\"72e5c66\" data-element_type=\"container\">\n\t\t\t\t<div class=\"elementor-element elementor-element-a25c65a elementor-invisible elementor-widget elementor-widget-heading\" data-id=\"a25c65a\" data-element_type=\"widget\" data-settings=\"{&quot;_animation&quot;:&quot;fadeInLeft&quot;}\" data-widget_type=\"heading.default\">\n\t\t\t\t\t<h1 class=\"elementor-heading-title elementor-size-default\">O que ela faz<\/h1>\t\t\t\t<\/div>\n\t\t\t\t<div class=\"elementor-element elementor-element-650d9d2 elementor-widget elementor-widget-text-editor\" data-id=\"650d9d2\" data-element_type=\"widget\" data-widget_type=\"text-editor.default\">\n\t\t\t\t\t\t\t\t\t<p><span style=\"font-weight: 400;\">Silvana atua no desenvolvimento da <\/span><b>marca pessoal como ativo estrat\u00e9gico<\/b><span style=\"font-weight: 400;\">, ajudando pessoas a compreenderem seu valor, organizarem sua hist\u00f3ria e se posicionarem de forma consciente em ambientes profissionais cada vez mais competitivos.<\/span><\/p><p><span style=\"font-weight: 400;\">Para ela, marca pessoal n\u00e3o \u00e9 exposi\u00e7\u00e3o, personagem ou performance.<\/span><span style=\"font-weight: 400;\"><br \/><\/span><span style=\"font-weight: 400;\">\u00c9 <\/span><b>clareza, coer\u00eancia e estrat\u00e9gia aplicadas \u00e0 vida real<\/b><span style=\"font-weight: 400;\">.<\/span><\/p><p><span style=\"font-weight: 400;\">\u00c9 o que faz algu\u00e9m ser lembrado, escolhido e respeitado, mesmo quando n\u00e3o est\u00e1 tentando aparecer.<\/span><\/p><p><b>O problema que ela resolve<\/b><\/p><p><span style=\"font-weight: 400;\">Ao longo de sua trajet\u00f3ria, Silvana identificou um padr\u00e3o recorrente:<\/span><\/p><p><span style=\"font-weight: 400;\">Profissionais e empreendedores extremamente competentes, \u00e9ticos e dedicados, mas:<\/span><\/p><ul><li style=\"font-weight: 400;\" aria-level=\"1\"><span style=\"font-weight: 400;\">pouco lembrados<\/span><\/li><li style=\"font-weight: 400;\" aria-level=\"1\"><span style=\"font-weight: 400;\">subvalorizados<\/span><\/li><li style=\"font-weight: 400;\" aria-level=\"1\"><span style=\"font-weight: 400;\">inseguros para se posicionar<\/span><\/li><li style=\"font-weight: 400;\" aria-level=\"1\"><span style=\"font-weight: 400;\">escolhidos apenas pelo pre\u00e7o<\/span><\/li><li style=\"font-weight: 400;\" aria-level=\"1\"><span style=\"font-weight: 400;\">frustrados ao ver oportunidades passarem<\/span><\/li><\/ul>\t\t\t\t\t\t\t\t<\/div>\n\t\t\t\t<\/div>\n\t\t<div class=\"elementor-element elementor-element-52c665e e-con-full e-flex e-con e-child\" data-id=\"52c665e\" data-element_type=\"container\">\n\t\t\t\t<div class=\"elementor-element elementor-element-1cf5531 efeito elementor-widget elementor-widget-image\" data-id=\"1cf5531\" data-element_type=\"widget\" data-widget_type=\"image.default\">\n\t\t\t\t\t\t\t\t\t\t\t\t\t\t\t<img fetchpriority=\"high\" decoding=\"async\" width=\"1125\" height=\"1066\" src=\"https:\/\/sitexis.com.br\/silvanalages\/wp-content\/uploads\/2026\/03\/WhatsApp-Image-2026-02-09-at-13.23.04-e1773409954801.jpeg\" class=\"attachment-full size-full wp-image-1683\" alt=\"Palestra Silvana\" srcset=\"https:\/\/sitexis.com.br\/silvanalages\/wp-content\/uploads\/2026\/03\/WhatsApp-Image-2026-02-09-at-13.23.04-e1773409954801.jpeg 1125w, https:\/\/sitexis.com.br\/silvanalages\/wp-content\/uploads\/2026\/03\/WhatsApp-Image-2026-02-09-at-13.23.04-e1773409954801-300x284.jpeg 300w, https:\/\/sitexis.com.br\/silvanalages\/wp-content\/uploads\/2026\/03\/WhatsApp-Image-2026-02-09-at-13.23.04-e1773409954801-1024x970.jpeg 1024w, https:\/\/sitexis.com.br\/silvanalages\/wp-content\/uploads\/2026\/03\/WhatsApp-Image-2026-02-09-at-13.23.04-e1773409954801-768x728.jpeg 768w\" sizes=\"(max-width: 1125px) 100vw, 1125px\" \/>\t\t\t\t\t\t\t\t\t\t\t\t\t\t\t<\/div>\n\t\t\t\t<\/div>\n\t\t\t\t<\/div>\n\t\t\t\t\t<\/div>\n\t\t\t\t<\/div>\n\t\t<div class=\"elementor-element elementor-element-ad873a8 e-flex e-con-boxed e-con e-parent\" data-id=\"ad873a8\" data-element_type=\"container\" data-settings=\"{&quot;background_background&quot;:&quot;classic&quot;}\">\n\t\t\t\t\t<div class=\"e-con-inner\">\n\t\t\t\t<div class=\"elementor-element elementor-element-1534dd1 elementor-invisible elementor-widget elementor-widget-heading\" data-id=\"1534dd1\" data-element_type=\"widget\" data-settings=\"{&quot;_animation&quot;:&quot;fadeInRight&quot;}\" data-widget_type=\"heading.default\">\n\t\t\t\t\t<h2 class=\"elementor-heading-title elementor-size-default\">N\u00e3o faltava talento.<\/h2>\t\t\t\t<\/div>\n\t\t\t\t<div class=\"elementor-element elementor-element-bd06520 elementor-widget elementor-widget-text-editor\" data-id=\"bd06520\" data-element_type=\"widget\" data-widget_type=\"text-editor.default\">\n\t\t\t\t\t\t\t\t\t<p><span style=\"font-weight: 400;\">Faltava <\/span><b>posicionamento<\/b><span style=\"font-weight: 400;\">.<\/span><\/p><p><span style=\"font-weight: 400;\">Ser bom n\u00e3o garante crescimento.<\/span><\/p><p><span style=\"font-weight: 400;\">Ser percebido como valioso, sim.<\/span><\/p><p><b>Seu diferencial<\/b><\/p><p><span style=\"font-weight: 400;\">Silvana n\u00e3o trabalha com f\u00f3rmulas prontas, r\u00f3tulos ou promessas vazias.<\/span><\/p><p><span style=\"font-weight: 400;\">Seu trabalho \u00e9 baseado em:<\/span><\/p><p><span style=\"font-weight: 400;\">autoconhecimento aplicado<\/span><\/p><p><span style=\"font-weight: 400;\">leitura de cen\u00e1rio<\/span><\/p><p><span style=\"font-weight: 400;\">consci\u00eancia de comportamento<\/span><\/p><p><span style=\"font-weight: 400;\">alinhamento entre discurso, postura e presen\u00e7a<\/span><\/p><p><span style=\"font-weight: 400;\">posicionamento coerente com a ess\u00eancia<\/span><\/p>\t\t\t\t\t\t\t\t<\/div>\n\t\t\t\t\t<\/div>\n\t\t\t\t<\/div>\n\t\t<div class=\"elementor-element elementor-element-44a983a e-flex e-con-boxed e-con e-parent\" data-id=\"44a983a\" data-element_type=\"container\" data-settings=\"{&quot;background_background&quot;:&quot;classic&quot;}\">\n\t\t\t\t\t<div class=\"e-con-inner\">\n\t\t\t\t<div class=\"elementor-element elementor-element-93bfd49 elementor-widget elementor-widget-text-editor\" data-id=\"93bfd49\" data-element_type=\"widget\" data-widget_type=\"text-editor.default\">\n\t\t\t\t\t\t\t\t\t<p><span>Ela ajuda pessoas a <\/span><b>se colocarem no lugar certo<\/b><span>, com a mensagem certa, para o p\u00fablico certo, sem que precisem virar algu\u00e9m que n\u00e3o s\u00e3o.<\/span><\/p><p><b>Experi\u00eancia e atua\u00e7\u00e3o<\/b><\/p><p><span style=\"font-weight: 400;\">Silvana Lages \u00e9 palestrante, mentora e autora do livro<\/span><span style=\"font-weight: 400;\"><br \/><\/span><i><span style=\"font-weight: 400;\">Fa\u00e7a Sua Marca Pessoal Trabalhar a Seu Favor \u2014 e Veja Seu Faturamento Crescer<\/span><\/i><span style=\"font-weight: 400;\">.<\/span><\/p><p><span style=\"font-weight: 400;\">As palestras vieram antes do livro.<\/span><span style=\"font-weight: 400;\"><br \/><\/span><span style=\"font-weight: 400;\">O livro aprofunda, organiza e materializa o que acontece no palco.<\/span><\/p><p><span style=\"font-weight: 400;\">Atua em empresas, eventos e projetos que entendem que:<\/span><\/p><ul><li style=\"font-weight: 400;\" aria-level=\"1\"><span style=\"font-weight: 400;\">comportamento influencia resultados<\/span><\/li><li style=\"font-weight: 400;\" aria-level=\"1\"><span style=\"font-weight: 400;\">posicionamento gera oportunidades<\/span><\/li><li style=\"font-weight: 400;\" aria-level=\"1\"><span style=\"font-weight: 400;\">marca pessoal impacta carreira, neg\u00f3cios e reputa\u00e7\u00e3o<\/span><\/li><\/ul><p><span style=\"font-weight: 400;\">Seu trabalho conecta estrat\u00e9gia, comportamento e valor percebido.<\/span><\/p><p><b>No que ela acredita<\/b><\/p><p><span style=\"font-weight: 400;\">Silvana acredita que ningu\u00e9m precisa mudar quem \u00e9 para crescer.<\/span><span style=\"font-weight: 400;\"><br \/><\/span><span style=\"font-weight: 400;\">Precisa <\/span><b>se posicionar melhor com o que j\u00e1 \u00e9<\/b><span style=\"font-weight: 400;\">.<\/span><\/p><p><span style=\"font-weight: 400;\">Acredita que marca pessoal n\u00e3o \u00e9 vaidade.<\/span><span style=\"font-weight: 400;\"><br \/><\/span><span style=\"font-weight: 400;\">\u00c9 <\/span><b>diferencial competitivo<\/b><span style=\"font-weight: 400;\">, \u00e9 aquilo que coloca algu\u00e9m no jogo, amplia possibilidades e sustenta crescimento ao longo do tempo.<\/span><\/p><p><b>Principais forma\u00e7\u00f5es<\/b><\/p><p><b>Cursos<\/b><\/p><ul><li style=\"font-weight: 400;\" aria-level=\"1\"><span style=\"font-weight: 400;\">Consultoria de Imagem, Etiqueta Profissional e Orat\u00f3ria \u2013 <\/span><b>SENAC<\/b><\/li><li style=\"font-weight: 400;\" aria-level=\"1\"><span style=\"font-weight: 400;\">Consultoria de Imagem e Personal Stylist \u2013 <\/span><b>Titta Aguiar<\/b><\/li><li style=\"font-weight: 400;\" aria-level=\"1\"><span style=\"font-weight: 400;\">Visagismo \u2013 <\/span><b>Philip Hallawell<\/b><\/li><\/ul><p><b>Especializa\u00e7\u00f5es<\/b><\/p><ul><li style=\"font-weight: 400;\" aria-level=\"1\"><span style=\"font-weight: 400;\">Especialista em Consultoria de Imagem \u2013 <\/span><b>Ilana Berenholc<\/b><\/li><li style=\"font-weight: 400;\" aria-level=\"1\"><span style=\"font-weight: 400;\">Especialista em Consultoria de Imagem Corporativa \u2013 <\/span><b>Ilana Berenholc e Patr\u00edcia Dalpra<\/b><\/li><li style=\"font-weight: 400;\" aria-level=\"1\"><span style=\"font-weight: 400;\">Especialista em Consultoria de Imagem Masculina \u2013 <\/span><b>Ilana Berenholc, Patr\u00edcia Dalpra e Lula Rodrigues<\/b><\/li><li style=\"font-weight: 400;\" aria-level=\"1\"><span style=\"font-weight: 400;\">Especialista em Etiqueta Social e Profissional \u2013 <\/span><b>Esther Soares<\/b><\/li><li style=\"font-weight: 400;\" aria-level=\"1\"><span style=\"font-weight: 400;\">Especialista em Palestras, tendo como mentor o renomado <\/span><b>Dr. Roberto Shynashiki<\/b><\/li><\/ul><p><b>Mais forma\u00e7\u00f5es<\/b><\/p><ul><li style=\"font-weight: 400;\" aria-level=\"1\"><span style=\"font-weight: 400;\">Contabilidade \u2013 <\/span><b>Universidade UNA<\/b><span style=\"font-weight: 400;\">, trazendo uma bagagem profunda do mundo corporativo<\/span><\/li><li style=\"font-weight: 400;\" aria-level=\"1\"><span style=\"font-weight: 400;\">Coach \u2013 <\/span><b>Escola Condor Blanco<\/b><\/li><li style=\"font-weight: 400;\" aria-level=\"1\"><span style=\"font-weight: 400;\">Master Coach \u2013 <\/span><b>Escola Condor Blanco (Chile)<\/b><\/li><\/ul><p><b>No que ela acredita<\/b><\/p><p><span style=\"font-weight: 400;\">Silvana acredita que ningu\u00e9m precisa mudar quem \u00e9 para crescer.<\/span><span style=\"font-weight: 400;\"><br \/><\/span><span style=\"font-weight: 400;\">Precisa <\/span><b>se posicionar melhor com o que j\u00e1 \u00e9<\/b><span style=\"font-weight: 400;\">.<\/span><\/p><p><span style=\"font-weight: 400;\">Acredita que marca pessoal n\u00e3o \u00e9 vaidade.<\/span><span style=\"font-weight: 400;\"><br \/><\/span><span style=\"font-weight: 400;\">\u00c9 <\/span><b>diferencial competitivo<\/b><span style=\"font-weight: 400;\"> ,aquilo que coloca algu\u00e9m no jogo, amplia possibilidades e sustenta crescimento ao longo do tempo.<\/span><\/p><p><span style=\"font-weight: 400;\">Quando uma pessoa entende o pr\u00f3prio valor e aprende a se posicionar com clareza,<\/span><span style=\"font-weight: 400;\"><br \/><\/span><span style=\"font-weight: 400;\">o mercado responde.<\/span><\/p><p><b>Fa\u00e7a acontecer.<\/b><b><br \/><\/b><b>O poder est\u00e1 em voc\u00ea.<\/b><\/p>\t\t\t\t\t\t\t\t<\/div>\n\t\t\t\t\t<\/div>\n\t\t\t\t<\/div>\n\t\t\t\t<\/div>\n\t\t","protected":false},"excerpt":{"rendered":"<p>Silvana Lages https:\/\/www.youtube.com\/watch?v=A9qphFrrkWg&#038;embeds_referring_euri=https%3A%2F%2Fsilvanalages.com.br%2F&#038;source_ve_path=MjM4NTE Ser bom n\u00e3o \u00e9 mais suficiente. Ser percebido como valioso \u00e9 o que muda o jogo. Silvana Lages \u00e9 especialista em marca pessoal, posicionamento e visibilidade profissional, com mais de 20 anos de atua\u00e7\u00e3o ajudando profissionais, l\u00edderes e empreendedores a se tornarem mais reconhecidos, valorizados e bem posicionados no mercado, sem perder [&hellip;]<\/p>\n","protected":false},"author":1,"featured_media":0,"parent":0,"menu_order":0,"comment_status":"closed","ping_status":"closed","template":"","meta":{"footnotes":""},"class_list":["post-52","page","type-page","status-publish","hentry"],"_links":{"self":[{"href":"https:\/\/sitexis.com.br\/silvanalages\/wp-json\/wp\/v2\/pages\/52","targetHints":{"allow":["GET"]}}],"collection":[{"href":"https:\/\/sitexis.com.br\/silvanalages\/wp-json\/wp\/v2\/pages"}],"about":[{"href":"https:\/\/sitexis.com.br\/silvanalages\/wp-json\/wp\/v2\/types\/page"}],"author":[{"embeddable":true,"href":"https:\/\/sitexis.com.br\/silvanalages\/wp-json\/wp\/v2\/users\/1"}],"replies":[{"embeddable":true,"href":"https:\/\/sitexis.com.br\/silvanalages\/wp-json\/wp\/v2\/comments?post=52"}],"version-history":[{"count":55,"href":"https:\/\/sitexis.com.br\/silvanalages\/wp-json\/wp\/v2\/pages\/52\/revisions"}],"predecessor-version":[{"id":1702,"href":"https:\/\/sitexis.com.br\/silvanalages\/wp-json\/wp\/v2\/pages\/52\/revisions\/1702"}],"wp:attachment":[{"href":"https:\/\/sitexis.com.br\/silvanalages\/wp-json\/wp\/v2\/media?parent=52"}],"curies":[{"name":"wp","href":"https:\/\/api.w.org\/{rel}","templated":true}]}}