{"id":83,"date":"2026-04-15T18:41:30","date_gmt":"2026-04-15T18:41:30","guid":{"rendered":"https:\/\/sitexis.com.br\/tamandareacademy\/?page_id=83"},"modified":"2026-04-15T19:25:32","modified_gmt":"2026-04-15T19:25:32","slug":"o-projeto","status":"publish","type":"page","link":"https:\/\/sitexis.com.br\/tamandareacademy\/o-projeto\/","title":{"rendered":"O Projeto"},"content":{"rendered":"\t\t<div data-elementor-type=\"wp-page\" data-elementor-id=\"83\" class=\"elementor elementor-83\" data-elementor-post-type=\"page\">\n\t\t\t\t<div class=\"elementor-element elementor-element-d26d84f e-flex e-con-boxed e-con e-parent\" data-id=\"d26d84f\" data-element_type=\"container\" data-e-type=\"container\">\n\t\t\t\t\t<div class=\"e-con-inner\">\n\t\t<div class=\"elementor-element elementor-element-dcf747f e-con-full e-flex e-con e-child\" data-id=\"dcf747f\" data-element_type=\"container\" data-e-type=\"container\" data-settings=\"{&quot;background_background&quot;:&quot;slideshow&quot;,&quot;background_slideshow_gallery&quot;:[{&quot;id&quot;:85,&quot;url&quot;:&quot;https:\\\/\\\/sitexis.com.br\\\/tamandareacademy\\\/wp-content\\\/uploads\\\/2026\\\/04\\\/489468413_17905501593136362_1113897840455142856_n.jpg&quot;},{&quot;id&quot;:86,&quot;url&quot;:&quot;https:\\\/\\\/sitexis.com.br\\\/tamandareacademy\\\/wp-content\\\/uploads\\\/2026\\\/04\\\/491121005_17907129327136362_4505630958264420431_n-1.jpg&quot;},{&quot;id&quot;:87,&quot;url&quot;:&quot;https:\\\/\\\/sitexis.com.br\\\/tamandareacademy\\\/wp-content\\\/uploads\\\/2026\\\/04\\\/491463119_17907129222136362_8551962287913452341_n.jpg&quot;},{&quot;id&quot;:88,&quot;url&quot;:&quot;https:\\\/\\\/sitexis.com.br\\\/tamandareacademy\\\/wp-content\\\/uploads\\\/2026\\\/04\\\/491465642_17907129141136362_2554044014510808529_n.jpg&quot;},{&quot;id&quot;:89,&quot;url&quot;:&quot;https:\\\/\\\/sitexis.com.br\\\/tamandareacademy\\\/wp-content\\\/uploads\\\/2026\\\/04\\\/SaveClip.App_489806249_17905501602136362_2124495717029689857_n-1.jpg&quot;},{&quot;id&quot;:90,&quot;url&quot;:&quot;https:\\\/\\\/sitexis.com.br\\\/tamandareacademy\\\/wp-content\\\/uploads\\\/2026\\\/04\\\/SaveClip.App_643524125_17942214210136362_4850690652736787756_n.jpg&quot;},{&quot;id&quot;:91,&quot;url&quot;:&quot;https:\\\/\\\/sitexis.com.br\\\/tamandareacademy\\\/wp-content\\\/uploads\\\/2026\\\/04\\\/SaveClip.App_654854276_17945908806136362_6401134701014926739_n.jpg&quot;},{&quot;id&quot;:92,&quot;url&quot;:&quot;https:\\\/\\\/sitexis.com.br\\\/tamandareacademy\\\/wp-content\\\/uploads\\\/2026\\\/04\\\/SaveClip.App_655970343_17945908755136362_4252937788588173481_n.jpg&quot;},{&quot;id&quot;:93,&quot;url&quot;:&quot;https:\\\/\\\/sitexis.com.br\\\/tamandareacademy\\\/wp-content\\\/uploads\\\/2026\\\/04\\\/SaveClip.App_656297423_17945908833136362_5003398787380864147_n.jpg&quot;},{&quot;id&quot;:94,&quot;url&quot;:&quot;https:\\\/\\\/sitexis.com.br\\\/tamandareacademy\\\/wp-content\\\/uploads\\\/2026\\\/04\\\/SaveClip.App_658325813_17945908737136362_4497450234267189557_n.jpg&quot;}],&quot;background_slideshow_slide_duration&quot;:3500,&quot;background_slideshow_transition_duration&quot;:1500,&quot;background_slideshow_ken_burns&quot;:&quot;yes&quot;,&quot;background_slideshow_loop&quot;:&quot;yes&quot;,&quot;background_slideshow_slide_transition&quot;:&quot;fade&quot;,&quot;background_slideshow_ken_burns_zoom_direction&quot;:&quot;in&quot;}\">\n\t\t<div class=\"elementor-element elementor-element-be6d3f2 e-con-full e-flex e-con e-child\" data-id=\"be6d3f2\" data-element_type=\"container\" data-e-type=\"container\" data-settings=\"{&quot;background_background&quot;:&quot;classic&quot;}\">\n\t\t\t\t<div class=\"elementor-element elementor-element-f30e75e elementor-widget elementor-widget-heading\" data-id=\"f30e75e\" data-element_type=\"widget\" data-e-type=\"widget\" data-widget_type=\"heading.default\">\n\t\t\t\t\t<h2 class=\"elementor-heading-title elementor-size-default\">10-17<\/h2>\t\t\t\t<\/div>\n\t\t\t\t<div class=\"elementor-element elementor-element-bcf084e elementor-widget elementor-widget-heading\" data-id=\"bcf084e\" data-element_type=\"widget\" data-e-type=\"widget\" data-widget_type=\"heading.default\">\n\t\t\t\t\t<h2 class=\"elementor-heading-title elementor-size-default\">ANOS<\/h2>\t\t\t\t<\/div>\n\t\t\t\t<\/div>\n\t\t\t\t<\/div>\n\t\t<div class=\"elementor-element elementor-element-8f8f898 e-con-full e-flex e-con e-child\" data-id=\"8f8f898\" data-element_type=\"container\" data-e-type=\"container\">\n\t\t\t\t<div class=\"elementor-element elementor-element-79e5a4a elementor-widget elementor-widget-heading\" data-id=\"79e5a4a\" data-element_type=\"widget\" data-e-type=\"widget\" data-widget_type=\"heading.default\">\n\t\t\t\t\t<h2 class=\"elementor-heading-title elementor-size-default\">Projeto Social de Forma\u00e7\u00e3o<\/h2>\t\t\t\t<\/div>\n\t\t\t\t<div class=\"elementor-element elementor-element-e469ce1 elementor-widget elementor-widget-heading\" data-id=\"e469ce1\" data-element_type=\"widget\" data-e-type=\"widget\" data-widget_type=\"heading.default\">\n\t\t\t\t\t<h2 class=\"elementor-heading-title elementor-size-default\">Transformamos\ntalento em oportunidade<\/h2>\t\t\t\t<\/div>\n\t\t\t\t<div class=\"elementor-element elementor-element-a0e89b7 elementor-widget__width-initial elementor-widget elementor-widget-text-editor\" data-id=\"a0e89b7\" data-element_type=\"widget\" data-e-type=\"widget\" data-widget_type=\"text-editor.default\">\n\t\t\t\t\t\t\t\t\t<p class=\"text-muted-foreground text-base md:text-lg mb-4 leading-relaxed max-w-xl\">A Tamandar\u00e9 Academy \u00e9 um projeto social voltado \u00e0 identifica\u00e7\u00e3o e desenvolvimento de jovens talentos do futebol no Paran\u00e1. Nosso objetivo \u00e9 encontrar atletas promissores e oferecer estrutura, orienta\u00e7\u00e3o e acompanhamento profissional.<\/p><p class=\"text-muted-foreground text-base md:text-lg mb-8 leading-relaxed max-w-xl\">Selecionamos atletas com potencial e cuidamos de toda a parte de desenvolvimento e direcionamento de carreira, criando\u00a0<strong class=\"text-foreground\">caminhos reais dentro do futebol<\/strong>.<\/p>\t\t\t\t\t\t\t\t<\/div>\n\t\t\t\t<div class=\"elementor-element elementor-element-5a8b7b4 elementor-widget elementor-widget-html\" data-id=\"5a8b7b4\" data-element_type=\"widget\" data-e-type=\"widget\" data-widget_type=\"html.default\">\n\t\t\t\t\t<button class=\"btn-enviar\">\r\n  QuERO FAZER PARTE \u2192\r\n<\/button>\t\t\t\t<\/div>\n\t\t\t\t<\/div>\n\t\t\t\t\t<\/div>\n\t\t\t\t<\/div>\n\t\t\t\t<\/div>\n\t\t","protected":false},"excerpt":{"rendered":"<p>10-17 ANOS Projeto Social de Forma\u00e7\u00e3o Transformamos talento em oportunidade A Tamandar\u00e9 Academy \u00e9 um projeto social voltado \u00e0 identifica\u00e7\u00e3o e desenvolvimento de jovens talentos do futebol no Paran\u00e1. Nosso objetivo \u00e9 encontrar atletas promissores e oferecer estrutura, orienta\u00e7\u00e3o e acompanhamento profissional. Selecionamos atletas com potencial e cuidamos de toda a parte de desenvolvimento e [&hellip;]<\/p>\n","protected":false},"author":1,"featured_media":0,"parent":0,"menu_order":0,"comment_status":"closed","ping_status":"closed","template":"elementor_header_footer","meta":{"footnotes":""},"class_list":["post-83","page","type-page","status-publish","hentry"],"_links":{"self":[{"href":"https:\/\/sitexis.com.br\/tamandareacademy\/wp-json\/wp\/v2\/pages\/83","targetHints":{"allow":["GET"]}}],"collection":[{"href":"https:\/\/sitexis.com.br\/tamandareacademy\/wp-json\/wp\/v2\/pages"}],"about":[{"href":"https:\/\/sitexis.com.br\/tamandareacademy\/wp-json\/wp\/v2\/types\/page"}],"author":[{"embeddable":true,"href":"https:\/\/sitexis.com.br\/tamandareacademy\/wp-json\/wp\/v2\/users\/1"}],"replies":[{"embeddable":true,"href":"https:\/\/sitexis.com.br\/tamandareacademy\/wp-json\/wp\/v2\/comments?post=83"}],"version-history":[{"count":10,"href":"https:\/\/sitexis.com.br\/tamandareacademy\/wp-json\/wp\/v2\/pages\/83\/revisions"}],"predecessor-version":[{"id":148,"href":"https:\/\/sitexis.com.br\/tamandareacademy\/wp-json\/wp\/v2\/pages\/83\/revisions\/148"}],"wp:attachment":[{"href":"https:\/\/sitexis.com.br\/tamandareacademy\/wp-json\/wp\/v2\/media?parent=83"}],"curies":[{"name":"wp","href":"https:\/\/api.w.org\/{rel}","templated":true}]}}