{"id":11,"date":"2026-01-12T11:52:41","date_gmt":"2026-01-12T11:52:41","guid":{"rendered":"https:\/\/sitexis.com.br\/woohoo\/?page_id=11"},"modified":"2026-04-15T21:01:48","modified_gmt":"2026-04-15T21:01:48","slug":"home","status":"publish","type":"page","link":"https:\/\/sitexis.com.br\/woohoo\/","title":{"rendered":"Home"},"content":{"rendered":"\t\t<div data-elementor-type=\"wp-page\" data-elementor-id=\"11\" class=\"elementor elementor-11\" data-elementor-post-type=\"page\">\n\t\t\t\t<div class=\"elementor-element elementor-element-a7fbedd e-flex e-con-boxed wpr-particle-no wpr-jarallax-no wpr-parallax-no wpr-sticky-section-no e-con e-parent\" data-id=\"a7fbedd\" data-element_type=\"container\" data-e-type=\"container\" data-settings=\"{&quot;background_background&quot;:&quot;classic&quot;}\">\n\t\t\t\t\t<div class=\"e-con-inner\">\n\t\t<div class=\"elementor-element elementor-element-52e930f e-con-full e-flex wpr-particle-no wpr-jarallax-no wpr-parallax-no wpr-sticky-section-no e-con e-child\" data-id=\"52e930f\" data-element_type=\"container\" data-e-type=\"container\">\n\t\t\t\t<div class=\"elementor-element elementor-element-8591859 elementor-widget elementor-widget-theme-site-logo elementor-widget-image\" data-id=\"8591859\" data-element_type=\"widget\" data-e-type=\"widget\" data-widget_type=\"theme-site-logo.default\">\n\t\t\t\t\t\t\t\t\t\t\t<a href=\"https:\/\/sitexis.com.br\/woohoo\">\n\t\t\t<img fetchpriority=\"high\" decoding=\"async\" width=\"612\" height=\"203\" src=\"https:\/\/sitexis.com.br\/woohoo\/wp-content\/uploads\/2026\/01\/LOGO-SEM-FUNDO.png\" class=\"attachment-full size-full wp-image-25\" alt=\"\" srcset=\"https:\/\/sitexis.com.br\/woohoo\/wp-content\/uploads\/2026\/01\/LOGO-SEM-FUNDO.png 612w, https:\/\/sitexis.com.br\/woohoo\/wp-content\/uploads\/2026\/01\/LOGO-SEM-FUNDO-300x100.png 300w\" sizes=\"(max-width: 612px) 100vw, 612px\" \/>\t\t\t\t<\/a>\n\t\t\t\t\t\t\t\t\t\t\t<\/div>\n\t\t\t\t<\/div>\n\t\t<div class=\"elementor-element elementor-element-36829dd e-con-full e-flex wpr-particle-no wpr-jarallax-no wpr-parallax-no wpr-sticky-section-no e-con e-child\" data-id=\"36829dd\" data-element_type=\"container\" data-e-type=\"container\">\n\t\t\t\t<div class=\"elementor-element elementor-element-6c7dbb8 elementor-widget elementor-widget-heading\" data-id=\"6c7dbb8\" data-element_type=\"widget\" data-e-type=\"widget\" data-widget_type=\"heading.default\">\n\t\t\t\t\t<h2 class=\"elementor-heading-title elementor-size-default\">In\u00edcio<\/h2>\t\t\t\t<\/div>\n\t\t\t\t<div class=\"elementor-element elementor-element-4268c94 elementor-widget elementor-widget-heading\" data-id=\"4268c94\" data-element_type=\"widget\" data-e-type=\"widget\" data-widget_type=\"heading.default\">\n\t\t\t\t\t<h2 class=\"elementor-heading-title elementor-size-default\">Portf\u00f3lio<\/h2>\t\t\t\t<\/div>\n\t\t\t\t<div class=\"elementor-element elementor-element-b9decb6 elementor-widget elementor-widget-heading\" data-id=\"b9decb6\" data-element_type=\"widget\" data-e-type=\"widget\" data-widget_type=\"heading.default\">\n\t\t\t\t\t<h2 class=\"elementor-heading-title elementor-size-default\">Sobre<\/h2>\t\t\t\t<\/div>\n\t\t\t\t<div class=\"elementor-element elementor-element-0bf1d8e elementor-widget elementor-widget-heading\" data-id=\"0bf1d8e\" data-element_type=\"widget\" data-e-type=\"widget\" data-widget_type=\"heading.default\">\n\t\t\t\t\t<h2 class=\"elementor-heading-title elementor-size-default\">Parceiros<\/h2>\t\t\t\t<\/div>\n\t\t\t\t<\/div>\n\t\t<div class=\"elementor-element elementor-element-b0b5fe0 e-con-full e-flex wpr-particle-no wpr-jarallax-no wpr-parallax-no wpr-sticky-section-no e-con e-child\" data-id=\"b0b5fe0\" data-element_type=\"container\" data-e-type=\"container\">\n\t\t\t\t<div class=\"elementor-element elementor-element-625e61d wpr-button-icon-position-left wpr-button-icon-style-inline wpr-button-tooltip-position-bottom elementor-widget elementor-widget-wpr-button\" data-id=\"625e61d\" data-element_type=\"widget\" data-e-type=\"widget\" data-widget_type=\"wpr-button.default\">\n\t\t\t\t\t\t\n\t\t\t\n\t\t\n\t\t<div class=\"wpr-button-wrap elementor-clearfix\">\n\t\t<a class=\"wpr-button wpr-button-effect wpr-button-isi-left\" data-text=\"\" href=\"#link\">\n\t\t\t\n\t\t\t<span class=\"wpr-button-content\">\n\t\t\t\t\t\t\t\t\t<span class=\"wpr-button-text\">Solicitar Or\u00e7amento<\/span>\n\t\t\t\t\t\t\t\t\n\t\t\t\t\t\t\t\t\t<span class=\"wpr-button-icon\"><svg class=\"e-font-icon-svg e-fas-hand-point-right\" viewBox=\"0 0 512 512\" xmlns=\"http:\/\/www.w3.org\/2000\/svg\"><path d=\"M512 199.652c0 23.625-20.65 43.826-44.8 43.826h-99.851c16.34 17.048 18.346 49.766-6.299 70.944 14.288 22.829 2.147 53.017-16.45 62.315C353.574 425.878 322.654 448 272 448c-2.746 0-13.276-.203-16-.195-61.971.168-76.894-31.065-123.731-38.315C120.596 407.683 112 397.599 112 385.786V214.261l.002-.001c.011-18.366 10.607-35.889 28.464-43.845 28.886-12.994 95.413-49.038 107.534-77.323 7.797-18.194 21.384-29.084 40-29.092 34.222-.014 57.752 35.098 44.119 66.908-3.583 8.359-8.312 16.67-14.153 24.918H467.2c23.45 0 44.8 20.543 44.8 43.826zM96 200v192c0 13.255-10.745 24-24 24H24c-13.255 0-24-10.745-24-24V200c0-13.255 10.745-24 24-24h48c13.255 0 24 10.745 24 24zM68 368c0-11.046-8.954-20-20-20s-20 8.954-20 20 8.954 20 20 20 20-8.954 20-20z\"><\/path><\/svg><\/span>\n\t\t\t\t\t\t\t<\/span>\n\t\t<\/a>\n\n\t\t<div class=\"wpr-button-tooltip\">Lorem Ipsum\u00a0is simply dumy text of the printing typesetting industry lorem ipsum.<\/div>\t\t<\/div>\n\t\n\t\n\t\t\t\t\t<\/div>\n\t\t\t\t<\/div>\n\t\t\t\t\t<\/div>\n\t\t\t\t<\/div>\n\t\t<div class=\"elementor-element elementor-element-828aaf2 e-flex e-con-boxed wpr-particle-no wpr-jarallax-no wpr-parallax-no wpr-sticky-section-no e-con e-parent\" data-id=\"828aaf2\" data-element_type=\"container\" data-e-type=\"container\" data-settings=\"{&quot;background_background&quot;:&quot;video&quot;,&quot;background_video_link&quot;:&quot;https:\\\/\\\/sitexis.com.br\\\/woohoo\\\/wp-content\\\/uploads\\\/2026\\\/03\\\/Intro-woohoo.webm&quot;}\">\n\t\t\t\t\t<div class=\"e-con-inner\">\n\t\t<div class=\"elementor-background-video-container elementor-hidden-mobile\">\n\t\t\t\t\t\t\t<video class=\"elementor-background-video-hosted\" role=\"presentation\" autoplay muted playsinline loop><\/video>\n\t\t\t\t\t<\/div><div class=\"elementor-element elementor-element-8ae6635 e-con-full e-flex wpr-particle-no wpr-jarallax-no wpr-parallax-no wpr-sticky-section-no e-con e-child\" data-id=\"8ae6635\" data-element_type=\"container\" data-e-type=\"container\">\n\t\t\t\t<\/div>\n\t\t<div class=\"elementor-element elementor-element-e9a571b e-con-full e-flex wpr-particle-no wpr-jarallax-no wpr-parallax-no wpr-sticky-section-no e-con e-child\" data-id=\"e9a571b\" data-element_type=\"container\" data-e-type=\"container\">\n\t\t\t\t<\/div>\n\t\t\t\t\t<\/div>\n\t\t\t\t<\/div>\n\t\t<div class=\"elementor-element elementor-element-5905aaa e-flex e-con-boxed wpr-particle-no wpr-jarallax-no wpr-parallax-no wpr-sticky-section-no e-con e-parent\" data-id=\"5905aaa\" data-element_type=\"container\" data-e-type=\"container\" data-settings=\"{&quot;background_background&quot;:&quot;classic&quot;}\">\n\t\t\t\t\t<div class=\"e-con-inner\">\n\t\t<div class=\"elementor-element elementor-element-c7abb7d e-con-full e-flex wpr-particle-no wpr-jarallax-no wpr-parallax-no wpr-sticky-section-no e-con e-child\" data-id=\"c7abb7d\" data-element_type=\"container\" data-e-type=\"container\">\n\t\t\t\t<div class=\"elementor-element elementor-element-d192068 elementor-widget elementor-widget-heading\" data-id=\"d192068\" data-element_type=\"widget\" data-e-type=\"widget\" data-widget_type=\"heading.default\">\n\t\t\t\t\t<h2 class=\"elementor-heading-title elementor-size-default\">Produ\u00e7\u00e3o Audiovisual Profissional<\/h2>\t\t\t\t<\/div>\n\t\t\t\t<div class=\"elementor-element elementor-element-cf1c843 elementor-widget elementor-widget-heading\" data-id=\"cf1c843\" data-element_type=\"widget\" data-e-type=\"widget\" data-widget_type=\"heading.default\">\n\t\t\t\t\t<h2 class=\"elementor-heading-title elementor-size-default\">Criamos produ\u00e7\u00f5es que elevam a <span style=\"color: #15FF1E\">percep\u00e7\u00e3o<\/span> da sua marca<\/h2>\t\t\t\t<\/div>\n\t\t\t\t<\/div>\n\t\t\t\t<div class=\"elementor-element elementor-element-d375aef elementor-widget elementor-widget-text-editor\" data-id=\"d375aef\" data-element_type=\"widget\" data-e-type=\"widget\" data-widget_type=\"text-editor.default\">\n\t\t\t\t\t\t\t\t\t<p>A WooHoo Filmes \u00e9 uma produtora audiovisual especializada em transformar ideias em conte\u00fados de alto impacto. Atuamos desde produ\u00e7\u00f5es institucionais at\u00e9 campanhas publicit\u00e1rias, sempre com dire\u00e7\u00e3o criativa, estrutura profissional e foco em resultado.<\/p>\t\t\t\t\t\t\t\t<\/div>\n\t\t\t\t<div class=\"elementor-element elementor-element-829d8e2 elementor-widget elementor-widget-html\" data-id=\"829d8e2\" data-element_type=\"widget\" data-e-type=\"widget\" data-widget_type=\"html.default\">\n\t\t\t\t\t<!DOCTYPE html>\r\n<html lang=\"pt-BR\">\r\n<head>\r\n  <meta charset=\"UTF-8\" \/>\r\n  <meta name=\"viewport\" content=\"width=device-width, initial-scale=1.0\" \/>\r\n  <title>WooHoo Filmes \u2014 Cards<\/title>\r\n  <style>\r\n    * { box-sizing: border-box; margin: 0; padding: 0; }\r\n\r\n    .cards-grid {\r\n      display: grid;\r\n      grid-template-columns: repeat(auto-fit, minmax(220px, 1fr));\r\n      gap: 1.25rem;\r\n      max-width: 1100px;\r\n      margin: 0 auto;\r\n      padding: 2rem;\r\n      font-family: 'Inter', sans-serif;\r\n    }\r\n\r\n    .card {\r\n      background: #161616;\r\n      border: 0.5px solid #2a2a2a;\r\n      border-radius: 14px;\r\n      padding: 1.75rem 1.5rem;\r\n      display: flex;\r\n      flex-direction: column;\r\n      gap: 14px;\r\n      position: relative;\r\n      overflow: hidden;\r\n      transition: border-color 0.25s, transform 0.2s;\r\n    }\r\n\r\n    .card::before {\r\n      content: '';\r\n      position: absolute;\r\n      top: 0; left: 0; right: 0;\r\n      height: 2px;\r\n      background: #7ef23a;\r\n      opacity: 0;\r\n      transition: opacity 0.25s;\r\n    }\r\n\r\n    .card:hover {\r\n      border-color: #3a3a3a;\r\n      transform: translateY(-3px);\r\n    }\r\n\r\n    .card:hover::before {\r\n      opacity: 1;\r\n    }\r\n\r\n    .card-icon {\r\n      width: 44px;\r\n      height: 44px;\r\n      border-radius: 10px;\r\n      background: #1f2e14;\r\n      border: 0.5px solid #3a5020;\r\n      display: flex;\r\n      align-items: center;\r\n      justify-content: center;\r\n      flex-shrink: 0;\r\n    }\r\n\r\n    .card-icon svg {\r\n      width: 20px;\r\n      height: 20px;\r\n      stroke: #7ef23a;\r\n      fill: none;\r\n      stroke-width: 1.8;\r\n      stroke-linecap: round;\r\n      stroke-linejoin: round;\r\n    }\r\n\r\n    .card-label {\r\n      font-size: 10px;\r\n      font-weight: 600;\r\n      letter-spacing: 0.12em;\r\n      text-transform: uppercase;\r\n      color: #7ef23a;\r\n    }\r\n\r\n    .card-title {\r\n      font-size: 15px;\r\n      font-weight: 600;\r\n      color: #f0f0f0;\r\n      line-height: 1.4;\r\n    }\r\n\r\n    .card-desc {\r\n      font-size: 13px;\r\n      color: #777;\r\n      line-height: 1.65;\r\n    }\r\n\r\n    .card-divider {\r\n      width: 28px;\r\n      height: 1.5px;\r\n      background: #2d2d2d;\r\n      border-radius: 2px;\r\n    }\r\n  <\/style>\r\n<\/head>\r\n<body>\r\n\r\n  <div class=\"cards-grid\">\r\n\r\n    <div class=\"card\">\r\n      <div class=\"card-icon\">\r\n        <svg viewBox=\"0 0 24 24\"><rect x=\"2\" y=\"3\" width=\"20\" height=\"14\" rx=\"2\"\/><path d=\"M8 21h8M12 17v4\"\/><\/svg>\r\n      <\/div>\r\n      <span class=\"card-label\">01 \u2014 Conte\u00fado<\/span>\r\n      <div class=\"card-divider\"><\/div>\r\n      <p class=\"card-title\">Produ\u00e7\u00f5es institucionais e publicit\u00e1rias<\/p>\r\n      <p class=\"card-desc\">Desenvolvemos conte\u00fado audiovisual alinhado \u00e0 identidade da sua marca, do roteiro \u00e0 entrega final.<\/p>\r\n    <\/div>\r\n\r\n    <div class=\"card\">\r\n      <div class=\"card-icon\">\r\n        <svg viewBox=\"0 0 24 24\"><circle cx=\"12\" cy=\"8\" r=\"4\"\/><path d=\"M4 20c0-4 3.6-7 8-7s8 3 8 7\"\/><path d=\"M18 8l2 2-2 2\"\/><\/svg>\r\n      <\/div>\r\n      <span class=\"card-label\">02 \u2014 Equipe<\/span>\r\n      <div class=\"card-divider\"><\/div>\r\n      <p class=\"card-title\">Equipe especializada em dire\u00e7\u00e3o e capta\u00e7\u00e3o<\/p>\r\n      <p class=\"card-desc\">Profissionais experientes em cada etapa da produ\u00e7\u00e3o, garantindo qualidade t\u00e9cnica e vis\u00e3o criativa.<\/p>\r\n    <\/div>\r\n\r\n    <div class=\"card\">\r\n      <div class=\"card-icon\">\r\n        <svg viewBox=\"0 0 24 24\"><path d=\"M12 2L2 7l10 5 10-5-10-5z\"\/><path d=\"M2 17l10 5 10-5\"\/><path d=\"M2 12l10 5 10-5\"\/><\/svg>\r\n      <\/div>\r\n      <span class=\"card-label\">03 \u2014 Estrutura<\/span>\r\n      <div class=\"card-divider\"><\/div>\r\n      <p class=\"card-title\">Estrutura t\u00e9cnica profissional<\/p>\r\n      <p class=\"card-desc\">Equipamentos de alto padr\u00e3o e infraestrutura completa para produ\u00e7\u00f5es de qualquer porte.<\/p>\r\n    <\/div>\r\n\r\n    <div class=\"card\">\r\n      <div class=\"card-icon\">\r\n        <svg viewBox=\"0 0 24 24\"><path d=\"M3 3h7v7H3zM14 3h7v7h-7zM14 14h7v7h-7zM3 14h7v7H3z\"\/><\/svg>\r\n      <\/div>\r\n      <span class=\"card-label\">04 \u2014 Projetos<\/span>\r\n      <div class=\"card-divider\"><\/div>\r\n      <p class=\"card-title\">Projetos para empresas e marcas<\/p>\r\n      <p class=\"card-desc\">Atendemos neg\u00f3cios que buscam elevar sua presen\u00e7a atrav\u00e9s de v\u00eddeos com impacto real e resultado mensur\u00e1vel.<\/p>\r\n    <\/div>\r\n\r\n  <\/div>\r\n\r\n<\/body>\r\n<\/html>\t\t\t\t<\/div>\n\t\t<div class=\"elementor-element elementor-element-5d50000 e-con-full e-flex wpr-particle-no wpr-jarallax-no wpr-parallax-no wpr-sticky-section-no e-con e-child\" data-id=\"5d50000\" data-element_type=\"container\" data-e-type=\"container\">\n\t\t\t\t<div class=\"elementor-element elementor-element-317e0ca wpr-button-icon-position-left wpr-button-icon-style-inline wpr-button-tooltip-position-bottom elementor-widget elementor-widget-wpr-button\" data-id=\"317e0ca\" data-element_type=\"widget\" data-e-type=\"widget\" data-widget_type=\"wpr-button.default\">\n\t\t\t\t\t\t\n\t\t\t\n\t\t\n\t\t<div class=\"wpr-button-wrap elementor-clearfix\">\n\t\t<a class=\"wpr-button wpr-button-effect wpr-button-isi-left\" data-text=\"\" href=\"#link\">\n\t\t\t\n\t\t\t<span class=\"wpr-button-content\">\n\t\t\t\t\t\t\t\t\t<span class=\"wpr-button-text\">Solicitar Or\u00e7amento<\/span>\n\t\t\t\t\t\t\t\t\n\t\t\t\t\t\t\t\t\t<span class=\"wpr-button-icon\"><svg class=\"e-font-icon-svg e-fas-hand-point-right\" viewBox=\"0 0 512 512\" xmlns=\"http:\/\/www.w3.org\/2000\/svg\"><path d=\"M512 199.652c0 23.625-20.65 43.826-44.8 43.826h-99.851c16.34 17.048 18.346 49.766-6.299 70.944 14.288 22.829 2.147 53.017-16.45 62.315C353.574 425.878 322.654 448 272 448c-2.746 0-13.276-.203-16-.195-61.971.168-76.894-31.065-123.731-38.315C120.596 407.683 112 397.599 112 385.786V214.261l.002-.001c.011-18.366 10.607-35.889 28.464-43.845 28.886-12.994 95.413-49.038 107.534-77.323 7.797-18.194 21.384-29.084 40-29.092 34.222-.014 57.752 35.098 44.119 66.908-3.583 8.359-8.312 16.67-14.153 24.918H467.2c23.45 0 44.8 20.543 44.8 43.826zM96 200v192c0 13.255-10.745 24-24 24H24c-13.255 0-24-10.745-24-24V200c0-13.255 10.745-24 24-24h48c13.255 0 24 10.745 24 24zM68 368c0-11.046-8.954-20-20-20s-20 8.954-20 20 8.954 20 20 20 20-8.954 20-20z\"><\/path><\/svg><\/span>\n\t\t\t\t\t\t\t<\/span>\n\t\t<\/a>\n\n\t\t<div class=\"wpr-button-tooltip\">Lorem Ipsum\u00a0is simply dumy text of the printing typesetting industry lorem ipsum.<\/div>\t\t<\/div>\n\t\n\t\n\t\t\t\t\t<\/div>\n\t\t\t\t<\/div>\n\t\t\t\t\t<\/div>\n\t\t\t\t<\/div>\n\t\t<div class=\"elementor-element elementor-element-a466553 e-flex e-con-boxed wpr-particle-no wpr-jarallax-no wpr-parallax-no wpr-sticky-section-no e-con e-parent\" data-id=\"a466553\" data-element_type=\"container\" data-e-type=\"container\" data-settings=\"{&quot;background_background&quot;:&quot;classic&quot;}\">\n\t\t\t\t\t<div class=\"e-con-inner\">\n\t\t<div class=\"elementor-element elementor-element-e712610 e-con-full e-flex wpr-particle-no wpr-jarallax-no wpr-parallax-no wpr-sticky-section-no e-con e-child\" data-id=\"e712610\" data-element_type=\"container\" data-e-type=\"container\">\n\t\t\t\t<div class=\"elementor-element elementor-element-1f44f0b elementor-widget elementor-widget-heading\" data-id=\"1f44f0b\" data-element_type=\"widget\" data-e-type=\"widget\" data-widget_type=\"heading.default\">\n\t\t\t\t\t<h2 class=\"elementor-heading-title elementor-size-default\">Nossos trabalhos<\/h2>\t\t\t\t<\/div>\n\t\t\t\t<div class=\"elementor-element elementor-element-6000c75 elementor-widget elementor-widget-heading\" data-id=\"6000c75\" data-element_type=\"widget\" data-e-type=\"widget\" data-widget_type=\"heading.default\">\n\t\t\t\t\t<h2 class=\"elementor-heading-title elementor-size-default\">Projetos que mostram o nosso padr\u00e3o de qualidade<\/h2>\t\t\t\t<\/div>\n\t\t\t\t<\/div>\n\t\t<div class=\"elementor-element elementor-element-d8f8080 e-con-full e-flex wpr-particle-no wpr-jarallax-no wpr-parallax-no wpr-sticky-section-no e-con e-child\" data-id=\"d8f8080\" data-element_type=\"container\" data-e-type=\"container\">\n\t\t\t\t<\/div>\n\t\t\t\t\t<\/div>\n\t\t\t\t<\/div>\n\t\t\t\t<\/div>\n\t\t","protected":false},"excerpt":{"rendered":"<p>In\u00edcio Portf\u00f3lio Sobre Parceiros Solicitar Or\u00e7amento Lorem Ipsum\u00a0is simply dumy text of the printing typesetting industry lorem ipsum. Produ\u00e7\u00e3o Audiovisual Profissional Criamos produ\u00e7\u00f5es que elevam a percep\u00e7\u00e3o da sua marca A WooHoo Filmes \u00e9 uma produtora audiovisual especializada em transformar ideias em conte\u00fados de alto impacto. Atuamos desde produ\u00e7\u00f5es institucionais at\u00e9 campanhas publicit\u00e1rias, sempre com dire\u00e7\u00e3o criativa, estrutura profissional e foco em resultado. WooHoo Filmes \u2014 Cards 01 \u2014 Conte\u00fado Produ\u00e7\u00f5es institucionais e publicit\u00e1rias Desenvolvemos conte\u00fado audiovisual alinhado \u00e0 identidade da sua marca, do roteiro \u00e0 entrega final. 02 \u2014 Equipe Equipe especializada em dire\u00e7\u00e3o e capta\u00e7\u00e3o Profissionais experientes em cada etapa da produ\u00e7\u00e3o, garantindo qualidade t\u00e9cnica e vis\u00e3o criativa. 03 \u2014 Estrutura Estrutura t\u00e9cnica profissional Equipamentos de alto padr\u00e3o e infraestrutura completa para produ\u00e7\u00f5es de qualquer porte. 04 \u2014 Projetos Projetos para empresas e marcas Atendemos neg\u00f3cios que buscam elevar sua presen\u00e7a atrav\u00e9s de v\u00eddeos com impacto real e resultado mensur\u00e1vel. Solicitar Or\u00e7amento Lorem Ipsum\u00a0is simply dumy text of the printing typesetting industry lorem ipsum. Nossos trabalhos Projetos que mostram o nosso padr\u00e3o de qualidade<\/p>\n","protected":false},"author":1,"featured_media":0,"parent":0,"menu_order":0,"comment_status":"closed","ping_status":"closed","template":"elementor_canvas","meta":{"footnotes":""},"class_list":["post-11","page","type-page","status-publish","hentry"],"acf":[],"_links":{"self":[{"href":"https:\/\/sitexis.com.br\/woohoo\/wp-json\/wp\/v2\/pages\/11","targetHints":{"allow":["GET"]}}],"collection":[{"href":"https:\/\/sitexis.com.br\/woohoo\/wp-json\/wp\/v2\/pages"}],"about":[{"href":"https:\/\/sitexis.com.br\/woohoo\/wp-json\/wp\/v2\/types\/page"}],"author":[{"embeddable":true,"href":"https:\/\/sitexis.com.br\/woohoo\/wp-json\/wp\/v2\/users\/1"}],"replies":[{"embeddable":true,"href":"https:\/\/sitexis.com.br\/woohoo\/wp-json\/wp\/v2\/comments?post=11"}],"version-history":[{"count":55,"href":"https:\/\/sitexis.com.br\/woohoo\/wp-json\/wp\/v2\/pages\/11\/revisions"}],"predecessor-version":[{"id":85,"href":"https:\/\/sitexis.com.br\/woohoo\/wp-json\/wp\/v2\/pages\/11\/revisions\/85"}],"wp:attachment":[{"href":"https:\/\/sitexis.com.br\/woohoo\/wp-json\/wp\/v2\/media?parent=11"}],"curies":[{"name":"wp","href":"https:\/\/api.w.org\/{rel}","templated":true}]}}